{"id":2034,"date":"2023-06-14T16:44:39","date_gmt":"2023-06-14T14:44:39","guid":{"rendered":"https:\/\/camping-lapinede.net\/amusement\/"},"modified":"2023-10-18T12:23:21","modified_gmt":"2023-10-18T10:23:21","slug":"amusement","status":"publish","type":"page","link":"https:\/\/camping-lapinede.net\/nl\/amusement\/","title":{"rendered":"Amusement"},"content":{"rendered":"\n<h1 class=\"wp-block-heading\">Animatie en vrije tijd op de camping in de Vend\u00e9e<\/h1>\n\n\n\n<div class=\"wp-block-media-text alignfull is-stacked-on-mobile\"><figure class=\"wp-block-media-text__media\"><img loading=\"lazy\" decoding=\"async\" width=\"1024\" height=\"768\" src=\"https:\/\/camping-lapinede.net\/wp-content\/uploads\/2023\/06\/photo-636855704183713176-1-1024x768.jpg\" alt=\"\" class=\"wp-image-37 size-full\" srcset=\"https:\/\/camping-lapinede.net\/wp-content\/uploads\/2023\/06\/photo-636855704183713176-1-1024x768.jpg 1024w, https:\/\/camping-lapinede.net\/wp-content\/uploads\/2023\/06\/photo-636855704183713176-1-300x225.jpg 300w, https:\/\/camping-lapinede.net\/wp-content\/uploads\/2023\/06\/photo-636855704183713176-1-768x576.jpg 768w, https:\/\/camping-lapinede.net\/wp-content\/uploads\/2023\/06\/photo-636855704183713176-1.jpg 1066w\" sizes=\"auto, (max-width: 1024px) 100vw, 1024px\" \/><\/figure><div class=\"wp-block-media-text__content\">\n<h2 class=\"wp-block-heading\">Vrijetijdsbesteding op Camping La Pin\u00e8de*** in La Faute sur Mer<\/h2>\n\n\n\n<p>Onze camping La Pin\u00e8de*** heeft een <strong>uitzonderlijke ligging<\/strong> in het hart van de natuur, vlakbij de <a href=\"https:\/\/camping-lapinede.net\/nl\/cote-mer\/de-stranden\/\" data-type=\"page\" data-id=\"437\">sublieme fijne zandstranden<\/a> van de zuidelijke Vend\u00e9e. Wij hebben ervoor gekozen om <strong>een rustige en ontspannen sfeer<\/strong> te cre\u00ebren op onze camping in La Faute sur Mer. Als je op zoek bent naar een rustige, ontspannen vakantie, dan is Camping La Pin\u00e8de*** iets voor jou! Je zult genieten van de rustige, familiale sfeer van onze camping en de charme van de privacy. Ongerepte natuur en een ontspannende omgeving zijn de sleutelwoorden om je verblijf op Camping La Pin\u00e8de*** te beschrijven.<\/p>\n<\/div><\/div>\n\n\n\n<div class=\"wp-block-media-text alignfull has-media-on-the-right is-stacked-on-mobile\"><div class=\"wp-block-media-text__content\">\n<h2 class=\"wp-block-heading\">Entertainment voor jong en oud<\/h2>\n\n\n\n<ul class=\"wp-block-list\">\n<li>Van 15 juli tot 20 augustus worden er 2 of 3 keer per week &#8217;s ochtends en\/of &#8217;s middags <strong>gratis activiteiten<\/strong> voor kinderen aangeboden.  <br>Er <strong>worden allerlei activiteiten georganiseerd, zoals<\/strong> schminken, koken, ballonfiguren maken, suikerspinnen, houten spellen, vissen en een kinderclub.<\/li>\n\n\n\n<li>Voor fans van <strong>jeu de boules<\/strong> wordt er van 16 juli tot 20 augustus elke donderdagmiddag een wedstrijd georganiseerd. Deelnemers wordt gevraagd een bijdrage te leveren.<\/li>\n\n\n\n<li>En voor iedereen, zowel kinderen als volwassenen, is er in juli en augustus overdag en &#8217;s avonds dagelijks entertainment in het centrum van La Faute sur Mer en de omgeving.<\/li>\n<\/ul>\n<\/div><figure class=\"wp-block-media-text__media\"><img loading=\"lazy\" decoding=\"async\" width=\"1024\" height=\"768\" src=\"https:\/\/camping-lapinede.net\/wp-content\/uploads\/2023\/06\/photo-636855704161057206-1-1024x768.jpg\" alt=\"\" class=\"wp-image-35 size-full\" srcset=\"https:\/\/camping-lapinede.net\/wp-content\/uploads\/2023\/06\/photo-636855704161057206-1-1024x768.jpg 1024w, https:\/\/camping-lapinede.net\/wp-content\/uploads\/2023\/06\/photo-636855704161057206-1-300x225.jpg 300w, https:\/\/camping-lapinede.net\/wp-content\/uploads\/2023\/06\/photo-636855704161057206-1-768x576.jpg 768w, https:\/\/camping-lapinede.net\/wp-content\/uploads\/2023\/06\/photo-636855704161057206-1.jpg 1066w\" sizes=\"auto, (max-width: 1024px) 100vw, 1024px\" \/><\/figure><\/div>\n\n\n\n<div class=\"wp-block-media-text alignfull is-stacked-on-mobile\"><figure class=\"wp-block-media-text__media\"><img loading=\"lazy\" decoding=\"async\" width=\"1024\" height=\"768\" src=\"https:\/\/camping-lapinede.net\/wp-content\/uploads\/2023\/06\/photo-636855704121362376-1-2-1024x768.jpg\" alt=\"camping met speeltuin in de Vend\u00e9e\" class=\"wp-image-46 size-full\" srcset=\"https:\/\/camping-lapinede.net\/wp-content\/uploads\/2023\/06\/photo-636855704121362376-1-2-1024x768.jpg 1024w, https:\/\/camping-lapinede.net\/wp-content\/uploads\/2023\/06\/photo-636855704121362376-1-2-300x225.jpg 300w, https:\/\/camping-lapinede.net\/wp-content\/uploads\/2023\/06\/photo-636855704121362376-1-2-768x576.jpg 768w, https:\/\/camping-lapinede.net\/wp-content\/uploads\/2023\/06\/photo-636855704121362376-1-2.jpg 1066w\" sizes=\"auto, (max-width: 1024px) 100vw, 1024px\" \/><\/figure><div class=\"wp-block-media-text__content\">\n<h2 class=\"wp-block-heading\">Activiteiten en vrije tijd op camping La Pin\u00e8de***<\/h2>\n\n\n\n<ul class=\"wp-block-list\">\n<li><a href=\"https:\/\/camping-lapinede.net\/nl\/zwembad\/\" data-type=\"page\" data-id=\"101\">Verwarmd binnenzwembad<\/a> met kikkerbad voor kinderen<\/li>\n\n\n\n<li>Speeltuin voor kinderen van 2 tot 12 jaar: glijbanen, klimtoestellen, tourniquets, schommels, helse draaimolen, verende spelen, enz.<\/li>\n\n\n\n<li>Tafelvoetbal, biljart, tafeltennis, bibliotheek en televisie zijn beschikbaar in een afgesloten speelkamer.<\/li>\n\n\n\n<li>Jeu de boules<\/li>\n\n\n\n<li>Minigolf en golf in de buurt<\/li>\n<\/ul>\n<\/div><\/div>\n\n\n<div class=\"wp-block-sev-diaporama alignfull\">\t\t\t<div id=\"sevgallery-1618703583\" class=\"sev-diaporama sev-diaporama-portfolio\">\r\n\t\t\t<div class=\"row\">\r\n\r\n\t\t\t\r\n\t\t\t\t\r\n\t\t\t\t<div class=\"sev-diaporama-portfolio-item col-12 col-sm  col-grow\">\r\n\r\n\t\t\t\t\t\t\t\t\t\t<a href=\"https:\/\/camping-lapinede.net\/wp-content\/uploads\/2023\/06\/photo-636855704223839469-1.jpg\" data-lightbox=\"sevgallery-1618703583\" style=\"background-image: url(https:\/\/camping-lapinede.net\/wp-content\/uploads\/2023\/06\/photo-636855704223839469-1.jpg)\">\r\n\t\t\t\t\t\t\t\t\t\t\t<img decoding=\"async\" src=\"https:\/\/camping-lapinede.net\/wp-content\/uploads\/2023\/06\/photo-636855704223839469-1.jpg\" alt=\"\" loading=\"lazy\">\r\n\t\t\t\t\t\t\t\t\t\t<\/a>\r\n\t\t\t\t\t\t\t\t\t<\/div>\r\n\r\n\t\t\t\t\r\n\t\t\t\t\t\t\t\t\t\t\t\r\n\t\t\t\t\r\n\t\t\t\t<div class=\"sev-diaporama-portfolio-item col-12 col-sm  col-grow\">\r\n\r\n\t\t\t\t\t\t\t\t\t\t<a href=\"https:\/\/camping-lapinede.net\/wp-content\/uploads\/2023\/06\/photo-636855704217120711-1.jpg\" data-lightbox=\"sevgallery-1618703583\" style=\"background-image: url(https:\/\/camping-lapinede.net\/wp-content\/uploads\/2023\/06\/photo-636855704217120711-1.jpg)\">\r\n\t\t\t\t\t\t\t\t\t\t\t<img decoding=\"async\" src=\"https:\/\/camping-lapinede.net\/wp-content\/uploads\/2023\/06\/photo-636855704217120711-1.jpg\" alt=\"\" loading=\"lazy\">\r\n\t\t\t\t\t\t\t\t\t\t<\/a>\r\n\t\t\t\t\t\t\t\t\t<\/div>\r\n\r\n\t\t\t\t\r\n\t\t\t\t\t\t\t\t\t\t\t\r\n\t\t\t\t\r\n\t\t\t\t<div class=\"sev-diaporama-portfolio-item col-12 col-sm \">\r\n\r\n\t\t\t\t\t\t\t\t\t\t<a href=\"https:\/\/camping-lapinede.net\/wp-content\/uploads\/2023\/06\/photo-636855704212397074-1.jpg\" data-lightbox=\"sevgallery-1618703583\" style=\"background-image: url(https:\/\/camping-lapinede.net\/wp-content\/uploads\/2023\/06\/photo-636855704212397074-1.jpg)\">\r\n\t\t\t\t\t\t\t\t\t\t\t<img decoding=\"async\" src=\"https:\/\/camping-lapinede.net\/wp-content\/uploads\/2023\/06\/photo-636855704212397074-1.jpg\" alt=\"\" loading=\"lazy\">\r\n\t\t\t\t\t\t\t\t\t\t<\/a>\r\n\t\t\t\t\t\t\t\t\t<\/div>\r\n\r\n\t\t\t\t\r\n\t\t\t\t\t\t\t\t\t\t\t\r\n\t\t\t\t\r\n\t\t\t\t<div class=\"sev-diaporama-portfolio-item col-12 col-sm \">\r\n\r\n\t\t\t\t\t\t\t\t\t\t<a href=\"https:\/\/camping-lapinede.net\/wp-content\/uploads\/2023\/06\/photo-636855704207647039-1.jpg\" data-lightbox=\"sevgallery-1618703583\" style=\"background-image: url(https:\/\/camping-lapinede.net\/wp-content\/uploads\/2023\/06\/photo-636855704207647039-1.jpg)\">\r\n\t\t\t\t\t\t\t\t\t\t\t<img decoding=\"async\" src=\"https:\/\/camping-lapinede.net\/wp-content\/uploads\/2023\/06\/photo-636855704207647039-1.jpg\" alt=\"\" loading=\"lazy\">\r\n\t\t\t\t\t\t\t\t\t\t<\/a>\r\n\t\t\t\t\t\t\t\t\t<\/div>\r\n\r\n\t\t\t\t\t\t\t\t\t<div class=\"w-100\"><\/div>\r\n\t\t\t\t\t\t\t\t\t\r\n\t\t\t\t\t\t\t\t\t\t\t\r\n\t\t\t\t\r\n\t\t\t\t<div class=\"sev-diaporama-portfolio-item col-12 col-sm  col-grow\">\r\n\r\n\t\t\t\t\t\t\t\t\t\t<a href=\"https:\/\/camping-lapinede.net\/wp-content\/uploads\/2023\/06\/photo-636855704191681847-1-2.jpg\" data-lightbox=\"sevgallery-1618703583\" style=\"background-image: url(https:\/\/camping-lapinede.net\/wp-content\/uploads\/2023\/06\/photo-636855704191681847-1-2.jpg)\">\r\n\t\t\t\t\t\t\t\t\t\t\t<img decoding=\"async\" src=\"https:\/\/camping-lapinede.net\/wp-content\/uploads\/2023\/06\/photo-636855704191681847-1-2.jpg\" alt=\"\" loading=\"lazy\">\r\n\t\t\t\t\t\t\t\t\t\t<\/a>\r\n\t\t\t\t\t\t\t\t\t<\/div>\r\n\r\n\t\t\t\t\r\n\t\t\t\t\t\t\t\t\t\t\t\r\n\t\t\t\t\r\n\t\t\t\t<div class=\"sev-diaporama-portfolio-item col-12 col-sm  col-grow\">\r\n\r\n\t\t\t\t\t\t\t\t\t\t<a href=\"https:\/\/camping-lapinede.net\/wp-content\/uploads\/2023\/06\/photo-636855704183713176-1-2.jpg\" data-lightbox=\"sevgallery-1618703583\" style=\"background-image: url(https:\/\/camping-lapinede.net\/wp-content\/uploads\/2023\/06\/photo-636855704183713176-1-2.jpg)\">\r\n\t\t\t\t\t\t\t\t\t\t\t<img decoding=\"async\" src=\"https:\/\/camping-lapinede.net\/wp-content\/uploads\/2023\/06\/photo-636855704183713176-1-2.jpg\" alt=\"\" loading=\"lazy\">\r\n\t\t\t\t\t\t\t\t\t\t<\/a>\r\n\t\t\t\t\t\t\t\t\t<\/div>\r\n\r\n\t\t\t\t\r\n\t\t\t\t\t\t\t\t\t\t\t\r\n\t\t\t\t\r\n\t\t\t\t<div class=\"sev-diaporama-portfolio-item col-12 col-sm  col-grow\">\r\n\r\n\t\t\t\t\t\t\t\t\t\t<a href=\"https:\/\/camping-lapinede.net\/wp-content\/uploads\/2023\/06\/photo-636855704174806843-1-1.jpg\" data-lightbox=\"sevgallery-1618703583\" style=\"background-image: url(https:\/\/camping-lapinede.net\/wp-content\/uploads\/2023\/06\/photo-636855704174806843-1-1.jpg)\">\r\n\t\t\t\t\t\t\t\t\t\t\t<img decoding=\"async\" src=\"https:\/\/camping-lapinede.net\/wp-content\/uploads\/2023\/06\/photo-636855704174806843-1-1.jpg\" alt=\"\" loading=\"lazy\">\r\n\t\t\t\t\t\t\t\t\t\t<\/a>\r\n\t\t\t\t\t\t\t\t\t<\/div>\r\n\r\n\t\t\t\t\r\n\t\t\t\t\t\t\t\t\t\t\t\r\n\t\t\t\t\r\n\t\t\t\t<div class=\"sev-diaporama-portfolio-item col-12 col-sm  col-shrink\">\r\n\r\n\t\t\t\t\t\t\t\t\t\t<a href=\"https:\/\/camping-lapinede.net\/wp-content\/uploads\/2023\/06\/photo-636855704168400209-1-1.jpg\" data-lightbox=\"sevgallery-1618703583\" style=\"background-image: url(https:\/\/camping-lapinede.net\/wp-content\/uploads\/2023\/06\/photo-636855704168400209-1-1.jpg)\">\r\n\t\t\t\t\t\t\t\t\t\t\t<img decoding=\"async\" src=\"https:\/\/camping-lapinede.net\/wp-content\/uploads\/2023\/06\/photo-636855704168400209-1-1.jpg\" alt=\"\" loading=\"lazy\">\r\n\t\t\t\t\t\t\t\t\t\t<\/a>\r\n\t\t\t\t\t\t\t\t\t<\/div>\r\n\r\n\t\t\t\t\t\t\t\t\t<div class=\"w-100\"><\/div>\r\n\t\t\t\t\t\t\t\t\t\r\n\t\t\t\t\t\t\t\t\t\t\t\r\n\t\t\t\t\r\n\t\t\t\t<div class=\"sev-diaporama-portfolio-item col-12 col-sm \">\r\n\r\n\t\t\t\t\t\t\t\t\t\t<a href=\"https:\/\/camping-lapinede.net\/wp-content\/uploads\/2023\/06\/photo-636855704161057206-1-2.jpg\" data-lightbox=\"sevgallery-1618703583\" style=\"background-image: url(https:\/\/camping-lapinede.net\/wp-content\/uploads\/2023\/06\/photo-636855704161057206-1-2.jpg)\">\r\n\t\t\t\t\t\t\t\t\t\t\t<img decoding=\"async\" src=\"https:\/\/camping-lapinede.net\/wp-content\/uploads\/2023\/06\/photo-636855704161057206-1-2.jpg\" alt=\"\" loading=\"lazy\">\r\n\t\t\t\t\t\t\t\t\t\t<\/a>\r\n\t\t\t\t\t\t\t\t\t<\/div>\r\n\r\n\t\t\t\t\r\n\t\t\t\t\t\t\t\t\t\t\t\r\n\t\t\t\t\r\n\t\t\t\t<div class=\"sev-diaporama-portfolio-item col-12 col-sm  col-grow\">\r\n\r\n\t\t\t\t\t\t\t\t\t\t<a href=\"https:\/\/camping-lapinede.net\/wp-content\/uploads\/2023\/06\/photo-636855704142768573-1.jpg\" data-lightbox=\"sevgallery-1618703583\" style=\"background-image: url(https:\/\/camping-lapinede.net\/wp-content\/uploads\/2023\/06\/photo-636855704142768573-1.jpg)\">\r\n\t\t\t\t\t\t\t\t\t\t\t<img decoding=\"async\" src=\"https:\/\/camping-lapinede.net\/wp-content\/uploads\/2023\/06\/photo-636855704142768573-1.jpg\" alt=\"\" loading=\"lazy\">\r\n\t\t\t\t\t\t\t\t\t\t<\/a>\r\n\t\t\t\t\t\t\t\t\t<\/div>\r\n\r\n\t\t\t\t\r\n\t\t\t\t\t\t\t\t\t\t\t\r\n\t\t\t\t\r\n\t\t\t\t<div class=\"sev-diaporama-portfolio-item col-12 col-sm  col-shrink\">\r\n\r\n\t\t\t\t\t\t\t\t\t\t<a href=\"https:\/\/camping-lapinede.net\/wp-content\/uploads\/2023\/06\/photo-636855704150580986-1.jpg\" data-lightbox=\"sevgallery-1618703583\" style=\"background-image: url(https:\/\/camping-lapinede.net\/wp-content\/uploads\/2023\/06\/photo-636855704150580986-1.jpg)\">\r\n\t\t\t\t\t\t\t\t\t\t\t<img decoding=\"async\" src=\"https:\/\/camping-lapinede.net\/wp-content\/uploads\/2023\/06\/photo-636855704150580986-1.jpg\" alt=\"\" loading=\"lazy\">\r\n\t\t\t\t\t\t\t\t\t\t<\/a>\r\n\t\t\t\t\t\t\t\t\t<\/div>\r\n\r\n\t\t\t\t\r\n\t\t\t\t\t\t\t\t\t\t\t\r\n\t\t\t\t\r\n\t\t\t\t<div class=\"sev-diaporama-portfolio-item col-12 col-sm \">\r\n\r\n\t\t\t\t\t\t\t\t\t\t<a href=\"https:\/\/camping-lapinede.net\/wp-content\/uploads\/2023\/06\/photo-636855704136987317-1.jpg\" data-lightbox=\"sevgallery-1618703583\" style=\"background-image: url(https:\/\/camping-lapinede.net\/wp-content\/uploads\/2023\/06\/photo-636855704136987317-1.jpg)\">\r\n\t\t\t\t\t\t\t\t\t\t\t<img decoding=\"async\" src=\"https:\/\/camping-lapinede.net\/wp-content\/uploads\/2023\/06\/photo-636855704136987317-1.jpg\" alt=\"\" loading=\"lazy\">\r\n\t\t\t\t\t\t\t\t\t\t<\/a>\r\n\t\t\t\t\t\t\t\t\t<\/div>\r\n\r\n\t\t\t\t\t\t\t\t\t<div class=\"w-100\"><\/div>\r\n\t\t\t\t\t\t\t\t\t\r\n\t\t\t\t\t\t\t\t\t\t\t\r\n\t\t\t\t\r\n\t\t\t\t<div class=\"sev-diaporama-portfolio-item col-12 col-sm \">\r\n\r\n\t\t\t\t\t\t\t\t\t\t<a href=\"https:\/\/camping-lapinede.net\/wp-content\/uploads\/2023\/06\/photo-636855704127768545-1-2.jpg\" data-lightbox=\"sevgallery-1618703583\" style=\"background-image: url(https:\/\/camping-lapinede.net\/wp-content\/uploads\/2023\/06\/photo-636855704127768545-1-2.jpg)\">\r\n\t\t\t\t\t\t\t\t\t\t\t<img decoding=\"async\" src=\"https:\/\/camping-lapinede.net\/wp-content\/uploads\/2023\/06\/photo-636855704127768545-1-2.jpg\" alt=\"\" loading=\"lazy\">\r\n\t\t\t\t\t\t\t\t\t\t<\/a>\r\n\t\t\t\t\t\t\t\t\t<\/div>\r\n\r\n\t\t\t\t\r\n\t\t\t\t\t\t\t\t\t\t\t\r\n\t\t\t\t\r\n\t\t\t\t<div class=\"sev-diaporama-portfolio-item col-12 col-sm \">\r\n\r\n\t\t\t\t\t\t\t\t\t\t<a href=\"https:\/\/camping-lapinede.net\/wp-content\/uploads\/2023\/06\/photo-636855704121362376-1-3.jpg\" data-lightbox=\"sevgallery-1618703583\" style=\"background-image: url(https:\/\/camping-lapinede.net\/wp-content\/uploads\/2023\/06\/photo-636855704121362376-1-3.jpg)\">\r\n\t\t\t\t\t\t\t\t\t\t\t<img decoding=\"async\" src=\"https:\/\/camping-lapinede.net\/wp-content\/uploads\/2023\/06\/photo-636855704121362376-1-3.jpg\" alt=\"\" loading=\"lazy\">\r\n\t\t\t\t\t\t\t\t\t\t<\/a>\r\n\t\t\t\t\t\t\t\t\t<\/div>\r\n\r\n\t\t\t\t\r\n\t\t\t\t\t\t\t\t\t\t\t\r\n\t\t\t\t\r\n\t\t\t\t<div class=\"sev-diaporama-portfolio-item col-12 col-sm  col-shrink\">\r\n\r\n\t\t\t\t\t\t\t\t\t\t<a href=\"https:\/\/camping-lapinede.net\/wp-content\/uploads\/2023\/06\/photo-636855704112612293-1-1.jpg\" data-lightbox=\"sevgallery-1618703583\" style=\"background-image: url(https:\/\/camping-lapinede.net\/wp-content\/uploads\/2023\/06\/photo-636855704112612293-1-1.jpg)\">\r\n\t\t\t\t\t\t\t\t\t\t\t<img decoding=\"async\" src=\"https:\/\/camping-lapinede.net\/wp-content\/uploads\/2023\/06\/photo-636855704112612293-1-1.jpg\" alt=\"\" loading=\"lazy\">\r\n\t\t\t\t\t\t\t\t\t\t<\/a>\r\n\t\t\t\t\t\t\t\t\t<\/div>\r\n\r\n\t\t\t\t\r\n\t\t\t\t\t\t\t\t\t\t\t\r\n\t\t\t\t\r\n\t\t\t\t<div class=\"sev-diaporama-portfolio-item col-12 col-sm \">\r\n\r\n\t\t\t\t\t\t\t\t\t\t<a href=\"https:\/\/camping-lapinede.net\/wp-content\/uploads\/2023\/06\/photo-636855704103393598-1-1.jpg\" data-lightbox=\"sevgallery-1618703583\" style=\"background-image: url(https:\/\/camping-lapinede.net\/wp-content\/uploads\/2023\/06\/photo-636855704103393598-1-1.jpg)\">\r\n\t\t\t\t\t\t\t\t\t\t\t<img decoding=\"async\" src=\"https:\/\/camping-lapinede.net\/wp-content\/uploads\/2023\/06\/photo-636855704103393598-1-1.jpg\" alt=\"\" loading=\"lazy\">\r\n\t\t\t\t\t\t\t\t\t\t<\/a>\r\n\t\t\t\t\t\t\t\t\t<\/div>\r\n\r\n\t\t\t\t\t\t\t\t\t<div class=\"w-100\"><\/div>\r\n\t\t\t\t\t\t\t\t\t\r\n\t\t\t\t\t\t\t\t\t\t\t\r\n\t\t\t\t\r\n\t\t\t\t<div class=\"sev-diaporama-portfolio-item col-12 col-sm \">\r\n\r\n\t\t\t\t\t\t\t\t\t\t<a href=\"https:\/\/camping-lapinede.net\/wp-content\/uploads\/2023\/06\/photo-636855704096361892-1-1.jpg\" data-lightbox=\"sevgallery-1618703583\" style=\"background-image: url(https:\/\/camping-lapinede.net\/wp-content\/uploads\/2023\/06\/photo-636855704096361892-1-1.jpg)\">\r\n\t\t\t\t\t\t\t\t\t\t\t<img decoding=\"async\" src=\"https:\/\/camping-lapinede.net\/wp-content\/uploads\/2023\/06\/photo-636855704096361892-1-1.jpg\" alt=\"\" loading=\"lazy\">\r\n\t\t\t\t\t\t\t\t\t\t<\/a>\r\n\t\t\t\t\t\t\t\t\t<\/div>\r\n\r\n\t\t\t\t\r\n\t\t\t\t\t\t\t\t\t\t\t\t\t\t<\/div>\r\n\t\t\t<\/div>\r\n\r\n\t\t\t<script>\r\n\t\t\tjQuery(function($) {\r\n\r\n\t\t\t\tvar marginPortfolio = function() {\r\n\r\n\t\t\t\t\tvar $diapo          = $('#sevgallery-1618703583');\r\n\t\t\t\t\tvar container_width = $diapo.parent().outerWidth();\r\n\t\t\t\t\tvar side            = ( $(window).innerWidth() - container_width ) \/ 2;\r\n\r\n\t\t\t\t\t$diapo.css( {\r\n\t\t\t\t\t\t'margin-left': '-' + side + 'px',\r\n\t\t\t\t\t\t'margin-right': '-' + side + 'px',\r\n\t\t\t\t\t} );\r\n\t\t\t\t};\r\n\r\n\t\t\t\t$( window ).resize( function() {\r\n\t\t\t\t\tmarginPortfolio();\r\n\t\t\t\t} );\r\n\t\t\t\tmarginPortfolio();\r\n\t\t\t});\r\n\t\t\t<\/script>\r\n\t\t\t<\/div>","protected":false},"excerpt":{"rendered":"<p>Animatie en vrije tijd op de camping in de Vend\u00e9e Vrijetijdsbesteding op Camping La Pin\u00e8de*** in La Faute sur Mer Onze camping La Pin\u00e8de*** heeft een uitzonderlijke ligging in het hart van de natuur, vlakbij de sublieme fijne zandstranden van de zuidelijke Vend\u00e9e. Wij hebben ervoor gekozen om een rustige en ontspannen sfeer te cre\u00ebren [&hellip;]<\/p>\n","protected":false},"author":1,"featured_media":0,"parent":0,"menu_order":0,"comment_status":"closed","ping_status":"closed","template":"","meta":{"_seopress_robots_primary_cat":"","_seopress_titles_title":"Animatie en vrije tijd op camping Vend\u00e9e bord de mer  ","_seopress_titles_desc":"De camping biedt tal van activiteiten voor iedereen: kinderanimatie, speeltuin, opblaasbare structuren, speelzaal, petanque, overdekt zwembad, enz.","_seopress_robots_index":"","footnotes":""},"class_list":["post-2034","page","type-page","status-publish","hentry"],"_links":{"self":[{"href":"https:\/\/camping-lapinede.net\/nl\/wp-json\/wp\/v2\/pages\/2034","targetHints":{"allow":["GET"]}}],"collection":[{"href":"https:\/\/camping-lapinede.net\/nl\/wp-json\/wp\/v2\/pages"}],"about":[{"href":"https:\/\/camping-lapinede.net\/nl\/wp-json\/wp\/v2\/types\/page"}],"author":[{"embeddable":true,"href":"https:\/\/camping-lapinede.net\/nl\/wp-json\/wp\/v2\/users\/1"}],"replies":[{"embeddable":true,"href":"https:\/\/camping-lapinede.net\/nl\/wp-json\/wp\/v2\/comments?post=2034"}],"version-history":[{"count":1,"href":"https:\/\/camping-lapinede.net\/nl\/wp-json\/wp\/v2\/pages\/2034\/revisions"}],"predecessor-version":[{"id":2179,"href":"https:\/\/camping-lapinede.net\/nl\/wp-json\/wp\/v2\/pages\/2034\/revisions\/2179"}],"wp:attachment":[{"href":"https:\/\/camping-lapinede.net\/nl\/wp-json\/wp\/v2\/media?parent=2034"}],"curies":[{"name":"wp","href":"https:\/\/api.w.org\/{rel}","templated":true}]}}