{"id":2030,"date":"2023-06-15T11:50:35","date_gmt":"2023-06-15T09:50:35","guid":{"rendered":"https:\/\/camping-lapinede.net\/onze-ervaring\/een-dag-op-de-site-van-veillon\/"},"modified":"2023-06-15T11:50:35","modified_gmt":"2023-06-15T09:50:35","slug":"een-dag-op-de-site-van-veillon","status":"publish","type":"page","link":"https:\/\/camping-lapinede.net\/nl\/onze-ervaring\/een-dag-op-de-site-van-veillon\/","title":{"rendered":"Een dag op de site van Veillon"},"content":{"rendered":"\n<h1 class=\"wp-block-heading\">Dag op de site van Veillon<\/h1>\n\n\n\n<h2 class=\"wp-block-heading has-text-align-center\">Een onvergetelijke dag op de site van Veillon<\/h2>\n\n\n\n<p class=\"has-text-align-center\">1 dag<\/p>\n\n\n\n<div class=\"wp-block-group is-layout-constrained wp-block-group-is-layout-constrained\" style=\"margin-top:var(--wp--preset--spacing--60);margin-bottom:var(--wp--preset--spacing--60)\">\n<figure class=\"wp-block-image aligncenter size-full is-resized\"><img loading=\"lazy\" decoding=\"async\" src=\"https:\/\/camping-lapinede.net\/wp-content\/uploads\/2023\/06\/vague-1.png\" alt=\"camping aan de Pointe d'Ar\u00e7ay aan zee\" class=\"wp-image-173\" width=\"90\" height=\"17\" srcset=\"https:\/\/camping-lapinede.net\/wp-content\/uploads\/2023\/06\/vague-1.png 360w, https:\/\/camping-lapinede.net\/wp-content\/uploads\/2023\/06\/vague-1-300x57.png 300w\" sizes=\"auto, (max-width: 90px) 100vw, 90px\" \/><\/figure>\n<\/div>\n\n\n\n<div class=\"wp-block-columns are-vertically-aligned-center is-layout-flex wp-container-core-columns-is-layout-28f84493 wp-block-columns-is-layout-flex\">\n<div class=\"wp-block-column is-vertically-aligned-center is-layout-flow wp-block-column-is-layout-flow\" style=\"flex-basis:33.33%\">\n<p>Als je op zoek bent naar een onvergetelijke dag <strong>aan zee<\/strong>, hoef je niet verder te zoeken dan de camping <strong>van Veillon<\/strong>.  <\/p>\n\n\n\n<p>Genesteld aan de kust van de Vend\u00e9e is dit de ideale plek voor een dagje ontspanning en plezier met familie of vrienden.<\/p>\n\n\n\n<p>Bereid je voor op een dag om nooit te vergeten!<\/p>\n<\/div>\n\n\n\n<div class=\"wp-block-column is-vertically-aligned-center has-background is-layout-flow wp-block-column-is-layout-flow\" style=\"background-color:#2d66537a;padding-top:var(--wp--preset--spacing--60);padding-right:var(--wp--preset--spacing--60);padding-bottom:var(--wp--preset--spacing--60);padding-left:var(--wp--preset--spacing--60);flex-basis:66.66%\">\n<p class=\"has-white-color has-text-color\">Voordat je gaat, is hier wat <strong>praktische informatie<\/strong> om je te helpen bij het plannen van je bezoek. De toegang tot het strand van Veillon is <strong>gratis<\/strong>, maar het is aan te raden om in de zomer vroeg te arriveren om een parkeerplaats te vinden. Toiletten en douches zijn beschikbaar op het terrein, evenals eerstehulpposten om de veiligheid van zwemmers te garanderen. Dieren zijn niet toegestaan tussen 1 april en 15 oktober.<br>Vergeet <strong>je zwemkleding<\/strong> en strandspullen niet om optimaal van de dag te genieten. Je kunt je eigen <strong>picknick<\/strong> meenemen of ter plekke eten voor een volledig ontspannen dag!<\/p>\n<\/div>\n<\/div>\n\n\n\n<div class=\"wp-block-group is-layout-constrained wp-block-group-is-layout-constrained\" style=\"margin-top:var(--wp--preset--spacing--60);margin-bottom:var(--wp--preset--spacing--60)\">\n<figure class=\"wp-block-image aligncenter size-full is-resized\"><img loading=\"lazy\" decoding=\"async\" src=\"https:\/\/camping-lapinede.net\/wp-content\/uploads\/2023\/06\/vague-1.png\" alt=\"camping aan de Pointe d'Ar\u00e7ay aan zee\" class=\"wp-image-173\" width=\"90\" height=\"17\" srcset=\"https:\/\/camping-lapinede.net\/wp-content\/uploads\/2023\/06\/vague-1.png 360w, https:\/\/camping-lapinede.net\/wp-content\/uploads\/2023\/06\/vague-1-300x57.png 300w\" sizes=\"auto, (max-width: 90px) 100vw, 90px\" \/><\/figure>\n<\/div>\n\n\n\n<div class=\"wp-block-media-text alignwide is-stacked-on-mobile\"><figure class=\"wp-block-media-text__media\"><img loading=\"lazy\" decoding=\"async\" width=\"1000\" height=\"751\" src=\"https:\/\/camping-lapinede.net\/wp-content\/uploads\/2023\/06\/Photo-plage-du-veillon-P1320230.jpg\" alt=\"Strand van Veillon\" class=\"wp-image-192 size-full\" srcset=\"https:\/\/camping-lapinede.net\/wp-content\/uploads\/2023\/06\/Photo-plage-du-veillon-P1320230.jpg 1000w, https:\/\/camping-lapinede.net\/wp-content\/uploads\/2023\/06\/Photo-plage-du-veillon-P1320230-300x225.jpg 300w, https:\/\/camping-lapinede.net\/wp-content\/uploads\/2023\/06\/Photo-plage-du-veillon-P1320230-768x577.jpg 768w\" sizes=\"auto, (max-width: 1000px) 100vw, 1000px\" \/><\/figure><div class=\"wp-block-media-text__content\">\n<h2 class=\"wp-block-heading\">Het strand van Veillon&#8230;<\/h2>\n\n\n\n<p>Het strand van Veillon, op een paar kilometer van Talmont-Saint-Hilaire, is een echt <strong>juweeltje aan de kust van de Vend\u00e9e<\/strong>. Met zijn gouden zand en kristalheldere water biedt deze idyllische omgeving een adembenemend strand en een keur aan activiteiten voor elk wat wils. Om het strand te bereiken, kun je een pad nemen door het omringende bos, wat een magisch tintje toevoegt aan je ervaring.<br>Eenmaal aangekomen op het strand van Le Veillon zul je versteld staan van de natuurlijke schoonheid die zich voor je uitstrekt. De <strong>zandduinen <\/strong>nodigen je uit om te ontspannen en van de zon te genieten. Het <strong>turquoise water<\/strong> heeft zelfs de Blauwe Vlag gekregen voor zijn zwemkwaliteit. En als je op zoek bent naar een beetje privacy, vind je hier ook een aantal <strong>rustige baaien<\/strong> waar je in alle rust kunt ontspannen.<\/p>\n<\/div><\/div>\n\n\n\n<div class=\"wp-block-group is-layout-constrained wp-block-group-is-layout-constrained\" style=\"margin-top:var(--wp--preset--spacing--60);margin-bottom:var(--wp--preset--spacing--60)\">\n<figure class=\"wp-block-image aligncenter size-full is-resized\"><img loading=\"lazy\" decoding=\"async\" src=\"https:\/\/camping-lapinede.net\/wp-content\/uploads\/2023\/06\/vague-1.png\" alt=\"camping aan de Pointe d'Ar\u00e7ay aan zee\" class=\"wp-image-173\" width=\"90\" height=\"17\" srcset=\"https:\/\/camping-lapinede.net\/wp-content\/uploads\/2023\/06\/vague-1.png 360w, https:\/\/camping-lapinede.net\/wp-content\/uploads\/2023\/06\/vague-1-300x57.png 300w\" sizes=\"auto, (max-width: 90px) 100vw, 90px\" \/><\/figure>\n<\/div>\n\n\n\n<div class=\"wp-block-media-text alignwide has-media-on-the-right is-stacked-on-mobile\"><div class=\"wp-block-media-text__content\">\n<h2 class=\"wp-block-heading has-text-align-right\">&#8230;een reis tussen de zee&#8230;<\/h2>\n\n\n\n<p class=\"has-text-align-right\">Het strand van Le Veillon is veel meer dan alleen maar relaxen. <strong>Windsurfers en kitesurfers<\/strong> kunnen genieten van deze spannende watersporten. Plaatselijke zeilscholen bieden ook cursussen en materiaalverhuur aan voor wie deze disciplines wil uitproberen.<br>Hou je van <strong>peddelen<\/strong>? Virgile, van<em> Paddle Aventure<\/em>, biedt rondleidingen en materiaalverhuur. Rondleidingen van 1 tot 2 uur brengen je zelfs naar La Guiti\u00e8re voor een proeverij van lokaal gevangen oesters. Na de inspanning, het comfort!<br>Als je meer een <strong>kajakker<\/strong> bent, of je nu met familie of vrienden bent, je zult gegarandeerd lachen en veel herinneringen ophalen.<\/p>\n<\/div><figure class=\"wp-block-media-text__media\"><img loading=\"lazy\" decoding=\"async\" width=\"1000\" height=\"667\" src=\"https:\/\/camping-lapinede.net\/wp-content\/uploads\/2023\/06\/La-guittiere-le-veillon-IMG_2382.jpg\" alt=\"veillon strand  \" class=\"wp-image-193 size-full\" srcset=\"https:\/\/camping-lapinede.net\/wp-content\/uploads\/2023\/06\/La-guittiere-le-veillon-IMG_2382.jpg 1000w, https:\/\/camping-lapinede.net\/wp-content\/uploads\/2023\/06\/La-guittiere-le-veillon-IMG_2382-300x200.jpg 300w, https:\/\/camping-lapinede.net\/wp-content\/uploads\/2023\/06\/La-guittiere-le-veillon-IMG_2382-768x512.jpg 768w\" sizes=\"auto, (max-width: 1000px) 100vw, 1000px\" \/><\/figure><\/div>\n\n\n\n<div class=\"wp-block-group is-layout-constrained wp-block-group-is-layout-constrained\" style=\"margin-top:var(--wp--preset--spacing--60);margin-bottom:var(--wp--preset--spacing--60)\">\n<figure class=\"wp-block-image aligncenter size-full is-resized\"><img loading=\"lazy\" decoding=\"async\" src=\"https:\/\/camping-lapinede.net\/wp-content\/uploads\/2023\/06\/vague-1.png\" alt=\"camping aan de Pointe d'Ar\u00e7ay aan zee\" class=\"wp-image-173\" width=\"90\" height=\"17\" srcset=\"https:\/\/camping-lapinede.net\/wp-content\/uploads\/2023\/06\/vague-1.png 360w, https:\/\/camping-lapinede.net\/wp-content\/uploads\/2023\/06\/vague-1-300x57.png 300w\" sizes=\"auto, (max-width: 90px) 100vw, 90px\" \/><\/figure>\n<\/div>\n\n\n\n<div class=\"wp-block-media-text alignwide is-stacked-on-mobile\"><figure class=\"wp-block-media-text__media\"><img loading=\"lazy\" decoding=\"async\" width=\"1000\" height=\"561\" src=\"https:\/\/camping-lapinede.net\/wp-content\/uploads\/2023\/06\/le-veillon-talmont-saint-hilaire-photo-aerienne-13.jpg\" alt=\"\" class=\"wp-image-195 size-full\" srcset=\"https:\/\/camping-lapinede.net\/wp-content\/uploads\/2023\/06\/le-veillon-talmont-saint-hilaire-photo-aerienne-13.jpg 1000w, https:\/\/camping-lapinede.net\/wp-content\/uploads\/2023\/06\/le-veillon-talmont-saint-hilaire-photo-aerienne-13-300x168.jpg 300w, https:\/\/camping-lapinede.net\/wp-content\/uploads\/2023\/06\/le-veillon-talmont-saint-hilaire-photo-aerienne-13-768x431.jpg 768w\" sizes=\"auto, (max-width: 1000px) 100vw, 1000px\" \/><\/figure><div class=\"wp-block-media-text__content\">\n<h2 class=\"wp-block-heading\">&#8230;en land<\/h2>\n\n\n\n<p>Voor wie niet van watersport houdt, zijn er een aantal prachtige <strong>wandelpaden<\/strong> langs het strand van Veillon. Als je het natuurreservaat van Payr\u00e9 gaat verkennen, vergeet dan niet je verrekijker mee te nemen om de vogels die er leven te observeren. Te voet of op de fiets, tijdens je wandeling langs de bewegwijzerde paden van het reservaat ontdek je trekvogelsoorten, zoutpannen en een uniek ecosysteem. Het is een unieke ervaring voor natuurliefhebbers.<\/p>\n\n\n\n<p class=\"has-white-color has-text-color has-background\" style=\"background-color:#2d66537a\"><em>Een kleine groene gedachte:<\/em> wees waakzaam en respecteer het milieu door geen afval achter te laten.<\/p>\n<\/div><\/div>\n\n\n\n<div class=\"wp-block-group is-layout-constrained wp-block-group-is-layout-constrained\" style=\"margin-top:var(--wp--preset--spacing--60);margin-bottom:var(--wp--preset--spacing--60)\">\n<figure class=\"wp-block-image aligncenter size-full is-resized\"><img loading=\"lazy\" decoding=\"async\" src=\"https:\/\/camping-lapinede.net\/wp-content\/uploads\/2023\/06\/vague-1.png\" alt=\"camping aan de Pointe d'Ar\u00e7ay aan zee\" class=\"wp-image-173\" width=\"90\" height=\"17\" srcset=\"https:\/\/camping-lapinede.net\/wp-content\/uploads\/2023\/06\/vague-1.png 360w, https:\/\/camping-lapinede.net\/wp-content\/uploads\/2023\/06\/vague-1-300x57.png 300w\" sizes=\"auto, (max-width: 90px) 100vw, 90px\" \/><\/figure>\n<\/div>\n\n\n\n<div class=\"wp-block-media-text alignwide has-media-on-the-right is-stacked-on-mobile\"><div class=\"wp-block-media-text__content\">\n<h2 class=\"wp-block-heading has-text-align-right\">En hoe zit het met de kinderen?<\/h2>\n\n\n\n<p class=\"has-text-align-right\">Als je kinderen bij je hebt, is het strand van Veillon ook gezinsvriendelijk. Jongere kinderen kunnen in alle veiligheid zandkastelen bouwen of in het ondiepe water spelen.<br>Om de dag nog meer op te fleuren, kunnen jong en oud zich vermaken in het <strong>speelpark La B\u00e9li\u00e8re Loisirs<\/strong>. Het park is toegankelijk voor kinderen van 3 tot 15 jaar en biedt verschillende activiteiten: skelters, trampolines, klimmen, sumoworstelen en zelfs minigolf. Een veilige manier om stoom af te blazen!<\/p>\n<\/div><figure class=\"wp-block-media-text__media\"><img loading=\"lazy\" decoding=\"async\" width=\"1000\" height=\"564\" src=\"https:\/\/camping-lapinede.net\/wp-content\/uploads\/2023\/06\/le-veillon-talmont-saint-hilaire-photo-aerienne-6.jpg\" alt=\"\" class=\"wp-image-196 size-full\" srcset=\"https:\/\/camping-lapinede.net\/wp-content\/uploads\/2023\/06\/le-veillon-talmont-saint-hilaire-photo-aerienne-6.jpg 1000w, https:\/\/camping-lapinede.net\/wp-content\/uploads\/2023\/06\/le-veillon-talmont-saint-hilaire-photo-aerienne-6-300x169.jpg 300w, https:\/\/camping-lapinede.net\/wp-content\/uploads\/2023\/06\/le-veillon-talmont-saint-hilaire-photo-aerienne-6-768x433.jpg 768w\" sizes=\"auto, (max-width: 1000px) 100vw, 1000px\" \/><\/figure><\/div>\n\n\n\n<div class=\"wp-block-group is-layout-constrained wp-block-group-is-layout-constrained\" style=\"margin-top:var(--wp--preset--spacing--60);margin-bottom:var(--wp--preset--spacing--60)\">\n<figure class=\"wp-block-image aligncenter size-full is-resized\"><img loading=\"lazy\" decoding=\"async\" src=\"https:\/\/camping-lapinede.net\/wp-content\/uploads\/2023\/06\/vague-1.png\" alt=\"camping aan de Pointe d'Ar\u00e7ay aan zee\" class=\"wp-image-173\" width=\"90\" height=\"17\" srcset=\"https:\/\/camping-lapinede.net\/wp-content\/uploads\/2023\/06\/vague-1.png 360w, https:\/\/camping-lapinede.net\/wp-content\/uploads\/2023\/06\/vague-1-300x57.png 300w\" sizes=\"auto, (max-width: 90px) 100vw, 90px\" \/><\/figure>\n<\/div>\n\n\n\n<div class=\"wp-block-media-text alignwide is-stacked-on-mobile\"><figure class=\"wp-block-media-text__media\"><img loading=\"lazy\" decoding=\"async\" width=\"1000\" height=\"667\" src=\"https:\/\/camping-lapinede.net\/wp-content\/uploads\/2023\/06\/La-guittiere-le-veillon-IMG_2400.jpg\" alt=\"\" class=\"wp-image-197 size-full\" srcset=\"https:\/\/camping-lapinede.net\/wp-content\/uploads\/2023\/06\/La-guittiere-le-veillon-IMG_2400.jpg 1000w, https:\/\/camping-lapinede.net\/wp-content\/uploads\/2023\/06\/La-guittiere-le-veillon-IMG_2400-300x200.jpg 300w, https:\/\/camping-lapinede.net\/wp-content\/uploads\/2023\/06\/La-guittiere-le-veillon-IMG_2400-768x512.jpg 768w\" sizes=\"auto, (max-width: 1000px) 100vw, 1000px\" \/><\/figure><div class=\"wp-block-media-text__content\">\n<h2 class=\"wp-block-heading\">Om de dag in stijl af te sluiten<\/h2>\n\n\n\n<p>Na een drukke middag op de camping van Veillon kun je terecht in een van de <strong>restaurants <\/strong>of caf\u00e9s langs het strand. Hier kun je lokale specialiteiten proeven, zoals verse zeevruchten en galettes vend\u00e9ennes, terwijl je het adembenemende oceaanzicht bewondert.<br>Tot slot, om deze idyllische dag af te ronden, mag je de <strong>zonsondergang op het strand van Le Veillon<\/strong> niet missen. De flamboyante kleuren die de lucht oplichten en weerkaatsen op het water cre\u00ebren een romantische en rustgevende sfeer. Neem de tijd om het jezelf gemakkelijk te maken op het strand en dit uitzonderlijke natuurlijke schouwspel te bewonderen.<\/p>\n<\/div><\/div>\n\n\n<div class=\"wp-block-sev-diaporama alignfull\">\t\t\t<div id=\"sevgallery-3799020697\" class=\"sev-diaporama sev-diaporama-portfolio\">\r\n\t\t\t<div class=\"row\">\r\n\r\n\t\t\t\r\n\t\t\t\t\r\n\t\t\t\t<div class=\"sev-diaporama-portfolio-item col-12 col-sm \">\r\n\r\n\t\t\t\t\t\t\t\t\t\t<a href=\"https:\/\/camping-lapinede.net\/wp-content\/uploads\/2023\/06\/La-guittiere-le-veillon-IMG_2373.jpg\" data-lightbox=\"sevgallery-3799020697\" style=\"background-image: url(https:\/\/camping-lapinede.net\/wp-content\/uploads\/2023\/06\/La-guittiere-le-veillon-IMG_2373.jpg)\">\r\n\t\t\t\t\t\t\t\t\t\t\t<img decoding=\"async\" src=\"https:\/\/camping-lapinede.net\/wp-content\/uploads\/2023\/06\/La-guittiere-le-veillon-IMG_2373.jpg\" alt=\"\" loading=\"lazy\">\r\n\t\t\t\t\t\t\t\t\t\t<\/a>\r\n\t\t\t\t\t\t\t\t\t<\/div>\r\n\r\n\t\t\t\t\r\n\t\t\t\t\t\t\t\t\t\t\t\r\n\t\t\t\t\r\n\t\t\t\t<div class=\"sev-diaporama-portfolio-item col-12 col-sm  col-grow\">\r\n\r\n\t\t\t\t\t\t\t\t\t\t<a href=\"https:\/\/camping-lapinede.net\/wp-content\/uploads\/2023\/06\/le-veillon-talmont-saint-hilaire-photo-aerienne-1.jpg\" data-lightbox=\"sevgallery-3799020697\" style=\"background-image: url(https:\/\/camping-lapinede.net\/wp-content\/uploads\/2023\/06\/le-veillon-talmont-saint-hilaire-photo-aerienne-1.jpg)\">\r\n\t\t\t\t\t\t\t\t\t\t\t<img decoding=\"async\" src=\"https:\/\/camping-lapinede.net\/wp-content\/uploads\/2023\/06\/le-veillon-talmont-saint-hilaire-photo-aerienne-1.jpg\" alt=\"\" loading=\"lazy\">\r\n\t\t\t\t\t\t\t\t\t\t<\/a>\r\n\t\t\t\t\t\t\t\t\t<\/div>\r\n\r\n\t\t\t\t\r\n\t\t\t\t\t\t\t\t\t\t\t\r\n\t\t\t\t\r\n\t\t\t\t<div class=\"sev-diaporama-portfolio-item col-12 col-sm  col-grow\">\r\n\r\n\t\t\t\t\t\t\t\t\t\t<a href=\"https:\/\/camping-lapinede.net\/wp-content\/uploads\/2023\/06\/Photo-anse-du-veillon-P1320238.jpg\" data-lightbox=\"sevgallery-3799020697\" style=\"background-image: url(https:\/\/camping-lapinede.net\/wp-content\/uploads\/2023\/06\/Photo-anse-du-veillon-P1320238.jpg)\">\r\n\t\t\t\t\t\t\t\t\t\t\t<img decoding=\"async\" src=\"https:\/\/camping-lapinede.net\/wp-content\/uploads\/2023\/06\/Photo-anse-du-veillon-P1320238.jpg\" alt=\"\" loading=\"lazy\">\r\n\t\t\t\t\t\t\t\t\t\t<\/a>\r\n\t\t\t\t\t\t\t\t\t<\/div>\r\n\r\n\t\t\t\t\t\t\t\t\t<div class=\"w-100\"><\/div>\r\n\t\t\t\t\t\t\t\t\t\r\n\t\t\t\t\t\t\t\t\t\t\t\r\n\t\t\t\t\r\n\t\t\t\t<div class=\"sev-diaporama-portfolio-item col-12 col-sm  col-shrink\">\r\n\r\n\t\t\t\t\t\t\t\t\t\t<a href=\"https:\/\/camping-lapinede.net\/wp-content\/uploads\/2023\/06\/Photo-plage-du-veillon-P1320230-1.jpg\" data-lightbox=\"sevgallery-3799020697\" style=\"background-image: url(https:\/\/camping-lapinede.net\/wp-content\/uploads\/2023\/06\/Photo-plage-du-veillon-P1320230-1.jpg)\">\r\n\t\t\t\t\t\t\t\t\t\t\t<img decoding=\"async\" src=\"https:\/\/camping-lapinede.net\/wp-content\/uploads\/2023\/06\/Photo-plage-du-veillon-P1320230-1.jpg\" alt=\"\" loading=\"lazy\">\r\n\t\t\t\t\t\t\t\t\t\t<\/a>\r\n\t\t\t\t\t\t\t\t\t<\/div>\r\n\r\n\t\t\t\t\r\n\t\t\t\t\t\t\t\t\t\t\t\r\n\t\t\t\t\r\n\t\t\t\t<div class=\"sev-diaporama-portfolio-item col-12 col-sm  col-shrink\">\r\n\r\n\t\t\t\t\t\t\t\t\t\t<a href=\"https:\/\/camping-lapinede.net\/wp-content\/uploads\/2023\/06\/Photo-pointe-du-payre-P1320178.jpg\" data-lightbox=\"sevgallery-3799020697\" style=\"background-image: url(https:\/\/camping-lapinede.net\/wp-content\/uploads\/2023\/06\/Photo-pointe-du-payre-P1320178.jpg)\">\r\n\t\t\t\t\t\t\t\t\t\t\t<img decoding=\"async\" src=\"https:\/\/camping-lapinede.net\/wp-content\/uploads\/2023\/06\/Photo-pointe-du-payre-P1320178.jpg\" alt=\"\" loading=\"lazy\">\r\n\t\t\t\t\t\t\t\t\t\t<\/a>\r\n\t\t\t\t\t\t\t\t\t<\/div>\r\n\r\n\t\t\t\t\r\n\t\t\t\t\t\t\t\t\t\t\t\t\t\t<\/div>\r\n\t\t\t<\/div>\r\n\r\n\t\t\t<script>\r\n\t\t\tjQuery(function($) {\r\n\r\n\t\t\t\tvar marginPortfolio = function() {\r\n\r\n\t\t\t\t\tvar $diapo          = $('#sevgallery-3799020697');\r\n\t\t\t\t\tvar container_width = $diapo.parent().outerWidth();\r\n\t\t\t\t\tvar side            = ( $(window).innerWidth() - container_width ) \/ 2;\r\n\r\n\t\t\t\t\t$diapo.css( {\r\n\t\t\t\t\t\t'margin-left': '-' + side + 'px',\r\n\t\t\t\t\t\t'margin-right': '-' + side + 'px',\r\n\t\t\t\t\t} );\r\n\t\t\t\t};\r\n\r\n\t\t\t\t$( window ).resize( function() {\r\n\t\t\t\t\tmarginPortfolio();\r\n\t\t\t\t} );\r\n\t\t\t\tmarginPortfolio();\r\n\t\t\t});\r\n\t\t\t<\/script>\r\n\t\t\t<\/div>","protected":false},"excerpt":{"rendered":"<p>Dag op de site van Veillon Een onvergetelijke dag op de site van Veillon 1 dag Als je op zoek bent naar een onvergetelijke dag aan zee, hoef je niet verder te zoeken dan de camping van Veillon. Genesteld aan de kust van de Vend\u00e9e is dit de ideale plek voor een dagje ontspanning en [&hellip;]<\/p>\n","protected":false},"author":1,"featured_media":0,"parent":2027,"menu_order":0,"comment_status":"closed","ping_status":"closed","template":"","meta":{"_seopress_robots_primary_cat":"","_seopress_titles_title":"Een dagje Veillon - Het mooiste strand van de Vend\u00e9e","_seopress_titles_desc":"Tijdens uw vakantie in de Vend\u00e9e op camping La Pin\u00e8de mag u het mooiste strand van de Vend\u00e9e niet missen: het strand van Veillon.","_seopress_robots_index":"","footnotes":""},"class_list":["post-2030","page","type-page","status-publish","hentry"],"_links":{"self":[{"href":"https:\/\/camping-lapinede.net\/nl\/wp-json\/wp\/v2\/pages\/2030","targetHints":{"allow":["GET"]}}],"collection":[{"href":"https:\/\/camping-lapinede.net\/nl\/wp-json\/wp\/v2\/pages"}],"about":[{"href":"https:\/\/camping-lapinede.net\/nl\/wp-json\/wp\/v2\/types\/page"}],"author":[{"embeddable":true,"href":"https:\/\/camping-lapinede.net\/nl\/wp-json\/wp\/v2\/users\/1"}],"replies":[{"embeddable":true,"href":"https:\/\/camping-lapinede.net\/nl\/wp-json\/wp\/v2\/comments?post=2030"}],"version-history":[{"count":0,"href":"https:\/\/camping-lapinede.net\/nl\/wp-json\/wp\/v2\/pages\/2030\/revisions"}],"up":[{"embeddable":true,"href":"https:\/\/camping-lapinede.net\/nl\/wp-json\/wp\/v2\/pages\/2027"}],"wp:attachment":[{"href":"https:\/\/camping-lapinede.net\/nl\/wp-json\/wp\/v2\/media?parent=2030"}],"curies":[{"name":"wp","href":"https:\/\/api.w.org\/{rel}","templated":true}]}}