{"id":2028,"date":"2023-06-14T16:29:32","date_gmt":"2023-06-14T14:29:32","guid":{"rendered":"https:\/\/camping-lapinede.net\/zwembad\/"},"modified":"2023-06-14T16:29:32","modified_gmt":"2023-06-14T14:29:32","slug":"zwembad","status":"publish","type":"page","link":"https:\/\/camping-lapinede.net\/nl\/zwembad\/","title":{"rendered":"Zwembad"},"content":{"rendered":"\n<h1 class=\"wp-block-heading\">Verwarmd binnenzwembad<\/h1>\n\n\n\n<div class=\"wp-block-group alignfull is-layout-constrained wp-block-group-is-layout-constrained\" style=\"margin-top:var(--wp--preset--spacing--70);margin-bottom:var(--wp--preset--spacing--70)\">\n<div class=\"wp-block-media-text alignfull is-stacked-on-mobile is-image-fill\"><figure class=\"wp-block-media-text__media\" style=\"background-image:url(https:\/\/camping-lapinede.net\/wp-content\/uploads\/2023\/06\/photo-636855642992422951-1.jpg);background-position:50% 50%\"><img loading=\"lazy\" decoding=\"async\" width=\"1000\" height=\"346\" src=\"https:\/\/camping-lapinede.net\/wp-content\/uploads\/2023\/06\/photo-636855642992422951-1.jpg\" alt=\"\" class=\"wp-image-94 size-full\" srcset=\"https:\/\/camping-lapinede.net\/wp-content\/uploads\/2023\/06\/photo-636855642992422951-1.jpg 1000w, https:\/\/camping-lapinede.net\/wp-content\/uploads\/2023\/06\/photo-636855642992422951-1-300x104.jpg 300w, https:\/\/camping-lapinede.net\/wp-content\/uploads\/2023\/06\/photo-636855642992422951-1-768x266.jpg 768w\" sizes=\"auto, (max-width: 1000px) 100vw, 1000px\" \/><\/figure><div class=\"wp-block-media-text__content\">\n<h2 class=\"wp-block-heading\">Uw vakantie op een camping met zwembad in La Faute sur Mer in de Vend\u00e9e<\/h2>\n\n\n\n<p>Op een steenworp afstand van je vakantieverblijf op Camping La Pin\u00e8de*** in La Faute sur Mer ontdek en geniet je van ons <strong>zwemparadijs<\/strong> waar je het plezier van sportief, ontspannend of ludiek zwemmen kunt combineren in ons verwarmde en overdekte zwembad. De kleintjes kunnen in alle veiligheid genieten van het pierenbadje met 20 cm hoog water en een kleine glijbaan.<\/p>\n\n\n\n<p>Voor heerlijke momenten van nietsdoen kun je ontspannen op de ligstoelen rond het zwembad. Of je nu met z&#8217;n twee\u00ebn bent, met het gezin of met een groep vrienden, het verwarmde overdekte zwembad van Camping La Pin\u00e8de*** is van begin mei tot half september de perfecte plek om je te vermaken midden in de natuur.<\/p>\n\n\n\n<p>Wat zou een vakantie in de Vend\u00e9e zijn zonder zwemmen en spetteren? Op Camping La Pin\u00e8de*** kun je bij elk weertype genieten van het overdekte zwembad! Of het nu zonnig of regenachtig is, neem een duik in het verwarmde zwembad voor onvergetelijk plezier en ontspanning voor het hele gezin. Een verkwikkend, verfrissend en leuk programma voor je vakantie aan zee in de Vend\u00e9e.<\/p>\n<\/div><\/div>\n<\/div>\n\n\n\n<div class=\"wp-block-columns is-layout-flex wp-container-core-columns-is-layout-28f84493 wp-block-columns-is-layout-flex\">\n<div class=\"wp-block-column is-layout-flow wp-block-column-is-layout-flow\">\n<div class=\"wp-block-cover has-custom-content-position is-position-top-center\" style=\"min-height:260px;aspect-ratio:unset;\"><span aria-hidden=\"true\" class=\"wp-block-cover__background has-background-dim-70 has-background-dim\"><\/span><img loading=\"lazy\" decoding=\"async\" width=\"600\" height=\"800\" class=\"wp-block-cover__image-background wp-image-102\" alt=\"\" src=\"https:\/\/camping-lapinede.net\/wp-content\/uploads\/2023\/06\/photo-636855649616291154-1.jpg\" style=\"object-position:88% 91%\" data-object-fit=\"cover\" data-object-position=\"88% 91%\" srcset=\"https:\/\/camping-lapinede.net\/wp-content\/uploads\/2023\/06\/photo-636855649616291154-1.jpg 600w, https:\/\/camping-lapinede.net\/wp-content\/uploads\/2023\/06\/photo-636855649616291154-1-225x300.jpg 225w\" sizes=\"auto, (max-width: 600px) 100vw, 600px\" \/><div class=\"wp-block-cover__inner-container is-layout-flow wp-block-cover-is-layout-flow\">\n<div class=\"wp-block-group is-layout-constrained wp-container-core-group-is-layout-5a30f31b wp-block-group-is-layout-constrained\">\n<h2 class=\"wp-block-heading has-white-color has-text-color\">Praktische informatie:<\/h2>\n\n\n\n<ul class=\"has-white-color has-text-color wp-block-list\">\n<li>Openingstijden en data: 10.00 tot 20.00 uur van begin mei tot half september<\/li>\n\n\n\n<li>Broeken, zwemshorts en zwemschoenen zijn niet toegestaan in het zwembad.<\/li>\n\n\n\n<li>Zwembad zonder toezicht &#8211; Kinderen zwemmen onder de verantwoordelijkheid van de ouders<\/li>\n\n\n\n<li>Voor ieders veiligheid zijn rennen en springen verboden<\/li>\n<\/ul>\n<\/div>\n<\/div><\/div>\n<\/div>\n\n\n\n<div class=\"wp-block-column is-layout-flow wp-block-column-is-layout-flow\">\n<div class=\"wp-block-group has-background is-layout-constrained wp-container-core-group-is-layout-bb6aa1b8 wp-block-group-is-layout-constrained\" style=\"border-style:none;border-width:0px;border-radius:0px;background-color:#2d66537a;min-height:100%;padding-top:var(--wp--preset--spacing--60);padding-right:var(--wp--preset--spacing--60);padding-bottom:var(--wp--preset--spacing--60);padding-left:var(--wp--preset--spacing--60)\">\n<h2 class=\"wp-block-heading has-white-color has-text-color\">Uw camping met zwembad in Vend\u00e9e<\/h2>\n\n\n\n<p class=\"has-white-color has-text-color\">Geniet van een ontspannen vakantie in de Vend\u00e9e met je gezin of met vrienden. <strong>Tussen land en zee<\/strong> biedt de regio natuurgebieden van uitzonderlijke schoonheid, een rijk architecturaal, cultureel en gastronomisch erfgoed en een schat aan amusement en vrijetijdsactiviteiten.<\/p>\n<\/div>\n<\/div>\n<\/div>\n\n\n<div class=\"wp-block-sev-diaporama alignfull\">\t\t\t<div id=\"sevgallery-2512523601\" class=\"sev-diaporama sev-diaporama-portfolio\">\r\n\t\t\t<div class=\"row\">\r\n\r\n\t\t\t\r\n\t\t\t\t\r\n\t\t\t\t<div class=\"sev-diaporama-portfolio-item col-12 col-sm  col-grow\">\r\n\r\n\t\t\t\t\t\t\t\t\t\t<a href=\"https:\/\/camping-lapinede.net\/wp-content\/uploads\/2023\/06\/photo-636855642918434091-1.jpg\" data-lightbox=\"sevgallery-2512523601\" style=\"background-image: url(https:\/\/camping-lapinede.net\/wp-content\/uploads\/2023\/06\/photo-636855642918434091-1.jpg)\">\r\n\t\t\t\t\t\t\t\t\t\t\t<img decoding=\"async\" src=\"https:\/\/camping-lapinede.net\/wp-content\/uploads\/2023\/06\/photo-636855642918434091-1.jpg\" alt=\"\" loading=\"lazy\">\r\n\t\t\t\t\t\t\t\t\t\t<\/a>\r\n\t\t\t\t\t\t\t\t\t<\/div>\r\n\r\n\t\t\t\t\r\n\t\t\t\t\t\t\t\t\t\t\t\r\n\t\t\t\t\r\n\t\t\t\t<div class=\"sev-diaporama-portfolio-item col-12 col-sm \">\r\n\r\n\t\t\t\t\t\t\t\t\t\t<a href=\"https:\/\/camping-lapinede.net\/wp-content\/uploads\/2023\/09\/Palmiers-Piscine.jpg\" data-lightbox=\"sevgallery-2512523601\" style=\"background-image: url(https:\/\/camping-lapinede.net\/wp-content\/uploads\/2023\/09\/Palmiers-Piscine.jpg)\">\r\n\t\t\t\t\t\t\t\t\t\t\t<img decoding=\"async\" src=\"https:\/\/camping-lapinede.net\/wp-content\/uploads\/2023\/09\/Palmiers-Piscine.jpg\" alt=\"\" loading=\"lazy\">\r\n\t\t\t\t\t\t\t\t\t\t<\/a>\r\n\t\t\t\t\t\t\t\t\t<\/div>\r\n\r\n\t\t\t\t\r\n\t\t\t\t\t\t\t\t\t\t\t\r\n\t\t\t\t\r\n\t\t\t\t<div class=\"sev-diaporama-portfolio-item col-12 col-sm \">\r\n\r\n\t\t\t\t\t\t\t\t\t\t<a href=\"https:\/\/camping-lapinede.net\/wp-content\/uploads\/2023\/06\/photo-636855642952071113-1.jpg\" data-lightbox=\"sevgallery-2512523601\" style=\"background-image: url(https:\/\/camping-lapinede.net\/wp-content\/uploads\/2023\/06\/photo-636855642952071113-1.jpg)\">\r\n\t\t\t\t\t\t\t\t\t\t\t<img decoding=\"async\" src=\"https:\/\/camping-lapinede.net\/wp-content\/uploads\/2023\/06\/photo-636855642952071113-1.jpg\" alt=\"\" loading=\"lazy\">\r\n\t\t\t\t\t\t\t\t\t\t<\/a>\r\n\t\t\t\t\t\t\t\t\t<\/div>\r\n\r\n\t\t\t\t\r\n\t\t\t\t\t\t\t\t\t\t\t\r\n\t\t\t\t\r\n\t\t\t\t<div class=\"sev-diaporama-portfolio-item col-12 col-sm  col-grow\">\r\n\r\n\t\t\t\t\t\t\t\t\t\t<a href=\"https:\/\/camping-lapinede.net\/wp-content\/uploads\/2023\/06\/photo-636855642992422951-1-1.jpg\" data-lightbox=\"sevgallery-2512523601\" style=\"background-image: url(https:\/\/camping-lapinede.net\/wp-content\/uploads\/2023\/06\/photo-636855642992422951-1-1.jpg)\">\r\n\t\t\t\t\t\t\t\t\t\t\t<img decoding=\"async\" src=\"https:\/\/camping-lapinede.net\/wp-content\/uploads\/2023\/06\/photo-636855642992422951-1-1.jpg\" alt=\"\" loading=\"lazy\">\r\n\t\t\t\t\t\t\t\t\t\t<\/a>\r\n\t\t\t\t\t\t\t\t\t<\/div>\r\n\r\n\t\t\t\t\t\t\t\t\t<div class=\"w-100\"><\/div>\r\n\t\t\t\t\t\t\t\t\t\r\n\t\t\t\t\t\t\t\t\t\t\t\r\n\t\t\t\t\r\n\t\t\t\t<div class=\"sev-diaporama-portfolio-item col-12 col-sm \">\r\n\r\n\t\t\t\t\t\t\t\t\t\t<a href=\"https:\/\/camping-lapinede.net\/wp-content\/uploads\/2023\/06\/photo-636855649576424923-1.jpg\" data-lightbox=\"sevgallery-2512523601\" style=\"background-image: url(https:\/\/camping-lapinede.net\/wp-content\/uploads\/2023\/06\/photo-636855649576424923-1.jpg)\">\r\n\t\t\t\t\t\t\t\t\t\t\t<img decoding=\"async\" src=\"https:\/\/camping-lapinede.net\/wp-content\/uploads\/2023\/06\/photo-636855649576424923-1.jpg\" alt=\"\" loading=\"lazy\">\r\n\t\t\t\t\t\t\t\t\t\t<\/a>\r\n\t\t\t\t\t\t\t\t\t<\/div>\r\n\r\n\t\t\t\t\r\n\t\t\t\t\t\t\t\t\t\t\t\r\n\t\t\t\t\r\n\t\t\t\t<div class=\"sev-diaporama-portfolio-item col-12 col-sm  col-grow\">\r\n\r\n\t\t\t\t\t\t\t\t\t\t<a href=\"https:\/\/camping-lapinede.net\/wp-content\/uploads\/2023\/06\/photo-636855649616291154-1-1.jpg\" data-lightbox=\"sevgallery-2512523601\" style=\"background-image: url(https:\/\/camping-lapinede.net\/wp-content\/uploads\/2023\/06\/photo-636855649616291154-1-1.jpg)\">\r\n\t\t\t\t\t\t\t\t\t\t\t<img decoding=\"async\" src=\"https:\/\/camping-lapinede.net\/wp-content\/uploads\/2023\/06\/photo-636855649616291154-1-1.jpg\" alt=\"\" loading=\"lazy\">\r\n\t\t\t\t\t\t\t\t\t\t<\/a>\r\n\t\t\t\t\t\t\t\t\t<\/div>\r\n\r\n\t\t\t\t\r\n\t\t\t\t\t\t\t\t\t\t\t\r\n\t\t\t\t\r\n\t\t\t\t<div class=\"sev-diaporama-portfolio-item col-12 col-sm  col-grow\">\r\n\r\n\t\t\t\t\t\t\t\t\t\t<a href=\"https:\/\/camping-lapinede.net\/wp-content\/uploads\/2023\/09\/Capture-decran-le-2023-09-10-a-16.02.47.jpg\" data-lightbox=\"sevgallery-2512523601\" style=\"background-image: url(https:\/\/camping-lapinede.net\/wp-content\/uploads\/2023\/09\/Capture-decran-le-2023-09-10-a-16.02.47.jpg)\">\r\n\t\t\t\t\t\t\t\t\t\t\t<img decoding=\"async\" src=\"https:\/\/camping-lapinede.net\/wp-content\/uploads\/2023\/09\/Capture-decran-le-2023-09-10-a-16.02.47.jpg\" alt=\"\" loading=\"lazy\">\r\n\t\t\t\t\t\t\t\t\t\t<\/a>\r\n\t\t\t\t\t\t\t\t\t<\/div>\r\n\r\n\t\t\t\t\r\n\t\t\t\t\t\t\t\t\t\t\t\t\t\t<\/div>\r\n\t\t\t<\/div>\r\n\r\n\t\t\t<script>\r\n\t\t\tjQuery(function($) {\r\n\r\n\t\t\t\tvar marginPortfolio = function() {\r\n\r\n\t\t\t\t\tvar $diapo          = $('#sevgallery-2512523601');\r\n\t\t\t\t\tvar container_width = $diapo.parent().outerWidth();\r\n\t\t\t\t\tvar side            = ( $(window).innerWidth() - container_width ) \/ 2;\r\n\r\n\t\t\t\t\t$diapo.css( {\r\n\t\t\t\t\t\t'margin-left': '-' + side + 'px',\r\n\t\t\t\t\t\t'margin-right': '-' + side + 'px',\r\n\t\t\t\t\t} );\r\n\t\t\t\t};\r\n\r\n\t\t\t\t$( window ).resize( function() {\r\n\t\t\t\t\tmarginPortfolio();\r\n\t\t\t\t} );\r\n\t\t\t\tmarginPortfolio();\r\n\t\t\t});\r\n\t\t\t<\/script>\r\n\t\t\t<\/div>","protected":false},"excerpt":{"rendered":"<p>Verwarmd binnenzwembad Uw vakantie op een camping met zwembad in La Faute sur Mer in de Vend\u00e9e Op een steenworp afstand van je vakantieverblijf op Camping La Pin\u00e8de*** in La Faute sur Mer ontdek en geniet je van ons zwemparadijs waar je het plezier van sportief, ontspannend of ludiek zwemmen kunt combineren in ons verwarmde [&hellip;]<\/p>\n","protected":false},"author":1,"featured_media":0,"parent":0,"menu_order":0,"comment_status":"closed","ping_status":"closed","template":"","meta":{"_seopress_robots_primary_cat":"","_seopress_titles_title":"Verwarmd overdekt zwembad - La Faute Sur Mer Vend\u00e9e","_seopress_titles_desc":"Uw kampeervakantie met zwembad in La Faute sur Mer in de Vend\u00e9e - Op een steenworp afstand van uw vakantiewoning op 3-sterrencamping La Pin\u00e8de","_seopress_robots_index":"","footnotes":""},"class_list":["post-2028","page","type-page","status-publish","hentry"],"_links":{"self":[{"href":"https:\/\/camping-lapinede.net\/nl\/wp-json\/wp\/v2\/pages\/2028","targetHints":{"allow":["GET"]}}],"collection":[{"href":"https:\/\/camping-lapinede.net\/nl\/wp-json\/wp\/v2\/pages"}],"about":[{"href":"https:\/\/camping-lapinede.net\/nl\/wp-json\/wp\/v2\/types\/page"}],"author":[{"embeddable":true,"href":"https:\/\/camping-lapinede.net\/nl\/wp-json\/wp\/v2\/users\/1"}],"replies":[{"embeddable":true,"href":"https:\/\/camping-lapinede.net\/nl\/wp-json\/wp\/v2\/comments?post=2028"}],"version-history":[{"count":0,"href":"https:\/\/camping-lapinede.net\/nl\/wp-json\/wp\/v2\/pages\/2028\/revisions"}],"wp:attachment":[{"href":"https:\/\/camping-lapinede.net\/nl\/wp-json\/wp\/v2\/media?parent=2028"}],"curies":[{"name":"wp","href":"https:\/\/api.w.org\/{rel}","templated":true}]}}