{"id":2027,"date":"2023-06-15T10:36:51","date_gmt":"2023-06-15T08:36:51","guid":{"rendered":"https:\/\/camping-lapinede.net\/onze-ervaring\/"},"modified":"2023-06-15T10:36:51","modified_gmt":"2023-06-15T08:36:51","slug":"onze-ervaring","status":"publish","type":"page","link":"https:\/\/camping-lapinede.net\/nl\/onze-ervaring\/","title":{"rendered":"Onze ervaring"},"content":{"rendered":"\n<h1 class=\"wp-block-heading\">Onze ervaring<\/h1>\n\n\n\n<p>Hier vind je al onze ervaringen die speciaal voor jou zijn ontworpen!<\/p>\n\n\n\n<div class=\"wp-block-sev-overlay-banner alignfull\"><div class=\"wp-block-sev-overlay-banner-image\" style=\"flex-basis:50%\"><img decoding=\"async\" src=\"https:\/\/camping-lapinede.net\/wp-content\/uploads\/2023\/06\/DSC_1682-2-2.jpg\" alt=\"\"><\/div><div class=\"wp-block-sev-overlay-banner-content\" style=\"flex-basis:calc( ( 100% - 50% ) + 10% )\">\n<div class=\"wp-block-sev-featured-text\" style=\"width:100%\"><div class=\"wp-block-sev-featured-text-content\"><a href=\"https:\/\/camping-lapinede.net\/index.php\/foret-de-mervent\/\" data-type=\"page\" data-id=\"171\">Een dag in het bos van Mervent<\/a><\/div><\/div>\n\n\n\n<div class=\"wp-block-sev-featured-text\" style=\"width:100%\"><div class=\"wp-block-sev-featured-text-content\">Ontdek de Marais Poitevin<\/div><\/div>\n\n\n\n<div class=\"wp-block-sev-featured-text\" style=\"width:100%\"><div class=\"wp-block-sev-featured-text-content\">Rond de Baie de l&#8217;Aiguillon<\/div><\/div>\n\n\n\n<div class=\"wp-block-sev-featured-text\" style=\"width:100%\"><div class=\"wp-block-sev-featured-text-content\"><a href=\"https:\/\/camping-lapinede.net\/index.php\/plage-veillon\/\" data-type=\"page\" data-id=\"188\">Rond de site van Veillon<\/a><\/div><\/div>\n\n\n\n<div class=\"wp-block-sev-featured-text\" style=\"width:100%\"><div class=\"wp-block-sev-featured-text-content\"><a href=\"https:\/\/camping-lapinede.net\/index.php\/jardins-de-william-christie-vouvant\/\" data-type=\"page\" data-id=\"212\">In de tuinen van William Christie en Vouvant<\/a><\/div><\/div>\n\n\n\n<div class=\"wp-block-sev-featured-text\" style=\"width:100%\"><div class=\"wp-block-sev-featured-text-content\"><a href=\"https:\/\/camping-lapinede.net\/index.php\/ile-daix\/\" data-type=\"page\" data-id=\"230\">Een dag op het eiland Aix<\/a><\/div><\/div>\n\n\n\n<div class=\"wp-block-sev-featured-text\" style=\"width:100%\"><div class=\"wp-block-sev-featured-text-content\">In de bocage van de Vend\u00e9e  <\/div><\/div>\n\n\n\n<div class=\"wp-block-sev-featured-text\" style=\"width:100%\"><div class=\"wp-block-sev-featured-text-content\">1\/2 dag zintuiglijk genot<\/div><\/div>\n\n\n\n<div class=\"wp-block-sev-featured-text\" style=\"width:100%\"><div class=\"wp-block-sev-featured-text-content\">1\/2 regenachtige dag<\/div><\/div>\n\n\n\n<div class=\"wp-block-sev-featured-text\" style=\"width:100%\"><div class=\"wp-block-sev-featured-text-content\">Les Sables d&#8217;Olonne ontdekken<\/div><\/div>\n<\/div><\/div>\n","protected":false},"excerpt":{"rendered":"<p>Onze ervaring Hier vind je al onze ervaringen die speciaal voor jou zijn ontworpen!<\/p>\n","protected":false},"author":1,"featured_media":0,"parent":0,"menu_order":0,"comment_status":"closed","ping_status":"closed","template":"","meta":{"_seopress_robots_primary_cat":"","_seopress_titles_title":"Onze ervaringen - Ervaringen op maat in de Vend\u00e9e","_seopress_titles_desc":"De 3-sterren camping La Pin\u00e8de ligt in de Vend\u00e9e en biedt ervaringen op maat in de Vend\u00e9e.","_seopress_robots_index":"","footnotes":""},"class_list":["post-2027","page","type-page","status-publish","hentry"],"_links":{"self":[{"href":"https:\/\/camping-lapinede.net\/nl\/wp-json\/wp\/v2\/pages\/2027","targetHints":{"allow":["GET"]}}],"collection":[{"href":"https:\/\/camping-lapinede.net\/nl\/wp-json\/wp\/v2\/pages"}],"about":[{"href":"https:\/\/camping-lapinede.net\/nl\/wp-json\/wp\/v2\/types\/page"}],"author":[{"embeddable":true,"href":"https:\/\/camping-lapinede.net\/nl\/wp-json\/wp\/v2\/users\/1"}],"replies":[{"embeddable":true,"href":"https:\/\/camping-lapinede.net\/nl\/wp-json\/wp\/v2\/comments?post=2027"}],"version-history":[{"count":0,"href":"https:\/\/camping-lapinede.net\/nl\/wp-json\/wp\/v2\/pages\/2027\/revisions"}],"wp:attachment":[{"href":"https:\/\/camping-lapinede.net\/nl\/wp-json\/wp\/v2\/media?parent=2027"}],"curies":[{"name":"wp","href":"https:\/\/api.w.org\/{rel}","templated":true}]}}