{"id":2022,"date":"2023-06-15T12:23:14","date_gmt":"2023-06-15T10:23:14","guid":{"rendered":"https:\/\/camping-lapinede.net\/de-tuinen-van-william-christie-en-vouvant\/"},"modified":"2023-06-15T12:23:14","modified_gmt":"2023-06-15T10:23:14","slug":"de-tuinen-van-william-christie-en-vouvant","status":"publish","type":"page","link":"https:\/\/camping-lapinede.net\/nl\/onze-ervaring\/de-tuinen-van-william-christie-en-vouvant\/","title":{"rendered":"De tuinen van William Christie en Vouvant"},"content":{"rendered":"\n<h1 class=\"wp-block-heading\">De tuinen van William Christie en Vouvant<\/h1>\n\n\n\n<h2 class=\"wp-block-heading has-text-align-center\">Een magische dag bij William Christie&#8217;s Gardens and Vouvant<\/h2>\n\n\n\n<p class=\"has-text-align-center\">1 dag<\/p>\n\n\n\n<div class=\"wp-block-group is-layout-constrained wp-block-group-is-layout-constrained\" style=\"margin-top:var(--wp--preset--spacing--60);margin-bottom:var(--wp--preset--spacing--60)\">\n<figure class=\"wp-block-image aligncenter size-full is-resized\"><img loading=\"lazy\" decoding=\"async\" src=\"https:\/\/camping-lapinede.net\/wp-content\/uploads\/2023\/06\/vague-1.png\" alt=\"camping aan de Pointe d'Ar\u00e7ay aan zee\" class=\"wp-image-173\" width=\"90\" height=\"17\" srcset=\"https:\/\/camping-lapinede.net\/wp-content\/uploads\/2023\/06\/vague-1.png 360w, https:\/\/camping-lapinede.net\/wp-content\/uploads\/2023\/06\/vague-1-300x57.png 300w\" sizes=\"auto, (max-width: 90px) 100vw, 90px\" \/><\/figure>\n<\/div>\n\n\n\n<div class=\"wp-block-columns are-vertically-aligned-center is-layout-flex wp-container-core-columns-is-layout-28f84493 wp-block-columns-is-layout-flex\">\n<div class=\"wp-block-column is-vertically-aligned-center is-layout-flow wp-block-column-is-layout-flow\" style=\"flex-basis:66.66%\">\n<p>Welkom op een betoverende reis door de <strong>tuinen van William Christie <\/strong>en de prachtige middeleeuwse stad Vouvant. We nodigen je uit om een route van \u00e9\u00e9n dag te ontdekken waar het hele gezin plezier aan zal beleven. Van <strong>weelderige tuinen<\/strong> tot pittoreske steegjes, maak je klaar om onvergetelijke momenten te beleven in deze kleine hoekjes van het paradijs van de Vend\u00e9e.<br>Om bij de Jardins de William Christie te komen, neem je de weg richting Thir\u00e9 voor een rit van 50 minuten, waar je je kunt vergapen aan de schoonheid van de Vend\u00e9e.<\/p>\n<\/div>\n\n\n\n<div class=\"wp-block-column is-vertically-aligned-center is-layout-flow wp-block-column-is-layout-flow\" style=\"flex-basis:33.33%\">\n<p class=\"has-white-color has-text-color has-background\" style=\"background-color:#2d66537a\"><em>Uw bezoek voorbereiden:<\/em> De tuinen zijn geopend van woensdag tot zondag, van 10.30 tot 18.30 uur. Je hoeft je kaartjes niet van tevoren te reserveren, maar het is een goed idee om te informeren naar de openingsdagen.<\/p>\n<\/div>\n<\/div>\n\n\n\n<div class=\"wp-block-group is-layout-constrained wp-block-group-is-layout-constrained\" style=\"margin-top:var(--wp--preset--spacing--60);margin-bottom:var(--wp--preset--spacing--60)\">\n<figure class=\"wp-block-image aligncenter size-full is-resized\"><img loading=\"lazy\" decoding=\"async\" src=\"https:\/\/camping-lapinede.net\/wp-content\/uploads\/2023\/06\/vague-1.png\" alt=\"camping aan de Pointe d'Ar\u00e7ay aan zee\" class=\"wp-image-173\" width=\"90\" height=\"17\" srcset=\"https:\/\/camping-lapinede.net\/wp-content\/uploads\/2023\/06\/vague-1.png 360w, https:\/\/camping-lapinede.net\/wp-content\/uploads\/2023\/06\/vague-1-300x57.png 300w\" sizes=\"auto, (max-width: 90px) 100vw, 90px\" \/><\/figure>\n<\/div>\n\n\n\n<p>De tuinen van William Christie zijn een ware <strong>schatkamer voor natuurliefhebbers<\/strong>. Deze tuinen in Franse stijl, ontworpen door de beroemde Frans-Amerikaanse dirigent William Christie, zijn een oase van rust waar harmonie heerst. Deze tuinen zijn ge\u00efnspireerd op 17e-eeuwse creaties en zijn een ode aan kunst en natuur, wat resulteert in een perfecte alchemie.<\/p>\n\n\n\n<div class=\"wp-block-group is-layout-constrained wp-block-group-is-layout-constrained\" style=\"margin-top:var(--wp--preset--spacing--60);margin-bottom:var(--wp--preset--spacing--60)\">\n<figure class=\"wp-block-image aligncenter size-full is-resized\"><img loading=\"lazy\" decoding=\"async\" src=\"https:\/\/camping-lapinede.net\/wp-content\/uploads\/2023\/06\/vague-1.png\" alt=\"camping aan de Pointe d'Ar\u00e7ay aan zee\" class=\"wp-image-173\" width=\"90\" height=\"17\" srcset=\"https:\/\/camping-lapinede.net\/wp-content\/uploads\/2023\/06\/vague-1.png 360w, https:\/\/camping-lapinede.net\/wp-content\/uploads\/2023\/06\/vague-1-300x57.png 300w\" sizes=\"auto, (max-width: 90px) 100vw, 90px\" \/><\/figure>\n<\/div>\n\n\n\n<div class=\"wp-block-media-text alignwide is-stacked-on-mobile\"><figure class=\"wp-block-media-text__media\"><img loading=\"lazy\" decoding=\"async\" width=\"1000\" height=\"667\" src=\"https:\/\/camping-lapinede.net\/wp-content\/uploads\/2023\/06\/jardins-william-christie-IMG_6165.jpg\" alt=\"bezoek aan de tuinen van William Christie\" class=\"wp-image-216 size-full\" srcset=\"https:\/\/camping-lapinede.net\/wp-content\/uploads\/2023\/06\/jardins-william-christie-IMG_6165.jpg 1000w, https:\/\/camping-lapinede.net\/wp-content\/uploads\/2023\/06\/jardins-william-christie-IMG_6165-300x200.jpg 300w, https:\/\/camping-lapinede.net\/wp-content\/uploads\/2023\/06\/jardins-william-christie-IMG_6165-768x512.jpg 768w\" sizes=\"auto, (max-width: 1000px) 100vw, 1000px\" \/><\/figure><div class=\"wp-block-media-text__content\">\n<h2 class=\"wp-block-heading\">Een onvergetelijke artistieke ervaring&#8230;<\/h2>\n\n\n\n<p>Terwijl je door de lanen wandelt, zul je versteld staan van de schoonheid van de <strong>kleurrijke bloemperken<\/strong>, fonteinen en zwembaden, evenals de <strong>kunstwerken<\/strong> die door het park verspreid staan. Als je de verschillende gebieden verkent, ontdek je een grote verscheidenheid aan planten, kleurrijke bloemen en kronkelende paden die je uitnodigen om een wandeling te maken.<br>Ontdek de prachtige Rode Tuin en de opmerkelijke Amerikaanse Tuin. De tuinen zijn een genot voor de zintuigen, met de delicate geur van rozen, vogelgezang en het rustgevende geruis van water. Je zult genieten van een unieke en gedenkwaardige ervaring.<br>Het project strekt zich uit over bijna twaalf hectare en wordt beheerd door de <em>Fondation Les Arts Florissants<\/em>. Elk jaar is er in de Gardens een <strong>uitzonderlijk<\/strong> kunst- en <strong>muziekprogramma<\/strong>. Reden te meer om een vleugje verwondering toe te voegen aan deze uitzonderlijke omgeving. Mis de regelmatige shows en concerten in de Gardens niet.<\/p>\n<\/div><\/div>\n\n\n\n<div class=\"wp-block-group is-layout-constrained wp-block-group-is-layout-constrained\" style=\"margin-top:var(--wp--preset--spacing--60);margin-bottom:var(--wp--preset--spacing--60)\">\n<figure class=\"wp-block-image aligncenter size-full is-resized\"><img loading=\"lazy\" decoding=\"async\" src=\"https:\/\/camping-lapinede.net\/wp-content\/uploads\/2023\/06\/vague-1.png\" alt=\"camping aan de Pointe d'Ar\u00e7ay aan zee\" class=\"wp-image-173\" width=\"90\" height=\"17\" srcset=\"https:\/\/camping-lapinede.net\/wp-content\/uploads\/2023\/06\/vague-1.png 360w, https:\/\/camping-lapinede.net\/wp-content\/uploads\/2023\/06\/vague-1-300x57.png 300w\" sizes=\"auto, (max-width: 90px) 100vw, 90px\" \/><\/figure>\n<\/div>\n\n\n\n<div class=\"wp-block-group alignwide is-layout-constrained wp-block-group-is-layout-constrained\" style=\"margin-top:var(--wp--preset--spacing--60);margin-bottom:var(--wp--preset--spacing--60)\">\n<div class=\"wp-block-media-text alignwide has-media-on-the-right is-stacked-on-mobile\"><div class=\"wp-block-media-text__content\">\n<h2 class=\"wp-block-heading has-text-align-right\">Een inleiding tot de kunst van de natuur voor jong en oud&#8230;<\/h2>\n\n\n\n<p class=\"has-text-align-right\">Voor gezinnen bieden de William Christie Gardens een breed scala aan <strong>educatieve activiteiten<\/strong>. Kinderen kunnen meedoen aan natuurontdekking, bloemsierkunst en workshops barokmuziek en -dans. De jongste bezoekers kunnen zich vergapen aan de fonteinen en gebruik maken van de grote ruimtes om zich in alle veiligheid uit te leven.<\/p>\n<\/div><figure class=\"wp-block-media-text__media\"><img loading=\"lazy\" decoding=\"async\" width=\"1000\" height=\"667\" src=\"https:\/\/camping-lapinede.net\/wp-content\/uploads\/2023\/06\/william-christie-IMG_6241.jpg\" alt=\"een show in de tuin van William Christie\" class=\"wp-image-217 size-full\" srcset=\"https:\/\/camping-lapinede.net\/wp-content\/uploads\/2023\/06\/william-christie-IMG_6241.jpg 1000w, https:\/\/camping-lapinede.net\/wp-content\/uploads\/2023\/06\/william-christie-IMG_6241-300x200.jpg 300w, https:\/\/camping-lapinede.net\/wp-content\/uploads\/2023\/06\/william-christie-IMG_6241-768x512.jpg 768w\" sizes=\"auto, (max-width: 1000px) 100vw, 1000px\" \/><\/figure><\/div>\n<\/div>\n\n\n\n<h1 class=\"wp-block-heading alignwide\">Een middeleeuwse escapade in de stad Vouvant<\/h1>\n\n\n\n<div class=\"wp-block-media-text alignwide is-stacked-on-mobile is-image-fill\"><figure class=\"wp-block-media-text__media\" style=\"background-image:url(https:\/\/camping-lapinede.net\/wp-content\/uploads\/2023\/06\/tour-melusine-vouvant-IMG_3523.jpg);background-position:55% 81%\"><img loading=\"lazy\" decoding=\"async\" width=\"667\" height=\"1000\" src=\"https:\/\/camping-lapinede.net\/wp-content\/uploads\/2023\/06\/tour-melusine-vouvant-IMG_3523.jpg\" alt=\"melusinetoren\" class=\"wp-image-220 size-full\" srcset=\"https:\/\/camping-lapinede.net\/wp-content\/uploads\/2023\/06\/tour-melusine-vouvant-IMG_3523.jpg 667w, https:\/\/camping-lapinede.net\/wp-content\/uploads\/2023\/06\/tour-melusine-vouvant-IMG_3523-200x300.jpg 200w\" sizes=\"auto, (max-width: 667px) 100vw, 667px\" \/><\/figure><div class=\"wp-block-media-text__content\">\n<p>Nadat je de wonderen van de tuinen van William Christie hebt ontdekt, ga je naar Vouvant, een van de mooiste dorpen van Frankrijk. Deze middeleeuwse stad ligt verscholen in het hart van een groen bos en is een waar historisch juweeltje.<br>Wandel door de geplaveide straten van Vouvant en bewonder de <strong>vakwerkhuizen<\/strong> en de prachtige<strong> Romaanse kerk Notre-Dame<\/strong>. Wandel langs de stadsmuren en bewonder de prachtige middeleeuwse fresco&#8217;s die de muren sieren. Geniet van het panoramische uitzicht over de M\u00e8re-vallei en het omliggende platteland. Het is de perfecte plek om de dag te vereeuwigen met een foto van de hele familie.<br>Mis een bezoek aan de<strong> Tour M\u00e9lusine<\/strong> niet, een voormalig fort dat nu tentoonstellingen van lokale kunst en ambachten huisvest.<\/p>\n<\/div><\/div>\n\n\n\n<div class=\"wp-block-group is-layout-constrained wp-block-group-is-layout-constrained\" style=\"margin-top:var(--wp--preset--spacing--60);margin-bottom:var(--wp--preset--spacing--60)\">\n<figure class=\"wp-block-image aligncenter size-full is-resized\"><img loading=\"lazy\" decoding=\"async\" src=\"https:\/\/camping-lapinede.net\/wp-content\/uploads\/2023\/06\/vague-1.png\" alt=\"camping aan de Pointe d'Ar\u00e7ay aan zee\" class=\"wp-image-173\" width=\"90\" height=\"17\" srcset=\"https:\/\/camping-lapinede.net\/wp-content\/uploads\/2023\/06\/vague-1.png 360w, https:\/\/camping-lapinede.net\/wp-content\/uploads\/2023\/06\/vague-1-300x57.png 300w\" sizes=\"auto, (max-width: 90px) 100vw, 90px\" \/><\/figure>\n<\/div>\n\n\n\n<div class=\"wp-block-media-text alignwide has-media-on-the-right is-stacked-on-mobile\"><div class=\"wp-block-media-text__content\">\n<h2 class=\"wp-block-heading has-text-align-right\">Een stad met een artistieke ziel&#8230;<\/h2>\n\n\n\n<p class=\"has-text-align-right\">Vouvant staat ook bekend om zijn <strong>artistieke sfeer<\/strong>. Veel kunstenaars hebben zich in het dorp gevestigd en hun <strong>kunstgalerijen<\/strong> nodigen je uit om hun creaties, ge\u00efnspireerd door deze betoverende omgeving, te ontdekken.<br>De muziekkunst is ook aanwezig in de stad, die <strong>verschillende muzikale evenementen<\/strong> organiseert voor het hele gezin. Je kunt dan profiteren van de gezellige terrassen van caf\u00e9s en restaurants om te ontspannen en lokale specialiteiten te proeven.<\/p>\n<\/div><figure class=\"wp-block-media-text__media\"><img loading=\"lazy\" decoding=\"async\" width=\"1000\" height=\"667\" src=\"https:\/\/camping-lapinede.net\/wp-content\/uploads\/2023\/06\/vouvant-DSC_1212-1.jpg\" alt=\"bezoek aan de stad Vouvant\" class=\"wp-image-221 size-full\" srcset=\"https:\/\/camping-lapinede.net\/wp-content\/uploads\/2023\/06\/vouvant-DSC_1212-1.jpg 1000w, https:\/\/camping-lapinede.net\/wp-content\/uploads\/2023\/06\/vouvant-DSC_1212-1-300x200.jpg 300w, https:\/\/camping-lapinede.net\/wp-content\/uploads\/2023\/06\/vouvant-DSC_1212-1-768x512.jpg 768w\" sizes=\"auto, (max-width: 1000px) 100vw, 1000px\" \/><\/figure><\/div>\n\n\n\n<div class=\"wp-block-group is-layout-constrained wp-block-group-is-layout-constrained\" style=\"margin-top:var(--wp--preset--spacing--60);margin-bottom:var(--wp--preset--spacing--60)\">\n<figure class=\"wp-block-image aligncenter size-full is-resized\"><img loading=\"lazy\" decoding=\"async\" src=\"https:\/\/camping-lapinede.net\/wp-content\/uploads\/2023\/06\/vague-1.png\" alt=\"camping aan de Pointe d'Ar\u00e7ay aan zee\" class=\"wp-image-173\" width=\"90\" height=\"17\" srcset=\"https:\/\/camping-lapinede.net\/wp-content\/uploads\/2023\/06\/vague-1.png 360w, https:\/\/camping-lapinede.net\/wp-content\/uploads\/2023\/06\/vague-1-300x57.png 300w\" sizes=\"auto, (max-width: 90px) 100vw, 90px\" \/><\/figure>\n<\/div>\n\n\n\n<div class=\"wp-block-media-text alignwide is-stacked-on-mobile\"><figure class=\"wp-block-media-text__media\"><img loading=\"lazy\" decoding=\"async\" width=\"1000\" height=\"666\" src=\"https:\/\/camping-lapinede.net\/wp-content\/uploads\/2023\/06\/Vouvant-DSC_2283.jpg\" alt=\"een wandeling in het hart van vouvant  \" class=\"wp-image-222 size-full\" srcset=\"https:\/\/camping-lapinede.net\/wp-content\/uploads\/2023\/06\/Vouvant-DSC_2283.jpg 1000w, https:\/\/camping-lapinede.net\/wp-content\/uploads\/2023\/06\/Vouvant-DSC_2283-300x200.jpg 300w, https:\/\/camping-lapinede.net\/wp-content\/uploads\/2023\/06\/Vouvant-DSC_2283-768x511.jpg 768w\" sizes=\"auto, (max-width: 1000px) 100vw, 1000px\" \/><\/figure><div class=\"wp-block-media-text__content\">\n<h2 class=\"wp-block-heading\">&#8230; en soms atypische sportactiviteiten<\/h2>\n\n\n\n<p>Voor een meer meeslepende ervaring kun je <strong>fietsen<\/strong> of <strong>kajaks <\/strong>huren en de omgeving van Vouvant verkennen. Het <a href=\"https:\/\/camping-lapinede.net\/index.php\/foret-de-mervent\/\" data-type=\"page\" data-id=\"171\">bos van Mervent<\/a> biedt prachtige natuurlijke landschappen die zowel jong als oud in verrukking brengen. Je kunt ook gebruikmaken van de wandelpaden om het omliggende platteland te verkennen en de schoonheid van de natuur op te snuiven.<br>Vouvant biedt ook ongelooflijke activiteiten zoals digitale speurtochten. Wil je het eens proberen?<\/p>\n\n\n\n<p>Het belooft een verrijkende ervaring te worden voor het hele gezin. Bereid je voor op onvergetelijke herinneringen tijdens dit unieke uitstapje in de Vend\u00e9e.<\/p>\n<\/div><\/div>\n\n\n<div class=\"wp-block-sev-diaporama alignfull\">\t\t\t<div id=\"sevgallery-3467692752\" class=\"sev-diaporama sev-diaporama-portfolio\">\r\n\t\t\t<div class=\"row\">\r\n\r\n\t\t\t\r\n\t\t\t\t\r\n\t\t\t\t<div class=\"sev-diaporama-portfolio-item col-12 col-sm  col-shrink\">\r\n\r\n\t\t\t\t\t\t\t\t\t\t<a href=\"https:\/\/camping-lapinede.net\/wp-content\/uploads\/2023\/06\/lac-et-rempart-de-vouavant-IMG_9608.jpg\" data-lightbox=\"sevgallery-3467692752\" style=\"background-image: url(https:\/\/camping-lapinede.net\/wp-content\/uploads\/2023\/06\/lac-et-rempart-de-vouavant-IMG_9608.jpg)\">\r\n\t\t\t\t\t\t\t\t\t\t\t<img decoding=\"async\" src=\"https:\/\/camping-lapinede.net\/wp-content\/uploads\/2023\/06\/lac-et-rempart-de-vouavant-IMG_9608.jpg\" alt=\"\" loading=\"lazy\">\r\n\t\t\t\t\t\t\t\t\t\t<\/a>\r\n\t\t\t\t\t\t\t\t\t<\/div>\r\n\r\n\t\t\t\t\r\n\t\t\t\t\t\t\t\t\t\t\t\r\n\t\t\t\t\r\n\t\t\t\t<div class=\"sev-diaporama-portfolio-item col-12 col-sm  col-grow\">\r\n\r\n\t\t\t\t\t\t\t\t\t\t<a href=\"https:\/\/camping-lapinede.net\/wp-content\/uploads\/2023\/06\/Vouvant-DSC_2047.jpg\" data-lightbox=\"sevgallery-3467692752\" style=\"background-image: url(https:\/\/camping-lapinede.net\/wp-content\/uploads\/2023\/06\/Vouvant-DSC_2047.jpg)\">\r\n\t\t\t\t\t\t\t\t\t\t\t<img decoding=\"async\" src=\"https:\/\/camping-lapinede.net\/wp-content\/uploads\/2023\/06\/Vouvant-DSC_2047.jpg\" alt=\"\" loading=\"lazy\">\r\n\t\t\t\t\t\t\t\t\t\t<\/a>\r\n\t\t\t\t\t\t\t\t\t<\/div>\r\n\r\n\t\t\t\t\r\n\t\t\t\t\t\t\t\t\t\t\t\r\n\t\t\t\t\r\n\t\t\t\t<div class=\"sev-diaporama-portfolio-item col-12 col-sm  col-grow\">\r\n\r\n\t\t\t\t\t\t\t\t\t\t<a href=\"https:\/\/camping-lapinede.net\/wp-content\/uploads\/2023\/06\/william-christie-IMG_6145.jpg\" data-lightbox=\"sevgallery-3467692752\" style=\"background-image: url(https:\/\/camping-lapinede.net\/wp-content\/uploads\/2023\/06\/william-christie-IMG_6145.jpg)\">\r\n\t\t\t\t\t\t\t\t\t\t\t<img decoding=\"async\" src=\"https:\/\/camping-lapinede.net\/wp-content\/uploads\/2023\/06\/william-christie-IMG_6145.jpg\" alt=\"\" loading=\"lazy\">\r\n\t\t\t\t\t\t\t\t\t\t<\/a>\r\n\t\t\t\t\t\t\t\t\t<\/div>\r\n\r\n\t\t\t\t\r\n\t\t\t\t\t\t\t\t\t\t\t\r\n\t\t\t\t\r\n\t\t\t\t<div class=\"sev-diaporama-portfolio-item col-12 col-sm  col-grow\">\r\n\r\n\t\t\t\t\t\t\t\t\t\t<a href=\"https:\/\/camping-lapinede.net\/wp-content\/uploads\/2023\/06\/william-christie-IMG_6212.jpg\" data-lightbox=\"sevgallery-3467692752\" style=\"background-image: url(https:\/\/camping-lapinede.net\/wp-content\/uploads\/2023\/06\/william-christie-IMG_6212.jpg)\">\r\n\t\t\t\t\t\t\t\t\t\t\t<img decoding=\"async\" src=\"https:\/\/camping-lapinede.net\/wp-content\/uploads\/2023\/06\/william-christie-IMG_6212.jpg\" alt=\"\" loading=\"lazy\">\r\n\t\t\t\t\t\t\t\t\t\t<\/a>\r\n\t\t\t\t\t\t\t\t\t<\/div>\r\n\r\n\t\t\t\t\t\t\t\t\t<div class=\"w-100\"><\/div>\r\n\t\t\t\t\t\t\t\t\t\r\n\t\t\t\t\t\t\t\t\t\t\t\t\t\t<\/div>\r\n\t\t\t<\/div>\r\n\r\n\t\t\t<script>\r\n\t\t\tjQuery(function($) {\r\n\r\n\t\t\t\tvar marginPortfolio = function() {\r\n\r\n\t\t\t\t\tvar $diapo          = $('#sevgallery-3467692752');\r\n\t\t\t\t\tvar container_width = $diapo.parent().outerWidth();\r\n\t\t\t\t\tvar side            = ( $(window).innerWidth() - container_width ) \/ 2;\r\n\r\n\t\t\t\t\t$diapo.css( {\r\n\t\t\t\t\t\t'margin-left': '-' + side + 'px',\r\n\t\t\t\t\t\t'margin-right': '-' + side + 'px',\r\n\t\t\t\t\t} );\r\n\t\t\t\t};\r\n\r\n\t\t\t\t$( window ).resize( function() {\r\n\t\t\t\t\tmarginPortfolio();\r\n\t\t\t\t} );\r\n\t\t\t\tmarginPortfolio();\r\n\t\t\t});\r\n\t\t\t<\/script>\r\n\t\t\t<\/div>","protected":false},"excerpt":{"rendered":"<p>De tuinen van William Christie en Vouvant Een magische dag bij William Christie&#8217;s Gardens and Vouvant 1 dag Welkom op een betoverende reis door de tuinen van William Christie en de prachtige middeleeuwse stad Vouvant. We nodigen je uit om een route van \u00e9\u00e9n dag te ontdekken waar het hele gezin plezier aan zal beleven. [&hellip;]<\/p>\n","protected":false},"author":1,"featured_media":0,"parent":2027,"menu_order":0,"comment_status":"closed","ping_status":"closed","template":"","meta":{"_seopress_robots_primary_cat":"","_seopress_titles_title":"De tuinen van William Christie en Vouvant in de Vend\u00e9e","_seopress_titles_desc":"Tijdens uw verblijf op camping La Pin\u00e8de in La Faute sur Mer mag u de Jardins de William Christie en Vouvant in de Vend\u00e9e niet missen.","_seopress_robots_index":"","footnotes":""},"class_list":["post-2022","page","type-page","status-publish","hentry"],"_links":{"self":[{"href":"https:\/\/camping-lapinede.net\/nl\/wp-json\/wp\/v2\/pages\/2022","targetHints":{"allow":["GET"]}}],"collection":[{"href":"https:\/\/camping-lapinede.net\/nl\/wp-json\/wp\/v2\/pages"}],"about":[{"href":"https:\/\/camping-lapinede.net\/nl\/wp-json\/wp\/v2\/types\/page"}],"author":[{"embeddable":true,"href":"https:\/\/camping-lapinede.net\/nl\/wp-json\/wp\/v2\/users\/1"}],"replies":[{"embeddable":true,"href":"https:\/\/camping-lapinede.net\/nl\/wp-json\/wp\/v2\/comments?post=2022"}],"version-history":[{"count":0,"href":"https:\/\/camping-lapinede.net\/nl\/wp-json\/wp\/v2\/pages\/2022\/revisions"}],"up":[{"embeddable":true,"href":"https:\/\/camping-lapinede.net\/nl\/wp-json\/wp\/v2\/pages\/2027"}],"wp:attachment":[{"href":"https:\/\/camping-lapinede.net\/nl\/wp-json\/wp\/v2\/media?parent=2022"}],"curies":[{"name":"wp","href":"https:\/\/api.w.org\/{rel}","templated":true}]}}