{"id":2014,"date":"2023-06-15T14:24:27","date_gmt":"2023-06-15T12:24:27","guid":{"rendered":"https:\/\/camping-lapinede.net\/ile-daix\/"},"modified":"2023-06-15T14:24:27","modified_gmt":"2023-06-15T12:24:27","slug":"ile-daix","status":"publish","type":"page","link":"https:\/\/camping-lapinede.net\/nl\/onze-ervaring\/ile-daix\/","title":{"rendered":"\u00cele d&#8217;Aix"},"content":{"rendered":"\n<h1 class=\"wp-block-heading\">\u00cele d&#8217;Aix<\/h1>\n\n\n\n<h2 class=\"wp-block-heading has-text-align-center\">Een onvergetelijke dag op het Ile d&#8217;Aix in de Vend\u00e9e: ontdek een ongerepte parel<\/h2>\n\n\n\n<p class=\"has-text-align-center\">1 dag<\/p>\n\n\n\n<div class=\"wp-block-group is-layout-constrained wp-block-group-is-layout-constrained\" style=\"margin-top:var(--wp--preset--spacing--60);margin-bottom:var(--wp--preset--spacing--60)\">\n<figure class=\"wp-block-image aligncenter size-full is-resized\"><img loading=\"lazy\" decoding=\"async\" src=\"https:\/\/camping-lapinede.net\/wp-content\/uploads\/2023\/06\/vague-1.png\" alt=\"camping aan de Pointe d'Ar\u00e7ay aan zee\" class=\"wp-image-173\" width=\"90\" height=\"17\" srcset=\"https:\/\/camping-lapinede.net\/wp-content\/uploads\/2023\/06\/vague-1.png 360w, https:\/\/camping-lapinede.net\/wp-content\/uploads\/2023\/06\/vague-1-300x57.png 300w\" sizes=\"auto, (max-width: 90px) 100vw, 90px\" \/><\/figure>\n<\/div>\n\n\n\n<div class=\"wp-block-media-text alignwide is-stacked-on-mobile\"><figure class=\"wp-block-media-text__media\"><\/figure><div class=\"wp-block-media-text__content\">\n<p>Stel je een klein,<strong> pittoresk eiland<\/strong> voor in het hart van de Atlantische Oceaan, met een adembenemend landschap en een vredige sfeer. Welkom op het eiland Aix, een<strong> verborgen schat.<\/strong> Deze parel van de regio trekt elk jaar bezoekers op zoek naar rust. De dag begint met een korte overtocht per veerboot vanaf de kust van de Vend\u00e9e. De overtochten beginnen om 8 uur &#8217;s ochtends om het eiland optimaal te kunnen verkennen. Voor een overtocht van een uur kun je ook vertrekken vanuit de Vieux Port van La Rochelle en genieten van een prachtig uitzicht en een rondleiding door het beroemde Fort Boyard.<\/p>\n<\/div><\/div>\n\n\n\n<div class=\"wp-block-group is-layout-constrained wp-block-group-is-layout-constrained\" style=\"margin-top:var(--wp--preset--spacing--60);margin-bottom:var(--wp--preset--spacing--60)\">\n<figure class=\"wp-block-image aligncenter size-full is-resized\"><img loading=\"lazy\" decoding=\"async\" src=\"https:\/\/camping-lapinede.net\/wp-content\/uploads\/2023\/06\/vague-1.png\" alt=\"camping aan de Pointe d'Ar\u00e7ay aan zee\" class=\"wp-image-173\" width=\"90\" height=\"17\" srcset=\"https:\/\/camping-lapinede.net\/wp-content\/uploads\/2023\/06\/vague-1.png 360w, https:\/\/camping-lapinede.net\/wp-content\/uploads\/2023\/06\/vague-1-300x57.png 300w\" sizes=\"auto, (max-width: 90px) 100vw, 90px\" \/><\/figure>\n<\/div>\n\n\n\n<div class=\"wp-block-columns is-layout-flex wp-container-core-columns-is-layout-28f84493 wp-block-columns-is-layout-flex\">\n<div class=\"wp-block-column is-layout-flow wp-block-column-is-layout-flow\">\n<h2 class=\"wp-block-heading\">Verken het fort en het pittoreske dorpje&#8230;<\/h2>\n\n\n\n<p>Eenmaal aan land op het eiland ontdek je het <strong>Fort de la Rade<\/strong>. Dit fort is een bezienswaardigheid met een rijke geschiedenis. Het werd in de 17e eeuw onder Vauban gebouwd en speelde een strategische rol in de verdediging van de Atlantische kust. Het panoramische uitzicht vanaf de wallen is ronduit spectaculair en biedt een adembenemend uitzicht op de oceaan en de omgeving.<br>Daarna vervolg je je wandeling naar het <strong>dorp Ile d&#8217;Aix<\/strong>. Dit charmante, pittoreske dorpje bestaat uit kleine traditionele huizen met kleurrijke luiken. Wandel door de smalle straatjes en door de kleine winkeltjes met plaatselijke kunstnijverheid. Je vindt er zeker een aantal unieke souvenirs om mee naar huis te nemen.<\/p>\n<\/div>\n\n\n\n<div class=\"wp-block-column has-background is-layout-flow wp-block-column-is-layout-flow\" style=\"background-color:#2d66537a;padding-top:var(--wp--preset--spacing--50);padding-right:var(--wp--preset--spacing--50);padding-bottom:var(--wp--preset--spacing--50);padding-left:var(--wp--preset--spacing--50)\">\n<div class=\"wp-block-group is-layout-constrained wp-block-group-is-layout-constrained\" style=\"min-height:100%\">\n<h2 class=\"wp-block-heading has-white-color has-text-color\">Ontdek de geschiedenis en architectuur van het eiland&#8230;<\/h2>\n\n\n\n<p class=\"has-white-color has-text-color\">Heb je de buste van keizer Napoleon bij de ingang van het dorp gezien? De geschiedenis van het eiland is nauw verbonden met die van de keizer.<br>Napoleon bracht zijn laatste dagen door op \u00cele d&#8217;Air voordat hij in 1815 naar het eiland Sint Helena werd gebracht. Napoleon wilde de vestingwerken een nieuwe impuls geven en besloot twee forten te bouwen: Fort Boyard en Fort de la Sommit\u00e9.<br><em>Veel plezier<\/em> met het zoeken naar de straatnamen die een eerbetoon aan hem zijn: place Austerlitz, rue Napol\u00e9on, rue Marengo&#8230;<\/p>\n<\/div>\n<\/div>\n<\/div>\n\n\n\n<div class=\"wp-block-group is-layout-constrained wp-block-group-is-layout-constrained\" style=\"margin-top:var(--wp--preset--spacing--60);margin-bottom:var(--wp--preset--spacing--60)\">\n<figure class=\"wp-block-image aligncenter size-full is-resized has-custom-border\"><img loading=\"lazy\" decoding=\"async\" src=\"https:\/\/camping-lapinede.net\/wp-content\/uploads\/2023\/06\/vague-1.png\" alt=\"camping aan de Pointe d'Ar\u00e7ay aan zee\" class=\"wp-image-173\" style=\"border-style:none;border-width:0%\" width=\"90\" height=\"17\" srcset=\"https:\/\/camping-lapinede.net\/wp-content\/uploads\/2023\/06\/vague-1.png 360w, https:\/\/camping-lapinede.net\/wp-content\/uploads\/2023\/06\/vague-1-300x57.png 300w\" sizes=\"auto, (max-width: 90px) 100vw, 90px\" \/><\/figure>\n<\/div>\n\n\n\n<div class=\"wp-block-media-text alignwide is-stacked-on-mobile\"><figure class=\"wp-block-media-text__media\"><\/figure><div class=\"wp-block-media-text__content\">\n<p>Op de kruising van de Rue des Remparts en de Rue Napol\u00e9on vind je het <strong>Mus\u00e9e Napol\u00e9on<\/strong>. Het Mus\u00e9e historique de l&#8217;\u00cele d&#8217;Aix vertelt het verhaal van Napoleons ballingschap op het eiland. Je leert interessante feiten over deze periode in de geschiedenis en kunt historische artefacten bewonderen.<br>Niet ver daarvandaan mag je een bezoek aan de kerk Saint-Martin niet missen! Het staat op de lijst van historische monumenten, is een architectonisch juweeltje uit de 17e eeuw en getuigt van de Romaanse kunst van Saintonge.<\/p>\n<\/div><\/div>\n\n\n\n<div class=\"wp-block-group is-layout-constrained wp-block-group-is-layout-constrained\" style=\"margin-top:var(--wp--preset--spacing--60);margin-bottom:var(--wp--preset--spacing--60)\">\n<figure class=\"wp-block-image aligncenter size-full is-resized has-custom-border\"><img loading=\"lazy\" decoding=\"async\" src=\"https:\/\/camping-lapinede.net\/wp-content\/uploads\/2023\/06\/vague-1.png\" alt=\"camping aan de Pointe d'Ar\u00e7ay aan zee\" class=\"wp-image-173\" style=\"border-style:none;border-width:0%\" width=\"90\" height=\"17\" srcset=\"https:\/\/camping-lapinede.net\/wp-content\/uploads\/2023\/06\/vague-1.png 360w, https:\/\/camping-lapinede.net\/wp-content\/uploads\/2023\/06\/vague-1-300x57.png 300w\" sizes=\"auto, (max-width: 90px) 100vw, 90px\" \/><\/figure>\n<\/div>\n\n\n\n<div class=\"wp-block-columns are-vertically-aligned-center is-layout-flex wp-container-core-columns-is-layout-28f84493 wp-block-columns-is-layout-flex\">\n<div class=\"wp-block-column is-vertically-aligned-center is-layout-flow wp-block-column-is-layout-flow\">\n<h2 class=\"wp-block-heading\">Neem een pauze om te genieten van de specialiteiten van het eiland&#8230;<\/h2>\n\n\n\n<p>Na deze boeiende rondleiding is het tijd voor een hapje eten. Ga naar een van <strong>de charmante restaurants <\/strong>in het <strong>dorp <\/strong>, die een adembenemend uitzicht op zee bieden. Proef heerlijke lokale specialiteiten zoals verse zeevruchten en traditionele gerechten uit de Vend\u00e9e.<\/p>\n<\/div>\n\n\n\n<div class=\"wp-block-column is-vertically-aligned-center is-layout-flow wp-block-column-is-layout-flow\">\n<div class=\"wp-block-group has-background is-layout-constrained wp-container-core-group-is-layout-301020a0 wp-block-group-is-layout-constrained\" style=\"background-color:#2d66537a;min-height:100%;padding-top:var(--wp--preset--spacing--50);padding-right:var(--wp--preset--spacing--50);padding-bottom:var(--wp--preset--spacing--50);padding-left:var(--wp--preset--spacing--50)\">\n<p class=\"has-white-color has-text-color\"><em>In het dorp<\/em><\/p>\n\n\n\n<ul class=\"has-white-color has-text-color wp-block-list\">\n<li>H\u00f4tel Napol\u00e9on-Restaurant l&#8217;Insulaire, Franse keuken in een verfijnde omgeving. De reputatie van dit restaurant is gevestigd en het krijgt de beste recensies op Google.<\/li>\n\n\n\n<li>Isola Nostra, traditionele houtgestookte keuken met lokale producten. Het Italiaanse accent in combinatie met de verfijnde Franse keuken van de regio. Een zonnige combinatie die perfect past bij de warme omgeving van het restaurant. Zo kun je optimaal genieten van je lunch, zelfs als afhaalmaaltijd.<\/li>\n<\/ul>\n<\/div>\n<\/div>\n<\/div>\n\n\n\n<div class=\"wp-block-group is-layout-constrained wp-block-group-is-layout-constrained\" style=\"margin-top:var(--wp--preset--spacing--60);margin-bottom:var(--wp--preset--spacing--60)\">\n<figure class=\"wp-block-image aligncenter size-full is-resized has-custom-border\"><img loading=\"lazy\" decoding=\"async\" src=\"https:\/\/camping-lapinede.net\/wp-content\/uploads\/2023\/06\/vague-1.png\" alt=\"camping aan de Pointe d'Ar\u00e7ay aan zee\" class=\"wp-image-173\" style=\"border-style:none;border-width:0%\" width=\"90\" height=\"17\" srcset=\"https:\/\/camping-lapinede.net\/wp-content\/uploads\/2023\/06\/vague-1.png 360w, https:\/\/camping-lapinede.net\/wp-content\/uploads\/2023\/06\/vague-1-300x57.png 300w\" sizes=\"auto, (max-width: 90px) 100vw, 90px\" \/><\/figure>\n<\/div>\n\n\n\n<div class=\"wp-block-media-text alignwide is-stacked-on-mobile\"><figure class=\"wp-block-media-text__media\"><\/figure><div class=\"wp-block-media-text__content\">\n<h2 class=\"wp-block-heading\"><span style=\"font-size: 14.4px;\">Rijd langs de kust van \u00cele d&#8217;Aix en zijn historische bezienswaardigheden&#8230;  <\/span><\/h2>\n\n\n\n<p><span style=\"font-size: 14.4px;\">In de namiddag kun je de charmes van het eiland te voet of met de fiets verkennen.  <\/span><\/p>\n\n\n\n<p class=\"has-white-color has-text-color has-background\" style=\"background-color:#2d66537a\"><span style=\"font-size: 14.4px;\"><em>Tip: <\/em>Het Ile d&#8217;Aix is volledig autovrij, waardoor het de ideale plek is om met de kinderen op de fiets te verkennen. Ter plaatse een fiets huren is een uitstekende optie voor wie het eiland sneller wil verkennen. Voor ongeveer tien euro per stuk kun je fietsen huren voor een dag.  <\/span><\/p>\n\n\n\n<p><span style=\"font-size: 14.4px;\">Begin je tocht langs Anse de Saillant naar Pointe de Coudepont. Ontdek aan de kust het schelpdierenstrand, de scholhutten en een adembenemend uitzicht op Fort Enet. Vervolg je weg en breng zeker een bezoek aan Fort Li\u00e9do. Vroeger bekend als het Fort de la Sommit\u00e9, neemt een bezoek hier je mee op een reis naar de ingewanden van het verleden, net als de vele batterijen die je onderweg tegenkomt.  <\/span><\/p>\n<\/div><\/div>\n\n\n\n<div class=\"wp-block-group is-layout-constrained wp-block-group-is-layout-constrained\" style=\"margin-top:var(--wp--preset--spacing--60);margin-bottom:var(--wp--preset--spacing--60)\">\n<figure class=\"wp-block-image aligncenter size-full is-resized has-custom-border\"><img loading=\"lazy\" decoding=\"async\" src=\"https:\/\/camping-lapinede.net\/wp-content\/uploads\/2023\/06\/vague-1.png\" alt=\"camping aan de Pointe d'Ar\u00e7ay aan zee\" class=\"wp-image-173\" style=\"border-style:none;border-width:0%\" width=\"90\" height=\"17\" srcset=\"https:\/\/camping-lapinede.net\/wp-content\/uploads\/2023\/06\/vague-1.png 360w, https:\/\/camping-lapinede.net\/wp-content\/uploads\/2023\/06\/vague-1-300x57.png 300w\" sizes=\"auto, (max-width: 90px) 100vw, 90px\" \/><\/figure>\n<\/div>\n\n\n\n<div class=\"wp-block-media-text alignwide has-media-on-the-right is-stacked-on-mobile\"><div class=\"wp-block-media-text__content\">\n<h2 class=\"wp-block-heading\">Rijd langs de kust van \u00cele d&#8217;Aix en zijn ansichtkaartstranden&#8230;<\/h2>\n\n\n\n<p>Het kristalheldere water en de fijne zandstranden nodigen je uit om te ontspannen en te zwemmen. Ontspan op een van de paradijselijke stranden van het eiland. Het strand van Tridoux is bijna een kilometer lang! Geen wonder dat het ook bekend staat als Grande Plage.<\/p>\n<\/div><figure class=\"wp-block-media-text__media\"><\/figure><\/div>\n","protected":false},"excerpt":{"rendered":"<p>\u00cele d&#8217;Aix Een onvergetelijke dag op het Ile d&#8217;Aix in de Vend\u00e9e: ontdek een ongerepte parel 1 dag Stel je een klein, pittoresk eiland voor in het hart van de Atlantische Oceaan, met een adembenemend landschap en een vredige sfeer. Welkom op het eiland Aix, een verborgen schat. Deze parel van de regio trekt elk [&hellip;]<\/p>\n","protected":false},"author":1,"featured_media":0,"parent":2027,"menu_order":0,"comment_status":"closed","ping_status":"closed","template":"","meta":{"_seopress_robots_primary_cat":"","_seopress_titles_title":"Een dag op Ile d'Aix vanaf de camping","_seopress_titles_desc":"De 3-sterren camping La Pin\u00e8de nodigt je uit voor een dagje op het charmante Ile d'Aix.","_seopress_robots_index":"","footnotes":""},"class_list":["post-2014","page","type-page","status-publish","hentry"],"_links":{"self":[{"href":"https:\/\/camping-lapinede.net\/nl\/wp-json\/wp\/v2\/pages\/2014","targetHints":{"allow":["GET"]}}],"collection":[{"href":"https:\/\/camping-lapinede.net\/nl\/wp-json\/wp\/v2\/pages"}],"about":[{"href":"https:\/\/camping-lapinede.net\/nl\/wp-json\/wp\/v2\/types\/page"}],"author":[{"embeddable":true,"href":"https:\/\/camping-lapinede.net\/nl\/wp-json\/wp\/v2\/users\/1"}],"replies":[{"embeddable":true,"href":"https:\/\/camping-lapinede.net\/nl\/wp-json\/wp\/v2\/comments?post=2014"}],"version-history":[{"count":0,"href":"https:\/\/camping-lapinede.net\/nl\/wp-json\/wp\/v2\/pages\/2014\/revisions"}],"up":[{"embeddable":true,"href":"https:\/\/camping-lapinede.net\/nl\/wp-json\/wp\/v2\/pages\/2027"}],"wp:attachment":[{"href":"https:\/\/camping-lapinede.net\/nl\/wp-json\/wp\/v2\/media?parent=2014"}],"curies":[{"name":"wp","href":"https:\/\/api.w.org\/{rel}","templated":true}]}}