{"id":2006,"date":"2023-06-16T12:13:44","date_gmt":"2023-06-16T10:13:44","guid":{"rendered":"https:\/\/camping-lapinede.net\/puy-du-fou\/"},"modified":"2023-06-16T12:13:44","modified_gmt":"2023-06-16T10:13:44","slug":"puy-du-fou","status":"publish","type":"page","link":"https:\/\/camping-lapinede.net\/nl\/cote-loisirs\/puy-du-fou\/","title":{"rendered":"Puy du Fou"},"content":{"rendered":"\n<h1 class=\"wp-block-heading alignwide\">Puy du Fou<\/h1>\n\n\n\n<h2 class=\"wp-block-heading alignwide\">Trakteer jezelf tijdens je verblijf op Camping La Pin\u00e8de*** in de Vend\u00e9e op een fantastische reis terug in de tijd in het Grand Parc Cinesc\u00e9nique du Puy du Fou.<\/h2>\n\n\n\n<div class=\"wp-block-media-text alignwide is-stacked-on-mobile is-image-fill\"><figure class=\"wp-block-media-text__media\" style=\"background-image:url(https:\/\/camping-lapinede.net\/wp-content\/uploads\/2023\/06\/Les-vickings-puy-du-fou.jpg);background-position:50% 50%\"><img loading=\"lazy\" decoding=\"async\" width=\"990\" height=\"660\" src=\"https:\/\/camping-lapinede.net\/wp-content\/uploads\/2023\/06\/Les-vickings-puy-du-fou.jpg\" alt=\"puy du fou show\" class=\"wp-image-422 size-full\" srcset=\"https:\/\/camping-lapinede.net\/wp-content\/uploads\/2023\/06\/Les-vickings-puy-du-fou.jpg 990w, https:\/\/camping-lapinede.net\/wp-content\/uploads\/2023\/06\/Les-vickings-puy-du-fou-300x200.jpg 300w, https:\/\/camping-lapinede.net\/wp-content\/uploads\/2023\/06\/Les-vickings-puy-du-fou-768x512.jpg 768w\" sizes=\"auto, (max-width: 990px) 100vw, 990px\" \/><\/figure><div class=\"wp-block-media-text__content\">\n<p>Na het ontvangen van de eerste <em>&#8220;Thea Classic Award<\/em> &#8221; voor het beste park ter wereld in 2012 <em>,<\/em> won de Puy du Fou in 2014 de hoogste onderscheiding voor themaparken <em>, de &#8220;Applause Award<\/em>&#8220;.<\/p>\n\n\n\n<p>Le Puy du Fou biedt <strong>tientallen<\/strong> historische voorstellingen, van Vikingen tot ridders tot de musketiers van Richelieu, allemaal in een groot aantal dorpen. Als de avond valt, worden bezoekers getrakteerd op een uniek spektakel: <strong>de Cinesc\u00e9nie<\/strong>. Op een gigantisch podium van 23 hectare zullen meer dan 3.000 vrijwilligers de geschiedenis van een familie uit de Vend\u00e9e door de eeuwen heen tot leven brengen.<\/p>\n\n\n\n<p>Laat je meeslepen door de <strong>uitzonderlijke shows<\/strong>  Deze omvatten het Teken van Triomf, de Vikingen, het Bal van de Spookvogels, het Geheim van de Lans, de Ridders van de Ronde Tafel, de Musketier van Richelieu, de Orgues de Feu en nog veel meer, evenals bezoeken aan historische plaatsen: de Middeleeuwse Stad, het Dorp XVIII, het Dorp 1900, het Renaissancekasteel&#8230; We raden je ten zeerste aan om te eten in een van de 19 restaurants, waarvan sommige een thema hebben, waar de obers gekleed zijn in de klederdracht van de plaats waar je je in het Park bevindt.<\/p>\n\n\n\n<p><em>Nieuwe originele creatie 2019: Het Eerste Koninkrijk<br><\/em>In de 5e eeuw, midden in de val van het Romeinse Rijk dat net geteisterd werd door de hordes van Attila, vergezelt Clovis, de beroemde Frankische koning. Ontdek tijdens zijn veroveringen de twijfels van deze grote strateeg die verscheurd werd tussen de voorouderlijke tradities van zijn volk en de nieuwe weg die hij kon kiezen om het eerste koninkrijk te stichten. Het hele gezin zal verrukt zijn en een onvergetelijke tijd beleven op een magische plek die moeilijk te verlaten is.<\/p>\n\n\n\n<p class=\"has-white-color has-text-color has-background\" style=\"background-color:#2d66537a\">Pak comfortabele schoenen, hoeden, petten en zonnebrillen in en laat je meeslepen door de magie van de plek.  <strong>Verblinding gegarandeerd!<\/strong><\/p>\n\n\n\n<p>Als je niets wilt missen, zorg dan dat je je tickets <strong>boekt <\/strong>voordat je op vakantie gaat. Je kunt kiezen tussen het Grand Parc du Puy du Fou en\/of de Cin\u00e9sc\u00e9nie. Maar wees gewaarschuwd, de Cin\u00e9sc\u00e9nie vindt alleen plaats op vrijdag en zaterdag, dus reserveren is noodzakelijk.<\/p>\n<\/div><\/div>\n\n\n<div class=\"wp-block-sev-diaporama alignfull\">\t\t\t<div id=\"sevgallery-3637822994\" class=\"sev-diaporama sev-diaporama-portfolio\">\r\n\t\t\t<div class=\"row\">\r\n\r\n\t\t\t\r\n\t\t\t\t\r\n\t\t\t\t<div class=\"sev-diaporama-portfolio-item col-12 col-sm  col-grow\">\r\n\r\n\t\t\t\t\t\t\t\t\t\t<a href=\"https:\/\/camping-lapinede.net\/wp-content\/uploads\/2023\/08\/La-cite-medievale-puy-du-fou.jpg\" data-lightbox=\"sevgallery-3637822994\" style=\"background-image: url(https:\/\/camping-lapinede.net\/wp-content\/uploads\/2023\/08\/La-cite-medievale-puy-du-fou.jpg)\">\r\n\t\t\t\t\t\t\t\t\t\t\t<img decoding=\"async\" src=\"https:\/\/camping-lapinede.net\/wp-content\/uploads\/2023\/08\/La-cite-medievale-puy-du-fou.jpg\" alt=\"\" loading=\"lazy\">\r\n\t\t\t\t\t\t\t\t\t\t<\/a>\r\n\t\t\t\t\t\t\t\t\t<\/div>\r\n\r\n\t\t\t\t\r\n\t\t\t\t\t\t\t\t\t\t\t\r\n\t\t\t\t\r\n\t\t\t\t<div class=\"sev-diaporama-portfolio-item col-12 col-sm  col-grow\">\r\n\r\n\t\t\t\t\t\t\t\t\t\t<a href=\"https:\/\/camping-lapinede.net\/wp-content\/uploads\/2023\/08\/La-renaissance-du-chateau-puy-du-fou-2.jpg\" data-lightbox=\"sevgallery-3637822994\" style=\"background-image: url(https:\/\/camping-lapinede.net\/wp-content\/uploads\/2023\/08\/La-renaissance-du-chateau-puy-du-fou-2.jpg)\">\r\n\t\t\t\t\t\t\t\t\t\t\t<img decoding=\"async\" src=\"https:\/\/camping-lapinede.net\/wp-content\/uploads\/2023\/08\/La-renaissance-du-chateau-puy-du-fou-2.jpg\" alt=\"\" loading=\"lazy\">\r\n\t\t\t\t\t\t\t\t\t\t<\/a>\r\n\t\t\t\t\t\t\t\t\t<\/div>\r\n\r\n\t\t\t\t\r\n\t\t\t\t\t\t\t\t\t\t\t\r\n\t\t\t\t\r\n\t\t\t\t<div class=\"sev-diaporama-portfolio-item col-12 col-sm  col-grow\">\r\n\r\n\t\t\t\t\t\t\t\t\t\t<a href=\"https:\/\/camping-lapinede.net\/wp-content\/uploads\/2023\/08\/Le-mystere-de-la-perouse-puy-du-fou.jpg\" data-lightbox=\"sevgallery-3637822994\" style=\"background-image: url(https:\/\/camping-lapinede.net\/wp-content\/uploads\/2023\/08\/Le-mystere-de-la-perouse-puy-du-fou.jpg)\">\r\n\t\t\t\t\t\t\t\t\t\t\t<img decoding=\"async\" src=\"https:\/\/camping-lapinede.net\/wp-content\/uploads\/2023\/08\/Le-mystere-de-la-perouse-puy-du-fou.jpg\" alt=\"\" loading=\"lazy\">\r\n\t\t\t\t\t\t\t\t\t\t<\/a>\r\n\t\t\t\t\t\t\t\t\t<\/div>\r\n\r\n\t\t\t\t\t\t\t\t\t<div class=\"w-100\"><\/div>\r\n\t\t\t\t\t\t\t\t\t\r\n\t\t\t\t\t\t\t\t\t\t\t\r\n\t\t\t\t\r\n\t\t\t\t<div class=\"sev-diaporama-portfolio-item col-12 col-sm \">\r\n\r\n\t\t\t\t\t\t\t\t\t\t<a href=\"https:\/\/camping-lapinede.net\/wp-content\/uploads\/2023\/08\/Le-secret-de-la-lance-ronde-puy-du-fou-14.jpg\" data-lightbox=\"sevgallery-3637822994\" style=\"background-image: url(https:\/\/camping-lapinede.net\/wp-content\/uploads\/2023\/08\/Le-secret-de-la-lance-ronde-puy-du-fou-14.jpg)\">\r\n\t\t\t\t\t\t\t\t\t\t\t<img decoding=\"async\" src=\"https:\/\/camping-lapinede.net\/wp-content\/uploads\/2023\/08\/Le-secret-de-la-lance-ronde-puy-du-fou-14.jpg\" alt=\"\" loading=\"lazy\">\r\n\t\t\t\t\t\t\t\t\t\t<\/a>\r\n\t\t\t\t\t\t\t\t\t<\/div>\r\n\r\n\t\t\t\t\r\n\t\t\t\t\t\t\t\t\t\t\t\r\n\t\t\t\t\r\n\t\t\t\t<div class=\"sev-diaporama-portfolio-item col-12 col-sm \">\r\n\r\n\t\t\t\t\t\t\t\t\t\t<a href=\"https:\/\/camping-lapinede.net\/wp-content\/uploads\/2023\/08\/Les-vickings-puy-du-fou.jpg\" data-lightbox=\"sevgallery-3637822994\" style=\"background-image: url(https:\/\/camping-lapinede.net\/wp-content\/uploads\/2023\/08\/Les-vickings-puy-du-fou.jpg)\">\r\n\t\t\t\t\t\t\t\t\t\t\t<img decoding=\"async\" src=\"https:\/\/camping-lapinede.net\/wp-content\/uploads\/2023\/08\/Les-vickings-puy-du-fou.jpg\" alt=\"\" loading=\"lazy\">\r\n\t\t\t\t\t\t\t\t\t\t<\/a>\r\n\t\t\t\t\t\t\t\t\t<\/div>\r\n\r\n\t\t\t\t\r\n\t\t\t\t\t\t\t\t\t\t\t\t\t\t<\/div>\r\n\t\t\t<\/div>\r\n\r\n\t\t\t<script>\r\n\t\t\tjQuery(function($) {\r\n\r\n\t\t\t\tvar marginPortfolio = function() {\r\n\r\n\t\t\t\t\tvar $diapo          = $('#sevgallery-3637822994');\r\n\t\t\t\t\tvar container_width = $diapo.parent().outerWidth();\r\n\t\t\t\t\tvar side            = ( $(window).innerWidth() - container_width ) \/ 2;\r\n\r\n\t\t\t\t\t$diapo.css( {\r\n\t\t\t\t\t\t'margin-left': '-' + side + 'px',\r\n\t\t\t\t\t\t'margin-right': '-' + side + 'px',\r\n\t\t\t\t\t} );\r\n\t\t\t\t};\r\n\r\n\t\t\t\t$( window ).resize( function() {\r\n\t\t\t\t\tmarginPortfolio();\r\n\t\t\t\t} );\r\n\t\t\t\tmarginPortfolio();\r\n\t\t\t});\r\n\t\t\t<\/script>\r\n\t\t\t<\/div>","protected":false},"excerpt":{"rendered":"<p>Puy du Fou Trakteer jezelf tijdens je verblijf op Camping La Pin\u00e8de*** in de Vend\u00e9e op een fantastische reis terug in de tijd in het Grand Parc Cinesc\u00e9nique du Puy du Fou. Na het ontvangen van de eerste &#8220;Thea Classic Award &#8221; voor het beste park ter wereld in 2012 , won de Puy du [&hellip;]<\/p>\n","protected":false},"author":1,"featured_media":0,"parent":2010,"menu_order":0,"comment_status":"closed","ping_status":"closed","template":"","meta":{"_seopress_robots_primary_cat":"","_seopress_titles_title":"Puy du Fou - Toerisme in de buurt van camping La Tranche sur Mer","_seopress_titles_desc":"Maak tijdens je verblijf op Camping La Pin\u00e8de*** in de Vend\u00e9e een fantastische reis terug in de tijd naar het Grand Parc du Puy du Fou.","_seopress_robots_index":"","footnotes":""},"class_list":["post-2006","page","type-page","status-publish","hentry"],"_links":{"self":[{"href":"https:\/\/camping-lapinede.net\/nl\/wp-json\/wp\/v2\/pages\/2006","targetHints":{"allow":["GET"]}}],"collection":[{"href":"https:\/\/camping-lapinede.net\/nl\/wp-json\/wp\/v2\/pages"}],"about":[{"href":"https:\/\/camping-lapinede.net\/nl\/wp-json\/wp\/v2\/types\/page"}],"author":[{"embeddable":true,"href":"https:\/\/camping-lapinede.net\/nl\/wp-json\/wp\/v2\/users\/1"}],"replies":[{"embeddable":true,"href":"https:\/\/camping-lapinede.net\/nl\/wp-json\/wp\/v2\/comments?post=2006"}],"version-history":[{"count":0,"href":"https:\/\/camping-lapinede.net\/nl\/wp-json\/wp\/v2\/pages\/2006\/revisions"}],"up":[{"embeddable":true,"href":"https:\/\/camping-lapinede.net\/nl\/wp-json\/wp\/v2\/pages\/2010"}],"wp:attachment":[{"href":"https:\/\/camping-lapinede.net\/nl\/wp-json\/wp\/v2\/media?parent=2006"}],"curies":[{"name":"wp","href":"https:\/\/api.w.org\/{rel}","templated":true}]}}