{"id":1993,"date":"2023-06-16T14:39:33","date_gmt":"2023-06-16T12:39:33","guid":{"rendered":"https:\/\/camping-lapinede.net\/de-stranden\/"},"modified":"2023-06-16T14:39:33","modified_gmt":"2023-06-16T12:39:33","slug":"de-stranden","status":"publish","type":"page","link":"https:\/\/camping-lapinede.net\/nl\/cote-mer\/de-stranden\/","title":{"rendered":"De stranden"},"content":{"rendered":"\n<h1 class=\"wp-block-heading\">De stranden<\/h1>\n\n\n\n<div class=\"wp-block-media-text alignwide is-stacked-on-mobile is-image-fill\"><figure class=\"wp-block-media-text__media\" style=\"background-image:url(https:\/\/camping-lapinede.net\/wp-content\/uploads\/2023\/06\/Dune-aiguillon-mer-DSC_0179.jpg);background-position:46% 49%\"><img loading=\"lazy\" decoding=\"async\" width=\"900\" height=\"600\" src=\"https:\/\/camping-lapinede.net\/wp-content\/uploads\/2023\/06\/Dune-aiguillon-mer-DSC_0179.jpg\" alt=\"strand bij de camping in Vend\u00e9e\" class=\"wp-image-439 size-full\" srcset=\"https:\/\/camping-lapinede.net\/wp-content\/uploads\/2023\/06\/Dune-aiguillon-mer-DSC_0179.jpg 900w, https:\/\/camping-lapinede.net\/wp-content\/uploads\/2023\/06\/Dune-aiguillon-mer-DSC_0179-300x200.jpg 300w, https:\/\/camping-lapinede.net\/wp-content\/uploads\/2023\/06\/Dune-aiguillon-mer-DSC_0179-768x512.jpg 768w\" sizes=\"auto, (max-width: 900px) 100vw, 900px\" \/><\/figure><div class=\"wp-block-media-text__content\">\n<p>Camping de La Pin\u00e8de ligt aan de Presqu&#8217;il de la Faute sur Mer. Daardoor heb je het geluk dat je op een <strong>steenworp afstand van fijne zandstranden<\/strong> bent. Het is <strong>de perfecte locatie<\/strong> voor natuurliefhebbers en vakantiegangers die optimaal willen genieten van deze uitgestrekte vlakten.<\/p>\n\n\n\n<p>Het strand is een toegangspoort tot een <strong>breed scala aan activiteiten<\/strong>. Afhankelijk van je voorkeur kun je watersporten beoefenen, zwemmen in de golven, hardlopen of gewoon een boek lezen in de heerlijke zon.<\/p>\n\n\n\n<h2 class=\"wp-block-heading\">THISTEL STRAND<\/h2>\n\n\n\n<p>Met directe toegang hoef je alleen maar een kort pad door de duinen te nemen, omringd door zeedennen, om met je voeten in het zand te staan.<br>Het strand naast de camping biedt een unieke omgeving.<br>Het strand is erg groot, dus je vindt zeker een plek om je handdoek neer te leggen en te genieten van de oceaan.<br>In het hoogseizoen is er toezicht, dus je kunt er in alle veiligheid zwemmen.<br>Als je langs dit strand naar het zuiden wandelt, kom je bij de Pointe d&#8217;Ar\u00e7ay. Hier kun je genieten van een 360\u00b0 uitzicht op de oceaan.<\/p>\n\n\n\n<h2 class=\"wp-block-heading\">La Grande Plage<\/h2>\n\n\n\n<p>La Faute sur Mer&#8217;s Grande Plage is het dichtstbijzijnde strand bij het stadscentrum. In de zomer is het ook het gebied dat de meeste vakantiegangers aantrekt. Je kunt er komen via paden langs het duin.<\/p>\n<\/div><\/div>\n\n\n<div class=\"wp-block-sev-diaporama alignfull\">\t\t\t<div id=\"sevgallery-285992272\" class=\"sev-diaporama sev-diaporama-portfolio\">\r\n\t\t\t<div class=\"row\">\r\n\r\n\t\t\t\r\n\t\t\t\t\r\n\t\t\t\t<div class=\"sev-diaporama-portfolio-item col-12 col-sm \">\r\n\r\n\t\t\t\t\t\t\t\t\t\t<a href=\"https:\/\/camping-lapinede.net\/wp-content\/uploads\/2023\/08\/la-faute-sur-mer-IMG_9976.jpg\" data-lightbox=\"sevgallery-285992272\" style=\"background-image: url(https:\/\/camping-lapinede.net\/wp-content\/uploads\/2023\/08\/la-faute-sur-mer-IMG_9976.jpg)\">\r\n\t\t\t\t\t\t\t\t\t\t\t<img decoding=\"async\" src=\"https:\/\/camping-lapinede.net\/wp-content\/uploads\/2023\/08\/la-faute-sur-mer-IMG_9976.jpg\" alt=\"\" loading=\"lazy\">\r\n\t\t\t\t\t\t\t\t\t\t<\/a>\r\n\t\t\t\t\t\t\t\t\t<\/div>\r\n\r\n\t\t\t\t\r\n\t\t\t\t\t\t\t\t\t\t\t\r\n\t\t\t\t\r\n\t\t\t\t<div class=\"sev-diaporama-portfolio-item col-12 col-sm  col-shrink\">\r\n\r\n\t\t\t\t\t\t\t\t\t\t<a href=\"https:\/\/camping-lapinede.net\/wp-content\/uploads\/2023\/09\/IMG_2126.jpg\" data-lightbox=\"sevgallery-285992272\" style=\"background-image: url(https:\/\/camping-lapinede.net\/wp-content\/uploads\/2023\/09\/IMG_2126.jpg)\">\r\n\t\t\t\t\t\t\t\t\t\t\t<img decoding=\"async\" src=\"https:\/\/camping-lapinede.net\/wp-content\/uploads\/2023\/09\/IMG_2126.jpg\" alt=\"\" loading=\"lazy\">\r\n\t\t\t\t\t\t\t\t\t\t<\/a>\r\n\t\t\t\t\t\t\t\t\t<\/div>\r\n\r\n\t\t\t\t\r\n\t\t\t\t\t\t\t\t\t\t\t\r\n\t\t\t\t\r\n\t\t\t\t<div class=\"sev-diaporama-portfolio-item col-12 col-sm  col-shrink\">\r\n\r\n\t\t\t\t\t\t\t\t\t\t<a href=\"https:\/\/camping-lapinede.net\/wp-content\/uploads\/2023\/09\/IMG_2129.jpg\" data-lightbox=\"sevgallery-285992272\" style=\"background-image: url(https:\/\/camping-lapinede.net\/wp-content\/uploads\/2023\/09\/IMG_2129.jpg)\">\r\n\t\t\t\t\t\t\t\t\t\t\t<img decoding=\"async\" src=\"https:\/\/camping-lapinede.net\/wp-content\/uploads\/2023\/09\/IMG_2129.jpg\" alt=\"\" loading=\"lazy\">\r\n\t\t\t\t\t\t\t\t\t\t<\/a>\r\n\t\t\t\t\t\t\t\t\t<\/div>\r\n\r\n\t\t\t\t\t\t\t\t\t<div class=\"w-100\"><\/div>\r\n\t\t\t\t\t\t\t\t\t\r\n\t\t\t\t\t\t\t\t\t\t\t\r\n\t\t\t\t\r\n\t\t\t\t<div class=\"sev-diaporama-portfolio-item col-12 col-sm  col-grow\">\r\n\r\n\t\t\t\t\t\t\t\t\t\t<a href=\"https:\/\/camping-lapinede.net\/wp-content\/uploads\/2023\/09\/IMG_6786.jpg\" data-lightbox=\"sevgallery-285992272\" style=\"background-image: url(https:\/\/camping-lapinede.net\/wp-content\/uploads\/2023\/09\/IMG_6786.jpg)\">\r\n\t\t\t\t\t\t\t\t\t\t\t<img decoding=\"async\" src=\"https:\/\/camping-lapinede.net\/wp-content\/uploads\/2023\/09\/IMG_6786.jpg\" alt=\"\" loading=\"lazy\">\r\n\t\t\t\t\t\t\t\t\t\t<\/a>\r\n\t\t\t\t\t\t\t\t\t<\/div>\r\n\r\n\t\t\t\t\r\n\t\t\t\t\t\t\t\t\t\t\t\r\n\t\t\t\t\r\n\t\t\t\t<div class=\"sev-diaporama-portfolio-item col-12 col-sm  col-grow\">\r\n\r\n\t\t\t\t\t\t\t\t\t\t<a href=\"https:\/\/camping-lapinede.net\/wp-content\/uploads\/2023\/09\/IMG_7609.jpg\" data-lightbox=\"sevgallery-285992272\" style=\"background-image: url(https:\/\/camping-lapinede.net\/wp-content\/uploads\/2023\/09\/IMG_7609.jpg)\">\r\n\t\t\t\t\t\t\t\t\t\t\t<img decoding=\"async\" src=\"https:\/\/camping-lapinede.net\/wp-content\/uploads\/2023\/09\/IMG_7609.jpg\" alt=\"\" loading=\"lazy\">\r\n\t\t\t\t\t\t\t\t\t\t<\/a>\r\n\t\t\t\t\t\t\t\t\t<\/div>\r\n\r\n\t\t\t\t\r\n\t\t\t\t\t\t\t\t\t\t\t\r\n\t\t\t\t\r\n\t\t\t\t<div class=\"sev-diaporama-portfolio-item col-12 col-sm \">\r\n\r\n\t\t\t\t\t\t\t\t\t\t<a href=\"https:\/\/camping-lapinede.net\/wp-content\/uploads\/2023\/09\/Plage-LA-FAUTE-SUR-MER.jpg\" data-lightbox=\"sevgallery-285992272\" style=\"background-image: url(https:\/\/camping-lapinede.net\/wp-content\/uploads\/2023\/09\/Plage-LA-FAUTE-SUR-MER.jpg)\">\r\n\t\t\t\t\t\t\t\t\t\t\t<img decoding=\"async\" src=\"https:\/\/camping-lapinede.net\/wp-content\/uploads\/2023\/09\/Plage-LA-FAUTE-SUR-MER.jpg\" alt=\"\" loading=\"lazy\">\r\n\t\t\t\t\t\t\t\t\t\t<\/a>\r\n\t\t\t\t\t\t\t\t\t<\/div>\r\n\r\n\t\t\t\t\t\t\t\t\t<div class=\"w-100\"><\/div>\r\n\t\t\t\t\t\t\t\t\t\r\n\t\t\t\t\t\t\t\t\t\t\t\t\t\t<\/div>\r\n\t\t\t<\/div>\r\n\r\n\t\t\t<script>\r\n\t\t\tjQuery(function($) {\r\n\r\n\t\t\t\tvar marginPortfolio = function() {\r\n\r\n\t\t\t\t\tvar $diapo          = $('#sevgallery-285992272');\r\n\t\t\t\t\tvar container_width = $diapo.parent().outerWidth();\r\n\t\t\t\t\tvar side            = ( $(window).innerWidth() - container_width ) \/ 2;\r\n\r\n\t\t\t\t\t$diapo.css( {\r\n\t\t\t\t\t\t'margin-left': '-' + side + 'px',\r\n\t\t\t\t\t\t'margin-right': '-' + side + 'px',\r\n\t\t\t\t\t} );\r\n\t\t\t\t};\r\n\r\n\t\t\t\t$( window ).resize( function() {\r\n\t\t\t\t\tmarginPortfolio();\r\n\t\t\t\t} );\r\n\t\t\t\tmarginPortfolio();\r\n\t\t\t});\r\n\t\t\t<\/script>\r\n\t\t\t<\/div>","protected":false},"excerpt":{"rendered":"<p>De stranden Camping de La Pin\u00e8de ligt aan de Presqu&#8217;il de la Faute sur Mer. Daardoor heb je het geluk dat je op een steenworp afstand van fijne zandstranden bent. Het is de perfecte locatie voor natuurliefhebbers en vakantiegangers die optimaal willen genieten van deze uitgestrekte vlakten. Het strand is een toegangspoort tot een breed [&hellip;]<\/p>\n","protected":false},"author":1,"featured_media":0,"parent":1997,"menu_order":0,"comment_status":"closed","ping_status":"closed","template":"","meta":{"_seopress_robots_primary_cat":"","_seopress_titles_title":"Stranden in de buurt van de camping in La Faute sur Mer","_seopress_titles_desc":"De 3-sterren camping La Pin\u00e8de ligt in La Faute sur Mer, vlakbij de Pointe d'Ar\u00e7ay in de Vend\u00e9e. Boek je vakantie aan zee","_seopress_robots_index":"","footnotes":""},"class_list":["post-1993","page","type-page","status-publish","hentry"],"_links":{"self":[{"href":"https:\/\/camping-lapinede.net\/nl\/wp-json\/wp\/v2\/pages\/1993","targetHints":{"allow":["GET"]}}],"collection":[{"href":"https:\/\/camping-lapinede.net\/nl\/wp-json\/wp\/v2\/pages"}],"about":[{"href":"https:\/\/camping-lapinede.net\/nl\/wp-json\/wp\/v2\/types\/page"}],"author":[{"embeddable":true,"href":"https:\/\/camping-lapinede.net\/nl\/wp-json\/wp\/v2\/users\/1"}],"replies":[{"embeddable":true,"href":"https:\/\/camping-lapinede.net\/nl\/wp-json\/wp\/v2\/comments?post=1993"}],"version-history":[{"count":0,"href":"https:\/\/camping-lapinede.net\/nl\/wp-json\/wp\/v2\/pages\/1993\/revisions"}],"up":[{"embeddable":true,"href":"https:\/\/camping-lapinede.net\/nl\/wp-json\/wp\/v2\/pages\/1997"}],"wp:attachment":[{"href":"https:\/\/camping-lapinede.net\/nl\/wp-json\/wp\/v2\/media?parent=1993"}],"curies":[{"name":"wp","href":"https:\/\/api.w.org\/{rel}","templated":true}]}}