{"id":1988,"date":"2023-08-02T11:04:25","date_gmt":"2023-08-02T09:04:25","guid":{"rendered":"https:\/\/camping-lapinede.net\/beleef-de-baie-de-laiguillon\/"},"modified":"2023-08-02T11:04:25","modified_gmt":"2023-08-02T09:04:25","slug":"beleef-de-baie-de-laiguillon","status":"publish","type":"page","link":"https:\/\/camping-lapinede.net\/nl\/beleef-de-baie-de-laiguillon\/","title":{"rendered":"Beleef de Baie de l&#8217;Aiguillon"},"content":{"rendered":"\n<h1 class=\"wp-block-heading\">Een dag de Baie de l&#8217;Aiguillon in de Vend\u00e9e verkennen<\/h1>\n\n\n\n<p class=\"has-text-align-center\">1 dag<\/p>\n\n\n\n<div class=\"wp-block-group is-layout-constrained wp-block-group-is-layout-constrained\" style=\"margin-top:var(--wp--preset--spacing--60);margin-bottom:var(--wp--preset--spacing--60)\">\n<figure class=\"wp-block-image aligncenter size-full is-resized\"><img loading=\"lazy\" decoding=\"async\" src=\"https:\/\/camping-lapinede.net\/wp-content\/uploads\/2023\/06\/vague-1.png\" alt=\"camping aan de Pointe d'Ar\u00e7ay aan zee\" class=\"wp-image-173\" width=\"90\" height=\"17\" srcset=\"https:\/\/camping-lapinede.net\/wp-content\/uploads\/2023\/06\/vague-1.png 360w, https:\/\/camping-lapinede.net\/wp-content\/uploads\/2023\/06\/vague-1-300x57.png 300w\" sizes=\"auto, (max-width: 90px) 100vw, 90px\" \/><\/figure>\n<\/div>\n\n\n\n<div class=\"wp-block-columns are-vertically-aligned-center is-layout-flex wp-container-core-columns-is-layout-28f84493 wp-block-columns-is-layout-flex\">\n<div class=\"wp-block-column is-vertically-aligned-center is-layout-flow wp-block-column-is-layout-flow\">\n<p>De Baie de l&#8217;Aiguillon in de Vend\u00e9e ligt aan de westkust van Frankrijk en is een echt <strong>natuurjuweeltje<\/strong> met een adembenemend landschap en <strong>een uitzonderlijke flora en fauna<\/strong>.<\/p>\n<\/div>\n\n\n\n<div class=\"wp-block-column is-vertically-aligned-center is-layout-flow wp-block-column-is-layout-flow\">\n<p class=\"has-white-color has-text-color has-background\" style=\"background-color:#2d66537a\"><strong>\n  <em>Onthoud:<\/em>\n<\/strong> Om optimaal van dit uitzonderlijke gebied te genieten, moet je goede sportschoenen en een pet dragen.<\/p>\n<\/div>\n<\/div>\n\n\n\n<div class=\"wp-block-group is-layout-constrained wp-block-group-is-layout-constrained\" style=\"margin-top:var(--wp--preset--spacing--60);margin-bottom:var(--wp--preset--spacing--60)\">\n<figure class=\"wp-block-image aligncenter size-full is-resized\"><img loading=\"lazy\" decoding=\"async\" src=\"https:\/\/camping-lapinede.net\/wp-content\/uploads\/2023\/06\/vague-1.png\" alt=\"camping aan de Pointe d'Ar\u00e7ay aan zee\" class=\"wp-image-173\" width=\"90\" height=\"17\" srcset=\"https:\/\/camping-lapinede.net\/wp-content\/uploads\/2023\/06\/vague-1.png 360w, https:\/\/camping-lapinede.net\/wp-content\/uploads\/2023\/06\/vague-1-300x57.png 300w\" sizes=\"auto, (max-width: 90px) 100vw, 90px\" \/><\/figure>\n<\/div>\n\n\n\n<div class=\"wp-block-media-text alignwide is-stacked-on-mobile is-image-fill\"><figure class=\"wp-block-media-text__media\" style=\"background-image:url(https:\/\/camping-lapinede.net\/wp-content\/uploads\/2023\/08\/Busard-cendre-DSC_9436.jpg);background-position:21% 51%\"><img loading=\"lazy\" decoding=\"async\" width=\"1000\" height=\"743\" src=\"https:\/\/camping-lapinede.net\/wp-content\/uploads\/2023\/08\/Busard-cendre-DSC_9436.jpg\" alt=\"bezoek aan het natuurreservaat in de buurt van de camping\" class=\"wp-image-668 size-full\" srcset=\"https:\/\/camping-lapinede.net\/wp-content\/uploads\/2023\/08\/Busard-cendre-DSC_9436.jpg 1000w, https:\/\/camping-lapinede.net\/wp-content\/uploads\/2023\/08\/Busard-cendre-DSC_9436-300x223.jpg 300w, https:\/\/camping-lapinede.net\/wp-content\/uploads\/2023\/08\/Busard-cendre-DSC_9436-768x571.jpg 768w\" sizes=\"auto, (max-width: 1000px) 100vw, 1000px\" \/><\/figure><div class=\"wp-block-media-text__content\">\n<h2 class=\"wp-block-heading\">Een ontspannen ochtend om het natuurreservaat te verkennen<\/h2>\n\n\n\n<p>Begin je dag met het verkennen van het<strong> natuurreservaat Baie de l&#8217;Aiguillon.<\/strong> Je doet er ruim een half uur over om er te komen, richting La Pr\u00e9e Mizoti\u00e8re in Sainte-Rad\u00e9gonde-des-Noyers. Onderweg is het landschap al adembenemend, maar je zult ook een aantal van de<br>Nog niets gezien!<\/p>\n\n\n\n<p>Dit reservaat is een paradijs voor vogelliefhebbers, want het herbergt een groot aantal <strong>trekvogels<\/strong>. Neem een verrekijker mee en wandel over de paden om reigers, kluten, flamingo&#8217;s en vele andere vogelsoorten te bekijken. Je kunt ook van de gelegenheid gebruik maken om meer te leren over het kwetsbare ecosysteem van de baai en de inspanningen die worden gedaan om het te behouden. Elke dinsdag- en donderdagochtend leiden leden van de vereniging LPO Vend\u00e9e je rond in de <strong>lagune van Belle-Henriette, de Rocher de la Dive en het natuurreservaat Saint Denis du Payr\u00e9<\/strong>. De vrijwilligers delen met jou alle geheimen van de<br>Baai. Je komt alles te weten over de flora en fauna van de Pointe de l&#8217;Aiguillon. Vogelaars kunnen in deze ongerepte omgeving alles te weten komen over de vogeltrek.<\/p>\n\n\n\n<p>De tour geeft je een prachtig uitzicht over de baai vanaf een observatieplatform op een voormalige sluisbasis. De gids laat je ook kennismaken met het <strong>scholvissen<\/strong>. Een eeuwenoude vistechniek waarmee je tijdens de lunch kunt genieten van verse vis en schaaldieren!<\/p>\n<\/div><\/div>\n\n\n\n<div class=\"wp-block-group is-layout-constrained wp-block-group-is-layout-constrained\" style=\"margin-top:var(--wp--preset--spacing--60);margin-bottom:var(--wp--preset--spacing--60)\">\n<figure class=\"wp-block-image aligncenter size-full is-resized\"><img loading=\"lazy\" decoding=\"async\" src=\"https:\/\/camping-lapinede.net\/wp-content\/uploads\/2023\/06\/vague-1.png\" alt=\"camping aan de Pointe d'Ar\u00e7ay aan zee\" class=\"wp-image-173\" width=\"90\" height=\"17\" srcset=\"https:\/\/camping-lapinede.net\/wp-content\/uploads\/2023\/06\/vague-1.png 360w, https:\/\/camping-lapinede.net\/wp-content\/uploads\/2023\/06\/vague-1-300x57.png 300w\" sizes=\"auto, (max-width: 90px) 100vw, 90px\" \/><\/figure>\n<\/div>\n\n\n\n<div class=\"wp-block-media-text alignwide has-media-on-the-right is-stacked-on-mobile\"><div class=\"wp-block-media-text__content\">\n<h2 class=\"wp-block-heading\">Een lunch van verse producten en regionale specialiteiten<\/h2>\n\n\n\n<p>Trakteer jezelf na een ochtend vol ontdekkingen op een lunch in een van de vele <strong>visrestaurants<\/strong> langs de Baie de l&#8217;Aiguillon.<\/p>\n\n\n\n<p>Restaurant <em>La Ponetere<\/em> in Charron biedt een gevarieerd menu in een vriendelijke sfeer, direct aan de baai. Geniet van verse oesters, bouchotmosselen of mosselen met een glas lokale witte wijn. De zeevruchten uit de regio staan bekend om hun<br>versheid en delicate smaak, waardoor het een culinaire ervaring is die je niet mag missen.<\/p>\n<\/div><figure class=\"wp-block-media-text__media\"><img loading=\"lazy\" decoding=\"async\" width=\"1000\" height=\"667\" src=\"https:\/\/camping-lapinede.net\/wp-content\/uploads\/2023\/08\/pointe-aiguillon-table-DSC_2565.jpg\" alt=\"lunch bij de baai van l'auiguillon\" class=\"wp-image-669 size-full\" srcset=\"https:\/\/camping-lapinede.net\/wp-content\/uploads\/2023\/08\/pointe-aiguillon-table-DSC_2565.jpg 1000w, https:\/\/camping-lapinede.net\/wp-content\/uploads\/2023\/08\/pointe-aiguillon-table-DSC_2565-300x200.jpg 300w, https:\/\/camping-lapinede.net\/wp-content\/uploads\/2023\/08\/pointe-aiguillon-table-DSC_2565-768x512.jpg 768w\" sizes=\"auto, (max-width: 1000px) 100vw, 1000px\" \/><\/figure><\/div>\n\n\n\n<div class=\"wp-block-group is-layout-constrained wp-block-group-is-layout-constrained\" style=\"margin-top:var(--wp--preset--spacing--60);margin-bottom:var(--wp--preset--spacing--60)\">\n<figure class=\"wp-block-image aligncenter size-full is-resized\"><img loading=\"lazy\" decoding=\"async\" src=\"https:\/\/camping-lapinede.net\/wp-content\/uploads\/2023\/06\/vague-1.png\" alt=\"camping aan de Pointe d'Ar\u00e7ay aan zee\" class=\"wp-image-173\" width=\"90\" height=\"17\" srcset=\"https:\/\/camping-lapinede.net\/wp-content\/uploads\/2023\/06\/vague-1.png 360w, https:\/\/camping-lapinede.net\/wp-content\/uploads\/2023\/06\/vague-1-300x57.png 300w\" sizes=\"auto, (max-width: 90px) 100vw, 90px\" \/><\/figure>\n<\/div>\n\n\n\n<div class=\"wp-block-media-text alignwide is-stacked-on-mobile is-image-fill\"><figure class=\"wp-block-media-text__media\" style=\"background-image:url(https:\/\/camping-lapinede.net\/wp-content\/uploads\/2023\/08\/l-aiguillon-sur-mer-photo-aerienne-12_1.jpg);background-position:50% 50%\"><img loading=\"lazy\" decoding=\"async\" width=\"1000\" height=\"569\" src=\"https:\/\/camping-lapinede.net\/wp-content\/uploads\/2023\/08\/l-aiguillon-sur-mer-photo-aerienne-12_1.jpg\" alt=\"een wandeling in het hart van de baai van aiguillon\" class=\"wp-image-670 size-full\" srcset=\"https:\/\/camping-lapinede.net\/wp-content\/uploads\/2023\/08\/l-aiguillon-sur-mer-photo-aerienne-12_1.jpg 1000w, https:\/\/camping-lapinede.net\/wp-content\/uploads\/2023\/08\/l-aiguillon-sur-mer-photo-aerienne-12_1-300x171.jpg 300w, https:\/\/camping-lapinede.net\/wp-content\/uploads\/2023\/08\/l-aiguillon-sur-mer-photo-aerienne-12_1-768x437.jpg 768w\" sizes=\"auto, (max-width: 1000px) 100vw, 1000px\" \/><\/figure><div class=\"wp-block-media-text__content\">\n<h2 class=\"wp-block-heading\">Een wandeling om de schoonheid van de baai te ontdekken<\/h2>\n\n\n\n<p>Na een heerlijke lunch ga je naar <strong>de kwelders van de baai<\/strong>. De Baie de l&#8217;Aiguillon heeft een grote verscheidenheid aan landschappen: kwelders, de oevers van de S\u00e8vre Niortaise, duinen en kiezelstroken aan de kop van de baai. Je zult versteld staan van de<br>schoonheid om te bewonderen.<\/p>\n\n\n\n<p>Huur een fiets en verken de zoutpannen die grenzen aan de Baie de l&#8217;Aiguillon. Fiets over de rustige paden en bewonder de immense wadvlakten. De Baie de l&#8217;Aiguillon biedt een aantal bewegwijzerde routes voor fietsers, wandelaars en zelfs ruiters!<\/p>\n\n\n\n<p class=\"has-white-color has-text-color has-background\" style=\"background-color:#2d66537a\">Vergeet niet een fles water mee te nemen om de hele dag gehydrateerd te blijven.<\/p>\n\n\n\n<p>Terwijl je de Baie de l&#8217;Aiguillon doorkruist, kun je meer te weten komen over de oester- en mosselkweek terwijl je de relaisstations en oesterbanken passeert. Je kunt ook de unieke flora bewonderen die in deze zoute omgevingen gedijt.<\/p>\n\n\n\n<p>Als je langs de zeedijk naar de Pointe de la Baie de l&#8217;Aiguillon loopt, word je getrakteerd op een buitengewoon uitzicht op de Port du Pav\u00e9 de Charron. Maak zeker een wandeling langs de kust om de zachte zeebries over je gezicht te voelen terwijl je dit<strong> uitzonderlijke landschap<\/strong> in je opneemt.<\/p>\n<\/div><\/div>\n\n\n\n<div class=\"wp-block-group is-layout-constrained wp-block-group-is-layout-constrained\" style=\"margin-top:var(--wp--preset--spacing--60);margin-bottom:var(--wp--preset--spacing--60)\">\n<figure class=\"wp-block-image aligncenter size-full is-resized\"><img loading=\"lazy\" decoding=\"async\" src=\"https:\/\/camping-lapinede.net\/wp-content\/uploads\/2023\/06\/vague-1.png\" alt=\"camping aan de Pointe d'Ar\u00e7ay aan zee\" class=\"wp-image-173\" width=\"90\" height=\"17\" srcset=\"https:\/\/camping-lapinede.net\/wp-content\/uploads\/2023\/06\/vague-1.png 360w, https:\/\/camping-lapinede.net\/wp-content\/uploads\/2023\/06\/vague-1-300x57.png 300w\" sizes=\"auto, (max-width: 90px) 100vw, 90px\" \/><\/figure>\n<\/div>\n\n\n\n<div class=\"wp-block-media-text alignwide has-media-on-the-right is-stacked-on-mobile\"><div class=\"wp-block-media-text__content\">\n<h2 class=\"wp-block-heading\">Bezoek aan een pittoresk dorpje<\/h2>\n\n\n\n<p>Aan het eind van de middag verken je het erfgoed en <a href=\"https:\/\/camping-lapinede.net\/index.php\/les-plages\/\" data-type=\"page\" data-id=\"437\">de stranden<\/a> van de regio op weg naar L&#8217;Aiguillon-sur-Mer. Deze kleine gemeenschap wordt begrensd door prachtige zandstranden met turkoois water.  <\/p>\n\n\n\n<h2 class=\"wp-block-heading\">Een speciale avond in de Baie de l&#8217;Aiguillon<\/h2>\n\n\n\n<p>Om deze onvergetelijke dag te laten duren, reserveer je een tafel in een van de gerenommeerde restaurants van L&#8217;Aiguillon-sur-Mer. De Baie de l&#8217;Aiguillon staat bekend om zijn <strong>verfijnde keuken<\/strong> op basis van lokale producten. Laat je verleiden door creatieve gerechten op basis van verse vis, seizoensgroenten en lokale producten. Combineer je maaltijd met een lokale wijn en geniet van elke hap in een warme, elegante sfeer.<\/p>\n\n\n\n<p>En als je blijft om <strong>de zonsondergang te bewonderen<\/strong>&#8230; Wandel langs de waterkant naar de <strong>liefdeshaven Pointe d&#8217;Ar\u00e7ay<\/strong>. Een verjongende en romantische omgeving om deze unieke dag af te ronden.<\/p>\n<\/div><figure class=\"wp-block-media-text__media\"><img loading=\"lazy\" decoding=\"async\" width=\"1000\" height=\"751\" src=\"https:\/\/camping-lapinede.net\/wp-content\/uploads\/2023\/08\/Pointe-de-l-aiguillon-sur-mer-P1160298-3-1.jpg\" alt=\"zonsondergang over de baai van l'aiguillon in de Vend\u00e9e\" class=\"wp-image-671 size-full\" srcset=\"https:\/\/camping-lapinede.net\/wp-content\/uploads\/2023\/08\/Pointe-de-l-aiguillon-sur-mer-P1160298-3-1.jpg 1000w, https:\/\/camping-lapinede.net\/wp-content\/uploads\/2023\/08\/Pointe-de-l-aiguillon-sur-mer-P1160298-3-1-300x225.jpg 300w, https:\/\/camping-lapinede.net\/wp-content\/uploads\/2023\/08\/Pointe-de-l-aiguillon-sur-mer-P1160298-3-1-768x577.jpg 768w\" sizes=\"auto, (max-width: 1000px) 100vw, 1000px\" \/><\/figure><\/div>\n\n\n<div class=\"wp-block-sev-diaporama alignfull\">\t\t\t<div id=\"sevgallery-3552920074\" class=\"sev-diaporama sev-diaporama-portfolio\">\r\n\t\t\t<div class=\"row\">\r\n\r\n\t\t\t\r\n\t\t\t\t\r\n\t\t\t\t<div class=\"sev-diaporama-portfolio-item col-12 col-sm  col-grow\">\r\n\r\n\t\t\t\t\t\t\t\t\t\t<a href=\"https:\/\/camping-lapinede.net\/wp-content\/uploads\/2023\/08\/Pointe-de-l-aiguillon-sur-mer-P1160298-3-2.jpg\" data-lightbox=\"sevgallery-3552920074\" style=\"background-image: url(https:\/\/camping-lapinede.net\/wp-content\/uploads\/2023\/08\/Pointe-de-l-aiguillon-sur-mer-P1160298-3-2.jpg)\">\r\n\t\t\t\t\t\t\t\t\t\t\t<img decoding=\"async\" src=\"https:\/\/camping-lapinede.net\/wp-content\/uploads\/2023\/08\/Pointe-de-l-aiguillon-sur-mer-P1160298-3-2.jpg\" alt=\"\" loading=\"lazy\">\r\n\t\t\t\t\t\t\t\t\t\t<\/a>\r\n\t\t\t\t\t\t\t\t\t<\/div>\r\n\r\n\t\t\t\t\r\n\t\t\t\t\t\t\t\t\t\t\t\r\n\t\t\t\t\r\n\t\t\t\t<div class=\"sev-diaporama-portfolio-item col-12 col-sm  col-grow\">\r\n\r\n\t\t\t\t\t\t\t\t\t\t<a href=\"https:\/\/camping-lapinede.net\/wp-content\/uploads\/2023\/08\/pointe-aiguillon-table-DSC_2565-1.jpg\" data-lightbox=\"sevgallery-3552920074\" style=\"background-image: url(https:\/\/camping-lapinede.net\/wp-content\/uploads\/2023\/08\/pointe-aiguillon-table-DSC_2565-1.jpg)\">\r\n\t\t\t\t\t\t\t\t\t\t\t<img decoding=\"async\" src=\"https:\/\/camping-lapinede.net\/wp-content\/uploads\/2023\/08\/pointe-aiguillon-table-DSC_2565-1.jpg\" alt=\"\" loading=\"lazy\">\r\n\t\t\t\t\t\t\t\t\t\t<\/a>\r\n\t\t\t\t\t\t\t\t\t<\/div>\r\n\r\n\t\t\t\t\r\n\t\t\t\t\t\t\t\t\t\t\t\r\n\t\t\t\t\r\n\t\t\t\t<div class=\"sev-diaporama-portfolio-item col-12 col-sm  col-shrink\">\r\n\r\n\t\t\t\t\t\t\t\t\t\t<a href=\"https:\/\/camping-lapinede.net\/wp-content\/uploads\/2023\/08\/l-aiguillon-sur-mer-photo-aerienne-12.jpg\" data-lightbox=\"sevgallery-3552920074\" style=\"background-image: url(https:\/\/camping-lapinede.net\/wp-content\/uploads\/2023\/08\/l-aiguillon-sur-mer-photo-aerienne-12.jpg)\">\r\n\t\t\t\t\t\t\t\t\t\t\t<img decoding=\"async\" src=\"https:\/\/camping-lapinede.net\/wp-content\/uploads\/2023\/08\/l-aiguillon-sur-mer-photo-aerienne-12.jpg\" alt=\"\" loading=\"lazy\">\r\n\t\t\t\t\t\t\t\t\t\t<\/a>\r\n\t\t\t\t\t\t\t\t\t<\/div>\r\n\r\n\t\t\t\t\r\n\t\t\t\t\t\t\t\t\t\t\t\r\n\t\t\t\t\r\n\t\t\t\t<div class=\"sev-diaporama-portfolio-item col-12 col-sm  col-grow\">\r\n\r\n\t\t\t\t\t\t\t\t\t\t<a href=\"https:\/\/camping-lapinede.net\/wp-content\/uploads\/2023\/08\/Laiguillon-sur-Mer-lapointe-DSC_8681.jpg\" data-lightbox=\"sevgallery-3552920074\" style=\"background-image: url(https:\/\/camping-lapinede.net\/wp-content\/uploads\/2023\/08\/Laiguillon-sur-Mer-lapointe-DSC_8681.jpg)\">\r\n\t\t\t\t\t\t\t\t\t\t\t<img decoding=\"async\" src=\"https:\/\/camping-lapinede.net\/wp-content\/uploads\/2023\/08\/Laiguillon-sur-Mer-lapointe-DSC_8681.jpg\" alt=\"\" loading=\"lazy\">\r\n\t\t\t\t\t\t\t\t\t\t<\/a>\r\n\t\t\t\t\t\t\t\t\t<\/div>\r\n\r\n\t\t\t\t\t\t\t\t\t<div class=\"w-100\"><\/div>\r\n\t\t\t\t\t\t\t\t\t\r\n\t\t\t\t\t\t\t\t\t\t\t\r\n\t\t\t\t\r\n\t\t\t\t<div class=\"sev-diaporama-portfolio-item col-12 col-sm  col-shrink\">\r\n\r\n\t\t\t\t\t\t\t\t\t\t<a href=\"https:\/\/camping-lapinede.net\/wp-content\/uploads\/2023\/08\/Gravelot-a-collier-interompu-DSC_4150.jpg\" data-lightbox=\"sevgallery-3552920074\" style=\"background-image: url(https:\/\/camping-lapinede.net\/wp-content\/uploads\/2023\/08\/Gravelot-a-collier-interompu-DSC_4150.jpg)\">\r\n\t\t\t\t\t\t\t\t\t\t\t<img decoding=\"async\" src=\"https:\/\/camping-lapinede.net\/wp-content\/uploads\/2023\/08\/Gravelot-a-collier-interompu-DSC_4150.jpg\" alt=\"\" loading=\"lazy\">\r\n\t\t\t\t\t\t\t\t\t\t<\/a>\r\n\t\t\t\t\t\t\t\t\t<\/div>\r\n\r\n\t\t\t\t\r\n\t\t\t\t\t\t\t\t\t\t\t\r\n\t\t\t\t\r\n\t\t\t\t<div class=\"sev-diaporama-portfolio-item col-12 col-sm \">\r\n\r\n\t\t\t\t\t\t\t\t\t\t<a href=\"https:\/\/camping-lapinede.net\/wp-content\/uploads\/2023\/08\/extreme-pointe-aiguillon-DSC_2743.jpg\" data-lightbox=\"sevgallery-3552920074\" style=\"background-image: url(https:\/\/camping-lapinede.net\/wp-content\/uploads\/2023\/08\/extreme-pointe-aiguillon-DSC_2743.jpg)\">\r\n\t\t\t\t\t\t\t\t\t\t\t<img decoding=\"async\" src=\"https:\/\/camping-lapinede.net\/wp-content\/uploads\/2023\/08\/extreme-pointe-aiguillon-DSC_2743.jpg\" alt=\"\" loading=\"lazy\">\r\n\t\t\t\t\t\t\t\t\t\t<\/a>\r\n\t\t\t\t\t\t\t\t\t<\/div>\r\n\r\n\t\t\t\t\r\n\t\t\t\t\t\t\t\t\t\t\t\r\n\t\t\t\t\r\n\t\t\t\t<div class=\"sev-diaporama-portfolio-item col-12 col-sm  col-shrink\">\r\n\r\n\t\t\t\t\t\t\t\t\t\t<a href=\"https:\/\/camping-lapinede.net\/wp-content\/uploads\/2023\/08\/Busard-cendre-DSC_9436-1.jpg\" data-lightbox=\"sevgallery-3552920074\" style=\"background-image: url(https:\/\/camping-lapinede.net\/wp-content\/uploads\/2023\/08\/Busard-cendre-DSC_9436-1.jpg)\">\r\n\t\t\t\t\t\t\t\t\t\t\t<img decoding=\"async\" src=\"https:\/\/camping-lapinede.net\/wp-content\/uploads\/2023\/08\/Busard-cendre-DSC_9436-1.jpg\" alt=\"\" loading=\"lazy\">\r\n\t\t\t\t\t\t\t\t\t\t<\/a>\r\n\t\t\t\t\t\t\t\t\t<\/div>\r\n\r\n\t\t\t\t\r\n\t\t\t\t\t\t\t\t\t\t\t\r\n\t\t\t\t\r\n\t\t\t\t<div class=\"sev-diaporama-portfolio-item col-12 col-sm  col-shrink\">\r\n\r\n\t\t\t\t\t\t\t\t\t\t<a href=\"https:\/\/camping-lapinede.net\/wp-content\/uploads\/2023\/10\/1a9f9931-a79c-407e-a08e-0a899c4d28bb.jpg\" data-lightbox=\"sevgallery-3552920074\" style=\"background-image: url(https:\/\/camping-lapinede.net\/wp-content\/uploads\/2023\/10\/1a9f9931-a79c-407e-a08e-0a899c4d28bb.jpg)\">\r\n\t\t\t\t\t\t\t\t\t\t\t<img decoding=\"async\" src=\"https:\/\/camping-lapinede.net\/wp-content\/uploads\/2023\/10\/1a9f9931-a79c-407e-a08e-0a899c4d28bb.jpg\" alt=\"\" loading=\"lazy\">\r\n\t\t\t\t\t\t\t\t\t\t<\/a>\r\n\t\t\t\t\t\t\t\t\t<\/div>\r\n\r\n\t\t\t\t\t\t\t\t\t<div class=\"w-100\"><\/div>\r\n\t\t\t\t\t\t\t\t\t\r\n\t\t\t\t\t\t\t\t\t\t\t\r\n\t\t\t\t\r\n\t\t\t\t<div class=\"sev-diaporama-portfolio-item col-12 col-sm \">\r\n\r\n\t\t\t\t\t\t\t\t\t\t<a href=\"https:\/\/camping-lapinede.net\/wp-content\/uploads\/2023\/10\/2b7cbcf3-75d1-49b4-b422-0749a21fad11.jpg\" data-lightbox=\"sevgallery-3552920074\" style=\"background-image: url(https:\/\/camping-lapinede.net\/wp-content\/uploads\/2023\/10\/2b7cbcf3-75d1-49b4-b422-0749a21fad11.jpg)\">\r\n\t\t\t\t\t\t\t\t\t\t\t<img decoding=\"async\" src=\"https:\/\/camping-lapinede.net\/wp-content\/uploads\/2023\/10\/2b7cbcf3-75d1-49b4-b422-0749a21fad11.jpg\" alt=\"\" loading=\"lazy\">\r\n\t\t\t\t\t\t\t\t\t\t<\/a>\r\n\t\t\t\t\t\t\t\t\t<\/div>\r\n\r\n\t\t\t\t\r\n\t\t\t\t\t\t\t\t\t\t\t\r\n\t\t\t\t\r\n\t\t\t\t<div class=\"sev-diaporama-portfolio-item col-12 col-sm  col-grow\">\r\n\r\n\t\t\t\t\t\t\t\t\t\t<a href=\"https:\/\/camping-lapinede.net\/wp-content\/uploads\/2023\/10\/6fc4f3a7-97be-446b-ae6f-e86aa41ede19.jpg\" data-lightbox=\"sevgallery-3552920074\" style=\"background-image: url(https:\/\/camping-lapinede.net\/wp-content\/uploads\/2023\/10\/6fc4f3a7-97be-446b-ae6f-e86aa41ede19.jpg)\">\r\n\t\t\t\t\t\t\t\t\t\t\t<img decoding=\"async\" src=\"https:\/\/camping-lapinede.net\/wp-content\/uploads\/2023\/10\/6fc4f3a7-97be-446b-ae6f-e86aa41ede19.jpg\" alt=\"\" loading=\"lazy\">\r\n\t\t\t\t\t\t\t\t\t\t<\/a>\r\n\t\t\t\t\t\t\t\t\t<\/div>\r\n\r\n\t\t\t\t\r\n\t\t\t\t\t\t\t\t\t\t\t\r\n\t\t\t\t\r\n\t\t\t\t<div class=\"sev-diaporama-portfolio-item col-12 col-sm  col-shrink\">\r\n\r\n\t\t\t\t\t\t\t\t\t\t<a href=\"https:\/\/camping-lapinede.net\/wp-content\/uploads\/2023\/10\/58aa7f35-0c1d-42e1-851e-6bc9f746bdb7.jpg\" data-lightbox=\"sevgallery-3552920074\" style=\"background-image: url(https:\/\/camping-lapinede.net\/wp-content\/uploads\/2023\/10\/58aa7f35-0c1d-42e1-851e-6bc9f746bdb7.jpg)\">\r\n\t\t\t\t\t\t\t\t\t\t\t<img decoding=\"async\" src=\"https:\/\/camping-lapinede.net\/wp-content\/uploads\/2023\/10\/58aa7f35-0c1d-42e1-851e-6bc9f746bdb7.jpg\" alt=\"\" loading=\"lazy\">\r\n\t\t\t\t\t\t\t\t\t\t<\/a>\r\n\t\t\t\t\t\t\t\t\t<\/div>\r\n\r\n\t\t\t\t\r\n\t\t\t\t\t\t\t\t\t\t\t\r\n\t\t\t\t\r\n\t\t\t\t<div class=\"sev-diaporama-portfolio-item col-12 col-sm  col-shrink\">\r\n\r\n\t\t\t\t\t\t\t\t\t\t<a href=\"https:\/\/camping-lapinede.net\/wp-content\/uploads\/2023\/10\/211dc09e-0f28-4507-9ee2-65a5bb4662ef.jpg\" data-lightbox=\"sevgallery-3552920074\" style=\"background-image: url(https:\/\/camping-lapinede.net\/wp-content\/uploads\/2023\/10\/211dc09e-0f28-4507-9ee2-65a5bb4662ef.jpg)\">\r\n\t\t\t\t\t\t\t\t\t\t\t<img decoding=\"async\" src=\"https:\/\/camping-lapinede.net\/wp-content\/uploads\/2023\/10\/211dc09e-0f28-4507-9ee2-65a5bb4662ef.jpg\" alt=\"\" loading=\"lazy\">\r\n\t\t\t\t\t\t\t\t\t\t<\/a>\r\n\t\t\t\t\t\t\t\t\t<\/div>\r\n\r\n\t\t\t\t\t\t\t\t\t<div class=\"w-100\"><\/div>\r\n\t\t\t\t\t\t\t\t\t\r\n\t\t\t\t\t\t\t\t\t\t\t\t\t\t<\/div>\r\n\t\t\t<\/div>\r\n\r\n\t\t\t<script>\r\n\t\t\tjQuery(function($) {\r\n\r\n\t\t\t\tvar marginPortfolio = function() {\r\n\r\n\t\t\t\t\tvar $diapo          = $('#sevgallery-3552920074');\r\n\t\t\t\t\tvar container_width = $diapo.parent().outerWidth();\r\n\t\t\t\t\tvar side            = ( $(window).innerWidth() - container_width ) \/ 2;\r\n\r\n\t\t\t\t\t$diapo.css( {\r\n\t\t\t\t\t\t'margin-left': '-' + side + 'px',\r\n\t\t\t\t\t\t'margin-right': '-' + side + 'px',\r\n\t\t\t\t\t} );\r\n\t\t\t\t};\r\n\r\n\t\t\t\t$( window ).resize( function() {\r\n\t\t\t\t\tmarginPortfolio();\r\n\t\t\t\t} );\r\n\t\t\t\tmarginPortfolio();\r\n\t\t\t});\r\n\t\t\t<\/script>\r\n\t\t\t<\/div>","protected":false},"excerpt":{"rendered":"<p>Een dag de Baie de l&#8217;Aiguillon in de Vend\u00e9e verkennen 1 dag De Baie de l&#8217;Aiguillon in de Vend\u00e9e ligt aan de westkust van Frankrijk en is een echt natuurjuweeltje met een adembenemend landschap en een uitzonderlijke flora en fauna. Onthoud: Om optimaal van dit uitzonderlijke gebied te genieten, moet je goede sportschoenen en een [&hellip;]<\/p>\n","protected":false},"author":1,"featured_media":0,"parent":0,"menu_order":0,"comment_status":"closed","ping_status":"closed","template":"","meta":{"_seopress_robots_primary_cat":"","_seopress_titles_title":"Ontdek de Baie de l'Aiguillon in de buurt van de camping","_seopress_titles_desc":"Vertrek voor een onvergetelijke dag in het hart van de ongerepte natuur. Een ontspannende bubbel die je goed zal doen.  ","_seopress_robots_index":"","footnotes":""},"class_list":["post-1988","page","type-page","status-publish","hentry"],"_links":{"self":[{"href":"https:\/\/camping-lapinede.net\/nl\/wp-json\/wp\/v2\/pages\/1988","targetHints":{"allow":["GET"]}}],"collection":[{"href":"https:\/\/camping-lapinede.net\/nl\/wp-json\/wp\/v2\/pages"}],"about":[{"href":"https:\/\/camping-lapinede.net\/nl\/wp-json\/wp\/v2\/types\/page"}],"author":[{"embeddable":true,"href":"https:\/\/camping-lapinede.net\/nl\/wp-json\/wp\/v2\/users\/1"}],"replies":[{"embeddable":true,"href":"https:\/\/camping-lapinede.net\/nl\/wp-json\/wp\/v2\/comments?post=1988"}],"version-history":[{"count":0,"href":"https:\/\/camping-lapinede.net\/nl\/wp-json\/wp\/v2\/pages\/1988\/revisions"}],"wp:attachment":[{"href":"https:\/\/camping-lapinede.net\/nl\/wp-json\/wp\/v2\/media?parent=1988"}],"curies":[{"name":"wp","href":"https:\/\/api.w.org\/{rel}","templated":true}]}}