{"id":1987,"date":"2023-06-15T16:12:18","date_gmt":"2023-06-15T14:12:18","guid":{"rendered":"https:\/\/camping-lapinede.net\/natuur\/wandel-en-fietstochten\/"},"modified":"2023-06-15T16:12:18","modified_gmt":"2023-06-15T14:12:18","slug":"wandel-en-fietstochten","status":"publish","type":"page","link":"https:\/\/camping-lapinede.net\/nl\/natuur\/wandel-en-fietstochten\/","title":{"rendered":"Wandel- en fietstochten"},"content":{"rendered":"\n<h1 class=\"wp-block-heading alignwide\">Wandel- en fietstochten<\/h1>\n\n\n\n<h2 class=\"wp-block-heading alignwide\">Jouw natuurvakantie op Camping La Pin\u00e8de*** in Vend\u00e9e<\/h2>\n\n\n\n<div class=\"wp-block-group alignwide is-content-justification-left is-layout-constrained wp-container-core-group-is-layout-12dd3699 wp-block-group-is-layout-constrained\">\n<p>Als je van <strong>wandelen, fietsen<\/strong> en het buitenleven houdt, trek er dan op uit om de prachtige kustlijn van de Vend\u00e9e, de <strong>prachtige duinen en stranden<\/strong> en het achterland te ontdekken tijdens een fiets- of wandeltocht. Camping La Pin\u00e8de*** ligt tussen de natuur en de oceaan en is een prima vertrekpunt voor sportieve en gezinswandelingen.<\/p>\n<\/div>\n\n\n\n<div class=\"wp-block-group alignwide is-layout-constrained wp-block-group-is-layout-constrained\" style=\"margin-top:var(--wp--preset--spacing--60);margin-bottom:var(--wp--preset--spacing--60)\">\n<div class=\"wp-block-media-text alignwide is-stacked-on-mobile is-image-fill\"><figure class=\"wp-block-media-text__media\" style=\"background-image:url(https:\/\/camping-lapinede.net\/wp-content\/uploads\/2023\/09\/d27b2b69-6643-4e7b-a154-223386e13ddc-1.jpg);background-position:50% 50%\"><img loading=\"lazy\" decoding=\"async\" width=\"1000\" height=\"750\" src=\"https:\/\/camping-lapinede.net\/wp-content\/uploads\/2023\/09\/d27b2b69-6643-4e7b-a154-223386e13ddc-1.jpg\" alt=\"wandeling op het strand\" class=\"wp-image-950 size-full\" srcset=\"https:\/\/camping-lapinede.net\/wp-content\/uploads\/2023\/09\/d27b2b69-6643-4e7b-a154-223386e13ddc-1.jpg 1000w, https:\/\/camping-lapinede.net\/wp-content\/uploads\/2023\/09\/d27b2b69-6643-4e7b-a154-223386e13ddc-1-300x225.jpg 300w, https:\/\/camping-lapinede.net\/wp-content\/uploads\/2023\/09\/d27b2b69-6643-4e7b-a154-223386e13ddc-1-768x576.jpg 768w\" sizes=\"auto, (max-width: 1000px) 100vw, 1000px\" \/><\/figure><div class=\"wp-block-media-text__content\">\n<p>De <strong>badplaats La Faute sur<\/strong> Mer is ideaal gelegen voor een groot aantal fiets- en wandelroutes om de Vend\u00e9e te ontdekken. Ga naar het Marais Poitevin, wandel langs de oevers van de Lay of ontdek de stranden van de Vend\u00e9e, en al je dromen om uitzonderlijke landschappen te ontdekken zullen uitkomen!<\/p>\n\n\n\n<p>Er zijn niet minder dan 13 kilometer aan wandelpaden rond de badplaats La Faute sur Mer om het schiereiland en zijn vele landschappen te ontdekken: dennenbossen, duinen, stranden, de lagune van Belle Henriette, maar ook het weelderige nationale bos en zijn rijkdom aan flora en fauna. Er zijn veel fietsroutes om veilig te fietsen. Vertrek op je eigen tempo op de fiets om onze prachtige zuidelijke Vend\u00e9e te ontdekken!<\/p>\n\n\n\n<div class=\"wp-block-group has-background is-layout-constrained wp-container-core-group-is-layout-301020a0 wp-block-group-is-layout-constrained\" style=\"background-color:#2d66537a;padding-top:var(--wp--preset--spacing--50);padding-right:var(--wp--preset--spacing--50);padding-bottom:var(--wp--preset--spacing--50);padding-left:var(--wp--preset--spacing--50)\">\n<p class=\"has-white-color has-text-color\">Als je geen eigen materiaal hebt, hoef je je geen zorgen te maken, ga gewoon naar de fiets- en rosalieverhuurbedrijven in de buurt van Camping La Pin\u00e8de*** :<\/p>\n\n\n\n<ul class=\"has-white-color has-text-color wp-block-list\">\n<li><em>Loca Cycles<\/em>, 3 route de La Tranche &#8211; La Faute Sur Mer &#8211; Tel: 02 51 27 14 73<\/li>\n<\/ul>\n<\/div>\n\n\n\n<p>Breng je vakantie in alle rust door op Camping La Pin\u00e8de*** in La Faute sur Mer en verken de <strong>prachtige landschappen<\/strong> van de zuidelijke Vend\u00e9e te voet of op de fiets.<\/p>\n<\/div><\/div>\n<\/div>\n\n\n<div class=\"wp-block-sev-diaporama alignfull\">\t\t\t<div id=\"sevgallery-3502771406\" class=\"sev-diaporama sev-diaporama-portfolio\">\r\n\t\t\t<div class=\"row\">\r\n\r\n\t\t\t\r\n\t\t\t\t\r\n\t\t\t\t<div class=\"sev-diaporama-portfolio-item col-12 col-sm \">\r\n\r\n\t\t\t\t\t\t\t\t\t\t<a href=\"https:\/\/camping-lapinede.net\/wp-content\/uploads\/2023\/09\/IMG_0554-1.jpg\" data-lightbox=\"sevgallery-3502771406\" style=\"background-image: url(https:\/\/camping-lapinede.net\/wp-content\/uploads\/2023\/09\/IMG_0554-1.jpg)\">\r\n\t\t\t\t\t\t\t\t\t\t\t<img decoding=\"async\" src=\"https:\/\/camping-lapinede.net\/wp-content\/uploads\/2023\/09\/IMG_0554-1.jpg\" alt=\"\" loading=\"lazy\">\r\n\t\t\t\t\t\t\t\t\t\t<\/a>\r\n\t\t\t\t\t\t\t\t\t<\/div>\r\n\r\n\t\t\t\t\r\n\t\t\t\t\t\t\t\t\t\t\t\r\n\t\t\t\t\r\n\t\t\t\t<div class=\"sev-diaporama-portfolio-item col-12 col-sm \">\r\n\r\n\t\t\t\t\t\t\t\t\t\t<a href=\"https:\/\/camping-lapinede.net\/wp-content\/uploads\/2023\/09\/Boulevard-de-la-Foret-1.jpg\" data-lightbox=\"sevgallery-3502771406\" style=\"background-image: url(https:\/\/camping-lapinede.net\/wp-content\/uploads\/2023\/09\/Boulevard-de-la-Foret-1.jpg)\">\r\n\t\t\t\t\t\t\t\t\t\t\t<img decoding=\"async\" src=\"https:\/\/camping-lapinede.net\/wp-content\/uploads\/2023\/09\/Boulevard-de-la-Foret-1.jpg\" alt=\"\" loading=\"lazy\">\r\n\t\t\t\t\t\t\t\t\t\t<\/a>\r\n\t\t\t\t\t\t\t\t\t<\/div>\r\n\r\n\t\t\t\t\r\n\t\t\t\t\t\t\t\t\t\t\t\r\n\t\t\t\t\r\n\t\t\t\t<div class=\"sev-diaporama-portfolio-item col-12 col-sm  col-grow\">\r\n\r\n\t\t\t\t\t\t\t\t\t\t<a href=\"https:\/\/camping-lapinede.net\/wp-content\/uploads\/2023\/06\/Velo-Saint-Gilles-IMG_1173.jpg\" data-lightbox=\"sevgallery-3502771406\" style=\"background-image: url(https:\/\/camping-lapinede.net\/wp-content\/uploads\/2023\/06\/Velo-Saint-Gilles-IMG_1173.jpg)\">\r\n\t\t\t\t\t\t\t\t\t\t\t<img decoding=\"async\" src=\"https:\/\/camping-lapinede.net\/wp-content\/uploads\/2023\/06\/Velo-Saint-Gilles-IMG_1173.jpg\" alt=\"\" loading=\"lazy\">\r\n\t\t\t\t\t\t\t\t\t\t<\/a>\r\n\t\t\t\t\t\t\t\t\t<\/div>\r\n\r\n\t\t\t\t\r\n\t\t\t\t\t\t\t\t\t\t\t\r\n\t\t\t\t\r\n\t\t\t\t<div class=\"sev-diaporama-portfolio-item col-12 col-sm  col-grow\">\r\n\r\n\t\t\t\t\t\t\t\t\t\t<a href=\"https:\/\/camping-lapinede.net\/wp-content\/uploads\/2023\/09\/2134e83c-0450-4e10-b5a4-a32d6aa039d6-1.jpg\" data-lightbox=\"sevgallery-3502771406\" style=\"background-image: url(https:\/\/camping-lapinede.net\/wp-content\/uploads\/2023\/09\/2134e83c-0450-4e10-b5a4-a32d6aa039d6-1.jpg)\">\r\n\t\t\t\t\t\t\t\t\t\t\t<img decoding=\"async\" src=\"https:\/\/camping-lapinede.net\/wp-content\/uploads\/2023\/09\/2134e83c-0450-4e10-b5a4-a32d6aa039d6-1.jpg\" alt=\"\" loading=\"lazy\">\r\n\t\t\t\t\t\t\t\t\t\t<\/a>\r\n\t\t\t\t\t\t\t\t\t<\/div>\r\n\r\n\t\t\t\t\t\t\t\t\t<div class=\"w-100\"><\/div>\r\n\t\t\t\t\t\t\t\t\t\r\n\t\t\t\t\t\t\t\t\t\t\t\r\n\t\t\t\t\r\n\t\t\t\t<div class=\"sev-diaporama-portfolio-item col-12 col-sm  col-shrink\">\r\n\r\n\t\t\t\t\t\t\t\t\t\t<a href=\"https:\/\/camping-lapinede.net\/wp-content\/uploads\/2023\/09\/d27b2b69-6643-4e7b-a154-223386e13ddc-1.jpg\" data-lightbox=\"sevgallery-3502771406\" style=\"background-image: url(https:\/\/camping-lapinede.net\/wp-content\/uploads\/2023\/09\/d27b2b69-6643-4e7b-a154-223386e13ddc-1.jpg)\">\r\n\t\t\t\t\t\t\t\t\t\t\t<img decoding=\"async\" src=\"https:\/\/camping-lapinede.net\/wp-content\/uploads\/2023\/09\/d27b2b69-6643-4e7b-a154-223386e13ddc-1.jpg\" alt=\"\" loading=\"lazy\">\r\n\t\t\t\t\t\t\t\t\t\t<\/a>\r\n\t\t\t\t\t\t\t\t\t<\/div>\r\n\r\n\t\t\t\t\r\n\t\t\t\t\t\t\t\t\t\t\t\r\n\t\t\t\t\r\n\t\t\t\t<div class=\"sev-diaporama-portfolio-item col-12 col-sm \">\r\n\r\n\t\t\t\t\t\t\t\t\t\t<a href=\"https:\/\/camping-lapinede.net\/wp-content\/uploads\/2023\/09\/6fc4f3a7-97be-446b-ae6f-e86aa41ede19.jpg\" data-lightbox=\"sevgallery-3502771406\" style=\"background-image: url(https:\/\/camping-lapinede.net\/wp-content\/uploads\/2023\/09\/6fc4f3a7-97be-446b-ae6f-e86aa41ede19.jpg)\">\r\n\t\t\t\t\t\t\t\t\t\t\t<img decoding=\"async\" src=\"https:\/\/camping-lapinede.net\/wp-content\/uploads\/2023\/09\/6fc4f3a7-97be-446b-ae6f-e86aa41ede19.jpg\" alt=\"\" loading=\"lazy\">\r\n\t\t\t\t\t\t\t\t\t\t<\/a>\r\n\t\t\t\t\t\t\t\t\t<\/div>\r\n\r\n\t\t\t\t\r\n\t\t\t\t\t\t\t\t\t\t\t\r\n\t\t\t\t\r\n\t\t\t\t<div class=\"sev-diaporama-portfolio-item col-12 col-sm \">\r\n\r\n\t\t\t\t\t\t\t\t\t\t<a href=\"https:\/\/camping-lapinede.net\/wp-content\/uploads\/2023\/09\/IMG_0555.jpg\" data-lightbox=\"sevgallery-3502771406\" style=\"background-image: url(https:\/\/camping-lapinede.net\/wp-content\/uploads\/2023\/09\/IMG_0555.jpg)\">\r\n\t\t\t\t\t\t\t\t\t\t\t<img decoding=\"async\" src=\"https:\/\/camping-lapinede.net\/wp-content\/uploads\/2023\/09\/IMG_0555.jpg\" alt=\"\" loading=\"lazy\">\r\n\t\t\t\t\t\t\t\t\t\t<\/a>\r\n\t\t\t\t\t\t\t\t\t<\/div>\r\n\r\n\t\t\t\t\r\n\t\t\t\t\t\t\t\t\t\t\t\r\n\t\t\t\t\r\n\t\t\t\t<div class=\"sev-diaporama-portfolio-item col-12 col-sm \">\r\n\r\n\t\t\t\t\t\t\t\t\t\t<a href=\"https:\/\/camping-lapinede.net\/wp-content\/uploads\/2023\/09\/IMG_5744.jpg\" data-lightbox=\"sevgallery-3502771406\" style=\"background-image: url(https:\/\/camping-lapinede.net\/wp-content\/uploads\/2023\/09\/IMG_5744.jpg)\">\r\n\t\t\t\t\t\t\t\t\t\t\t<img decoding=\"async\" src=\"https:\/\/camping-lapinede.net\/wp-content\/uploads\/2023\/09\/IMG_5744.jpg\" alt=\"\" loading=\"lazy\">\r\n\t\t\t\t\t\t\t\t\t\t<\/a>\r\n\t\t\t\t\t\t\t\t\t<\/div>\r\n\r\n\t\t\t\t\t\t\t\t\t<div class=\"w-100\"><\/div>\r\n\t\t\t\t\t\t\t\t\t\r\n\t\t\t\t\t\t\t\t\t\t\t\r\n\t\t\t\t\r\n\t\t\t\t<div class=\"sev-diaporama-portfolio-item col-12 col-sm \">\r\n\r\n\t\t\t\t\t\t\t\t\t\t<a href=\"https:\/\/camping-lapinede.net\/wp-content\/uploads\/2023\/09\/IMG_6112.jpg\" data-lightbox=\"sevgallery-3502771406\" style=\"background-image: url(https:\/\/camping-lapinede.net\/wp-content\/uploads\/2023\/09\/IMG_6112.jpg)\">\r\n\t\t\t\t\t\t\t\t\t\t\t<img decoding=\"async\" src=\"https:\/\/camping-lapinede.net\/wp-content\/uploads\/2023\/09\/IMG_6112.jpg\" alt=\"\" loading=\"lazy\">\r\n\t\t\t\t\t\t\t\t\t\t<\/a>\r\n\t\t\t\t\t\t\t\t\t<\/div>\r\n\r\n\t\t\t\t\r\n\t\t\t\t\t\t\t\t\t\t\t\r\n\t\t\t\t\r\n\t\t\t\t<div class=\"sev-diaporama-portfolio-item col-12 col-sm  col-shrink\">\r\n\r\n\t\t\t\t\t\t\t\t\t\t<a href=\"https:\/\/camping-lapinede.net\/wp-content\/uploads\/2023\/09\/P1012038.jpg\" data-lightbox=\"sevgallery-3502771406\" style=\"background-image: url(https:\/\/camping-lapinede.net\/wp-content\/uploads\/2023\/09\/P1012038.jpg)\">\r\n\t\t\t\t\t\t\t\t\t\t\t<img decoding=\"async\" src=\"https:\/\/camping-lapinede.net\/wp-content\/uploads\/2023\/09\/P1012038.jpg\" alt=\"\" loading=\"lazy\">\r\n\t\t\t\t\t\t\t\t\t\t<\/a>\r\n\t\t\t\t\t\t\t\t\t<\/div>\r\n\r\n\t\t\t\t\r\n\t\t\t\t\t\t\t\t\t\t\t\r\n\t\t\t\t\r\n\t\t\t\t<div class=\"sev-diaporama-portfolio-item col-12 col-sm \">\r\n\r\n\t\t\t\t\t\t\t\t\t\t<a href=\"https:\/\/camping-lapinede.net\/wp-content\/uploads\/2023\/09\/P1110837.jpg\" data-lightbox=\"sevgallery-3502771406\" style=\"background-image: url(https:\/\/camping-lapinede.net\/wp-content\/uploads\/2023\/09\/P1110837.jpg)\">\r\n\t\t\t\t\t\t\t\t\t\t\t<img decoding=\"async\" src=\"https:\/\/camping-lapinede.net\/wp-content\/uploads\/2023\/09\/P1110837.jpg\" alt=\"\" loading=\"lazy\">\r\n\t\t\t\t\t\t\t\t\t\t<\/a>\r\n\t\t\t\t\t\t\t\t\t<\/div>\r\n\r\n\t\t\t\t\r\n\t\t\t\t\t\t\t\t\t\t\t\r\n\t\t\t\t\r\n\t\t\t\t<div class=\"sev-diaporama-portfolio-item col-12 col-sm  col-grow\">\r\n\r\n\t\t\t\t\t\t\t\t\t\t<a href=\"https:\/\/camping-lapinede.net\/wp-content\/uploads\/2023\/09\/P1110838.jpg\" data-lightbox=\"sevgallery-3502771406\" style=\"background-image: url(https:\/\/camping-lapinede.net\/wp-content\/uploads\/2023\/09\/P1110838.jpg)\">\r\n\t\t\t\t\t\t\t\t\t\t\t<img decoding=\"async\" src=\"https:\/\/camping-lapinede.net\/wp-content\/uploads\/2023\/09\/P1110838.jpg\" alt=\"\" loading=\"lazy\">\r\n\t\t\t\t\t\t\t\t\t\t<\/a>\r\n\t\t\t\t\t\t\t\t\t<\/div>\r\n\r\n\t\t\t\t\t\t\t\t\t<div class=\"w-100\"><\/div>\r\n\t\t\t\t\t\t\t\t\t\r\n\t\t\t\t\t\t\t\t\t\t\t\r\n\t\t\t\t\r\n\t\t\t\t<div class=\"sev-diaporama-portfolio-item col-12 col-sm  col-shrink\">\r\n\r\n\t\t\t\t\t\t\t\t\t\t<a href=\"https:\/\/camping-lapinede.net\/wp-content\/uploads\/2023\/09\/P1110863.jpg\" data-lightbox=\"sevgallery-3502771406\" style=\"background-image: url(https:\/\/camping-lapinede.net\/wp-content\/uploads\/2023\/09\/P1110863.jpg)\">\r\n\t\t\t\t\t\t\t\t\t\t\t<img decoding=\"async\" src=\"https:\/\/camping-lapinede.net\/wp-content\/uploads\/2023\/09\/P1110863.jpg\" alt=\"\" loading=\"lazy\">\r\n\t\t\t\t\t\t\t\t\t\t<\/a>\r\n\t\t\t\t\t\t\t\t\t<\/div>\r\n\r\n\t\t\t\t\r\n\t\t\t\t\t\t\t\t\t\t\t\r\n\t\t\t\t\r\n\t\t\t\t<div class=\"sev-diaporama-portfolio-item col-12 col-sm  col-grow\">\r\n\r\n\t\t\t\t\t\t\t\t\t\t<a href=\"https:\/\/camping-lapinede.net\/wp-content\/uploads\/2023\/09\/P1110864.jpg\" data-lightbox=\"sevgallery-3502771406\" style=\"background-image: url(https:\/\/camping-lapinede.net\/wp-content\/uploads\/2023\/09\/P1110864.jpg)\">\r\n\t\t\t\t\t\t\t\t\t\t\t<img decoding=\"async\" src=\"https:\/\/camping-lapinede.net\/wp-content\/uploads\/2023\/09\/P1110864.jpg\" alt=\"\" loading=\"lazy\">\r\n\t\t\t\t\t\t\t\t\t\t<\/a>\r\n\t\t\t\t\t\t\t\t\t<\/div>\r\n\r\n\t\t\t\t\r\n\t\t\t\t\t\t\t\t\t\t\t\r\n\t\t\t\t\r\n\t\t\t\t<div class=\"sev-diaporama-portfolio-item col-12 col-sm  col-shrink\">\r\n\r\n\t\t\t\t\t\t\t\t\t\t<a href=\"https:\/\/camping-lapinede.net\/wp-content\/uploads\/2023\/09\/P1110870.jpg\" data-lightbox=\"sevgallery-3502771406\" style=\"background-image: url(https:\/\/camping-lapinede.net\/wp-content\/uploads\/2023\/09\/P1110870.jpg)\">\r\n\t\t\t\t\t\t\t\t\t\t\t<img decoding=\"async\" src=\"https:\/\/camping-lapinede.net\/wp-content\/uploads\/2023\/09\/P1110870.jpg\" alt=\"\" loading=\"lazy\">\r\n\t\t\t\t\t\t\t\t\t\t<\/a>\r\n\t\t\t\t\t\t\t\t\t<\/div>\r\n\r\n\t\t\t\t\r\n\t\t\t\t\t\t\t\t\t\t\t\t\t\t<\/div>\r\n\t\t\t<\/div>\r\n\r\n\t\t\t<script>\r\n\t\t\tjQuery(function($) {\r\n\r\n\t\t\t\tvar marginPortfolio = function() {\r\n\r\n\t\t\t\t\tvar $diapo          = $('#sevgallery-3502771406');\r\n\t\t\t\t\tvar container_width = $diapo.parent().outerWidth();\r\n\t\t\t\t\tvar side            = ( $(window).innerWidth() - container_width ) \/ 2;\r\n\r\n\t\t\t\t\t$diapo.css( {\r\n\t\t\t\t\t\t'margin-left': '-' + side + 'px',\r\n\t\t\t\t\t\t'margin-right': '-' + side + 'px',\r\n\t\t\t\t\t} );\r\n\t\t\t\t};\r\n\r\n\t\t\t\t$( window ).resize( function() {\r\n\t\t\t\t\tmarginPortfolio();\r\n\t\t\t\t} );\r\n\t\t\t\tmarginPortfolio();\r\n\t\t\t});\r\n\t\t\t<\/script>\r\n\t\t\t<\/div>","protected":false},"excerpt":{"rendered":"<p>Wandel- en fietstochten Jouw natuurvakantie op Camping La Pin\u00e8de*** in Vend\u00e9e Als je van wandelen, fietsen en het buitenleven houdt, trek er dan op uit om de prachtige kustlijn van de Vend\u00e9e, de prachtige duinen en stranden en het achterland te ontdekken tijdens een fiets- of wandeltocht. Camping La Pin\u00e8de*** ligt tussen de natuur en [&hellip;]<\/p>\n","protected":false},"author":1,"featured_media":0,"parent":1986,"menu_order":0,"comment_status":"closed","ping_status":"closed","template":"","meta":{"_seopress_robots_primary_cat":"","_seopress_titles_title":"Wandelingen en trektochten, te voet en met de fiets - Tourisme Vend\u00e9e","_seopress_titles_desc":"Je natuurvakantie op Camping La Pin\u00e8de*** in de Vend\u00e9e, wandelingen en fietstochten.  ","_seopress_robots_index":"","footnotes":""},"class_list":["post-1987","page","type-page","status-publish","hentry"],"_links":{"self":[{"href":"https:\/\/camping-lapinede.net\/nl\/wp-json\/wp\/v2\/pages\/1987","targetHints":{"allow":["GET"]}}],"collection":[{"href":"https:\/\/camping-lapinede.net\/nl\/wp-json\/wp\/v2\/pages"}],"about":[{"href":"https:\/\/camping-lapinede.net\/nl\/wp-json\/wp\/v2\/types\/page"}],"author":[{"embeddable":true,"href":"https:\/\/camping-lapinede.net\/nl\/wp-json\/wp\/v2\/users\/1"}],"replies":[{"embeddable":true,"href":"https:\/\/camping-lapinede.net\/nl\/wp-json\/wp\/v2\/comments?post=1987"}],"version-history":[{"count":0,"href":"https:\/\/camping-lapinede.net\/nl\/wp-json\/wp\/v2\/pages\/1987\/revisions"}],"up":[{"embeddable":true,"href":"https:\/\/camping-lapinede.net\/nl\/wp-json\/wp\/v2\/pages\/1986"}],"wp:attachment":[{"href":"https:\/\/camping-lapinede.net\/nl\/wp-json\/wp\/v2\/media?parent=1987"}],"curies":[{"name":"wp","href":"https:\/\/api.w.org\/{rel}","templated":true}]}}