{"id":1986,"date":"2023-06-16T12:09:53","date_gmt":"2023-06-16T10:09:53","guid":{"rendered":"https:\/\/camping-lapinede.net\/natuur\/"},"modified":"2023-10-18T12:26:24","modified_gmt":"2023-10-18T10:26:24","slug":"natuur","status":"publish","type":"page","link":"https:\/\/camping-lapinede.net\/nl\/natuur\/","title":{"rendered":"Natuur"},"content":{"rendered":"\n<h1 class=\"wp-block-heading\">Natuur<\/h1>\n\n\n\n<div class=\"wp-block-columns is-layout-flex wp-container-core-columns-is-layout-28f84493 wp-block-columns-is-layout-flex\">\n<div class=\"wp-block-column is-layout-flow wp-block-column-is-layout-flow\">\n<div class=\"wp-block-sev-encart\"><a href=\"https:\/\/camping-lapinede.net\/nl\/natuur\/wandel-en-fietstochten\/\"><img decoding=\"async\" src=\"https:\/\/camping-lapinede.net\/wp-content\/uploads\/2023\/09\/P1110864.jpg\" alt=\"\"\/><div class=\"wp-block-sev-encart-content\"><div class=\"wp-block-sev-encart-label\">Wandel- en fietstochten<\/div><\/div><div class=\"wp-block-sev-encart-btn\">Ontdek<\/div><\/a><\/div>\n<\/div>\n\n\n\n<div class=\"wp-block-column is-layout-flow wp-block-column-is-layout-flow\">\n<div class=\"wp-block-sev-encart\"><a href=\"https:\/\/camping-lapinede.net\/nl\/natuur\/natuurreservaat-saint-denis-du-payre\/\"><img decoding=\"async\" src=\"https:\/\/camping-lapinede.net\/wp-content\/uploads\/2023\/06\/ReservenaturelleMichelBrosse_792x528.jpg\" alt=\"\"\/><div class=\"wp-block-sev-encart-content\"><div class=\"wp-block-sev-encart-label\">Natuurreservaat Saint Denis du Payr\u00e9<\/div><\/div><div class=\"wp-block-sev-encart-btn\">Ontdek<\/div><\/a><\/div>\n<\/div>\n<\/div>\n","protected":false},"excerpt":{"rendered":"<p>Natuur<\/p>\n","protected":false},"author":1,"featured_media":0,"parent":0,"menu_order":0,"comment_status":"closed","ping_status":"closed","template":"","meta":{"_seopress_robots_primary_cat":"","_seopress_titles_title":"Natuur - Ontdek de schatten van de Vend\u00e9e","_seopress_titles_desc":"Ontdek tijdens uw verblijf op deze 3* camping La Pin\u00e8de de mooiste plekjes van de Vend\u00e9e: stranden, moerassen, duinen, dorpjes...","_seopress_robots_index":"","footnotes":""},"class_list":["post-1986","page","type-page","status-publish","hentry"],"_links":{"self":[{"href":"https:\/\/camping-lapinede.net\/nl\/wp-json\/wp\/v2\/pages\/1986","targetHints":{"allow":["GET"]}}],"collection":[{"href":"https:\/\/camping-lapinede.net\/nl\/wp-json\/wp\/v2\/pages"}],"about":[{"href":"https:\/\/camping-lapinede.net\/nl\/wp-json\/wp\/v2\/types\/page"}],"author":[{"embeddable":true,"href":"https:\/\/camping-lapinede.net\/nl\/wp-json\/wp\/v2\/users\/1"}],"replies":[{"embeddable":true,"href":"https:\/\/camping-lapinede.net\/nl\/wp-json\/wp\/v2\/comments?post=1986"}],"version-history":[{"count":1,"href":"https:\/\/camping-lapinede.net\/nl\/wp-json\/wp\/v2\/pages\/1986\/revisions"}],"predecessor-version":[{"id":2181,"href":"https:\/\/camping-lapinede.net\/nl\/wp-json\/wp\/v2\/pages\/1986\/revisions\/2181"}],"wp:attachment":[{"href":"https:\/\/camping-lapinede.net\/nl\/wp-json\/wp\/v2\/media?parent=1986"}],"curies":[{"name":"wp","href":"https:\/\/api.w.org\/{rel}","templated":true}]}}