{"id":2035,"date":"2023-06-14T15:37:06","date_gmt":"2023-06-14T13:37:06","guid":{"rendered":"https:\/\/camping-lapinede.net\/site-map\/"},"modified":"2023-06-14T15:37:06","modified_gmt":"2023-06-14T13:37:06","slug":"site-map","status":"publish","type":"page","link":"https:\/\/camping-lapinede.net\/en\/site-map\/","title":{"rendered":"Site map"},"content":{"rendered":"\n<h1 class=\"wp-block-heading\">Site map<\/h1>\n\n\n<h2>Pages<\/h2>\t\t<article class=\"sevsitemap-entry\">\r\n\t\t\t\t\t\r\n\t\t\t<div class=\"title\">\r\n\t\t\t\t<a href=\"https:\/\/camping-lapinede.net\/en\/a-day-in-the-bocage\/\">\r\n\t\t\t\t\tA day in the bocage\t\t\t\t<\/a>\r\n\t\t\t<\/div>\r\n\r\n\t\t<\/article>\r\n\t\t\t\t<article class=\"sevsitemap-entry\">\r\n\t\t\t\t\t\r\n\t\t\t<div class=\"title\">\r\n\t\t\t\t<a href=\"https:\/\/camping-lapinede.net\/en\/access-contact\/\">\r\n\t\t\t\t\tAccess \/ Contact\t\t\t\t<\/a>\r\n\t\t\t<\/div>\r\n\r\n\t\t<\/article>\r\n\t\t\t\t<article class=\"sevsitemap-entry\">\r\n\t\t\t\t\t\r\n\t\t\t<div class=\"title\">\r\n\t\t\t\t<a href=\"https:\/\/camping-lapinede.net\/en\/cote-loisirs\/\">\r\n\t\t\t\t\tC\u00f4t\u00e9 Loisirs\t\t\t\t<\/a>\r\n\t\t\t<\/div>\r\n\r\n\t\t<\/article>\r\n\t\t\t\t<article class=\"sevsitemap-entry\">\r\n\t\t\t\t\t\r\n\t\t\t<div class=\"title\">\r\n\t\t\t\t<a href=\"https:\/\/camping-lapinede.net\/en\/cote-loisirs\/maillezais-abbey\/\">\r\n\t\t\t\t\tMaillezais Abbey\t\t\t\t<\/a>\r\n\t\t\t<\/div>\r\n\r\n\t\t<\/article>\r\n\t\t\t\t<article class=\"sevsitemap-entry\">\r\n\t\t\t\t\t\r\n\t\t\t<div class=\"title\">\r\n\t\t\t\t<a href=\"https:\/\/camping-lapinede.net\/en\/cote-loisirs\/puy-du-fou\/\">\r\n\t\t\t\t\tPuy du Fou\t\t\t\t<\/a>\r\n\t\t\t<\/div>\r\n\r\n\t\t<\/article>\r\n\t\t\t\t<article class=\"sevsitemap-entry\">\r\n\t\t\t\t\t\r\n\t\t\t<div class=\"title\">\r\n\t\t\t\t<a href=\"https:\/\/camping-lapinede.net\/en\/cote-mer\/\">\r\n\t\t\t\t\tC\u00f4t\u00e9 Mer\t\t\t\t<\/a>\r\n\t\t\t<\/div>\r\n\r\n\t\t<\/article>\r\n\t\t\t\t<article class=\"sevsitemap-entry\">\r\n\t\t\t\t\t\r\n\t\t\t<div class=\"title\">\r\n\t\t\t\t<a href=\"https:\/\/camping-lapinede.net\/en\/cote-mer\/the-beaches\/\">\r\n\t\t\t\t\tThe beaches\t\t\t\t<\/a>\r\n\t\t\t<\/div>\r\n\r\n\t\t<\/article>\r\n\t\t\t\t<article class=\"sevsitemap-entry\">\r\n\t\t\t\t\t\r\n\t\t\t<div class=\"title\">\r\n\t\t\t\t<a href=\"https:\/\/camping-lapinede.net\/en\/cote-mer\/water-sports-and-fishing\/\">\r\n\t\t\t\t\tWater sports and fishing\t\t\t\t<\/a>\r\n\t\t\t<\/div>\r\n\r\n\t\t<\/article>\r\n\t\t\t\t<article class=\"sevsitemap-entry\">\r\n\t\t\t\t\t\r\n\t\t\t<div class=\"title\">\r\n\t\t\t\t<a href=\"https:\/\/camping-lapinede.net\/en\/cookie-management\/\">\r\n\t\t\t\t\tCookie management\t\t\t\t<\/a>\r\n\t\t\t<\/div>\r\n\r\n\t\t<\/article>\r\n\t\t\t\t<article class=\"sevsitemap-entry\">\r\n\t\t\t\t\t\r\n\t\t\t<div class=\"title\">\r\n\t\t\t\t<a href=\"https:\/\/camping-lapinede.net\/en\/data-access-request\/\">\r\n\t\t\t\t\tData access request\t\t\t\t<\/a>\r\n\t\t\t<\/div>\r\n\r\n\t\t<\/article>\r\n\t\t\t\t<article class=\"sevsitemap-entry\">\r\n\t\t\t\t\t\r\n\t\t\t<div class=\"title\">\r\n\t\t\t\t<a href=\"https:\/\/camping-lapinede.net\/en\/editorial\/\">\r\n\t\t\t\t\tEditorial\t\t\t\t<\/a>\r\n\t\t\t<\/div>\r\n\r\n\t\t<\/article>\r\n\t\t\t\t<article class=\"sevsitemap-entry\">\r\n\t\t\t\t\t\r\n\t\t\t<div class=\"title\">\r\n\t\t\t\t<a href=\"https:\/\/camping-lapinede.net\/en\/entertainment\/\">\r\n\t\t\t\t\tEntertainment\t\t\t\t<\/a>\r\n\t\t\t<\/div>\r\n\r\n\t\t<\/article>\r\n\t\t\t\t<article class=\"sevsitemap-entry\">\r\n\t\t\t\t\t\r\n\t\t\t<div class=\"title\">\r\n\t\t\t\t<a href=\"https:\/\/camping-lapinede.net\/en\/experience-the-baie-de-laiguillon\/\">\r\n\t\t\t\t\tExperience the Baie de l'Aiguillon\t\t\t\t<\/a>\r\n\t\t\t<\/div>\r\n\r\n\t\t<\/article>\r\n\t\t\t\t<article class=\"sevsitemap-entry\">\r\n\t\t\t\t\t\r\n\t\t\t<div class=\"title\">\r\n\t\t\t\t<a href=\"https:\/\/camping-lapinede.net\/en\/\">\r\n\t\t\t\t\tHome\t\t\t\t<\/a>\r\n\t\t\t<\/div>\r\n\r\n\t\t<\/article>\r\n\t\t\t\t<article class=\"sevsitemap-entry\">\r\n\t\t\t\t\t\r\n\t\t\t<div class=\"title\">\r\n\t\t\t\t<a href=\"https:\/\/camping-lapinede.net\/en\/legal-information\/\">\r\n\t\t\t\t\tLegal information\t\t\t\t<\/a>\r\n\t\t\t<\/div>\r\n\r\n\t\t<\/article>\r\n\t\t\t\t<article class=\"sevsitemap-entry\">\r\n\t\t\t\t\t\r\n\t\t\t<div class=\"title\">\r\n\t\t\t\t<a href=\"https:\/\/camping-lapinede.net\/en\/lodging\/\">\r\n\t\t\t\t\tLodging\t\t\t\t<\/a>\r\n\t\t\t<\/div>\r\n\r\n\t\t<\/article>\r\n\t\t\t\t<article class=\"sevsitemap-entry\">\r\n\t\t\t\t\t\r\n\t\t\t<div class=\"title\">\r\n\t\t\t\t<a href=\"https:\/\/camping-lapinede.net\/en\/nature\/\">\r\n\t\t\t\t\tNature\t\t\t\t<\/a>\r\n\t\t\t<\/div>\r\n\r\n\t\t<\/article>\r\n\t\t\t\t<article class=\"sevsitemap-entry\">\r\n\t\t\t\t\t\r\n\t\t\t<div class=\"title\">\r\n\t\t\t\t<a href=\"https:\/\/camping-lapinede.net\/en\/nature\/hiking-and-biking\/\">\r\n\t\t\t\t\tHiking and biking\t\t\t\t<\/a>\r\n\t\t\t<\/div>\r\n\r\n\t\t<\/article>\r\n\t\t\t\t<article class=\"sevsitemap-entry\">\r\n\t\t\t\t\t\r\n\t\t\t<div class=\"title\">\r\n\t\t\t\t<a href=\"https:\/\/camping-lapinede.net\/en\/nature\/saint-denis-du-payre-nature-reserve\/\">\r\n\t\t\t\t\tSaint Denis du Payr\u00e9 Nature Reserve\t\t\t\t<\/a>\r\n\t\t\t<\/div>\r\n\r\n\t\t<\/article>\r\n\t\t\t\t<article class=\"sevsitemap-entry\">\r\n\t\t\t\t\t\r\n\t\t\t<div class=\"title\">\r\n\t\t\t\t<a href=\"https:\/\/camping-lapinede.net\/en\/our-experience\/\">\r\n\t\t\t\t\tOur experience\t\t\t\t<\/a>\r\n\t\t\t<\/div>\r\n\r\n\t\t<\/article>\r\n\t\t\t\t<article class=\"sevsitemap-entry\">\r\n\t\t\t\t\t\r\n\t\t\t<div class=\"title\">\r\n\t\t\t\t<a href=\"https:\/\/camping-lapinede.net\/en\/our-experience\/a-day-in-the-mervent-forest\/\">\r\n\t\t\t\t\tA day in the Mervent forest\t\t\t\t<\/a>\r\n\t\t\t<\/div>\r\n\r\n\t\t<\/article>\r\n\t\t\t\t<article class=\"sevsitemap-entry\">\r\n\t\t\t\t\t\r\n\t\t\t<div class=\"title\">\r\n\t\t\t\t<a href=\"https:\/\/camping-lapinede.net\/en\/our-experience\/aix-island\/\">\r\n\t\t\t\t\tAix Island\t\t\t\t<\/a>\r\n\t\t\t<\/div>\r\n\r\n\t\t<\/article>\r\n\t\t\t\t<article class=\"sevsitemap-entry\">\r\n\t\t\t\t\t\r\n\t\t\t<div class=\"title\">\r\n\t\t\t\t<a href=\"https:\/\/camping-lapinede.net\/en\/our-experience\/an-unusual-day-in-les-sables-dolonne\/\">\r\n\t\t\t\t\tAn unusual day in Les Sables d'Olonne\t\t\t\t<\/a>\r\n\t\t\t<\/div>\r\n\r\n\t\t<\/article>\r\n\t\t\t\t<article class=\"sevsitemap-entry\">\r\n\t\t\t\t\t\r\n\t\t\t<div class=\"title\">\r\n\t\t\t\t<a href=\"https:\/\/camping-lapinede.net\/en\/our-experience\/day-at-the-veillon-site\/\">\r\n\t\t\t\t\tDay at the Veillon site\t\t\t\t<\/a>\r\n\t\t\t<\/div>\r\n\r\n\t\t<\/article>\r\n\t\t\t\t<article class=\"sevsitemap-entry\">\r\n\t\t\t\t\t\r\n\t\t\t<div class=\"title\">\r\n\t\t\t\t<a href=\"https:\/\/camping-lapinede.net\/en\/our-experience\/gardens-of-william-christie-and-vouvant\/\">\r\n\t\t\t\t\tGardens of William Christie and Vouvant\t\t\t\t<\/a>\r\n\t\t\t<\/div>\r\n\r\n\t\t<\/article>\r\n\t\t\t\t<article class=\"sevsitemap-entry\">\r\n\t\t\t\t\t\r\n\t\t\t<div class=\"title\">\r\n\t\t\t\t<a href=\"https:\/\/camping-lapinede.net\/en\/our-experience\/half-day-sensory-pleasures\/\">\r\n\t\t\t\t\tHalf-day sensory pleasures\t\t\t\t<\/a>\r\n\t\t\t<\/div>\r\n\r\n\t\t<\/article>\r\n\t\t\t\t<article class=\"sevsitemap-entry\">\r\n\t\t\t\t\t\r\n\t\t\t<div class=\"title\">\r\n\t\t\t\t<a href=\"https:\/\/camping-lapinede.net\/en\/our-experience\/marais-poitevin-discovery-day\/\">\r\n\t\t\t\t\tMarais Poitevin discovery day\t\t\t\t<\/a>\r\n\t\t\t<\/div>\r\n\r\n\t\t<\/article>\r\n\t\t\t\t<article class=\"sevsitemap-entry\">\r\n\t\t\t\t\t\r\n\t\t\t<div class=\"title\">\r\n\t\t\t\t<a href=\"https:\/\/camping-lapinede.net\/en\/our-experience\/rainy-half-day\/\">\r\n\t\t\t\t\tRainy half-day\t\t\t\t<\/a>\r\n\t\t\t<\/div>\r\n\r\n\t\t<\/article>\r\n\t\t\t\t<article class=\"sevsitemap-entry\">\r\n\t\t\t\t\t\r\n\t\t\t<div class=\"title\">\r\n\t\t\t\t<a href=\"https:\/\/camping-lapinede.net\/en\/photo-gallery\/\">\r\n\t\t\t\t\tPhoto gallery\t\t\t\t<\/a>\r\n\t\t\t<\/div>\r\n\r\n\t\t<\/article>\r\n\t\t\t\t<article class=\"sevsitemap-entry\">\r\n\t\t\t\t\t\r\n\t\t\t<div class=\"title\">\r\n\t\t\t\t<a href=\"https:\/\/camping-lapinede.net\/en\/services\/\">\r\n\t\t\t\t\tServices\t\t\t\t<\/a>\r\n\t\t\t<\/div>\r\n\r\n\t\t<\/article>\r\n\t\t\t\t<article class=\"sevsitemap-entry\">\r\n\t\t\t\t\t\r\n\t\t\t<div class=\"title\">\r\n\t\t\t\t<a href=\"https:\/\/camping-lapinede.net\/en\/site-map\/\">\r\n\t\t\t\t\tSite map\t\t\t\t<\/a>\r\n\t\t\t<\/div>\r\n\r\n\t\t<\/article>\r\n\t\t\t\t<article class=\"sevsitemap-entry\">\r\n\t\t\t\t\t\r\n\t\t\t<div class=\"title\">\r\n\t\t\t\t<a href=\"https:\/\/camping-lapinede.net\/en\/swimming-pool\/\">\r\n\t\t\t\t\tSwimming pool\t\t\t\t<\/a>\r\n\t\t\t<\/div>\r\n\r\n\t\t<\/article>\r\n\t\t\t\t<article class=\"sevsitemap-entry\">\r\n\t\t\t\t\t\r\n\t\t\t<div class=\"title\">\r\n\t\t\t\t<a href=\"https:\/\/camping-lapinede.net\/en\/the-spirit-of-the-campsite\/\">\r\n\t\t\t\t\tThe spirit of the campsite\t\t\t\t<\/a>\r\n\t\t\t<\/div>\r\n\r\n\t\t<\/article>\r\n\t\t<h2>Lodging<\/h2>\t\t<article class=\"sevsitemap-entry\">\r\n\t\t\t\r\n\t\t\t<div class=\"title\">\r\n\t\t\t\t<a href=\"https:\/\/camping-lapinede.net\/en\/hebergement\/studio-32m%c2%b2-32m%c2%b2\/\">\r\n\t\t\t\t\tStudio 32m\u00b2 (32m\u00b2)\t\t\t\t<\/a>\r\n\t\t\t<\/div>\r\n\r\n\t\t<\/article>\r\n\t\t\t\t<article class=\"sevsitemap-entry\">\r\n\t\t\t\r\n\t\t\t<div class=\"title\">\r\n\t\t\t\t<a href=\"https:\/\/camping-lapinede.net\/en\/hebergement\/chalet-crl-40m%c2%b2-40m%c2%b2\/\">\r\n\t\t\t\t\tChalet CRL 40m\u00b2 (40m\u00b2)\t\t\t\t<\/a>\r\n\t\t\t<\/div>\r\n\r\n\t\t<\/article>\r\n\t\t\t\t<article class=\"sevsitemap-entry\">\r\n\t\t\t\r\n\t\t\t<div class=\"title\">\r\n\t\t\t\t<a href=\"https:\/\/camping-lapinede.net\/en\/hebergement\/chalet-crl-36m%c2%b2-36m%c2%b2\/\">\r\n\t\t\t\t\tChalet CRL 36m\u00b2 (36m\u00b2)\t\t\t\t<\/a>\r\n\t\t\t<\/div>\r\n\r\n\t\t<\/article>\r\n\t\t\t\t<article class=\"sevsitemap-entry\">\r\n\t\t\t\r\n\t\t\t<div class=\"title\">\r\n\t\t\t\t<a href=\"https:\/\/camping-lapinede.net\/en\/hebergement\/mobilhome-32-35m%c2%b2-3-bdrms\/\">\r\n\t\t\t\t\tMobilhome 32\/35m\u00b2 - 3 bdrms\t\t\t\t<\/a>\r\n\t\t\t<\/div>\r\n\r\n\t\t<\/article>\r\n\t\t\t\t<article class=\"sevsitemap-entry\">\r\n\t\t\t\r\n\t\t\t<div class=\"title\">\r\n\t\t\t\t<a href=\"https:\/\/camping-lapinede.net\/en\/hebergement\/mobilhome-28-30m-2-bdrms\/\">\r\n\t\t\t\t\tMobilhome 28\/30m - 2 bdrms\t\t\t\t<\/a>\r\n\t\t\t<\/div>\r\n\r\n\t\t<\/article>\r\n\t\t\t\t<article class=\"sevsitemap-entry\">\r\n\t\t\t\r\n\t\t\t<div class=\"title\">\r\n\t\t\t\t<a href=\"https:\/\/camping-lapinede.net\/en\/hebergement\/mobilhome-28-30m%c2%b2-2-bdrms\/\">\r\n\t\t\t\t\tMobilhome 28\/30m\u00b2 - 2 bdrms\t\t\t\t<\/a>\r\n\t\t\t<\/div>\r\n\r\n\t\t<\/article>\r\n\t\t\t\t<article class=\"sevsitemap-entry\">\r\n\t\t\t\r\n\t\t\t<div class=\"title\">\r\n\t\t\t\t<a href=\"https:\/\/camping-lapinede.net\/en\/hebergement\/mobilhome-26m%c2%b2-2-bdrms\/\">\r\n\t\t\t\t\tMobilhome 26m\u00b2 - 2 bdrms\t\t\t\t<\/a>\r\n\t\t\t<\/div>\r\n\r\n\t\t<\/article>\r\n\t\t\t\t<article class=\"sevsitemap-entry\">\r\n\t\t\t\r\n\t\t\t<div class=\"title\">\r\n\t\t\t\t<a href=\"https:\/\/camping-lapinede.net\/en\/hebergement\/mobilhome-21m%c2%b2-2-bdrms\/\">\r\n\t\t\t\t\tMobilhome 21m\u00b2 - 2 bdrms\t\t\t\t<\/a>\r\n\t\t\t<\/div>\r\n\r\n\t\t<\/article>\r\n\t\t\t\t<article class=\"sevsitemap-entry\">\r\n\t\t\t\r\n\t\t\t<div class=\"title\">\r\n\t\t\t\t<a href=\"https:\/\/camping-lapinede.net\/en\/hebergement\/mobilhome-21m%c2%b2-1-bdrm\/\">\r\n\t\t\t\t\tMobilhome 21m\u00b2 - 1 bdrm\t\t\t\t<\/a>\r\n\t\t\t<\/div>\r\n\r\n\t\t<\/article>\r\n\t\t\n","protected":false},"excerpt":{"rendered":"<p>Site map<\/p>\n","protected":false},"author":1,"featured_media":0,"parent":0,"menu_order":0,"comment_status":"closed","ping_status":"closed","template":"","meta":{"_seopress_robots_primary_cat":"","_seopress_titles_title":"Campsite La Faute sur Mer direct beach access Vend\u00e9e","_seopress_titles_desc":"La Faute sur Mer campsite in the Vend\u00e9e with indoor swimming pool, Camping La Pin\u00e8de*** located 300 metres from the beach with direct access.","_seopress_robots_index":"","footnotes":""},"class_list":["post-2035","page","type-page","status-publish","hentry"],"_links":{"self":[{"href":"https:\/\/camping-lapinede.net\/en\/wp-json\/wp\/v2\/pages\/2035","targetHints":{"allow":["GET"]}}],"collection":[{"href":"https:\/\/camping-lapinede.net\/en\/wp-json\/wp\/v2\/pages"}],"about":[{"href":"https:\/\/camping-lapinede.net\/en\/wp-json\/wp\/v2\/types\/page"}],"author":[{"embeddable":true,"href":"https:\/\/camping-lapinede.net\/en\/wp-json\/wp\/v2\/users\/1"}],"replies":[{"embeddable":true,"href":"https:\/\/camping-lapinede.net\/en\/wp-json\/wp\/v2\/comments?post=2035"}],"version-history":[{"count":0,"href":"https:\/\/camping-lapinede.net\/en\/wp-json\/wp\/v2\/pages\/2035\/revisions"}],"wp:attachment":[{"href":"https:\/\/camping-lapinede.net\/en\/wp-json\/wp\/v2\/media?parent=2035"}],"curies":[{"name":"wp","href":"https:\/\/api.w.org\/{rel}","templated":true}]}}