{"id":2029,"date":"2023-06-15T10:36:51","date_gmt":"2023-06-15T08:36:51","guid":{"rendered":"https:\/\/camping-lapinede.net\/our-experience\/"},"modified":"2023-06-15T10:36:51","modified_gmt":"2023-06-15T08:36:51","slug":"our-experience","status":"publish","type":"page","link":"https:\/\/camping-lapinede.net\/en\/our-experience\/","title":{"rendered":"Our experience"},"content":{"rendered":"\n<h1 class=\"wp-block-heading\">Our experience<\/h1>\n\n\n\n<p>Here you&#8217;ll find all our experiences designed especially for you!<\/p>\n\n\n\n<div class=\"wp-block-sev-overlay-banner alignfull\"><div class=\"wp-block-sev-overlay-banner-image\" style=\"flex-basis:50%\"><img decoding=\"async\" src=\"https:\/\/camping-lapinede.net\/wp-content\/uploads\/2023\/06\/DSC_1682-2-2.jpg\" alt=\"\"><\/div><div class=\"wp-block-sev-overlay-banner-content\" style=\"flex-basis:calc( ( 100% - 50% ) + 10% )\">\n<div class=\"wp-block-sev-featured-text\" style=\"width:100%\"><div class=\"wp-block-sev-featured-text-content\"><a href=\"https:\/\/camping-lapinede.net\/index.php\/foret-de-mervent\/\" data-type=\"page\" data-id=\"171\">A day in the Mervent forest<\/a><\/div><\/div>\n\n\n\n<div class=\"wp-block-sev-featured-text\" style=\"width:100%\"><div class=\"wp-block-sev-featured-text-content\">Discovering the Marais Poitevin<\/div><\/div>\n\n\n\n<div class=\"wp-block-sev-featured-text\" style=\"width:100%\"><div class=\"wp-block-sev-featured-text-content\">Around the Baie de l&#8217;Aiguillon<\/div><\/div>\n\n\n\n<div class=\"wp-block-sev-featured-text\" style=\"width:100%\"><div class=\"wp-block-sev-featured-text-content\"><a href=\"https:\/\/camping-lapinede.net\/index.php\/plage-veillon\/\" data-type=\"page\" data-id=\"188\">Around the Veillon site<\/a><\/div><\/div>\n\n\n\n<div class=\"wp-block-sev-featured-text\" style=\"width:100%\"><div class=\"wp-block-sev-featured-text-content\"><a href=\"https:\/\/camping-lapinede.net\/index.php\/jardins-de-william-christie-vouvant\/\" data-type=\"page\" data-id=\"212\">In the Gardens of William Christie and Vouvant<\/a><\/div><\/div>\n\n\n\n<div class=\"wp-block-sev-featured-text\" style=\"width:100%\"><div class=\"wp-block-sev-featured-text-content\"><a href=\"https:\/\/camping-lapinede.net\/index.php\/ile-daix\/\" data-type=\"page\" data-id=\"230\">Day trip to Ile d&#8217;Aix<\/a><\/div><\/div>\n\n\n\n<div class=\"wp-block-sev-featured-text\" style=\"width:100%\"><div class=\"wp-block-sev-featured-text-content\">In the Vend\u00e9e bocage  <\/div><\/div>\n\n\n\n<div class=\"wp-block-sev-featured-text\" style=\"width:100%\"><div class=\"wp-block-sev-featured-text-content\">1\/2 day sensory pleasure<\/div><\/div>\n\n\n\n<div class=\"wp-block-sev-featured-text\" style=\"width:100%\"><div class=\"wp-block-sev-featured-text-content\">1\/2 rainy day<\/div><\/div>\n\n\n\n<div class=\"wp-block-sev-featured-text\" style=\"width:100%\"><div class=\"wp-block-sev-featured-text-content\">Discovering Les Sables d&#8217;Olonne<\/div><\/div>\n<\/div><\/div>\n","protected":false},"excerpt":{"rendered":"<p>Our experience Here you&#8217;ll find all our experiences designed especially for you!<\/p>\n","protected":false},"author":1,"featured_media":0,"parent":0,"menu_order":0,"comment_status":"closed","ping_status":"closed","template":"","meta":{"_seopress_robots_primary_cat":"","_seopress_titles_title":"Our experiences - Tailor-made experiences in Vend\u00e9e","_seopress_titles_desc":"The 3-star La Pin\u00e8de campsite is located in the Vend\u00e9e region. We offer tailor-made experiences in the Vend\u00e9e.","_seopress_robots_index":"","footnotes":""},"class_list":["post-2029","page","type-page","status-publish","hentry"],"_links":{"self":[{"href":"https:\/\/camping-lapinede.net\/en\/wp-json\/wp\/v2\/pages\/2029","targetHints":{"allow":["GET"]}}],"collection":[{"href":"https:\/\/camping-lapinede.net\/en\/wp-json\/wp\/v2\/pages"}],"about":[{"href":"https:\/\/camping-lapinede.net\/en\/wp-json\/wp\/v2\/types\/page"}],"author":[{"embeddable":true,"href":"https:\/\/camping-lapinede.net\/en\/wp-json\/wp\/v2\/users\/1"}],"replies":[{"embeddable":true,"href":"https:\/\/camping-lapinede.net\/en\/wp-json\/wp\/v2\/comments?post=2029"}],"version-history":[{"count":0,"href":"https:\/\/camping-lapinede.net\/en\/wp-json\/wp\/v2\/pages\/2029\/revisions"}],"wp:attachment":[{"href":"https:\/\/camping-lapinede.net\/en\/wp-json\/wp\/v2\/media?parent=2029"}],"curies":[{"name":"wp","href":"https:\/\/api.w.org\/{rel}","templated":true}]}}