{"id":2024,"date":"2023-06-14T16:44:39","date_gmt":"2023-06-14T14:44:39","guid":{"rendered":"https:\/\/camping-lapinede.net\/entertainment\/"},"modified":"2023-10-18T12:06:28","modified_gmt":"2023-10-18T10:06:28","slug":"entertainment","status":"publish","type":"page","link":"https:\/\/camping-lapinede.net\/en\/entertainment\/","title":{"rendered":"Entertainment"},"content":{"rendered":"\n<h1 class=\"wp-block-heading\">Entertainment and leisure activities at the Vend\u00e9e campsite<\/h1>\n\n\n\n<div class=\"wp-block-media-text alignfull is-stacked-on-mobile\"><figure class=\"wp-block-media-text__media\"><img loading=\"lazy\" decoding=\"async\" width=\"1024\" height=\"768\" src=\"https:\/\/camping-lapinede.net\/wp-content\/uploads\/2023\/06\/photo-636855704183713176-1-1024x768.jpg\" alt=\"\" class=\"wp-image-37 size-full\" srcset=\"https:\/\/camping-lapinede.net\/wp-content\/uploads\/2023\/06\/photo-636855704183713176-1-1024x768.jpg 1024w, https:\/\/camping-lapinede.net\/wp-content\/uploads\/2023\/06\/photo-636855704183713176-1-300x225.jpg 300w, https:\/\/camping-lapinede.net\/wp-content\/uploads\/2023\/06\/photo-636855704183713176-1-768x576.jpg 768w, https:\/\/camping-lapinede.net\/wp-content\/uploads\/2023\/06\/photo-636855704183713176-1.jpg 1066w\" sizes=\"auto, (max-width: 1024px) 100vw, 1024px\" \/><\/figure><div class=\"wp-block-media-text__content\">\n<h2 class=\"wp-block-heading\">Leisure activities at Camping La Pin\u00e8de*** in La Faute sur Mer<\/h2>\n\n\n\n<p>Our La Pin\u00e8de*** campsite enjoys an <strong>exceptional location<\/strong> in the heart of nature, within easy reach of the <a href=\"https:\/\/camping-lapinede.net\/en\/cote-mer\/the-beaches\/\" data-type=\"page\" data-id=\"437\">sublime sandy beaches<\/a> of the south Vend\u00e9e. We have chosen to create <strong>a calm and relaxing atmosphere<\/strong> at our campsite in La Faute sur Mer. If you&#8217;re looking for a holiday where peace and quiet reign supreme, then Camping La Pin\u00e8de*** is the place for you! You&#8217;ll be delighted by the peaceful, family atmosphere of our campsite and the charm of its privacy. Unspoilt nature and a relaxing environment are the key words to describe your stay at Camping La Pin\u00e8de***.<\/p>\n<\/div><\/div>\n\n\n\n<div class=\"wp-block-media-text alignfull has-media-on-the-right is-stacked-on-mobile\"><div class=\"wp-block-media-text__content\">\n<h2 class=\"wp-block-heading\">Entertainment for young and old<\/h2>\n\n\n\n<ul class=\"wp-block-list\">\n<li>From July 15 to August 20, <strong>free<\/strong> children&#8217;s <strong>activities<\/strong> are offered 2 or 3 times a week in the mornings and\/or afternoons.  <br><strong>Various activities are organized:<\/strong> face painting, cooking, balloon sculpting, cotton candy, wooden games, angling, kid&#8217;s club&#8230;<\/li>\n\n\n\n<li>For <strong>p\u00e9tanque<\/strong> fans, a meeting is organized every Thursday afternoon from July 16 to August 20. Participants will be asked to make a contribution.<\/li>\n\n\n\n<li>And for everyone, children and adults, daily entertainment is offered during the day and evening in July and August in the center of La Faute sur Mer and the surrounding area.<\/li>\n<\/ul>\n<\/div><figure class=\"wp-block-media-text__media\"><img loading=\"lazy\" decoding=\"async\" width=\"1024\" height=\"768\" src=\"https:\/\/camping-lapinede.net\/wp-content\/uploads\/2023\/06\/photo-636855704161057206-1-1024x768.jpg\" alt=\"\" class=\"wp-image-35 size-full\" srcset=\"https:\/\/camping-lapinede.net\/wp-content\/uploads\/2023\/06\/photo-636855704161057206-1-1024x768.jpg 1024w, https:\/\/camping-lapinede.net\/wp-content\/uploads\/2023\/06\/photo-636855704161057206-1-300x225.jpg 300w, https:\/\/camping-lapinede.net\/wp-content\/uploads\/2023\/06\/photo-636855704161057206-1-768x576.jpg 768w, https:\/\/camping-lapinede.net\/wp-content\/uploads\/2023\/06\/photo-636855704161057206-1.jpg 1066w\" sizes=\"auto, (max-width: 1024px) 100vw, 1024px\" \/><\/figure><\/div>\n\n\n\n<div class=\"wp-block-media-text alignfull is-stacked-on-mobile\"><figure class=\"wp-block-media-text__media\"><img loading=\"lazy\" decoding=\"async\" width=\"1024\" height=\"768\" src=\"https:\/\/camping-lapinede.net\/wp-content\/uploads\/2023\/06\/photo-636855704121362376-1-2-1024x768.jpg\" alt=\"campsite with children's playground in Vend\u00e9e\" class=\"wp-image-46 size-full\" srcset=\"https:\/\/camping-lapinede.net\/wp-content\/uploads\/2023\/06\/photo-636855704121362376-1-2-1024x768.jpg 1024w, https:\/\/camping-lapinede.net\/wp-content\/uploads\/2023\/06\/photo-636855704121362376-1-2-300x225.jpg 300w, https:\/\/camping-lapinede.net\/wp-content\/uploads\/2023\/06\/photo-636855704121362376-1-2-768x576.jpg 768w, https:\/\/camping-lapinede.net\/wp-content\/uploads\/2023\/06\/photo-636855704121362376-1-2.jpg 1066w\" sizes=\"auto, (max-width: 1024px) 100vw, 1024px\" \/><\/figure><div class=\"wp-block-media-text__content\">\n<h2 class=\"wp-block-heading\">Activities and leisure at Camping La Pin\u00e8de****.<\/h2>\n\n\n\n<ul class=\"wp-block-list\">\n<li><a href=\"https:\/\/camping-lapinede.net\/en\/swimming-pool\/\" data-type=\"page\" data-id=\"101\">Indoor heated swimming pool<\/a> with paddling pool for children<\/li>\n\n\n\n<li>Play area for children aged 2 to 12: slides, climbing games, turnstiles, swings, infernal merry-go-round, spring-loaded games.<\/li>\n\n\n\n<li>Table soccer, billiards, table tennis, library and television are available in an enclosed games room.<\/li>\n\n\n\n<li>P\u00e9tanque<\/li>\n\n\n\n<li>Mini-golf and golf nearby<\/li>\n<\/ul>\n<\/div><\/div>\n\n\n<div class=\"wp-block-sev-diaporama alignfull\">\t\t\t<div id=\"sevgallery-2167897112\" class=\"sev-diaporama sev-diaporama-portfolio\">\r\n\t\t\t<div class=\"row\">\r\n\r\n\t\t\t\r\n\t\t\t\t\r\n\t\t\t\t<div class=\"sev-diaporama-portfolio-item col-12 col-sm \">\r\n\r\n\t\t\t\t\t\t\t\t\t\t<a href=\"https:\/\/camping-lapinede.net\/wp-content\/uploads\/2023\/06\/photo-636855704223839469-1.jpg\" data-lightbox=\"sevgallery-2167897112\" style=\"background-image: url(https:\/\/camping-lapinede.net\/wp-content\/uploads\/2023\/06\/photo-636855704223839469-1.jpg)\">\r\n\t\t\t\t\t\t\t\t\t\t\t<img decoding=\"async\" src=\"https:\/\/camping-lapinede.net\/wp-content\/uploads\/2023\/06\/photo-636855704223839469-1.jpg\" alt=\"\" loading=\"lazy\">\r\n\t\t\t\t\t\t\t\t\t\t<\/a>\r\n\t\t\t\t\t\t\t\t\t<\/div>\r\n\r\n\t\t\t\t\r\n\t\t\t\t\t\t\t\t\t\t\t\r\n\t\t\t\t\r\n\t\t\t\t<div class=\"sev-diaporama-portfolio-item col-12 col-sm  col-shrink\">\r\n\r\n\t\t\t\t\t\t\t\t\t\t<a href=\"https:\/\/camping-lapinede.net\/wp-content\/uploads\/2023\/06\/photo-636855704217120711-1.jpg\" data-lightbox=\"sevgallery-2167897112\" style=\"background-image: url(https:\/\/camping-lapinede.net\/wp-content\/uploads\/2023\/06\/photo-636855704217120711-1.jpg)\">\r\n\t\t\t\t\t\t\t\t\t\t\t<img decoding=\"async\" src=\"https:\/\/camping-lapinede.net\/wp-content\/uploads\/2023\/06\/photo-636855704217120711-1.jpg\" alt=\"\" loading=\"lazy\">\r\n\t\t\t\t\t\t\t\t\t\t<\/a>\r\n\t\t\t\t\t\t\t\t\t<\/div>\r\n\r\n\t\t\t\t\r\n\t\t\t\t\t\t\t\t\t\t\t\r\n\t\t\t\t\r\n\t\t\t\t<div class=\"sev-diaporama-portfolio-item col-12 col-sm  col-grow\">\r\n\r\n\t\t\t\t\t\t\t\t\t\t<a href=\"https:\/\/camping-lapinede.net\/wp-content\/uploads\/2023\/06\/photo-636855704212397074-1.jpg\" data-lightbox=\"sevgallery-2167897112\" style=\"background-image: url(https:\/\/camping-lapinede.net\/wp-content\/uploads\/2023\/06\/photo-636855704212397074-1.jpg)\">\r\n\t\t\t\t\t\t\t\t\t\t\t<img decoding=\"async\" src=\"https:\/\/camping-lapinede.net\/wp-content\/uploads\/2023\/06\/photo-636855704212397074-1.jpg\" alt=\"\" loading=\"lazy\">\r\n\t\t\t\t\t\t\t\t\t\t<\/a>\r\n\t\t\t\t\t\t\t\t\t<\/div>\r\n\r\n\t\t\t\t\r\n\t\t\t\t\t\t\t\t\t\t\t\r\n\t\t\t\t\r\n\t\t\t\t<div class=\"sev-diaporama-portfolio-item col-12 col-sm  col-grow\">\r\n\r\n\t\t\t\t\t\t\t\t\t\t<a href=\"https:\/\/camping-lapinede.net\/wp-content\/uploads\/2023\/06\/photo-636855704207647039-1.jpg\" data-lightbox=\"sevgallery-2167897112\" style=\"background-image: url(https:\/\/camping-lapinede.net\/wp-content\/uploads\/2023\/06\/photo-636855704207647039-1.jpg)\">\r\n\t\t\t\t\t\t\t\t\t\t\t<img decoding=\"async\" src=\"https:\/\/camping-lapinede.net\/wp-content\/uploads\/2023\/06\/photo-636855704207647039-1.jpg\" alt=\"\" loading=\"lazy\">\r\n\t\t\t\t\t\t\t\t\t\t<\/a>\r\n\t\t\t\t\t\t\t\t\t<\/div>\r\n\r\n\t\t\t\t\t\t\t\t\t<div class=\"w-100\"><\/div>\r\n\t\t\t\t\t\t\t\t\t\r\n\t\t\t\t\t\t\t\t\t\t\t\r\n\t\t\t\t\r\n\t\t\t\t<div class=\"sev-diaporama-portfolio-item col-12 col-sm \">\r\n\r\n\t\t\t\t\t\t\t\t\t\t<a href=\"https:\/\/camping-lapinede.net\/wp-content\/uploads\/2023\/06\/photo-636855704191681847-1-2.jpg\" data-lightbox=\"sevgallery-2167897112\" style=\"background-image: url(https:\/\/camping-lapinede.net\/wp-content\/uploads\/2023\/06\/photo-636855704191681847-1-2.jpg)\">\r\n\t\t\t\t\t\t\t\t\t\t\t<img decoding=\"async\" src=\"https:\/\/camping-lapinede.net\/wp-content\/uploads\/2023\/06\/photo-636855704191681847-1-2.jpg\" alt=\"\" loading=\"lazy\">\r\n\t\t\t\t\t\t\t\t\t\t<\/a>\r\n\t\t\t\t\t\t\t\t\t<\/div>\r\n\r\n\t\t\t\t\r\n\t\t\t\t\t\t\t\t\t\t\t\r\n\t\t\t\t\r\n\t\t\t\t<div class=\"sev-diaporama-portfolio-item col-12 col-sm  col-grow\">\r\n\r\n\t\t\t\t\t\t\t\t\t\t<a href=\"https:\/\/camping-lapinede.net\/wp-content\/uploads\/2023\/06\/photo-636855704183713176-1-2.jpg\" data-lightbox=\"sevgallery-2167897112\" style=\"background-image: url(https:\/\/camping-lapinede.net\/wp-content\/uploads\/2023\/06\/photo-636855704183713176-1-2.jpg)\">\r\n\t\t\t\t\t\t\t\t\t\t\t<img decoding=\"async\" src=\"https:\/\/camping-lapinede.net\/wp-content\/uploads\/2023\/06\/photo-636855704183713176-1-2.jpg\" alt=\"\" loading=\"lazy\">\r\n\t\t\t\t\t\t\t\t\t\t<\/a>\r\n\t\t\t\t\t\t\t\t\t<\/div>\r\n\r\n\t\t\t\t\r\n\t\t\t\t\t\t\t\t\t\t\t\r\n\t\t\t\t\r\n\t\t\t\t<div class=\"sev-diaporama-portfolio-item col-12 col-sm \">\r\n\r\n\t\t\t\t\t\t\t\t\t\t<a href=\"https:\/\/camping-lapinede.net\/wp-content\/uploads\/2023\/06\/photo-636855704174806843-1-1.jpg\" data-lightbox=\"sevgallery-2167897112\" style=\"background-image: url(https:\/\/camping-lapinede.net\/wp-content\/uploads\/2023\/06\/photo-636855704174806843-1-1.jpg)\">\r\n\t\t\t\t\t\t\t\t\t\t\t<img decoding=\"async\" src=\"https:\/\/camping-lapinede.net\/wp-content\/uploads\/2023\/06\/photo-636855704174806843-1-1.jpg\" alt=\"\" loading=\"lazy\">\r\n\t\t\t\t\t\t\t\t\t\t<\/a>\r\n\t\t\t\t\t\t\t\t\t<\/div>\r\n\r\n\t\t\t\t\r\n\t\t\t\t\t\t\t\t\t\t\t\r\n\t\t\t\t\r\n\t\t\t\t<div class=\"sev-diaporama-portfolio-item col-12 col-sm \">\r\n\r\n\t\t\t\t\t\t\t\t\t\t<a href=\"https:\/\/camping-lapinede.net\/wp-content\/uploads\/2023\/06\/photo-636855704168400209-1-1.jpg\" data-lightbox=\"sevgallery-2167897112\" style=\"background-image: url(https:\/\/camping-lapinede.net\/wp-content\/uploads\/2023\/06\/photo-636855704168400209-1-1.jpg)\">\r\n\t\t\t\t\t\t\t\t\t\t\t<img decoding=\"async\" src=\"https:\/\/camping-lapinede.net\/wp-content\/uploads\/2023\/06\/photo-636855704168400209-1-1.jpg\" alt=\"\" loading=\"lazy\">\r\n\t\t\t\t\t\t\t\t\t\t<\/a>\r\n\t\t\t\t\t\t\t\t\t<\/div>\r\n\r\n\t\t\t\t\t\t\t\t\t<div class=\"w-100\"><\/div>\r\n\t\t\t\t\t\t\t\t\t\r\n\t\t\t\t\t\t\t\t\t\t\t\r\n\t\t\t\t\r\n\t\t\t\t<div class=\"sev-diaporama-portfolio-item col-12 col-sm \">\r\n\r\n\t\t\t\t\t\t\t\t\t\t<a href=\"https:\/\/camping-lapinede.net\/wp-content\/uploads\/2023\/06\/photo-636855704161057206-1-2.jpg\" data-lightbox=\"sevgallery-2167897112\" style=\"background-image: url(https:\/\/camping-lapinede.net\/wp-content\/uploads\/2023\/06\/photo-636855704161057206-1-2.jpg)\">\r\n\t\t\t\t\t\t\t\t\t\t\t<img decoding=\"async\" src=\"https:\/\/camping-lapinede.net\/wp-content\/uploads\/2023\/06\/photo-636855704161057206-1-2.jpg\" alt=\"\" loading=\"lazy\">\r\n\t\t\t\t\t\t\t\t\t\t<\/a>\r\n\t\t\t\t\t\t\t\t\t<\/div>\r\n\r\n\t\t\t\t\r\n\t\t\t\t\t\t\t\t\t\t\t\r\n\t\t\t\t\r\n\t\t\t\t<div class=\"sev-diaporama-portfolio-item col-12 col-sm \">\r\n\r\n\t\t\t\t\t\t\t\t\t\t<a href=\"https:\/\/camping-lapinede.net\/wp-content\/uploads\/2023\/06\/photo-636855704142768573-1.jpg\" data-lightbox=\"sevgallery-2167897112\" style=\"background-image: url(https:\/\/camping-lapinede.net\/wp-content\/uploads\/2023\/06\/photo-636855704142768573-1.jpg)\">\r\n\t\t\t\t\t\t\t\t\t\t\t<img decoding=\"async\" src=\"https:\/\/camping-lapinede.net\/wp-content\/uploads\/2023\/06\/photo-636855704142768573-1.jpg\" alt=\"\" loading=\"lazy\">\r\n\t\t\t\t\t\t\t\t\t\t<\/a>\r\n\t\t\t\t\t\t\t\t\t<\/div>\r\n\r\n\t\t\t\t\r\n\t\t\t\t\t\t\t\t\t\t\t\r\n\t\t\t\t\r\n\t\t\t\t<div class=\"sev-diaporama-portfolio-item col-12 col-sm \">\r\n\r\n\t\t\t\t\t\t\t\t\t\t<a href=\"https:\/\/camping-lapinede.net\/wp-content\/uploads\/2023\/06\/photo-636855704150580986-1.jpg\" data-lightbox=\"sevgallery-2167897112\" style=\"background-image: url(https:\/\/camping-lapinede.net\/wp-content\/uploads\/2023\/06\/photo-636855704150580986-1.jpg)\">\r\n\t\t\t\t\t\t\t\t\t\t\t<img decoding=\"async\" src=\"https:\/\/camping-lapinede.net\/wp-content\/uploads\/2023\/06\/photo-636855704150580986-1.jpg\" alt=\"\" loading=\"lazy\">\r\n\t\t\t\t\t\t\t\t\t\t<\/a>\r\n\t\t\t\t\t\t\t\t\t<\/div>\r\n\r\n\t\t\t\t\r\n\t\t\t\t\t\t\t\t\t\t\t\r\n\t\t\t\t\r\n\t\t\t\t<div class=\"sev-diaporama-portfolio-item col-12 col-sm  col-shrink\">\r\n\r\n\t\t\t\t\t\t\t\t\t\t<a href=\"https:\/\/camping-lapinede.net\/wp-content\/uploads\/2023\/06\/photo-636855704136987317-1.jpg\" data-lightbox=\"sevgallery-2167897112\" style=\"background-image: url(https:\/\/camping-lapinede.net\/wp-content\/uploads\/2023\/06\/photo-636855704136987317-1.jpg)\">\r\n\t\t\t\t\t\t\t\t\t\t\t<img decoding=\"async\" src=\"https:\/\/camping-lapinede.net\/wp-content\/uploads\/2023\/06\/photo-636855704136987317-1.jpg\" alt=\"\" loading=\"lazy\">\r\n\t\t\t\t\t\t\t\t\t\t<\/a>\r\n\t\t\t\t\t\t\t\t\t<\/div>\r\n\r\n\t\t\t\t\t\t\t\t\t<div class=\"w-100\"><\/div>\r\n\t\t\t\t\t\t\t\t\t\r\n\t\t\t\t\t\t\t\t\t\t\t\r\n\t\t\t\t\r\n\t\t\t\t<div class=\"sev-diaporama-portfolio-item col-12 col-sm  col-shrink\">\r\n\r\n\t\t\t\t\t\t\t\t\t\t<a href=\"https:\/\/camping-lapinede.net\/wp-content\/uploads\/2023\/06\/photo-636855704127768545-1-2.jpg\" data-lightbox=\"sevgallery-2167897112\" style=\"background-image: url(https:\/\/camping-lapinede.net\/wp-content\/uploads\/2023\/06\/photo-636855704127768545-1-2.jpg)\">\r\n\t\t\t\t\t\t\t\t\t\t\t<img decoding=\"async\" src=\"https:\/\/camping-lapinede.net\/wp-content\/uploads\/2023\/06\/photo-636855704127768545-1-2.jpg\" alt=\"\" loading=\"lazy\">\r\n\t\t\t\t\t\t\t\t\t\t<\/a>\r\n\t\t\t\t\t\t\t\t\t<\/div>\r\n\r\n\t\t\t\t\r\n\t\t\t\t\t\t\t\t\t\t\t\r\n\t\t\t\t\r\n\t\t\t\t<div class=\"sev-diaporama-portfolio-item col-12 col-sm  col-grow\">\r\n\r\n\t\t\t\t\t\t\t\t\t\t<a href=\"https:\/\/camping-lapinede.net\/wp-content\/uploads\/2023\/06\/photo-636855704121362376-1-3.jpg\" data-lightbox=\"sevgallery-2167897112\" style=\"background-image: url(https:\/\/camping-lapinede.net\/wp-content\/uploads\/2023\/06\/photo-636855704121362376-1-3.jpg)\">\r\n\t\t\t\t\t\t\t\t\t\t\t<img decoding=\"async\" src=\"https:\/\/camping-lapinede.net\/wp-content\/uploads\/2023\/06\/photo-636855704121362376-1-3.jpg\" alt=\"\" loading=\"lazy\">\r\n\t\t\t\t\t\t\t\t\t\t<\/a>\r\n\t\t\t\t\t\t\t\t\t<\/div>\r\n\r\n\t\t\t\t\r\n\t\t\t\t\t\t\t\t\t\t\t\r\n\t\t\t\t\r\n\t\t\t\t<div class=\"sev-diaporama-portfolio-item col-12 col-sm \">\r\n\r\n\t\t\t\t\t\t\t\t\t\t<a href=\"https:\/\/camping-lapinede.net\/wp-content\/uploads\/2023\/06\/photo-636855704112612293-1-1.jpg\" data-lightbox=\"sevgallery-2167897112\" style=\"background-image: url(https:\/\/camping-lapinede.net\/wp-content\/uploads\/2023\/06\/photo-636855704112612293-1-1.jpg)\">\r\n\t\t\t\t\t\t\t\t\t\t\t<img decoding=\"async\" src=\"https:\/\/camping-lapinede.net\/wp-content\/uploads\/2023\/06\/photo-636855704112612293-1-1.jpg\" alt=\"\" loading=\"lazy\">\r\n\t\t\t\t\t\t\t\t\t\t<\/a>\r\n\t\t\t\t\t\t\t\t\t<\/div>\r\n\r\n\t\t\t\t\r\n\t\t\t\t\t\t\t\t\t\t\t\r\n\t\t\t\t\r\n\t\t\t\t<div class=\"sev-diaporama-portfolio-item col-12 col-sm  col-grow\">\r\n\r\n\t\t\t\t\t\t\t\t\t\t<a href=\"https:\/\/camping-lapinede.net\/wp-content\/uploads\/2023\/06\/photo-636855704103393598-1-1.jpg\" data-lightbox=\"sevgallery-2167897112\" style=\"background-image: url(https:\/\/camping-lapinede.net\/wp-content\/uploads\/2023\/06\/photo-636855704103393598-1-1.jpg)\">\r\n\t\t\t\t\t\t\t\t\t\t\t<img decoding=\"async\" src=\"https:\/\/camping-lapinede.net\/wp-content\/uploads\/2023\/06\/photo-636855704103393598-1-1.jpg\" alt=\"\" loading=\"lazy\">\r\n\t\t\t\t\t\t\t\t\t\t<\/a>\r\n\t\t\t\t\t\t\t\t\t<\/div>\r\n\r\n\t\t\t\t\t\t\t\t\t<div class=\"w-100\"><\/div>\r\n\t\t\t\t\t\t\t\t\t\r\n\t\t\t\t\t\t\t\t\t\t\t\r\n\t\t\t\t\r\n\t\t\t\t<div class=\"sev-diaporama-portfolio-item col-12 col-sm \">\r\n\r\n\t\t\t\t\t\t\t\t\t\t<a href=\"https:\/\/camping-lapinede.net\/wp-content\/uploads\/2023\/06\/photo-636855704096361892-1-1.jpg\" data-lightbox=\"sevgallery-2167897112\" style=\"background-image: url(https:\/\/camping-lapinede.net\/wp-content\/uploads\/2023\/06\/photo-636855704096361892-1-1.jpg)\">\r\n\t\t\t\t\t\t\t\t\t\t\t<img decoding=\"async\" src=\"https:\/\/camping-lapinede.net\/wp-content\/uploads\/2023\/06\/photo-636855704096361892-1-1.jpg\" alt=\"\" loading=\"lazy\">\r\n\t\t\t\t\t\t\t\t\t\t<\/a>\r\n\t\t\t\t\t\t\t\t\t<\/div>\r\n\r\n\t\t\t\t\r\n\t\t\t\t\t\t\t\t\t\t\t\t\t\t<\/div>\r\n\t\t\t<\/div>\r\n\r\n\t\t\t<script>\r\n\t\t\tjQuery(function($) {\r\n\r\n\t\t\t\tvar marginPortfolio = function() {\r\n\r\n\t\t\t\t\tvar $diapo          = $('#sevgallery-2167897112');\r\n\t\t\t\t\tvar container_width = $diapo.parent().outerWidth();\r\n\t\t\t\t\tvar side            = ( $(window).innerWidth() - container_width ) \/ 2;\r\n\r\n\t\t\t\t\t$diapo.css( {\r\n\t\t\t\t\t\t'margin-left': '-' + side + 'px',\r\n\t\t\t\t\t\t'margin-right': '-' + side + 'px',\r\n\t\t\t\t\t} );\r\n\t\t\t\t};\r\n\r\n\t\t\t\t$( window ).resize( function() {\r\n\t\t\t\t\tmarginPortfolio();\r\n\t\t\t\t} );\r\n\t\t\t\tmarginPortfolio();\r\n\t\t\t});\r\n\t\t\t<\/script>\r\n\t\t\t<\/div>","protected":false},"excerpt":{"rendered":"<p>Entertainment and leisure activities at the Vend\u00e9e campsite Leisure activities at Camping La Pin\u00e8de*** in La Faute sur Mer Our La Pin\u00e8de*** campsite enjoys an exceptional location in the heart of nature, within easy reach of the sublime sandy beaches of the south Vend\u00e9e. We have chosen to create a calm and relaxing atmosphere at [&hellip;]<\/p>\n","protected":false},"author":1,"featured_media":0,"parent":0,"menu_order":0,"comment_status":"closed","ping_status":"closed","template":"","meta":{"_seopress_robots_primary_cat":"","_seopress_titles_title":"Entertainment and leisure activities at camping Vend\u00e9e bord de mer  ","_seopress_titles_desc":"The campsite offers a wide range of activities for everyone: children&#039;s entertainment, playground, inflatable structures, games room, p\u00e9tanque, indoor swimming pool, etc.","_seopress_robots_index":"","footnotes":""},"class_list":["post-2024","page","type-page","status-publish","hentry"],"_links":{"self":[{"href":"https:\/\/camping-lapinede.net\/en\/wp-json\/wp\/v2\/pages\/2024","targetHints":{"allow":["GET"]}}],"collection":[{"href":"https:\/\/camping-lapinede.net\/en\/wp-json\/wp\/v2\/pages"}],"about":[{"href":"https:\/\/camping-lapinede.net\/en\/wp-json\/wp\/v2\/types\/page"}],"author":[{"embeddable":true,"href":"https:\/\/camping-lapinede.net\/en\/wp-json\/wp\/v2\/users\/1"}],"replies":[{"embeddable":true,"href":"https:\/\/camping-lapinede.net\/en\/wp-json\/wp\/v2\/comments?post=2024"}],"version-history":[{"count":1,"href":"https:\/\/camping-lapinede.net\/en\/wp-json\/wp\/v2\/pages\/2024\/revisions"}],"predecessor-version":[{"id":2170,"href":"https:\/\/camping-lapinede.net\/en\/wp-json\/wp\/v2\/pages\/2024\/revisions\/2170"}],"wp:attachment":[{"href":"https:\/\/camping-lapinede.net\/en\/wp-json\/wp\/v2\/media?parent=2024"}],"curies":[{"name":"wp","href":"https:\/\/api.w.org\/{rel}","templated":true}]}}