{"id":2019,"date":"2023-06-15T14:24:27","date_gmt":"2023-06-15T12:24:27","guid":{"rendered":"https:\/\/camping-lapinede.net\/aix-island\/"},"modified":"2023-06-15T14:24:27","modified_gmt":"2023-06-15T12:24:27","slug":"aix-island","status":"publish","type":"page","link":"https:\/\/camping-lapinede.net\/en\/our-experience\/aix-island\/","title":{"rendered":"Aix Island"},"content":{"rendered":"\n<h1 class=\"wp-block-heading\">Aix Island<\/h1>\n\n\n\n<h2 class=\"wp-block-heading has-text-align-center\">An unforgettable day on the Ile d&#8217;Aix in Vend\u00e9e: discover an unspoilt gem<\/h2>\n\n\n\n<p class=\"has-text-align-center\">1 day<\/p>\n\n\n\n<div class=\"wp-block-group is-layout-constrained wp-block-group-is-layout-constrained\" style=\"margin-top:var(--wp--preset--spacing--60);margin-bottom:var(--wp--preset--spacing--60)\">\n<figure class=\"wp-block-image aligncenter size-full is-resized\"><img loading=\"lazy\" decoding=\"async\" src=\"https:\/\/camping-lapinede.net\/wp-content\/uploads\/2023\/06\/vague-1.png\" alt=\"camping at Pointe d'Ar\u00e7ay by the sea\" class=\"wp-image-173\" width=\"90\" height=\"17\" srcset=\"https:\/\/camping-lapinede.net\/wp-content\/uploads\/2023\/06\/vague-1.png 360w, https:\/\/camping-lapinede.net\/wp-content\/uploads\/2023\/06\/vague-1-300x57.png 300w\" sizes=\"auto, (max-width: 90px) 100vw, 90px\" \/><\/figure>\n<\/div>\n\n\n\n<div class=\"wp-block-media-text alignwide is-stacked-on-mobile\"><figure class=\"wp-block-media-text__media\"><\/figure><div class=\"wp-block-media-text__content\">\n<p>Imagine a small,<strong> picturesque island<\/strong> nestled in the heart of the Atlantic Ocean, offering breathtaking scenery and a peaceful atmosphere. Welcome to Ile d&#8217;Aix, a<strong> hidden treasure.<\/strong> Every year, this pearl of the region attracts visitors in search of tranquillity. The day begins with a short ferry crossing from the Vend\u00e9e coast. Crossings start at 8 a.m. to take full advantage of the island. for an hour&#8217;s crossing, you can also leave from La Rochelle&#8217;s Vieux Port and enjoy fabulous views and a guided contemplation of the famous Fort Boyard.<\/p>\n<\/div><\/div>\n\n\n\n<div class=\"wp-block-group is-layout-constrained wp-block-group-is-layout-constrained\" style=\"margin-top:var(--wp--preset--spacing--60);margin-bottom:var(--wp--preset--spacing--60)\">\n<figure class=\"wp-block-image aligncenter size-full is-resized\"><img loading=\"lazy\" decoding=\"async\" src=\"https:\/\/camping-lapinede.net\/wp-content\/uploads\/2023\/06\/vague-1.png\" alt=\"camping at Pointe d'Ar\u00e7ay by the sea\" class=\"wp-image-173\" width=\"90\" height=\"17\" srcset=\"https:\/\/camping-lapinede.net\/wp-content\/uploads\/2023\/06\/vague-1.png 360w, https:\/\/camping-lapinede.net\/wp-content\/uploads\/2023\/06\/vague-1-300x57.png 300w\" sizes=\"auto, (max-width: 90px) 100vw, 90px\" \/><\/figure>\n<\/div>\n\n\n\n<div class=\"wp-block-columns is-layout-flex wp-container-core-columns-is-layout-28f84493 wp-block-columns-is-layout-flex\">\n<div class=\"wp-block-column is-layout-flow wp-block-column-is-layout-flow\">\n<h2 class=\"wp-block-heading\">Explore the fortress and picturesque village&#8230;<\/h2>\n\n\n\n<p>Once on the island, discover the <strong>Fort de la Rade<\/strong>. This fortress is a landmark steeped in history. Built in the 17th century under Vauban, it played a strategic role in the defense of the Atlantic coast. The panoramic view from the ramparts is nothing short of spectacular, offering breathtaking views of the ocean and surrounding area.<br>Then continue on to the <strong>village of Ile d&#8217;Aix<\/strong>. This charming, picturesque village is made up of small traditional houses with colorful shutters. Stroll through the narrow streets and small stores selling local crafts. You&#8217;re sure to find some unique souvenirs to take home.<\/p>\n<\/div>\n\n\n\n<div class=\"wp-block-column has-background is-layout-flow wp-block-column-is-layout-flow\" style=\"background-color:#2d66537a;padding-top:var(--wp--preset--spacing--50);padding-right:var(--wp--preset--spacing--50);padding-bottom:var(--wp--preset--spacing--50);padding-left:var(--wp--preset--spacing--50)\">\n<div class=\"wp-block-group is-layout-constrained wp-block-group-is-layout-constrained\" style=\"min-height:100%\">\n<h2 class=\"wp-block-heading has-white-color has-text-color\">Discover the history and architecture of the island&#8230;<\/h2>\n\n\n\n<p class=\"has-white-color has-text-color\">Have you noticed the bust of Emperor Napoleon at the entrance to Le Bourg? The island&#8217;s history is closely linked to that of the Emperor.<br>Napoleon spent his last days on the \u00cele d&#8217;Air before being taken to the island of St. Helena in 1815. Napoleon wanted to give new impetus to fortification work and decided to build two forts: Fort Boyard and Fort de la Sommit\u00e9.<br><em>Have fun<\/em> finding the street names that pay tribute to him: Place Austerlitz, Rue Napol\u00e9on, Rue Marengo&#8230;<\/p>\n<\/div>\n<\/div>\n<\/div>\n\n\n\n<div class=\"wp-block-group is-layout-constrained wp-block-group-is-layout-constrained\" style=\"margin-top:var(--wp--preset--spacing--60);margin-bottom:var(--wp--preset--spacing--60)\">\n<figure class=\"wp-block-image aligncenter size-full is-resized has-custom-border\"><img loading=\"lazy\" decoding=\"async\" src=\"https:\/\/camping-lapinede.net\/wp-content\/uploads\/2023\/06\/vague-1.png\" alt=\"camping at Pointe d'Ar\u00e7ay by the sea\" class=\"wp-image-173\" style=\"border-style:none;border-width:0%\" width=\"90\" height=\"17\" srcset=\"https:\/\/camping-lapinede.net\/wp-content\/uploads\/2023\/06\/vague-1.png 360w, https:\/\/camping-lapinede.net\/wp-content\/uploads\/2023\/06\/vague-1-300x57.png 300w\" sizes=\"auto, (max-width: 90px) 100vw, 90px\" \/><\/figure>\n<\/div>\n\n\n\n<div class=\"wp-block-media-text alignwide is-stacked-on-mobile\"><figure class=\"wp-block-media-text__media\"><\/figure><div class=\"wp-block-media-text__content\">\n<p>At the junction of Rue des Remparts and Rue Napol\u00e9on, you&#8217;ll find the <strong>Mus\u00e9e Napol\u00e9on<\/strong>. The Mus\u00e9e historique de l&#8217;\u00cele d&#8217;Aix traces the presence of Emperor Napoleon on the island during his exile. You&#8217;ll learn interesting facts about this period of history and admire historical artifacts.<br>Nearby, don&#8217;t miss a visit to Saint-Martin church! Listed as a historic monument, it is an architectural jewel dating from the 17th century and bears witness to the Romanesque art of the Saintonge region.<\/p>\n<\/div><\/div>\n\n\n\n<div class=\"wp-block-group is-layout-constrained wp-block-group-is-layout-constrained\" style=\"margin-top:var(--wp--preset--spacing--60);margin-bottom:var(--wp--preset--spacing--60)\">\n<figure class=\"wp-block-image aligncenter size-full is-resized has-custom-border\"><img loading=\"lazy\" decoding=\"async\" src=\"https:\/\/camping-lapinede.net\/wp-content\/uploads\/2023\/06\/vague-1.png\" alt=\"camping at Pointe d'Ar\u00e7ay by the sea\" class=\"wp-image-173\" style=\"border-style:none;border-width:0%\" width=\"90\" height=\"17\" srcset=\"https:\/\/camping-lapinede.net\/wp-content\/uploads\/2023\/06\/vague-1.png 360w, https:\/\/camping-lapinede.net\/wp-content\/uploads\/2023\/06\/vague-1-300x57.png 300w\" sizes=\"auto, (max-width: 90px) 100vw, 90px\" \/><\/figure>\n<\/div>\n\n\n\n<div class=\"wp-block-columns are-vertically-aligned-center is-layout-flex wp-container-core-columns-is-layout-28f84493 wp-block-columns-is-layout-flex\">\n<div class=\"wp-block-column is-vertically-aligned-center is-layout-flow wp-block-column-is-layout-flow\">\n<h2 class=\"wp-block-heading\">Take a break to savor the island&#8217;s specialties&#8230;<\/h2>\n\n\n\n<p>After this captivating tour, it&#8217;s time for a bite to eat. Visit one of the <strong>village&#8217;s charming restaurants <\/strong>, which offer breathtaking sea views. Taste delicious local specialties, such as fresh seafood and traditional Vend\u00e9e dishes.<\/p>\n<\/div>\n\n\n\n<div class=\"wp-block-column is-vertically-aligned-center is-layout-flow wp-block-column-is-layout-flow\">\n<div class=\"wp-block-group has-background is-layout-constrained wp-container-core-group-is-layout-301020a0 wp-block-group-is-layout-constrained\" style=\"background-color:#2d66537a;min-height:100%;padding-top:var(--wp--preset--spacing--50);padding-right:var(--wp--preset--spacing--50);padding-bottom:var(--wp--preset--spacing--50);padding-left:var(--wp--preset--spacing--50)\">\n<p class=\"has-white-color has-text-color\"><em>In the village<\/em><\/p>\n\n\n\n<ul class=\"has-white-color has-text-color wp-block-list\">\n<li>H\u00f4tel Napol\u00e9on-Restaurant l&#8217;Insulaire, French cuisine in a refined setting. A sure bet, this restaurant&#8217;s reputation is well established and it garners the best reviews on Google.<\/li>\n\n\n\n<li>Isola Nostra, traditional wood-fired cuisine using local produce. The Italian accent with the region&#8217;s fine French cuisine. A sunny combo that perfectly complements the restaurant&#8217;s warm setting. So you can enjoy your lunch to the full, even to take away.<\/li>\n<\/ul>\n<\/div>\n<\/div>\n<\/div>\n\n\n\n<div class=\"wp-block-group is-layout-constrained wp-block-group-is-layout-constrained\" style=\"margin-top:var(--wp--preset--spacing--60);margin-bottom:var(--wp--preset--spacing--60)\">\n<figure class=\"wp-block-image aligncenter size-full is-resized has-custom-border\"><img loading=\"lazy\" decoding=\"async\" src=\"https:\/\/camping-lapinede.net\/wp-content\/uploads\/2023\/06\/vague-1.png\" alt=\"camping at Pointe d'Ar\u00e7ay by the sea\" class=\"wp-image-173\" style=\"border-style:none;border-width:0%\" width=\"90\" height=\"17\" srcset=\"https:\/\/camping-lapinede.net\/wp-content\/uploads\/2023\/06\/vague-1.png 360w, https:\/\/camping-lapinede.net\/wp-content\/uploads\/2023\/06\/vague-1-300x57.png 300w\" sizes=\"auto, (max-width: 90px) 100vw, 90px\" \/><\/figure>\n<\/div>\n\n\n\n<div class=\"wp-block-media-text alignwide is-stacked-on-mobile\"><figure class=\"wp-block-media-text__media\"><\/figure><div class=\"wp-block-media-text__content\">\n<h2 class=\"wp-block-heading\"><span style=\"font-size: 14.4px;\">Drive along the coast of the \u00cele d&#8217;Aix and its historic sites&#8230;  <\/span><\/h2>\n\n\n\n<p><span style=\"font-size: 14.4px;\">In the afternoon, you can explore the island&#8217;s charms on foot or by bike.  <\/span><\/p>\n\n\n\n<p class=\"has-white-color has-text-color has-background\" style=\"background-color:#2d66537a\"><span style=\"font-size: 14.4px;\"><em>Tip: <\/em>Ile d&#8217;Aix is entirely pedestrianized, making it the ideal place to explore by bike with the kids. Renting a bike on site is an excellent option for those wishing to explore the island more quickly. For around ten euros each, you can rent bikes for the day.  <\/span><\/p>\n\n\n\n<p><span style=\"font-size: 14.4px;\">Start your tour along Anse de Saillant to Pointe de Coudepont. On the coast, discover the shellfish beach, the plaice huts and a breathtaking view of Fort Enet. Continue on your way and don&#8217;t miss a visit to Fort Li\u00e9do. Formerly known as Fort de la Sommit\u00e9, a visit here will take you on a journey into the bowels of the past, just like the many batteries you&#8217;ll find along the way.  <\/span><\/p>\n<\/div><\/div>\n\n\n\n<div class=\"wp-block-group is-layout-constrained wp-block-group-is-layout-constrained\" style=\"margin-top:var(--wp--preset--spacing--60);margin-bottom:var(--wp--preset--spacing--60)\">\n<figure class=\"wp-block-image aligncenter size-full is-resized has-custom-border\"><img loading=\"lazy\" decoding=\"async\" src=\"https:\/\/camping-lapinede.net\/wp-content\/uploads\/2023\/06\/vague-1.png\" alt=\"camping at Pointe d'Ar\u00e7ay by the sea\" class=\"wp-image-173\" style=\"border-style:none;border-width:0%\" width=\"90\" height=\"17\" srcset=\"https:\/\/camping-lapinede.net\/wp-content\/uploads\/2023\/06\/vague-1.png 360w, https:\/\/camping-lapinede.net\/wp-content\/uploads\/2023\/06\/vague-1-300x57.png 300w\" sizes=\"auto, (max-width: 90px) 100vw, 90px\" \/><\/figure>\n<\/div>\n\n\n\n<div class=\"wp-block-media-text alignwide has-media-on-the-right is-stacked-on-mobile\"><div class=\"wp-block-media-text__content\">\n<h2 class=\"wp-block-heading\">Drive along the coast of Ile d&#8217;Aix and its picture-postcard beaches&#8230;<\/h2>\n\n\n\n<p>Crystal-clear waters and sandy beaches invite you to relax and swim. Relax on one of the island&#8217;s heavenly beaches. The Tridoux beach is almost a kilometer long! No wonder it&#8217;s also known as Grande Plage.<\/p>\n<\/div><figure class=\"wp-block-media-text__media\"><\/figure><\/div>\n","protected":false},"excerpt":{"rendered":"<p>Aix Island An unforgettable day on the Ile d&#8217;Aix in Vend\u00e9e: discover an unspoilt gem 1 day Imagine a small, picturesque island nestled in the heart of the Atlantic Ocean, offering breathtaking scenery and a peaceful atmosphere. Welcome to Ile d&#8217;Aix, a hidden treasure. Every year, this pearl of the region attracts visitors in search [&hellip;]<\/p>\n","protected":false},"author":1,"featured_media":0,"parent":2029,"menu_order":0,"comment_status":"closed","ping_status":"closed","template":"","meta":{"_seopress_robots_primary_cat":"","_seopress_titles_title":"A day on the Ile d'Aix from the campsite","_seopress_titles_desc":"The 3-star La Pin\u00e8de campsite invites you to spend a day on the charming Ile d'Aix.","_seopress_robots_index":"","footnotes":""},"class_list":["post-2019","page","type-page","status-publish","hentry"],"_links":{"self":[{"href":"https:\/\/camping-lapinede.net\/en\/wp-json\/wp\/v2\/pages\/2019","targetHints":{"allow":["GET"]}}],"collection":[{"href":"https:\/\/camping-lapinede.net\/en\/wp-json\/wp\/v2\/pages"}],"about":[{"href":"https:\/\/camping-lapinede.net\/en\/wp-json\/wp\/v2\/types\/page"}],"author":[{"embeddable":true,"href":"https:\/\/camping-lapinede.net\/en\/wp-json\/wp\/v2\/users\/1"}],"replies":[{"embeddable":true,"href":"https:\/\/camping-lapinede.net\/en\/wp-json\/wp\/v2\/comments?post=2019"}],"version-history":[{"count":0,"href":"https:\/\/camping-lapinede.net\/en\/wp-json\/wp\/v2\/pages\/2019\/revisions"}],"up":[{"embeddable":true,"href":"https:\/\/camping-lapinede.net\/en\/wp-json\/wp\/v2\/pages\/2029"}],"wp:attachment":[{"href":"https:\/\/camping-lapinede.net\/en\/wp-json\/wp\/v2\/media?parent=2019"}],"curies":[{"name":"wp","href":"https:\/\/api.w.org\/{rel}","templated":true}]}}