{"id":2015,"date":"2023-06-15T11:50:35","date_gmt":"2023-06-15T09:50:35","guid":{"rendered":"https:\/\/camping-lapinede.net\/day-at-the-veillon-site\/"},"modified":"2023-06-15T11:50:35","modified_gmt":"2023-06-15T09:50:35","slug":"day-at-the-veillon-site","status":"publish","type":"page","link":"https:\/\/camping-lapinede.net\/en\/our-experience\/day-at-the-veillon-site\/","title":{"rendered":"Day at the Veillon site"},"content":{"rendered":"\n<h1 class=\"wp-block-heading\">Day at the Veillon site<\/h1>\n\n\n\n<h2 class=\"wp-block-heading has-text-align-center\">An unforgettable day at the Veillon site<\/h2>\n\n\n\n<p class=\"has-text-align-center\">1 day<\/p>\n\n\n\n<div class=\"wp-block-group is-layout-constrained wp-block-group-is-layout-constrained\" style=\"margin-top:var(--wp--preset--spacing--60);margin-bottom:var(--wp--preset--spacing--60)\">\n<figure class=\"wp-block-image aligncenter size-full is-resized\"><img loading=\"lazy\" decoding=\"async\" src=\"https:\/\/camping-lapinede.net\/wp-content\/uploads\/2023\/06\/vague-1.png\" alt=\"camping at Pointe d'Ar\u00e7ay by the sea\" class=\"wp-image-173\" width=\"90\" height=\"17\" srcset=\"https:\/\/camping-lapinede.net\/wp-content\/uploads\/2023\/06\/vague-1.png 360w, https:\/\/camping-lapinede.net\/wp-content\/uploads\/2023\/06\/vague-1-300x57.png 300w\" sizes=\"auto, (max-width: 90px) 100vw, 90px\" \/><\/figure>\n<\/div>\n\n\n\n<div class=\"wp-block-columns are-vertically-aligned-center is-layout-flex wp-container-core-columns-is-layout-28f84493 wp-block-columns-is-layout-flex\">\n<div class=\"wp-block-column is-vertically-aligned-center is-layout-flow wp-block-column-is-layout-flow\" style=\"flex-basis:33.33%\">\n<p>If you&#8217;re looking for an unforgettable day <strong>by the sea<\/strong>, look no further than Le <strong>Veillon<\/strong>.  <\/p>\n\n\n\n<p>Nestling on the Vend\u00e9e coast, this is the ideal place for a day of relaxation and fun with family or friends.<\/p>\n\n\n\n<p>Get ready for a day to remember!<\/p>\n<\/div>\n\n\n\n<div class=\"wp-block-column is-vertically-aligned-center has-background is-layout-flow wp-block-column-is-layout-flow\" style=\"background-color:#2d66537a;padding-top:var(--wp--preset--spacing--60);padding-right:var(--wp--preset--spacing--60);padding-bottom:var(--wp--preset--spacing--60);padding-left:var(--wp--preset--spacing--60);flex-basis:66.66%\">\n<p class=\"has-white-color has-text-color\">Before you leave, here&#8217;s some <strong>practical information<\/strong> to help you plan your visit. Access to Veillon beach is <strong>free<\/strong>, but we recommend arriving early in summer to find a parking space. Toilets and showers are available on site, as are first-aid posts to ensure the safety of bathers. Animals are not allowed between April 1 and October 15.<br>To make the most of the day, don&#8217;t forget your <strong>swimsuit<\/strong> and beach gear. You can bring your own <strong>picnic<\/strong> or eat directly on site for a totally relaxing day!<\/p>\n<\/div>\n<\/div>\n\n\n\n<div class=\"wp-block-group is-layout-constrained wp-block-group-is-layout-constrained\" style=\"margin-top:var(--wp--preset--spacing--60);margin-bottom:var(--wp--preset--spacing--60)\">\n<figure class=\"wp-block-image aligncenter size-full is-resized\"><img loading=\"lazy\" decoding=\"async\" src=\"https:\/\/camping-lapinede.net\/wp-content\/uploads\/2023\/06\/vague-1.png\" alt=\"camping at Pointe d'Ar\u00e7ay by the sea\" class=\"wp-image-173\" width=\"90\" height=\"17\" srcset=\"https:\/\/camping-lapinede.net\/wp-content\/uploads\/2023\/06\/vague-1.png 360w, https:\/\/camping-lapinede.net\/wp-content\/uploads\/2023\/06\/vague-1-300x57.png 300w\" sizes=\"auto, (max-width: 90px) 100vw, 90px\" \/><\/figure>\n<\/div>\n\n\n\n<div class=\"wp-block-media-text alignwide is-stacked-on-mobile\"><figure class=\"wp-block-media-text__media\"><img loading=\"lazy\" decoding=\"async\" width=\"1000\" height=\"751\" src=\"https:\/\/camping-lapinede.net\/wp-content\/uploads\/2023\/06\/Photo-plage-du-veillon-P1320230.jpg\" alt=\"Veillon beach\" class=\"wp-image-192 size-full\" srcset=\"https:\/\/camping-lapinede.net\/wp-content\/uploads\/2023\/06\/Photo-plage-du-veillon-P1320230.jpg 1000w, https:\/\/camping-lapinede.net\/wp-content\/uploads\/2023\/06\/Photo-plage-du-veillon-P1320230-300x225.jpg 300w, https:\/\/camping-lapinede.net\/wp-content\/uploads\/2023\/06\/Photo-plage-du-veillon-P1320230-768x577.jpg 768w\" sizes=\"auto, (max-width: 1000px) 100vw, 1000px\" \/><\/figure><div class=\"wp-block-media-text__content\">\n<h2 class=\"wp-block-heading\">Veillon beach&#8230;<\/h2>\n\n\n\n<p>Located just a few kilometers from Talmont-Saint-Hilaire, Veillon beach is a real <strong>gem on the Vend\u00e9e coast<\/strong>. With its golden sands and crystal-clear waters, this idyllic setting offers a breathtaking beach and a multitude of activities to suit all tastes. To reach the beach, you can take a path through the surrounding forest, which adds a touch of magic to your experience.<br>Once you&#8217;ve arrived at Le Veillon beach, you&#8217;ll be amazed by the natural beauty that stretches out before you. The <strong>sand dunes <\/strong>invite you to bask in the sun. <strong>The turquoise waters<\/strong> have even been awarded the Pavillon Bleu label for their bathing quality. And if you&#8217;re looking for a little privacy, you&#8217;ll also find <strong>quiet coves<\/strong> where you can relax in peace and quiet.<\/p>\n<\/div><\/div>\n\n\n\n<div class=\"wp-block-group is-layout-constrained wp-block-group-is-layout-constrained\" style=\"margin-top:var(--wp--preset--spacing--60);margin-bottom:var(--wp--preset--spacing--60)\">\n<figure class=\"wp-block-image aligncenter size-full is-resized\"><img loading=\"lazy\" decoding=\"async\" src=\"https:\/\/camping-lapinede.net\/wp-content\/uploads\/2023\/06\/vague-1.png\" alt=\"camping at Pointe d'Ar\u00e7ay by the sea\" class=\"wp-image-173\" width=\"90\" height=\"17\" srcset=\"https:\/\/camping-lapinede.net\/wp-content\/uploads\/2023\/06\/vague-1.png 360w, https:\/\/camping-lapinede.net\/wp-content\/uploads\/2023\/06\/vague-1-300x57.png 300w\" sizes=\"auto, (max-width: 90px) 100vw, 90px\" \/><\/figure>\n<\/div>\n\n\n\n<div class=\"wp-block-media-text alignwide has-media-on-the-right is-stacked-on-mobile\"><div class=\"wp-block-media-text__content\">\n<h2 class=\"wp-block-heading has-text-align-right\">&#8230;a journey between sea&#8230;<\/h2>\n\n\n\n<p class=\"has-text-align-right\">There&#8217;s much more to Le Veillon beach than just relaxing. For <strong>windsurfers and kitesurfers<\/strong>, you can enjoy these exciting water sports. Local sailing schools also offer courses and equipment hire for those wishing to learn these disciplines.<br>Do you like <strong>paddleboarding<\/strong>? Virgile, from<em> Paddle Aventure<\/em>, offers guided tours and equipment rental. Tours of 1h30 to 2h can even take you as far as La Guiti\u00e8re for a tasting of locally caught oysters. After the effort, the comfort!<br>If you&#8217;re more of a <strong>kayaker<\/strong>, whether with family or friends, laughter and memories are guaranteed.<\/p>\n<\/div><figure class=\"wp-block-media-text__media\"><img loading=\"lazy\" decoding=\"async\" width=\"1000\" height=\"667\" src=\"https:\/\/camping-lapinede.net\/wp-content\/uploads\/2023\/06\/La-guittiere-le-veillon-IMG_2382.jpg\" alt=\"veillon beach  \" class=\"wp-image-193 size-full\" srcset=\"https:\/\/camping-lapinede.net\/wp-content\/uploads\/2023\/06\/La-guittiere-le-veillon-IMG_2382.jpg 1000w, https:\/\/camping-lapinede.net\/wp-content\/uploads\/2023\/06\/La-guittiere-le-veillon-IMG_2382-300x200.jpg 300w, https:\/\/camping-lapinede.net\/wp-content\/uploads\/2023\/06\/La-guittiere-le-veillon-IMG_2382-768x512.jpg 768w\" sizes=\"auto, (max-width: 1000px) 100vw, 1000px\" \/><\/figure><\/div>\n\n\n\n<div class=\"wp-block-group is-layout-constrained wp-block-group-is-layout-constrained\" style=\"margin-top:var(--wp--preset--spacing--60);margin-bottom:var(--wp--preset--spacing--60)\">\n<figure class=\"wp-block-image aligncenter size-full is-resized\"><img loading=\"lazy\" decoding=\"async\" src=\"https:\/\/camping-lapinede.net\/wp-content\/uploads\/2023\/06\/vague-1.png\" alt=\"camping at Pointe d'Ar\u00e7ay by the sea\" class=\"wp-image-173\" width=\"90\" height=\"17\" srcset=\"https:\/\/camping-lapinede.net\/wp-content\/uploads\/2023\/06\/vague-1.png 360w, https:\/\/camping-lapinede.net\/wp-content\/uploads\/2023\/06\/vague-1-300x57.png 300w\" sizes=\"auto, (max-width: 90px) 100vw, 90px\" \/><\/figure>\n<\/div>\n\n\n\n<div class=\"wp-block-media-text alignwide is-stacked-on-mobile\"><figure class=\"wp-block-media-text__media\"><img loading=\"lazy\" decoding=\"async\" width=\"1000\" height=\"561\" src=\"https:\/\/camping-lapinede.net\/wp-content\/uploads\/2023\/06\/le-veillon-talmont-saint-hilaire-photo-aerienne-13.jpg\" alt=\"\" class=\"wp-image-195 size-full\" srcset=\"https:\/\/camping-lapinede.net\/wp-content\/uploads\/2023\/06\/le-veillon-talmont-saint-hilaire-photo-aerienne-13.jpg 1000w, https:\/\/camping-lapinede.net\/wp-content\/uploads\/2023\/06\/le-veillon-talmont-saint-hilaire-photo-aerienne-13-300x168.jpg 300w, https:\/\/camping-lapinede.net\/wp-content\/uploads\/2023\/06\/le-veillon-talmont-saint-hilaire-photo-aerienne-13-768x431.jpg 768w\" sizes=\"auto, (max-width: 1000px) 100vw, 1000px\" \/><\/figure><div class=\"wp-block-media-text__content\">\n<h2 class=\"wp-block-heading\">&#8230;and land<\/h2>\n\n\n\n<p>For those who don&#8217;t fancy water sports, there are a number of wonderful <strong>hiking trails<\/strong> along the Veillon beach. If you&#8217;re exploring the Payr\u00e9 Nature Reserve, don&#8217;t forget to bring your binoculars so you can observe the birds that live there. On foot or by bike, your walk along the reserve&#8217;s signposted trails will enable you to discover migratory bird species, salt marshes and a unique ecosystem. It&#8217;s a unique experience for nature lovers.<\/p>\n\n\n\n<p class=\"has-white-color has-text-color has-background\" style=\"background-color:#2d66537a\"><em>The little green thought:<\/em> Be vigilant and respect the environment by not leaving any garbage behind.<\/p>\n<\/div><\/div>\n\n\n\n<div class=\"wp-block-group is-layout-constrained wp-block-group-is-layout-constrained\" style=\"margin-top:var(--wp--preset--spacing--60);margin-bottom:var(--wp--preset--spacing--60)\">\n<figure class=\"wp-block-image aligncenter size-full is-resized\"><img loading=\"lazy\" decoding=\"async\" src=\"https:\/\/camping-lapinede.net\/wp-content\/uploads\/2023\/06\/vague-1.png\" alt=\"camping at Pointe d'Ar\u00e7ay by the sea\" class=\"wp-image-173\" width=\"90\" height=\"17\" srcset=\"https:\/\/camping-lapinede.net\/wp-content\/uploads\/2023\/06\/vague-1.png 360w, https:\/\/camping-lapinede.net\/wp-content\/uploads\/2023\/06\/vague-1-300x57.png 300w\" sizes=\"auto, (max-width: 90px) 100vw, 90px\" \/><\/figure>\n<\/div>\n\n\n\n<div class=\"wp-block-media-text alignwide has-media-on-the-right is-stacked-on-mobile\"><div class=\"wp-block-media-text__content\">\n<h2 class=\"wp-block-heading has-text-align-right\">What about children?<\/h2>\n\n\n\n<p class=\"has-text-align-right\">If you&#8217;ve got children in tow, the Veillon beach is also family-friendly. Youngsters can build sandcastles or play in the shallow waters in complete safety.<br>To brighten up the day even more, young and old alike will have fun at the <strong>La B\u00e9li\u00e8re Loisirs playground<\/strong>. The park is open to 3-15 year-olds and offers a range of activities: go-karts, trampolines, climbing, sumo wrestling and even mini-golf. A safe way to let off steam!<\/p>\n<\/div><figure class=\"wp-block-media-text__media\"><img loading=\"lazy\" decoding=\"async\" width=\"1000\" height=\"564\" src=\"https:\/\/camping-lapinede.net\/wp-content\/uploads\/2023\/06\/le-veillon-talmont-saint-hilaire-photo-aerienne-6.jpg\" alt=\"\" class=\"wp-image-196 size-full\" srcset=\"https:\/\/camping-lapinede.net\/wp-content\/uploads\/2023\/06\/le-veillon-talmont-saint-hilaire-photo-aerienne-6.jpg 1000w, https:\/\/camping-lapinede.net\/wp-content\/uploads\/2023\/06\/le-veillon-talmont-saint-hilaire-photo-aerienne-6-300x169.jpg 300w, https:\/\/camping-lapinede.net\/wp-content\/uploads\/2023\/06\/le-veillon-talmont-saint-hilaire-photo-aerienne-6-768x433.jpg 768w\" sizes=\"auto, (max-width: 1000px) 100vw, 1000px\" \/><\/figure><\/div>\n\n\n\n<div class=\"wp-block-group is-layout-constrained wp-block-group-is-layout-constrained\" style=\"margin-top:var(--wp--preset--spacing--60);margin-bottom:var(--wp--preset--spacing--60)\">\n<figure class=\"wp-block-image aligncenter size-full is-resized\"><img loading=\"lazy\" decoding=\"async\" src=\"https:\/\/camping-lapinede.net\/wp-content\/uploads\/2023\/06\/vague-1.png\" alt=\"camping at Pointe d'Ar\u00e7ay by the sea\" class=\"wp-image-173\" width=\"90\" height=\"17\" srcset=\"https:\/\/camping-lapinede.net\/wp-content\/uploads\/2023\/06\/vague-1.png 360w, https:\/\/camping-lapinede.net\/wp-content\/uploads\/2023\/06\/vague-1-300x57.png 300w\" sizes=\"auto, (max-width: 90px) 100vw, 90px\" \/><\/figure>\n<\/div>\n\n\n\n<div class=\"wp-block-media-text alignwide is-stacked-on-mobile\"><figure class=\"wp-block-media-text__media\"><img loading=\"lazy\" decoding=\"async\" width=\"1000\" height=\"667\" src=\"https:\/\/camping-lapinede.net\/wp-content\/uploads\/2023\/06\/La-guittiere-le-veillon-IMG_2400.jpg\" alt=\"\" class=\"wp-image-197 size-full\" srcset=\"https:\/\/camping-lapinede.net\/wp-content\/uploads\/2023\/06\/La-guittiere-le-veillon-IMG_2400.jpg 1000w, https:\/\/camping-lapinede.net\/wp-content\/uploads\/2023\/06\/La-guittiere-le-veillon-IMG_2400-300x200.jpg 300w, https:\/\/camping-lapinede.net\/wp-content\/uploads\/2023\/06\/La-guittiere-le-veillon-IMG_2400-768x512.jpg 768w\" sizes=\"auto, (max-width: 1000px) 100vw, 1000px\" \/><\/figure><div class=\"wp-block-media-text__content\">\n<h2 class=\"wp-block-heading\">To end the day on a high note<\/h2>\n\n\n\n<p>After a busy afternoon on the Veillon site, you can visit one of the <strong>restaurants <\/strong>or caf\u00e9s lining the beach. Enjoy local specialties such as fresh seafood and galettes vend\u00e9ennes, while admiring the breathtaking ocean views.<br>And to round off this idyllic day, don&#8217;t miss the sunset <strong>on Veillon beach<\/strong>. The flamboyant colors that set the sky ablaze and reflect off the water create a soothingly romantic ambience. Take your time to make yourself comfortable on the beach and admire this exceptional natural spectacle.<\/p>\n<\/div><\/div>\n\n\n<div class=\"wp-block-sev-diaporama alignfull\">\t\t\t<div id=\"sevgallery-78522210\" class=\"sev-diaporama sev-diaporama-portfolio\">\r\n\t\t\t<div class=\"row\">\r\n\r\n\t\t\t\r\n\t\t\t\t\r\n\t\t\t\t<div class=\"sev-diaporama-portfolio-item col-12 col-sm  col-grow\">\r\n\r\n\t\t\t\t\t\t\t\t\t\t<a href=\"https:\/\/camping-lapinede.net\/wp-content\/uploads\/2023\/06\/La-guittiere-le-veillon-IMG_2373.jpg\" data-lightbox=\"sevgallery-78522210\" style=\"background-image: url(https:\/\/camping-lapinede.net\/wp-content\/uploads\/2023\/06\/La-guittiere-le-veillon-IMG_2373.jpg)\">\r\n\t\t\t\t\t\t\t\t\t\t\t<img decoding=\"async\" src=\"https:\/\/camping-lapinede.net\/wp-content\/uploads\/2023\/06\/La-guittiere-le-veillon-IMG_2373.jpg\" alt=\"\" loading=\"lazy\">\r\n\t\t\t\t\t\t\t\t\t\t<\/a>\r\n\t\t\t\t\t\t\t\t\t<\/div>\r\n\r\n\t\t\t\t\r\n\t\t\t\t\t\t\t\t\t\t\t\r\n\t\t\t\t\r\n\t\t\t\t<div class=\"sev-diaporama-portfolio-item col-12 col-sm  col-grow\">\r\n\r\n\t\t\t\t\t\t\t\t\t\t<a href=\"https:\/\/camping-lapinede.net\/wp-content\/uploads\/2023\/06\/le-veillon-talmont-saint-hilaire-photo-aerienne-1.jpg\" data-lightbox=\"sevgallery-78522210\" style=\"background-image: url(https:\/\/camping-lapinede.net\/wp-content\/uploads\/2023\/06\/le-veillon-talmont-saint-hilaire-photo-aerienne-1.jpg)\">\r\n\t\t\t\t\t\t\t\t\t\t\t<img decoding=\"async\" src=\"https:\/\/camping-lapinede.net\/wp-content\/uploads\/2023\/06\/le-veillon-talmont-saint-hilaire-photo-aerienne-1.jpg\" alt=\"\" loading=\"lazy\">\r\n\t\t\t\t\t\t\t\t\t\t<\/a>\r\n\t\t\t\t\t\t\t\t\t<\/div>\r\n\r\n\t\t\t\t\r\n\t\t\t\t\t\t\t\t\t\t\t\r\n\t\t\t\t\r\n\t\t\t\t<div class=\"sev-diaporama-portfolio-item col-12 col-sm  col-shrink\">\r\n\r\n\t\t\t\t\t\t\t\t\t\t<a href=\"https:\/\/camping-lapinede.net\/wp-content\/uploads\/2023\/06\/Photo-anse-du-veillon-P1320238.jpg\" data-lightbox=\"sevgallery-78522210\" style=\"background-image: url(https:\/\/camping-lapinede.net\/wp-content\/uploads\/2023\/06\/Photo-anse-du-veillon-P1320238.jpg)\">\r\n\t\t\t\t\t\t\t\t\t\t\t<img decoding=\"async\" src=\"https:\/\/camping-lapinede.net\/wp-content\/uploads\/2023\/06\/Photo-anse-du-veillon-P1320238.jpg\" alt=\"\" loading=\"lazy\">\r\n\t\t\t\t\t\t\t\t\t\t<\/a>\r\n\t\t\t\t\t\t\t\t\t<\/div>\r\n\r\n\t\t\t\t\t\t\t\t\t<div class=\"w-100\"><\/div>\r\n\t\t\t\t\t\t\t\t\t\r\n\t\t\t\t\t\t\t\t\t\t\t\r\n\t\t\t\t\r\n\t\t\t\t<div class=\"sev-diaporama-portfolio-item col-12 col-sm \">\r\n\r\n\t\t\t\t\t\t\t\t\t\t<a href=\"https:\/\/camping-lapinede.net\/wp-content\/uploads\/2023\/06\/Photo-plage-du-veillon-P1320230-1.jpg\" data-lightbox=\"sevgallery-78522210\" style=\"background-image: url(https:\/\/camping-lapinede.net\/wp-content\/uploads\/2023\/06\/Photo-plage-du-veillon-P1320230-1.jpg)\">\r\n\t\t\t\t\t\t\t\t\t\t\t<img decoding=\"async\" src=\"https:\/\/camping-lapinede.net\/wp-content\/uploads\/2023\/06\/Photo-plage-du-veillon-P1320230-1.jpg\" alt=\"\" loading=\"lazy\">\r\n\t\t\t\t\t\t\t\t\t\t<\/a>\r\n\t\t\t\t\t\t\t\t\t<\/div>\r\n\r\n\t\t\t\t\r\n\t\t\t\t\t\t\t\t\t\t\t\r\n\t\t\t\t\r\n\t\t\t\t<div class=\"sev-diaporama-portfolio-item col-12 col-sm \">\r\n\r\n\t\t\t\t\t\t\t\t\t\t<a href=\"https:\/\/camping-lapinede.net\/wp-content\/uploads\/2023\/06\/Photo-pointe-du-payre-P1320178.jpg\" data-lightbox=\"sevgallery-78522210\" style=\"background-image: url(https:\/\/camping-lapinede.net\/wp-content\/uploads\/2023\/06\/Photo-pointe-du-payre-P1320178.jpg)\">\r\n\t\t\t\t\t\t\t\t\t\t\t<img decoding=\"async\" src=\"https:\/\/camping-lapinede.net\/wp-content\/uploads\/2023\/06\/Photo-pointe-du-payre-P1320178.jpg\" alt=\"\" loading=\"lazy\">\r\n\t\t\t\t\t\t\t\t\t\t<\/a>\r\n\t\t\t\t\t\t\t\t\t<\/div>\r\n\r\n\t\t\t\t\r\n\t\t\t\t\t\t\t\t\t\t\t\t\t\t<\/div>\r\n\t\t\t<\/div>\r\n\r\n\t\t\t<script>\r\n\t\t\tjQuery(function($) {\r\n\r\n\t\t\t\tvar marginPortfolio = function() {\r\n\r\n\t\t\t\t\tvar $diapo          = $('#sevgallery-78522210');\r\n\t\t\t\t\tvar container_width = $diapo.parent().outerWidth();\r\n\t\t\t\t\tvar side            = ( $(window).innerWidth() - container_width ) \/ 2;\r\n\r\n\t\t\t\t\t$diapo.css( {\r\n\t\t\t\t\t\t'margin-left': '-' + side + 'px',\r\n\t\t\t\t\t\t'margin-right': '-' + side + 'px',\r\n\t\t\t\t\t} );\r\n\t\t\t\t};\r\n\r\n\t\t\t\t$( window ).resize( function() {\r\n\t\t\t\t\tmarginPortfolio();\r\n\t\t\t\t} );\r\n\t\t\t\tmarginPortfolio();\r\n\t\t\t});\r\n\t\t\t<\/script>\r\n\t\t\t<\/div>","protected":false},"excerpt":{"rendered":"<p>Day at the Veillon site An unforgettable day at the Veillon site 1 day If you&#8217;re looking for an unforgettable day by the sea, look no further than Le Veillon. Nestling on the Vend\u00e9e coast, this is the ideal place for a day of relaxation and fun with family or friends. Get ready for a [&hellip;]<\/p>\n","protected":false},"author":1,"featured_media":0,"parent":2029,"menu_order":0,"comment_status":"closed","ping_status":"closed","template":"","meta":{"_seopress_robots_primary_cat":"","_seopress_titles_title":"A day at Le Veillon - Vend\u00e9e's most beautiful beach","_seopress_titles_desc":"During your vacation in Vend\u00e9e at camping La Pin\u00e8de, don't miss the most beautiful beach in Vend\u00e9e: Veillon beach.","_seopress_robots_index":"","footnotes":""},"class_list":["post-2015","page","type-page","status-publish","hentry"],"_links":{"self":[{"href":"https:\/\/camping-lapinede.net\/en\/wp-json\/wp\/v2\/pages\/2015","targetHints":{"allow":["GET"]}}],"collection":[{"href":"https:\/\/camping-lapinede.net\/en\/wp-json\/wp\/v2\/pages"}],"about":[{"href":"https:\/\/camping-lapinede.net\/en\/wp-json\/wp\/v2\/types\/page"}],"author":[{"embeddable":true,"href":"https:\/\/camping-lapinede.net\/en\/wp-json\/wp\/v2\/users\/1"}],"replies":[{"embeddable":true,"href":"https:\/\/camping-lapinede.net\/en\/wp-json\/wp\/v2\/comments?post=2015"}],"version-history":[{"count":0,"href":"https:\/\/camping-lapinede.net\/en\/wp-json\/wp\/v2\/pages\/2015\/revisions"}],"up":[{"embeddable":true,"href":"https:\/\/camping-lapinede.net\/en\/wp-json\/wp\/v2\/pages\/2029"}],"wp:attachment":[{"href":"https:\/\/camping-lapinede.net\/en\/wp-json\/wp\/v2\/media?parent=2015"}],"curies":[{"name":"wp","href":"https:\/\/api.w.org\/{rel}","templated":true}]}}