{"id":2013,"date":"2023-06-14T16:29:32","date_gmt":"2023-06-14T14:29:32","guid":{"rendered":"https:\/\/camping-lapinede.net\/swimming-pool\/"},"modified":"2023-06-14T16:29:32","modified_gmt":"2023-06-14T14:29:32","slug":"swimming-pool","status":"publish","type":"page","link":"https:\/\/camping-lapinede.net\/en\/swimming-pool\/","title":{"rendered":"Swimming pool"},"content":{"rendered":"\n<h1 class=\"wp-block-heading\">Heated indoor swimming pool<\/h1>\n\n\n\n<div class=\"wp-block-group alignfull is-layout-constrained wp-block-group-is-layout-constrained\" style=\"margin-top:var(--wp--preset--spacing--70);margin-bottom:var(--wp--preset--spacing--70)\">\n<div class=\"wp-block-media-text alignfull is-stacked-on-mobile is-image-fill\"><figure class=\"wp-block-media-text__media\" style=\"background-image:url(https:\/\/camping-lapinede.net\/wp-content\/uploads\/2023\/06\/photo-636855642992422951-1.jpg);background-position:50% 50%\"><img loading=\"lazy\" decoding=\"async\" width=\"1000\" height=\"346\" src=\"https:\/\/camping-lapinede.net\/wp-content\/uploads\/2023\/06\/photo-636855642992422951-1.jpg\" alt=\"\" class=\"wp-image-94 size-full\" srcset=\"https:\/\/camping-lapinede.net\/wp-content\/uploads\/2023\/06\/photo-636855642992422951-1.jpg 1000w, https:\/\/camping-lapinede.net\/wp-content\/uploads\/2023\/06\/photo-636855642992422951-1-300x104.jpg 300w, https:\/\/camping-lapinede.net\/wp-content\/uploads\/2023\/06\/photo-636855642992422951-1-768x266.jpg 768w\" sizes=\"auto, (max-width: 1000px) 100vw, 1000px\" \/><\/figure><div class=\"wp-block-media-text__content\">\n<h2 class=\"wp-block-heading\">Your camping vacation with swimming pool at La Faute sur Mer in Vend\u00e9e<\/h2>\n\n\n\n<p>Just a stone&#8217;s throw from your vacation rental at Camping La Pin\u00e8de*** in La Faute sur Mer, discover and enjoy our <strong>aquatic area<\/strong> where you can combine the pleasures of sporty, relaxing or playful swimming in our heated and covered pool. The little ones can safely enjoy the paddling pool with its 20cm high water level and small slide.<\/p>\n\n\n\n<p>For delicious moments of idleness, you can relax on the deckchairs provided around the pool. Whether you&#8217;re a couple, a family or a group of friends, the covered, heated swimming pool at Camping La Pin\u00e8de*** is the perfect place to enjoy a fun-filled time in the heart of nature, from early May to mid-September.<\/p>\n\n\n\n<p>What would a vacation in the Vend\u00e9e be without swimming and splashing? At Camping La Pin\u00e8de***, you can enjoy our indoor swimming pool in all weathers! Whether it&#8217;s sunny or rainy, access the heated pool for unforgettable moments of play and relaxation for the whole family. An invigorating, refreshing and fun program for your seaside vacation in the Vend\u00e9e.<\/p>\n<\/div><\/div>\n<\/div>\n\n\n\n<div class=\"wp-block-columns is-layout-flex wp-container-core-columns-is-layout-28f84493 wp-block-columns-is-layout-flex\">\n<div class=\"wp-block-column is-layout-flow wp-block-column-is-layout-flow\">\n<div class=\"wp-block-cover has-custom-content-position is-position-top-center\" style=\"min-height:260px;aspect-ratio:unset;\"><span aria-hidden=\"true\" class=\"wp-block-cover__background has-background-dim-70 has-background-dim\"><\/span><img loading=\"lazy\" decoding=\"async\" width=\"600\" height=\"800\" class=\"wp-block-cover__image-background wp-image-102\" alt=\"\" src=\"https:\/\/camping-lapinede.net\/wp-content\/uploads\/2023\/06\/photo-636855649616291154-1.jpg\" style=\"object-position:88% 91%\" data-object-fit=\"cover\" data-object-position=\"88% 91%\" srcset=\"https:\/\/camping-lapinede.net\/wp-content\/uploads\/2023\/06\/photo-636855649616291154-1.jpg 600w, https:\/\/camping-lapinede.net\/wp-content\/uploads\/2023\/06\/photo-636855649616291154-1-225x300.jpg 225w\" sizes=\"auto, (max-width: 600px) 100vw, 600px\" \/><div class=\"wp-block-cover__inner-container is-layout-flow wp-block-cover-is-layout-flow\">\n<div class=\"wp-block-group is-layout-constrained wp-container-core-group-is-layout-5a30f31b wp-block-group-is-layout-constrained\">\n<h2 class=\"wp-block-heading has-white-color has-text-color\">Practical information:<\/h2>\n\n\n\n<ul class=\"has-white-color has-text-color wp-block-list\">\n<li>Opening times and dates: 10am to 8pm from early May to mid-September<\/li>\n\n\n\n<li>Swimming shorts and swimming shoes are not permitted in the pool area.<\/li>\n\n\n\n<li>Swimming pool not supervised &#8211; Children&#8217;s swimming under parents&#8217; responsibility<\/li>\n\n\n\n<li>For everyone&#8217;s safety, running and jumping are forbidden.<\/li>\n<\/ul>\n<\/div>\n<\/div><\/div>\n<\/div>\n\n\n\n<div class=\"wp-block-column is-layout-flow wp-block-column-is-layout-flow\">\n<div class=\"wp-block-group has-background is-layout-constrained wp-container-core-group-is-layout-bb6aa1b8 wp-block-group-is-layout-constrained\" style=\"border-style:none;border-width:0px;border-radius:0px;background-color:#2d66537a;min-height:100%;padding-top:var(--wp--preset--spacing--60);padding-right:var(--wp--preset--spacing--60);padding-bottom:var(--wp--preset--spacing--60);padding-left:var(--wp--preset--spacing--60)\">\n<h2 class=\"wp-block-heading has-white-color has-text-color\">Your campsite with swimming pool in Vend\u00e9e<\/h2>\n\n\n\n<p class=\"has-white-color has-text-color\">Come to Vend\u00e9e with your family or friends for a vacation of relaxation and escape. <strong>Between land and sea<\/strong>, the region offers natural sites of exceptional beauty, a rich architectural, cultural and gastronomic heritage and a wealth of entertainment and leisure activities.<\/p>\n<\/div>\n<\/div>\n<\/div>\n\n\n<div class=\"wp-block-sev-diaporama alignfull\">\t\t\t<div id=\"sevgallery-4259306052\" class=\"sev-diaporama sev-diaporama-portfolio\">\r\n\t\t\t<div class=\"row\">\r\n\r\n\t\t\t\r\n\t\t\t\t\r\n\t\t\t\t<div class=\"sev-diaporama-portfolio-item col-12 col-sm \">\r\n\r\n\t\t\t\t\t\t\t\t\t\t<a href=\"https:\/\/camping-lapinede.net\/wp-content\/uploads\/2023\/06\/photo-636855642918434091-1.jpg\" data-lightbox=\"sevgallery-4259306052\" style=\"background-image: url(https:\/\/camping-lapinede.net\/wp-content\/uploads\/2023\/06\/photo-636855642918434091-1.jpg)\">\r\n\t\t\t\t\t\t\t\t\t\t\t<img decoding=\"async\" src=\"https:\/\/camping-lapinede.net\/wp-content\/uploads\/2023\/06\/photo-636855642918434091-1.jpg\" alt=\"\" loading=\"lazy\">\r\n\t\t\t\t\t\t\t\t\t\t<\/a>\r\n\t\t\t\t\t\t\t\t\t<\/div>\r\n\r\n\t\t\t\t\r\n\t\t\t\t\t\t\t\t\t\t\t\r\n\t\t\t\t\r\n\t\t\t\t<div class=\"sev-diaporama-portfolio-item col-12 col-sm \">\r\n\r\n\t\t\t\t\t\t\t\t\t\t<a href=\"https:\/\/camping-lapinede.net\/wp-content\/uploads\/2023\/09\/Palmiers-Piscine.jpg\" data-lightbox=\"sevgallery-4259306052\" style=\"background-image: url(https:\/\/camping-lapinede.net\/wp-content\/uploads\/2023\/09\/Palmiers-Piscine.jpg)\">\r\n\t\t\t\t\t\t\t\t\t\t\t<img decoding=\"async\" src=\"https:\/\/camping-lapinede.net\/wp-content\/uploads\/2023\/09\/Palmiers-Piscine.jpg\" alt=\"\" loading=\"lazy\">\r\n\t\t\t\t\t\t\t\t\t\t<\/a>\r\n\t\t\t\t\t\t\t\t\t<\/div>\r\n\r\n\t\t\t\t\r\n\t\t\t\t\t\t\t\t\t\t\t\r\n\t\t\t\t\r\n\t\t\t\t<div class=\"sev-diaporama-portfolio-item col-12 col-sm  col-shrink\">\r\n\r\n\t\t\t\t\t\t\t\t\t\t<a href=\"https:\/\/camping-lapinede.net\/wp-content\/uploads\/2023\/06\/photo-636855642952071113-1.jpg\" data-lightbox=\"sevgallery-4259306052\" style=\"background-image: url(https:\/\/camping-lapinede.net\/wp-content\/uploads\/2023\/06\/photo-636855642952071113-1.jpg)\">\r\n\t\t\t\t\t\t\t\t\t\t\t<img decoding=\"async\" src=\"https:\/\/camping-lapinede.net\/wp-content\/uploads\/2023\/06\/photo-636855642952071113-1.jpg\" alt=\"\" loading=\"lazy\">\r\n\t\t\t\t\t\t\t\t\t\t<\/a>\r\n\t\t\t\t\t\t\t\t\t<\/div>\r\n\r\n\t\t\t\t\r\n\t\t\t\t\t\t\t\t\t\t\t\r\n\t\t\t\t\r\n\t\t\t\t<div class=\"sev-diaporama-portfolio-item col-12 col-sm  col-grow\">\r\n\r\n\t\t\t\t\t\t\t\t\t\t<a href=\"https:\/\/camping-lapinede.net\/wp-content\/uploads\/2023\/06\/photo-636855642992422951-1-1.jpg\" data-lightbox=\"sevgallery-4259306052\" style=\"background-image: url(https:\/\/camping-lapinede.net\/wp-content\/uploads\/2023\/06\/photo-636855642992422951-1-1.jpg)\">\r\n\t\t\t\t\t\t\t\t\t\t\t<img decoding=\"async\" src=\"https:\/\/camping-lapinede.net\/wp-content\/uploads\/2023\/06\/photo-636855642992422951-1-1.jpg\" alt=\"\" loading=\"lazy\">\r\n\t\t\t\t\t\t\t\t\t\t<\/a>\r\n\t\t\t\t\t\t\t\t\t<\/div>\r\n\r\n\t\t\t\t\t\t\t\t\t<div class=\"w-100\"><\/div>\r\n\t\t\t\t\t\t\t\t\t\r\n\t\t\t\t\t\t\t\t\t\t\t\r\n\t\t\t\t\r\n\t\t\t\t<div class=\"sev-diaporama-portfolio-item col-12 col-sm  col-shrink\">\r\n\r\n\t\t\t\t\t\t\t\t\t\t<a href=\"https:\/\/camping-lapinede.net\/wp-content\/uploads\/2023\/06\/photo-636855649576424923-1.jpg\" data-lightbox=\"sevgallery-4259306052\" style=\"background-image: url(https:\/\/camping-lapinede.net\/wp-content\/uploads\/2023\/06\/photo-636855649576424923-1.jpg)\">\r\n\t\t\t\t\t\t\t\t\t\t\t<img decoding=\"async\" src=\"https:\/\/camping-lapinede.net\/wp-content\/uploads\/2023\/06\/photo-636855649576424923-1.jpg\" alt=\"\" loading=\"lazy\">\r\n\t\t\t\t\t\t\t\t\t\t<\/a>\r\n\t\t\t\t\t\t\t\t\t<\/div>\r\n\r\n\t\t\t\t\r\n\t\t\t\t\t\t\t\t\t\t\t\r\n\t\t\t\t\r\n\t\t\t\t<div class=\"sev-diaporama-portfolio-item col-12 col-sm  col-shrink\">\r\n\r\n\t\t\t\t\t\t\t\t\t\t<a href=\"https:\/\/camping-lapinede.net\/wp-content\/uploads\/2023\/06\/photo-636855649616291154-1-1.jpg\" data-lightbox=\"sevgallery-4259306052\" style=\"background-image: url(https:\/\/camping-lapinede.net\/wp-content\/uploads\/2023\/06\/photo-636855649616291154-1-1.jpg)\">\r\n\t\t\t\t\t\t\t\t\t\t\t<img decoding=\"async\" src=\"https:\/\/camping-lapinede.net\/wp-content\/uploads\/2023\/06\/photo-636855649616291154-1-1.jpg\" alt=\"\" loading=\"lazy\">\r\n\t\t\t\t\t\t\t\t\t\t<\/a>\r\n\t\t\t\t\t\t\t\t\t<\/div>\r\n\r\n\t\t\t\t\r\n\t\t\t\t\t\t\t\t\t\t\t\r\n\t\t\t\t\r\n\t\t\t\t<div class=\"sev-diaporama-portfolio-item col-12 col-sm  col-grow\">\r\n\r\n\t\t\t\t\t\t\t\t\t\t<a href=\"https:\/\/camping-lapinede.net\/wp-content\/uploads\/2023\/09\/Capture-decran-le-2023-09-10-a-16.02.47.jpg\" data-lightbox=\"sevgallery-4259306052\" style=\"background-image: url(https:\/\/camping-lapinede.net\/wp-content\/uploads\/2023\/09\/Capture-decran-le-2023-09-10-a-16.02.47.jpg)\">\r\n\t\t\t\t\t\t\t\t\t\t\t<img decoding=\"async\" src=\"https:\/\/camping-lapinede.net\/wp-content\/uploads\/2023\/09\/Capture-decran-le-2023-09-10-a-16.02.47.jpg\" alt=\"\" loading=\"lazy\">\r\n\t\t\t\t\t\t\t\t\t\t<\/a>\r\n\t\t\t\t\t\t\t\t\t<\/div>\r\n\r\n\t\t\t\t\r\n\t\t\t\t\t\t\t\t\t\t\t\t\t\t<\/div>\r\n\t\t\t<\/div>\r\n\r\n\t\t\t<script>\r\n\t\t\tjQuery(function($) {\r\n\r\n\t\t\t\tvar marginPortfolio = function() {\r\n\r\n\t\t\t\t\tvar $diapo          = $('#sevgallery-4259306052');\r\n\t\t\t\t\tvar container_width = $diapo.parent().outerWidth();\r\n\t\t\t\t\tvar side            = ( $(window).innerWidth() - container_width ) \/ 2;\r\n\r\n\t\t\t\t\t$diapo.css( {\r\n\t\t\t\t\t\t'margin-left': '-' + side + 'px',\r\n\t\t\t\t\t\t'margin-right': '-' + side + 'px',\r\n\t\t\t\t\t} );\r\n\t\t\t\t};\r\n\r\n\t\t\t\t$( window ).resize( function() {\r\n\t\t\t\t\tmarginPortfolio();\r\n\t\t\t\t} );\r\n\t\t\t\tmarginPortfolio();\r\n\t\t\t});\r\n\t\t\t<\/script>\r\n\t\t\t<\/div>","protected":false},"excerpt":{"rendered":"<p>Heated indoor swimming pool Your camping vacation with swimming pool at La Faute sur Mer in Vend\u00e9e Just a stone&#8217;s throw from your vacation rental at Camping La Pin\u00e8de*** in La Faute sur Mer, discover and enjoy our aquatic area where you can combine the pleasures of sporty, relaxing or playful swimming in our heated [&hellip;]<\/p>\n","protected":false},"author":1,"featured_media":0,"parent":0,"menu_order":0,"comment_status":"closed","ping_status":"closed","template":"","meta":{"_seopress_robots_primary_cat":"","_seopress_titles_title":"Indoor heated swimming pool - La Faute Sur Mer Vend\u00e9e","_seopress_titles_desc":"Your vacations in a campsite with swimming pool at La Faute sur Mer in Vend\u00e9e - A stone's throw from your vacation rental at the 3-star Camping La Pin\u00e8de","_seopress_robots_index":"","footnotes":""},"class_list":["post-2013","page","type-page","status-publish","hentry"],"_links":{"self":[{"href":"https:\/\/camping-lapinede.net\/en\/wp-json\/wp\/v2\/pages\/2013","targetHints":{"allow":["GET"]}}],"collection":[{"href":"https:\/\/camping-lapinede.net\/en\/wp-json\/wp\/v2\/pages"}],"about":[{"href":"https:\/\/camping-lapinede.net\/en\/wp-json\/wp\/v2\/types\/page"}],"author":[{"embeddable":true,"href":"https:\/\/camping-lapinede.net\/en\/wp-json\/wp\/v2\/users\/1"}],"replies":[{"embeddable":true,"href":"https:\/\/camping-lapinede.net\/en\/wp-json\/wp\/v2\/comments?post=2013"}],"version-history":[{"count":0,"href":"https:\/\/camping-lapinede.net\/en\/wp-json\/wp\/v2\/pages\/2013\/revisions"}],"wp:attachment":[{"href":"https:\/\/camping-lapinede.net\/en\/wp-json\/wp\/v2\/media?parent=2013"}],"curies":[{"name":"wp","href":"https:\/\/api.w.org\/{rel}","templated":true}]}}