{"id":2002,"date":"2023-06-16T12:09:31","date_gmt":"2023-06-16T10:09:31","guid":{"rendered":"https:\/\/camping-lapinede.net\/cote-mer\/"},"modified":"2023-10-18T12:10:06","modified_gmt":"2023-10-18T10:10:06","slug":"cote-mer","status":"publish","type":"page","link":"https:\/\/camping-lapinede.net\/en\/cote-mer\/","title":{"rendered":"C\u00f4t\u00e9 Mer"},"content":{"rendered":"\n<h1 class=\"wp-block-heading\">C\u00f4t\u00e9 Mer<\/h1>\n\n\n\n<div class=\"wp-block-columns is-layout-flex wp-container-core-columns-is-layout-28f84493 wp-block-columns-is-layout-flex\">\n<div class=\"wp-block-column is-layout-flow wp-block-column-is-layout-flow\">\n<div class=\"wp-block-sev-encart\"><a href=\"https:\/\/camping-lapinede.net\/en\/cote-mer\/the-beaches\/\"><img decoding=\"async\" src=\"https:\/\/camping-lapinede.net\/wp-content\/uploads\/2023\/06\/La-faute-sur-mer-plage-vendee-P1410904.jpg\" alt=\"\"\/><div class=\"wp-block-sev-encart-content\"><div class=\"wp-block-sev-encart-label\">The beaches<\/div><\/div><div class=\"wp-block-sev-encart-btn\">Discover<\/div><\/a><\/div>\n<\/div>\n\n\n\n<div class=\"wp-block-column is-layout-flow wp-block-column-is-layout-flow\">\n<div class=\"wp-block-sev-encart\"><a href=\"https:\/\/camping-lapinede.net\/en\/cote-mer\/water-sports-and-fishing\/\"><img decoding=\"async\" src=\"https:\/\/camping-lapinede.net\/wp-content\/uploads\/2023\/09\/IMG_13.jpg\" alt=\"\"\/><div class=\"wp-block-sev-encart-content\"><div class=\"wp-block-sev-encart-label\">Nautical activities<\/div><\/div><div class=\"wp-block-sev-encart-btn\">Discover<\/div><\/a><\/div>\n<\/div>\n<\/div>\n","protected":false},"excerpt":{"rendered":"<p>C\u00f4t\u00e9 Mer<\/p>\n","protected":false},"author":1,"featured_media":0,"parent":0,"menu_order":0,"comment_status":"closed","ping_status":"closed","template":"","meta":{"_seopress_robots_primary_cat":"","_seopress_titles_title":"C\u00f4t\u00e9 Mer - Camping at La Faute sur Mer near the beach","_seopress_titles_desc":"La Pin\u00e8de 3 * campsite in La Faute sur Mer is close to the beaches. Enjoy water sports and stroll along the most beautiful beaches","_seopress_robots_index":"","footnotes":""},"class_list":["post-2002","page","type-page","status-publish","hentry"],"_links":{"self":[{"href":"https:\/\/camping-lapinede.net\/en\/wp-json\/wp\/v2\/pages\/2002","targetHints":{"allow":["GET"]}}],"collection":[{"href":"https:\/\/camping-lapinede.net\/en\/wp-json\/wp\/v2\/pages"}],"about":[{"href":"https:\/\/camping-lapinede.net\/en\/wp-json\/wp\/v2\/types\/page"}],"author":[{"embeddable":true,"href":"https:\/\/camping-lapinede.net\/en\/wp-json\/wp\/v2\/users\/1"}],"replies":[{"embeddable":true,"href":"https:\/\/camping-lapinede.net\/en\/wp-json\/wp\/v2\/comments?post=2002"}],"version-history":[{"count":1,"href":"https:\/\/camping-lapinede.net\/en\/wp-json\/wp\/v2\/pages\/2002\/revisions"}],"predecessor-version":[{"id":2171,"href":"https:\/\/camping-lapinede.net\/en\/wp-json\/wp\/v2\/pages\/2002\/revisions\/2171"}],"wp:attachment":[{"href":"https:\/\/camping-lapinede.net\/en\/wp-json\/wp\/v2\/media?parent=2002"}],"curies":[{"name":"wp","href":"https:\/\/api.w.org\/{rel}","templated":true}]}}