{"id":2001,"date":"2023-06-16T14:39:33","date_gmt":"2023-06-16T12:39:33","guid":{"rendered":"https:\/\/camping-lapinede.net\/the-beaches\/"},"modified":"2023-06-16T14:39:33","modified_gmt":"2023-06-16T12:39:33","slug":"the-beaches","status":"publish","type":"page","link":"https:\/\/camping-lapinede.net\/en\/cote-mer\/the-beaches\/","title":{"rendered":"The beaches"},"content":{"rendered":"\n<h1 class=\"wp-block-heading\">The beaches<\/h1>\n\n\n\n<div class=\"wp-block-media-text alignwide is-stacked-on-mobile is-image-fill\"><figure class=\"wp-block-media-text__media\" style=\"background-image:url(https:\/\/camping-lapinede.net\/wp-content\/uploads\/2023\/06\/Dune-aiguillon-mer-DSC_0179.jpg);background-position:46% 49%\"><img loading=\"lazy\" decoding=\"async\" width=\"900\" height=\"600\" src=\"https:\/\/camping-lapinede.net\/wp-content\/uploads\/2023\/06\/Dune-aiguillon-mer-DSC_0179.jpg\" alt=\"beach near the campsite in Vend\u00e9e\" class=\"wp-image-439 size-full\" srcset=\"https:\/\/camping-lapinede.net\/wp-content\/uploads\/2023\/06\/Dune-aiguillon-mer-DSC_0179.jpg 900w, https:\/\/camping-lapinede.net\/wp-content\/uploads\/2023\/06\/Dune-aiguillon-mer-DSC_0179-300x200.jpg 300w, https:\/\/camping-lapinede.net\/wp-content\/uploads\/2023\/06\/Dune-aiguillon-mer-DSC_0179-768x512.jpg 768w\" sizes=\"auto, (max-width: 900px) 100vw, 900px\" \/><\/figure><div class=\"wp-block-media-text__content\">\n<p>Camping de La Pin\u00e8de is located on the Presqu&#8217;il de la Faute sur Mer. As a result, you&#8217;ll be lucky enough to be <strong>just a stone&#8217;s throw from sandy beaches<\/strong>. An <strong>ideal location<\/strong> for nature lovers and holidaymakers wishing to enjoy these vast expanses.<\/p>\n\n\n\n<p>The beach is a gateway to a <strong>wide range of activities<\/strong>. Depending on your tastes, you can enjoy water sports, swim in the waves, go for a run or simply read a book in the glorious sunshine.<\/p>\n\n\n\n<h2 class=\"wp-block-heading\">THISTLE BEACH<\/h2>\n\n\n\n<p>With direct access, all you have to do is take a short path through the dunes, surrounded by maritime pines, to find yourself with your feet in the sand.<br>The beach bordering the campsite offers a unique setting.<br>This beach is very large, so you&#8217;re sure to find a place to put your towel down and enjoy the ocean.<br>It is supervised in high season, so you can swim in complete safety.<br>If you wander south along this beach, you&#8217;ll come to the Pointe d&#8217;Ar\u00e7ay. Here, you&#8217;ll enjoy a 360\u00b0 view of the ocean.<\/p>\n\n\n\n<h2 class=\"wp-block-heading\">La Grande Plage<\/h2>\n\n\n\n<p>La Faute sur Mer&#8217;s Grande Plage is the closest beach to the town center. Watched over in summer, it&#8217;s also the one that attracts the most holidaymakers. You can reach it via paths along the dune.<\/p>\n<\/div><\/div>\n\n\n<div class=\"wp-block-sev-diaporama alignfull\">\t\t\t<div id=\"sevgallery-1760232153\" class=\"sev-diaporama sev-diaporama-portfolio\">\r\n\t\t\t<div class=\"row\">\r\n\r\n\t\t\t\r\n\t\t\t\t\r\n\t\t\t\t<div class=\"sev-diaporama-portfolio-item col-12 col-sm  col-shrink\">\r\n\r\n\t\t\t\t\t\t\t\t\t\t<a href=\"https:\/\/camping-lapinede.net\/wp-content\/uploads\/2023\/08\/la-faute-sur-mer-IMG_9976.jpg\" data-lightbox=\"sevgallery-1760232153\" style=\"background-image: url(https:\/\/camping-lapinede.net\/wp-content\/uploads\/2023\/08\/la-faute-sur-mer-IMG_9976.jpg)\">\r\n\t\t\t\t\t\t\t\t\t\t\t<img decoding=\"async\" src=\"https:\/\/camping-lapinede.net\/wp-content\/uploads\/2023\/08\/la-faute-sur-mer-IMG_9976.jpg\" alt=\"\" loading=\"lazy\">\r\n\t\t\t\t\t\t\t\t\t\t<\/a>\r\n\t\t\t\t\t\t\t\t\t<\/div>\r\n\r\n\t\t\t\t\r\n\t\t\t\t\t\t\t\t\t\t\t\r\n\t\t\t\t\r\n\t\t\t\t<div class=\"sev-diaporama-portfolio-item col-12 col-sm \">\r\n\r\n\t\t\t\t\t\t\t\t\t\t<a href=\"https:\/\/camping-lapinede.net\/wp-content\/uploads\/2023\/09\/IMG_2126.jpg\" data-lightbox=\"sevgallery-1760232153\" style=\"background-image: url(https:\/\/camping-lapinede.net\/wp-content\/uploads\/2023\/09\/IMG_2126.jpg)\">\r\n\t\t\t\t\t\t\t\t\t\t\t<img decoding=\"async\" src=\"https:\/\/camping-lapinede.net\/wp-content\/uploads\/2023\/09\/IMG_2126.jpg\" alt=\"\" loading=\"lazy\">\r\n\t\t\t\t\t\t\t\t\t\t<\/a>\r\n\t\t\t\t\t\t\t\t\t<\/div>\r\n\r\n\t\t\t\t\r\n\t\t\t\t\t\t\t\t\t\t\t\r\n\t\t\t\t\r\n\t\t\t\t<div class=\"sev-diaporama-portfolio-item col-12 col-sm \">\r\n\r\n\t\t\t\t\t\t\t\t\t\t<a href=\"https:\/\/camping-lapinede.net\/wp-content\/uploads\/2023\/09\/IMG_2129.jpg\" data-lightbox=\"sevgallery-1760232153\" style=\"background-image: url(https:\/\/camping-lapinede.net\/wp-content\/uploads\/2023\/09\/IMG_2129.jpg)\">\r\n\t\t\t\t\t\t\t\t\t\t\t<img decoding=\"async\" src=\"https:\/\/camping-lapinede.net\/wp-content\/uploads\/2023\/09\/IMG_2129.jpg\" alt=\"\" loading=\"lazy\">\r\n\t\t\t\t\t\t\t\t\t\t<\/a>\r\n\t\t\t\t\t\t\t\t\t<\/div>\r\n\r\n\t\t\t\t\t\t\t\t\t<div class=\"w-100\"><\/div>\r\n\t\t\t\t\t\t\t\t\t\r\n\t\t\t\t\t\t\t\t\t\t\t\r\n\t\t\t\t\r\n\t\t\t\t<div class=\"sev-diaporama-portfolio-item col-12 col-sm  col-shrink\">\r\n\r\n\t\t\t\t\t\t\t\t\t\t<a href=\"https:\/\/camping-lapinede.net\/wp-content\/uploads\/2023\/09\/IMG_6786.jpg\" data-lightbox=\"sevgallery-1760232153\" style=\"background-image: url(https:\/\/camping-lapinede.net\/wp-content\/uploads\/2023\/09\/IMG_6786.jpg)\">\r\n\t\t\t\t\t\t\t\t\t\t\t<img decoding=\"async\" src=\"https:\/\/camping-lapinede.net\/wp-content\/uploads\/2023\/09\/IMG_6786.jpg\" alt=\"\" loading=\"lazy\">\r\n\t\t\t\t\t\t\t\t\t\t<\/a>\r\n\t\t\t\t\t\t\t\t\t<\/div>\r\n\r\n\t\t\t\t\r\n\t\t\t\t\t\t\t\t\t\t\t\r\n\t\t\t\t\r\n\t\t\t\t<div class=\"sev-diaporama-portfolio-item col-12 col-sm  col-shrink\">\r\n\r\n\t\t\t\t\t\t\t\t\t\t<a href=\"https:\/\/camping-lapinede.net\/wp-content\/uploads\/2023\/09\/IMG_7609.jpg\" data-lightbox=\"sevgallery-1760232153\" style=\"background-image: url(https:\/\/camping-lapinede.net\/wp-content\/uploads\/2023\/09\/IMG_7609.jpg)\">\r\n\t\t\t\t\t\t\t\t\t\t\t<img decoding=\"async\" src=\"https:\/\/camping-lapinede.net\/wp-content\/uploads\/2023\/09\/IMG_7609.jpg\" alt=\"\" loading=\"lazy\">\r\n\t\t\t\t\t\t\t\t\t\t<\/a>\r\n\t\t\t\t\t\t\t\t\t<\/div>\r\n\r\n\t\t\t\t\r\n\t\t\t\t\t\t\t\t\t\t\t\r\n\t\t\t\t\r\n\t\t\t\t<div class=\"sev-diaporama-portfolio-item col-12 col-sm  col-grow\">\r\n\r\n\t\t\t\t\t\t\t\t\t\t<a href=\"https:\/\/camping-lapinede.net\/wp-content\/uploads\/2023\/09\/Plage-LA-FAUTE-SUR-MER.jpg\" data-lightbox=\"sevgallery-1760232153\" style=\"background-image: url(https:\/\/camping-lapinede.net\/wp-content\/uploads\/2023\/09\/Plage-LA-FAUTE-SUR-MER.jpg)\">\r\n\t\t\t\t\t\t\t\t\t\t\t<img decoding=\"async\" src=\"https:\/\/camping-lapinede.net\/wp-content\/uploads\/2023\/09\/Plage-LA-FAUTE-SUR-MER.jpg\" alt=\"\" loading=\"lazy\">\r\n\t\t\t\t\t\t\t\t\t\t<\/a>\r\n\t\t\t\t\t\t\t\t\t<\/div>\r\n\r\n\t\t\t\t\t\t\t\t\t<div class=\"w-100\"><\/div>\r\n\t\t\t\t\t\t\t\t\t\r\n\t\t\t\t\t\t\t\t\t\t\t\t\t\t<\/div>\r\n\t\t\t<\/div>\r\n\r\n\t\t\t<script>\r\n\t\t\tjQuery(function($) {\r\n\r\n\t\t\t\tvar marginPortfolio = function() {\r\n\r\n\t\t\t\t\tvar $diapo          = $('#sevgallery-1760232153');\r\n\t\t\t\t\tvar container_width = $diapo.parent().outerWidth();\r\n\t\t\t\t\tvar side            = ( $(window).innerWidth() - container_width ) \/ 2;\r\n\r\n\t\t\t\t\t$diapo.css( {\r\n\t\t\t\t\t\t'margin-left': '-' + side + 'px',\r\n\t\t\t\t\t\t'margin-right': '-' + side + 'px',\r\n\t\t\t\t\t} );\r\n\t\t\t\t};\r\n\r\n\t\t\t\t$( window ).resize( function() {\r\n\t\t\t\t\tmarginPortfolio();\r\n\t\t\t\t} );\r\n\t\t\t\tmarginPortfolio();\r\n\t\t\t});\r\n\t\t\t<\/script>\r\n\t\t\t<\/div>","protected":false},"excerpt":{"rendered":"<p>The beaches Camping de La Pin\u00e8de is located on the Presqu&#8217;il de la Faute sur Mer. As a result, you&#8217;ll be lucky enough to be just a stone&#8217;s throw from sandy beaches. An ideal location for nature lovers and holidaymakers wishing to enjoy these vast expanses. The beach is a gateway to a wide range [&hellip;]<\/p>\n","protected":false},"author":1,"featured_media":0,"parent":2002,"menu_order":0,"comment_status":"closed","ping_status":"closed","template":"","meta":{"_seopress_robots_primary_cat":"","_seopress_titles_title":"Beaches close to the campsite in La Faute sur Mer","_seopress_titles_desc":"The 3-star La Pin\u00e8de campsite is located in La Faute sur Mer, near the Pointe d'Ar\u00e7ay in the Vend\u00e9e. Book your seaside vacation","_seopress_robots_index":"","footnotes":""},"class_list":["post-2001","page","type-page","status-publish","hentry"],"_links":{"self":[{"href":"https:\/\/camping-lapinede.net\/en\/wp-json\/wp\/v2\/pages\/2001","targetHints":{"allow":["GET"]}}],"collection":[{"href":"https:\/\/camping-lapinede.net\/en\/wp-json\/wp\/v2\/pages"}],"about":[{"href":"https:\/\/camping-lapinede.net\/en\/wp-json\/wp\/v2\/types\/page"}],"author":[{"embeddable":true,"href":"https:\/\/camping-lapinede.net\/en\/wp-json\/wp\/v2\/users\/1"}],"replies":[{"embeddable":true,"href":"https:\/\/camping-lapinede.net\/en\/wp-json\/wp\/v2\/comments?post=2001"}],"version-history":[{"count":0,"href":"https:\/\/camping-lapinede.net\/en\/wp-json\/wp\/v2\/pages\/2001\/revisions"}],"up":[{"embeddable":true,"href":"https:\/\/camping-lapinede.net\/en\/wp-json\/wp\/v2\/pages\/2002"}],"wp:attachment":[{"href":"https:\/\/camping-lapinede.net\/en\/wp-json\/wp\/v2\/media?parent=2001"}],"curies":[{"name":"wp","href":"https:\/\/api.w.org\/{rel}","templated":true}]}}