{"id":1994,"date":"2023-06-15T16:12:18","date_gmt":"2023-06-15T14:12:18","guid":{"rendered":"https:\/\/camping-lapinede.net\/nature\/hiking-and-biking\/"},"modified":"2023-06-15T16:12:18","modified_gmt":"2023-06-15T14:12:18","slug":"hiking-and-biking","status":"publish","type":"page","link":"https:\/\/camping-lapinede.net\/en\/nature\/hiking-and-biking\/","title":{"rendered":"Hiking and biking"},"content":{"rendered":"\n<h1 class=\"wp-block-heading alignwide\">Hiking and biking<\/h1>\n\n\n\n<h2 class=\"wp-block-heading alignwide\">Your nature vacations at Camping La Pin\u00e8de*** in Vend\u00e9e<\/h2>\n\n\n\n<div class=\"wp-block-group alignwide is-content-justification-left is-layout-constrained wp-container-core-group-is-layout-12dd3699 wp-block-group-is-layout-constrained\">\n<p>For lovers of <strong>walking, cycling<\/strong> and the great outdoors, discover the superb Vend\u00e9e coastline, its <strong>magnificent dunes and beaches<\/strong>, and the hinterland on a cycling or hiking tour. Nestled between nature and the ocean, Camping La Pin\u00e8de*** is a great starting point for walks and hikes, both sporting and family-oriented.<\/p>\n<\/div>\n\n\n\n<div class=\"wp-block-group alignwide is-layout-constrained wp-block-group-is-layout-constrained\" style=\"margin-top:var(--wp--preset--spacing--60);margin-bottom:var(--wp--preset--spacing--60)\">\n<div class=\"wp-block-media-text alignwide is-stacked-on-mobile is-image-fill\"><figure class=\"wp-block-media-text__media\" style=\"background-image:url(https:\/\/camping-lapinede.net\/wp-content\/uploads\/2023\/09\/d27b2b69-6643-4e7b-a154-223386e13ddc-1.jpg);background-position:50% 50%\"><img loading=\"lazy\" decoding=\"async\" width=\"1000\" height=\"750\" src=\"https:\/\/camping-lapinede.net\/wp-content\/uploads\/2023\/09\/d27b2b69-6643-4e7b-a154-223386e13ddc-1.jpg\" alt=\"stroll on the beach\" class=\"wp-image-950 size-full\" srcset=\"https:\/\/camping-lapinede.net\/wp-content\/uploads\/2023\/09\/d27b2b69-6643-4e7b-a154-223386e13ddc-1.jpg 1000w, https:\/\/camping-lapinede.net\/wp-content\/uploads\/2023\/09\/d27b2b69-6643-4e7b-a154-223386e13ddc-1-300x225.jpg 300w, https:\/\/camping-lapinede.net\/wp-content\/uploads\/2023\/09\/d27b2b69-6643-4e7b-a154-223386e13ddc-1-768x576.jpg 768w\" sizes=\"auto, (max-width: 1000px) 100vw, 1000px\" \/><\/figure><div class=\"wp-block-media-text__content\">\n<p>The <strong>seaside resort of La Faute sur<\/strong> Mer is ideally situated for a wide range of cycling and walking routes, enabling you to discover the Vend\u00e9e. Head for the Marais Poitevin, stroll along the banks of the River Lay, discover the beaches of the Vend\u00e9e, and you&#8217;ll find everything you need to discover exceptional landscapes!<\/p>\n\n\n\n<p>No fewer than 13 kilometers of hiking trails await you around the resort of La Faute sur Mer, allowing you to discover the peninsula and its many landscapes: pine forests, dunes, beaches, the Belle Henriette lagoon, as well as the sumptuous national forest and its wealth of flora and fauna. Numerous cycle paths make for safe cycling. At your own pace, you&#8217;ll discover our beautiful southern Vend\u00e9e region by bike!<\/p>\n\n\n\n<div class=\"wp-block-group has-background is-layout-constrained wp-container-core-group-is-layout-301020a0 wp-block-group-is-layout-constrained\" style=\"background-color:#2d66537a;padding-top:var(--wp--preset--spacing--50);padding-right:var(--wp--preset--spacing--50);padding-bottom:var(--wp--preset--spacing--50);padding-left:var(--wp--preset--spacing--50)\">\n<p class=\"has-white-color has-text-color\">If you don&#8217;t have your own equipment, there&#8217;s no need to worry about getting it, just visit the bike and rosalie rental companies near Camping La Pin\u00e8de*** :<\/p>\n\n\n\n<ul class=\"has-white-color has-text-color wp-block-list\">\n<li><em>Loca Cycles<\/em>, 3 route de La Tranche &#8211; La Faute Sur Mer &#8211; Tel: 02 51 27 14 73<\/li>\n<\/ul>\n<\/div>\n\n\n\n<p>Spend your vacation in peace and quiet at Camping La Pin\u00e8de*** in La Faute sur Mer and discover the <strong>superb landscapes<\/strong> of the South Vend\u00e9e region on foot or by bike.<\/p>\n<\/div><\/div>\n<\/div>\n\n\n<div class=\"wp-block-sev-diaporama alignfull\">\t\t\t<div id=\"sevgallery-3595391839\" class=\"sev-diaporama sev-diaporama-portfolio\">\r\n\t\t\t<div class=\"row\">\r\n\r\n\t\t\t\r\n\t\t\t\t\r\n\t\t\t\t<div class=\"sev-diaporama-portfolio-item col-12 col-sm  col-shrink\">\r\n\r\n\t\t\t\t\t\t\t\t\t\t<a href=\"https:\/\/camping-lapinede.net\/wp-content\/uploads\/2023\/09\/IMG_0554-1.jpg\" data-lightbox=\"sevgallery-3595391839\" style=\"background-image: url(https:\/\/camping-lapinede.net\/wp-content\/uploads\/2023\/09\/IMG_0554-1.jpg)\">\r\n\t\t\t\t\t\t\t\t\t\t\t<img decoding=\"async\" src=\"https:\/\/camping-lapinede.net\/wp-content\/uploads\/2023\/09\/IMG_0554-1.jpg\" alt=\"\" loading=\"lazy\">\r\n\t\t\t\t\t\t\t\t\t\t<\/a>\r\n\t\t\t\t\t\t\t\t\t<\/div>\r\n\r\n\t\t\t\t\r\n\t\t\t\t\t\t\t\t\t\t\t\r\n\t\t\t\t\r\n\t\t\t\t<div class=\"sev-diaporama-portfolio-item col-12 col-sm  col-shrink\">\r\n\r\n\t\t\t\t\t\t\t\t\t\t<a href=\"https:\/\/camping-lapinede.net\/wp-content\/uploads\/2023\/09\/Boulevard-de-la-Foret-1.jpg\" data-lightbox=\"sevgallery-3595391839\" style=\"background-image: url(https:\/\/camping-lapinede.net\/wp-content\/uploads\/2023\/09\/Boulevard-de-la-Foret-1.jpg)\">\r\n\t\t\t\t\t\t\t\t\t\t\t<img decoding=\"async\" src=\"https:\/\/camping-lapinede.net\/wp-content\/uploads\/2023\/09\/Boulevard-de-la-Foret-1.jpg\" alt=\"\" loading=\"lazy\">\r\n\t\t\t\t\t\t\t\t\t\t<\/a>\r\n\t\t\t\t\t\t\t\t\t<\/div>\r\n\r\n\t\t\t\t\r\n\t\t\t\t\t\t\t\t\t\t\t\r\n\t\t\t\t\r\n\t\t\t\t<div class=\"sev-diaporama-portfolio-item col-12 col-sm  col-grow\">\r\n\r\n\t\t\t\t\t\t\t\t\t\t<a href=\"https:\/\/camping-lapinede.net\/wp-content\/uploads\/2023\/06\/Velo-Saint-Gilles-IMG_1173.jpg\" data-lightbox=\"sevgallery-3595391839\" style=\"background-image: url(https:\/\/camping-lapinede.net\/wp-content\/uploads\/2023\/06\/Velo-Saint-Gilles-IMG_1173.jpg)\">\r\n\t\t\t\t\t\t\t\t\t\t\t<img decoding=\"async\" src=\"https:\/\/camping-lapinede.net\/wp-content\/uploads\/2023\/06\/Velo-Saint-Gilles-IMG_1173.jpg\" alt=\"\" loading=\"lazy\">\r\n\t\t\t\t\t\t\t\t\t\t<\/a>\r\n\t\t\t\t\t\t\t\t\t<\/div>\r\n\r\n\t\t\t\t\r\n\t\t\t\t\t\t\t\t\t\t\t\r\n\t\t\t\t\r\n\t\t\t\t<div class=\"sev-diaporama-portfolio-item col-12 col-sm  col-shrink\">\r\n\r\n\t\t\t\t\t\t\t\t\t\t<a href=\"https:\/\/camping-lapinede.net\/wp-content\/uploads\/2023\/09\/2134e83c-0450-4e10-b5a4-a32d6aa039d6-1.jpg\" data-lightbox=\"sevgallery-3595391839\" style=\"background-image: url(https:\/\/camping-lapinede.net\/wp-content\/uploads\/2023\/09\/2134e83c-0450-4e10-b5a4-a32d6aa039d6-1.jpg)\">\r\n\t\t\t\t\t\t\t\t\t\t\t<img decoding=\"async\" src=\"https:\/\/camping-lapinede.net\/wp-content\/uploads\/2023\/09\/2134e83c-0450-4e10-b5a4-a32d6aa039d6-1.jpg\" alt=\"\" loading=\"lazy\">\r\n\t\t\t\t\t\t\t\t\t\t<\/a>\r\n\t\t\t\t\t\t\t\t\t<\/div>\r\n\r\n\t\t\t\t\t\t\t\t\t<div class=\"w-100\"><\/div>\r\n\t\t\t\t\t\t\t\t\t\r\n\t\t\t\t\t\t\t\t\t\t\t\r\n\t\t\t\t\r\n\t\t\t\t<div class=\"sev-diaporama-portfolio-item col-12 col-sm  col-grow\">\r\n\r\n\t\t\t\t\t\t\t\t\t\t<a href=\"https:\/\/camping-lapinede.net\/wp-content\/uploads\/2023\/09\/d27b2b69-6643-4e7b-a154-223386e13ddc-1.jpg\" data-lightbox=\"sevgallery-3595391839\" style=\"background-image: url(https:\/\/camping-lapinede.net\/wp-content\/uploads\/2023\/09\/d27b2b69-6643-4e7b-a154-223386e13ddc-1.jpg)\">\r\n\t\t\t\t\t\t\t\t\t\t\t<img decoding=\"async\" src=\"https:\/\/camping-lapinede.net\/wp-content\/uploads\/2023\/09\/d27b2b69-6643-4e7b-a154-223386e13ddc-1.jpg\" alt=\"\" loading=\"lazy\">\r\n\t\t\t\t\t\t\t\t\t\t<\/a>\r\n\t\t\t\t\t\t\t\t\t<\/div>\r\n\r\n\t\t\t\t\r\n\t\t\t\t\t\t\t\t\t\t\t\r\n\t\t\t\t\r\n\t\t\t\t<div class=\"sev-diaporama-portfolio-item col-12 col-sm  col-grow\">\r\n\r\n\t\t\t\t\t\t\t\t\t\t<a href=\"https:\/\/camping-lapinede.net\/wp-content\/uploads\/2023\/09\/6fc4f3a7-97be-446b-ae6f-e86aa41ede19.jpg\" data-lightbox=\"sevgallery-3595391839\" style=\"background-image: url(https:\/\/camping-lapinede.net\/wp-content\/uploads\/2023\/09\/6fc4f3a7-97be-446b-ae6f-e86aa41ede19.jpg)\">\r\n\t\t\t\t\t\t\t\t\t\t\t<img decoding=\"async\" src=\"https:\/\/camping-lapinede.net\/wp-content\/uploads\/2023\/09\/6fc4f3a7-97be-446b-ae6f-e86aa41ede19.jpg\" alt=\"\" loading=\"lazy\">\r\n\t\t\t\t\t\t\t\t\t\t<\/a>\r\n\t\t\t\t\t\t\t\t\t<\/div>\r\n\r\n\t\t\t\t\r\n\t\t\t\t\t\t\t\t\t\t\t\r\n\t\t\t\t\r\n\t\t\t\t<div class=\"sev-diaporama-portfolio-item col-12 col-sm \">\r\n\r\n\t\t\t\t\t\t\t\t\t\t<a href=\"https:\/\/camping-lapinede.net\/wp-content\/uploads\/2023\/09\/IMG_0555.jpg\" data-lightbox=\"sevgallery-3595391839\" style=\"background-image: url(https:\/\/camping-lapinede.net\/wp-content\/uploads\/2023\/09\/IMG_0555.jpg)\">\r\n\t\t\t\t\t\t\t\t\t\t\t<img decoding=\"async\" src=\"https:\/\/camping-lapinede.net\/wp-content\/uploads\/2023\/09\/IMG_0555.jpg\" alt=\"\" loading=\"lazy\">\r\n\t\t\t\t\t\t\t\t\t\t<\/a>\r\n\t\t\t\t\t\t\t\t\t<\/div>\r\n\r\n\t\t\t\t\r\n\t\t\t\t\t\t\t\t\t\t\t\r\n\t\t\t\t\r\n\t\t\t\t<div class=\"sev-diaporama-portfolio-item col-12 col-sm  col-shrink\">\r\n\r\n\t\t\t\t\t\t\t\t\t\t<a href=\"https:\/\/camping-lapinede.net\/wp-content\/uploads\/2023\/09\/IMG_5744.jpg\" data-lightbox=\"sevgallery-3595391839\" style=\"background-image: url(https:\/\/camping-lapinede.net\/wp-content\/uploads\/2023\/09\/IMG_5744.jpg)\">\r\n\t\t\t\t\t\t\t\t\t\t\t<img decoding=\"async\" src=\"https:\/\/camping-lapinede.net\/wp-content\/uploads\/2023\/09\/IMG_5744.jpg\" alt=\"\" loading=\"lazy\">\r\n\t\t\t\t\t\t\t\t\t\t<\/a>\r\n\t\t\t\t\t\t\t\t\t<\/div>\r\n\r\n\t\t\t\t\t\t\t\t\t<div class=\"w-100\"><\/div>\r\n\t\t\t\t\t\t\t\t\t\r\n\t\t\t\t\t\t\t\t\t\t\t\r\n\t\t\t\t\r\n\t\t\t\t<div class=\"sev-diaporama-portfolio-item col-12 col-sm \">\r\n\r\n\t\t\t\t\t\t\t\t\t\t<a href=\"https:\/\/camping-lapinede.net\/wp-content\/uploads\/2023\/09\/IMG_6112.jpg\" data-lightbox=\"sevgallery-3595391839\" style=\"background-image: url(https:\/\/camping-lapinede.net\/wp-content\/uploads\/2023\/09\/IMG_6112.jpg)\">\r\n\t\t\t\t\t\t\t\t\t\t\t<img decoding=\"async\" src=\"https:\/\/camping-lapinede.net\/wp-content\/uploads\/2023\/09\/IMG_6112.jpg\" alt=\"\" loading=\"lazy\">\r\n\t\t\t\t\t\t\t\t\t\t<\/a>\r\n\t\t\t\t\t\t\t\t\t<\/div>\r\n\r\n\t\t\t\t\r\n\t\t\t\t\t\t\t\t\t\t\t\r\n\t\t\t\t\r\n\t\t\t\t<div class=\"sev-diaporama-portfolio-item col-12 col-sm \">\r\n\r\n\t\t\t\t\t\t\t\t\t\t<a href=\"https:\/\/camping-lapinede.net\/wp-content\/uploads\/2023\/09\/P1012038.jpg\" data-lightbox=\"sevgallery-3595391839\" style=\"background-image: url(https:\/\/camping-lapinede.net\/wp-content\/uploads\/2023\/09\/P1012038.jpg)\">\r\n\t\t\t\t\t\t\t\t\t\t\t<img decoding=\"async\" src=\"https:\/\/camping-lapinede.net\/wp-content\/uploads\/2023\/09\/P1012038.jpg\" alt=\"\" loading=\"lazy\">\r\n\t\t\t\t\t\t\t\t\t\t<\/a>\r\n\t\t\t\t\t\t\t\t\t<\/div>\r\n\r\n\t\t\t\t\r\n\t\t\t\t\t\t\t\t\t\t\t\r\n\t\t\t\t\r\n\t\t\t\t<div class=\"sev-diaporama-portfolio-item col-12 col-sm  col-grow\">\r\n\r\n\t\t\t\t\t\t\t\t\t\t<a href=\"https:\/\/camping-lapinede.net\/wp-content\/uploads\/2023\/09\/P1110837.jpg\" data-lightbox=\"sevgallery-3595391839\" style=\"background-image: url(https:\/\/camping-lapinede.net\/wp-content\/uploads\/2023\/09\/P1110837.jpg)\">\r\n\t\t\t\t\t\t\t\t\t\t\t<img decoding=\"async\" src=\"https:\/\/camping-lapinede.net\/wp-content\/uploads\/2023\/09\/P1110837.jpg\" alt=\"\" loading=\"lazy\">\r\n\t\t\t\t\t\t\t\t\t\t<\/a>\r\n\t\t\t\t\t\t\t\t\t<\/div>\r\n\r\n\t\t\t\t\r\n\t\t\t\t\t\t\t\t\t\t\t\r\n\t\t\t\t\r\n\t\t\t\t<div class=\"sev-diaporama-portfolio-item col-12 col-sm \">\r\n\r\n\t\t\t\t\t\t\t\t\t\t<a href=\"https:\/\/camping-lapinede.net\/wp-content\/uploads\/2023\/09\/P1110838.jpg\" data-lightbox=\"sevgallery-3595391839\" style=\"background-image: url(https:\/\/camping-lapinede.net\/wp-content\/uploads\/2023\/09\/P1110838.jpg)\">\r\n\t\t\t\t\t\t\t\t\t\t\t<img decoding=\"async\" src=\"https:\/\/camping-lapinede.net\/wp-content\/uploads\/2023\/09\/P1110838.jpg\" alt=\"\" loading=\"lazy\">\r\n\t\t\t\t\t\t\t\t\t\t<\/a>\r\n\t\t\t\t\t\t\t\t\t<\/div>\r\n\r\n\t\t\t\t\t\t\t\t\t<div class=\"w-100\"><\/div>\r\n\t\t\t\t\t\t\t\t\t\r\n\t\t\t\t\t\t\t\t\t\t\t\r\n\t\t\t\t\r\n\t\t\t\t<div class=\"sev-diaporama-portfolio-item col-12 col-sm \">\r\n\r\n\t\t\t\t\t\t\t\t\t\t<a href=\"https:\/\/camping-lapinede.net\/wp-content\/uploads\/2023\/09\/P1110863.jpg\" data-lightbox=\"sevgallery-3595391839\" style=\"background-image: url(https:\/\/camping-lapinede.net\/wp-content\/uploads\/2023\/09\/P1110863.jpg)\">\r\n\t\t\t\t\t\t\t\t\t\t\t<img decoding=\"async\" src=\"https:\/\/camping-lapinede.net\/wp-content\/uploads\/2023\/09\/P1110863.jpg\" alt=\"\" loading=\"lazy\">\r\n\t\t\t\t\t\t\t\t\t\t<\/a>\r\n\t\t\t\t\t\t\t\t\t<\/div>\r\n\r\n\t\t\t\t\r\n\t\t\t\t\t\t\t\t\t\t\t\r\n\t\t\t\t\r\n\t\t\t\t<div class=\"sev-diaporama-portfolio-item col-12 col-sm  col-grow\">\r\n\r\n\t\t\t\t\t\t\t\t\t\t<a href=\"https:\/\/camping-lapinede.net\/wp-content\/uploads\/2023\/09\/P1110864.jpg\" data-lightbox=\"sevgallery-3595391839\" style=\"background-image: url(https:\/\/camping-lapinede.net\/wp-content\/uploads\/2023\/09\/P1110864.jpg)\">\r\n\t\t\t\t\t\t\t\t\t\t\t<img decoding=\"async\" src=\"https:\/\/camping-lapinede.net\/wp-content\/uploads\/2023\/09\/P1110864.jpg\" alt=\"\" loading=\"lazy\">\r\n\t\t\t\t\t\t\t\t\t\t<\/a>\r\n\t\t\t\t\t\t\t\t\t<\/div>\r\n\r\n\t\t\t\t\r\n\t\t\t\t\t\t\t\t\t\t\t\r\n\t\t\t\t\r\n\t\t\t\t<div class=\"sev-diaporama-portfolio-item col-12 col-sm  col-grow\">\r\n\r\n\t\t\t\t\t\t\t\t\t\t<a href=\"https:\/\/camping-lapinede.net\/wp-content\/uploads\/2023\/09\/P1110870.jpg\" data-lightbox=\"sevgallery-3595391839\" style=\"background-image: url(https:\/\/camping-lapinede.net\/wp-content\/uploads\/2023\/09\/P1110870.jpg)\">\r\n\t\t\t\t\t\t\t\t\t\t\t<img decoding=\"async\" src=\"https:\/\/camping-lapinede.net\/wp-content\/uploads\/2023\/09\/P1110870.jpg\" alt=\"\" loading=\"lazy\">\r\n\t\t\t\t\t\t\t\t\t\t<\/a>\r\n\t\t\t\t\t\t\t\t\t<\/div>\r\n\r\n\t\t\t\t\r\n\t\t\t\t\t\t\t\t\t\t\t\t\t\t<\/div>\r\n\t\t\t<\/div>\r\n\r\n\t\t\t<script>\r\n\t\t\tjQuery(function($) {\r\n\r\n\t\t\t\tvar marginPortfolio = function() {\r\n\r\n\t\t\t\t\tvar $diapo          = $('#sevgallery-3595391839');\r\n\t\t\t\t\tvar container_width = $diapo.parent().outerWidth();\r\n\t\t\t\t\tvar side            = ( $(window).innerWidth() - container_width ) \/ 2;\r\n\r\n\t\t\t\t\t$diapo.css( {\r\n\t\t\t\t\t\t'margin-left': '-' + side + 'px',\r\n\t\t\t\t\t\t'margin-right': '-' + side + 'px',\r\n\t\t\t\t\t} );\r\n\t\t\t\t};\r\n\r\n\t\t\t\t$( window ).resize( function() {\r\n\t\t\t\t\tmarginPortfolio();\r\n\t\t\t\t} );\r\n\t\t\t\tmarginPortfolio();\r\n\t\t\t});\r\n\t\t\t<\/script>\r\n\t\t\t<\/div>","protected":false},"excerpt":{"rendered":"<p>Hiking and biking Your nature vacations at Camping La Pin\u00e8de*** in Vend\u00e9e For lovers of walking, cycling and the great outdoors, discover the superb Vend\u00e9e coastline, its magnificent dunes and beaches, and the hinterland on a cycling or hiking tour. Nestled between nature and the ocean, Camping La Pin\u00e8de*** is a great starting point for [&hellip;]<\/p>\n","protected":false},"author":1,"featured_media":0,"parent":1991,"menu_order":0,"comment_status":"closed","ping_status":"closed","template":"","meta":{"_seopress_robots_primary_cat":"","_seopress_titles_title":"Walks and hikes, by foot and by bike - Tourisme Vend\u00e9e","_seopress_titles_desc":"Your nature vacations at Camping La Pin\u00e8de*** in Vend\u00e9e, walks and bike rides.  ","_seopress_robots_index":"","footnotes":""},"class_list":["post-1994","page","type-page","status-publish","hentry"],"_links":{"self":[{"href":"https:\/\/camping-lapinede.net\/en\/wp-json\/wp\/v2\/pages\/1994","targetHints":{"allow":["GET"]}}],"collection":[{"href":"https:\/\/camping-lapinede.net\/en\/wp-json\/wp\/v2\/pages"}],"about":[{"href":"https:\/\/camping-lapinede.net\/en\/wp-json\/wp\/v2\/types\/page"}],"author":[{"embeddable":true,"href":"https:\/\/camping-lapinede.net\/en\/wp-json\/wp\/v2\/users\/1"}],"replies":[{"embeddable":true,"href":"https:\/\/camping-lapinede.net\/en\/wp-json\/wp\/v2\/comments?post=1994"}],"version-history":[{"count":0,"href":"https:\/\/camping-lapinede.net\/en\/wp-json\/wp\/v2\/pages\/1994\/revisions"}],"up":[{"embeddable":true,"href":"https:\/\/camping-lapinede.net\/en\/wp-json\/wp\/v2\/pages\/1991"}],"wp:attachment":[{"href":"https:\/\/camping-lapinede.net\/en\/wp-json\/wp\/v2\/media?parent=1994"}],"curies":[{"name":"wp","href":"https:\/\/api.w.org\/{rel}","templated":true}]}}