{"id":1991,"date":"2023-06-16T12:09:53","date_gmt":"2023-06-16T10:09:53","guid":{"rendered":"https:\/\/camping-lapinede.net\/nature\/"},"modified":"2023-10-18T12:11:05","modified_gmt":"2023-10-18T10:11:05","slug":"nature","status":"publish","type":"page","link":"https:\/\/camping-lapinede.net\/en\/nature\/","title":{"rendered":"Nature"},"content":{"rendered":"\n<h1 class=\"wp-block-heading\">Nature<\/h1>\n\n\n\n<div class=\"wp-block-columns is-layout-flex wp-container-core-columns-is-layout-28f84493 wp-block-columns-is-layout-flex\">\n<div class=\"wp-block-column is-layout-flow wp-block-column-is-layout-flow\">\n<div class=\"wp-block-sev-encart\"><a href=\"https:\/\/camping-lapinede.net\/en\/nature\/hiking-and-biking\/\"><img decoding=\"async\" src=\"https:\/\/camping-lapinede.net\/wp-content\/uploads\/2023\/09\/P1110864.jpg\" alt=\"\"\/><div class=\"wp-block-sev-encart-content\"><div class=\"wp-block-sev-encart-label\">Hiking and biking<\/div><\/div><div class=\"wp-block-sev-encart-btn\">Discover<\/div><\/a><\/div>\n<\/div>\n\n\n\n<div class=\"wp-block-column is-layout-flow wp-block-column-is-layout-flow\">\n<div class=\"wp-block-sev-encart\"><a href=\"https:\/\/camping-lapinede.net\/en\/nature\/saint-denis-du-payre-nature-reserve\/\"><img decoding=\"async\" src=\"https:\/\/camping-lapinede.net\/wp-content\/uploads\/2023\/06\/ReservenaturelleMichelBrosse_792x528.jpg\" alt=\"\"\/><div class=\"wp-block-sev-encart-content\"><div class=\"wp-block-sev-encart-label\">Saint Denis du Payr\u00e9 Nature Reserve<\/div><\/div><div class=\"wp-block-sev-encart-btn\">Discover<\/div><\/a><\/div>\n<\/div>\n<\/div>\n","protected":false},"excerpt":{"rendered":"<p>Nature<\/p>\n","protected":false},"author":1,"featured_media":0,"parent":0,"menu_order":0,"comment_status":"closed","ping_status":"closed","template":"","meta":{"_seopress_robots_primary_cat":"","_seopress_titles_title":"C\u00f4t\u00e9 nature - Discover the treasures of Vend\u00e9e","_seopress_titles_desc":"During your stay at this 3* La Pin\u00e8de campsite, discover the most beautiful spots in the Vend\u00e9e: beaches, marshes, dunes, villages...","_seopress_robots_index":"","footnotes":""},"class_list":["post-1991","page","type-page","status-publish","hentry"],"_links":{"self":[{"href":"https:\/\/camping-lapinede.net\/en\/wp-json\/wp\/v2\/pages\/1991","targetHints":{"allow":["GET"]}}],"collection":[{"href":"https:\/\/camping-lapinede.net\/en\/wp-json\/wp\/v2\/pages"}],"about":[{"href":"https:\/\/camping-lapinede.net\/en\/wp-json\/wp\/v2\/types\/page"}],"author":[{"embeddable":true,"href":"https:\/\/camping-lapinede.net\/en\/wp-json\/wp\/v2\/users\/1"}],"replies":[{"embeddable":true,"href":"https:\/\/camping-lapinede.net\/en\/wp-json\/wp\/v2\/comments?post=1991"}],"version-history":[{"count":1,"href":"https:\/\/camping-lapinede.net\/en\/wp-json\/wp\/v2\/pages\/1991\/revisions"}],"predecessor-version":[{"id":2172,"href":"https:\/\/camping-lapinede.net\/en\/wp-json\/wp\/v2\/pages\/1991\/revisions\/2172"}],"wp:attachment":[{"href":"https:\/\/camping-lapinede.net\/en\/wp-json\/wp\/v2\/media?parent=1991"}],"curies":[{"name":"wp","href":"https:\/\/api.w.org\/{rel}","templated":true}]}}