{"id":1979,"date":"2023-06-16T12:10:10","date_gmt":"2023-06-16T10:10:10","guid":{"rendered":"https:\/\/camping-lapinede.net\/cote-loisirs\/"},"modified":"2023-10-18T12:11:40","modified_gmt":"2023-10-18T10:11:40","slug":"cote-loisirs","status":"publish","type":"page","link":"https:\/\/camping-lapinede.net\/en\/cote-loisirs\/","title":{"rendered":"C\u00f4t\u00e9 Loisirs"},"content":{"rendered":"\n<h1 class=\"wp-block-heading\">C\u00f4t\u00e9 Loisirs<\/h1>\n\n\n\n<div class=\"wp-block-columns is-layout-flex wp-container-core-columns-is-layout-28f84493 wp-block-columns-is-layout-flex\">\n<div class=\"wp-block-column is-layout-flow wp-block-column-is-layout-flow\">\n<div class=\"wp-block-sev-encart\"><a href=\"https:\/\/camping-lapinede.net\/en\/cote-loisirs\/puy-du-fou\/\"><img decoding=\"async\" src=\"https:\/\/camping-lapinede.net\/wp-content\/uploads\/2023\/06\/Les-vickings-puy-du-fou.jpg\" alt=\"\"\/><div class=\"wp-block-sev-encart-content\"><div class=\"wp-block-sev-encart-label\">Le Puy du Fou<\/div><\/div><div class=\"wp-block-sev-encart-btn\">Discover<\/div><\/a><\/div>\n<\/div>\n\n\n\n<div class=\"wp-block-column is-layout-flow wp-block-column-is-layout-flow\">\n<div class=\"wp-block-sev-encart\"><a href=\"https:\/\/camping-lapinede.net\/en\/cote-loisirs\/maillezais-abbey\/\"><img decoding=\"async\" src=\"https:\/\/camping-lapinede.net\/wp-content\/uploads\/2023\/09\/IMG_5310-rotated.jpg\" alt=\"\"\/><div class=\"wp-block-sev-encart-content\"><div class=\"wp-block-sev-encart-label\">Maillezais Abbey<\/div><\/div><div class=\"wp-block-sev-encart-btn\">Discover<\/div><\/a><\/div>\n<\/div>\n<\/div>\n\n\n\n<div class=\"wp-block-columns is-layout-flex wp-container-core-columns-is-layout-28f84493 wp-block-columns-is-layout-flex\">\n<div class=\"wp-block-column is-layout-flow wp-block-column-is-layout-flow\"><\/div>\n<\/div>\n","protected":false},"excerpt":{"rendered":"<p>C\u00f4t\u00e9 Loisirs<\/p>\n","protected":false},"author":1,"featured_media":0,"parent":0,"menu_order":0,"comment_status":"closed","ping_status":"closed","template":"","meta":{"_seopress_robots_primary_cat":"","_seopress_titles_title":"C\u00f4t\u00e9 Loisirs - 3-star campsite in Vend\u00e9e","_seopress_titles_desc":"Don&#039;t miss the many amusement parks and museums in the vicinity of La Pin\u00e8de campsite.  ","_seopress_robots_index":"","footnotes":""},"class_list":["post-1979","page","type-page","status-publish","hentry"],"_links":{"self":[{"href":"https:\/\/camping-lapinede.net\/en\/wp-json\/wp\/v2\/pages\/1979","targetHints":{"allow":["GET"]}}],"collection":[{"href":"https:\/\/camping-lapinede.net\/en\/wp-json\/wp\/v2\/pages"}],"about":[{"href":"https:\/\/camping-lapinede.net\/en\/wp-json\/wp\/v2\/types\/page"}],"author":[{"embeddable":true,"href":"https:\/\/camping-lapinede.net\/en\/wp-json\/wp\/v2\/users\/1"}],"replies":[{"embeddable":true,"href":"https:\/\/camping-lapinede.net\/en\/wp-json\/wp\/v2\/comments?post=1979"}],"version-history":[{"count":1,"href":"https:\/\/camping-lapinede.net\/en\/wp-json\/wp\/v2\/pages\/1979\/revisions"}],"predecessor-version":[{"id":2173,"href":"https:\/\/camping-lapinede.net\/en\/wp-json\/wp\/v2\/pages\/1979\/revisions\/2173"}],"wp:attachment":[{"href":"https:\/\/camping-lapinede.net\/en\/wp-json\/wp\/v2\/media?parent=1979"}],"curies":[{"name":"wp","href":"https:\/\/api.w.org\/{rel}","templated":true}]}}