{"id":1974,"date":"2023-08-02T11:04:25","date_gmt":"2023-08-02T09:04:25","guid":{"rendered":"https:\/\/camping-lapinede.net\/experience-the-baie-de-laiguillon\/"},"modified":"2023-10-18T11:12:45","modified_gmt":"2023-10-18T09:12:45","slug":"experience-the-baie-de-laiguillon","status":"publish","type":"page","link":"https:\/\/camping-lapinede.net\/en\/experience-the-baie-de-laiguillon\/","title":{"rendered":"Experience the Baie de l&#8217;Aiguillon"},"content":{"rendered":"\n<h1 class=\"wp-block-heading\">A day exploring the Baie de l&#8217;Aiguillon in Vend\u00e9e<\/h1>\n\n\n\n<p class=\"has-text-align-center\">1 day<\/p>\n\n\n\n<div class=\"wp-block-group is-layout-constrained wp-block-group-is-layout-constrained\" style=\"margin-top:var(--wp--preset--spacing--60);margin-bottom:var(--wp--preset--spacing--60)\">\n<figure class=\"wp-block-image aligncenter size-full is-resized\"><img loading=\"lazy\" decoding=\"async\" src=\"https:\/\/camping-lapinede.net\/wp-content\/uploads\/2023\/06\/vague-1.png\" alt=\"camping at Pointe d'Ar\u00e7ay by the sea\" class=\"wp-image-173\" width=\"90\" height=\"17\" srcset=\"https:\/\/camping-lapinede.net\/wp-content\/uploads\/2023\/06\/vague-1.png 360w, https:\/\/camping-lapinede.net\/wp-content\/uploads\/2023\/06\/vague-1-300x57.png 300w\" sizes=\"auto, (max-width: 90px) 100vw, 90px\" \/><\/figure>\n<\/div>\n\n\n\n<div class=\"wp-block-columns are-vertically-aligned-center is-layout-flex wp-container-core-columns-is-layout-28f84493 wp-block-columns-is-layout-flex\">\n<div class=\"wp-block-column is-vertically-aligned-center is-layout-flow wp-block-column-is-layout-flow\">\n<p>Located on the west coast of France, the Baie de l&#8217;Aiguillon in the Vend\u00e9e is a true <strong>natural gem<\/strong>, offering breathtaking scenery and <strong>exceptional flora and fauna<\/strong>.<\/p>\n<\/div>\n\n\n\n<div class=\"wp-block-column is-vertically-aligned-center is-layout-flow wp-block-column-is-layout-flow\">\n<p class=\"has-white-color has-text-color has-background\" style=\"background-color:#2d66537a\"><strong>\n  <em>Remember:<\/em>\n<\/strong> To make the most of this exceptional area, remember to wear good sneakers and a cap.<\/p>\n<\/div>\n<\/div>\n\n\n\n<div class=\"wp-block-group is-layout-constrained wp-block-group-is-layout-constrained\" style=\"margin-top:var(--wp--preset--spacing--60);margin-bottom:var(--wp--preset--spacing--60)\">\n<figure class=\"wp-block-image aligncenter size-full is-resized\"><img loading=\"lazy\" decoding=\"async\" src=\"https:\/\/camping-lapinede.net\/wp-content\/uploads\/2023\/06\/vague-1.png\" alt=\"camping at Pointe d'Ar\u00e7ay by the sea\" class=\"wp-image-173\" width=\"90\" height=\"17\" srcset=\"https:\/\/camping-lapinede.net\/wp-content\/uploads\/2023\/06\/vague-1.png 360w, https:\/\/camping-lapinede.net\/wp-content\/uploads\/2023\/06\/vague-1-300x57.png 300w\" sizes=\"auto, (max-width: 90px) 100vw, 90px\" \/><\/figure>\n<\/div>\n\n\n\n<div class=\"wp-block-media-text alignwide is-stacked-on-mobile is-image-fill\"><figure class=\"wp-block-media-text__media\" style=\"background-image:url(https:\/\/camping-lapinede.net\/wp-content\/uploads\/2023\/08\/Busard-cendre-DSC_9436.jpg);background-position:21% 51%\"><img loading=\"lazy\" decoding=\"async\" width=\"1000\" height=\"743\" src=\"https:\/\/camping-lapinede.net\/wp-content\/uploads\/2023\/08\/Busard-cendre-DSC_9436.jpg\" alt=\"visit to the nature reserve near the campsite\" class=\"wp-image-668 size-full\" srcset=\"https:\/\/camping-lapinede.net\/wp-content\/uploads\/2023\/08\/Busard-cendre-DSC_9436.jpg 1000w, https:\/\/camping-lapinede.net\/wp-content\/uploads\/2023\/08\/Busard-cendre-DSC_9436-300x223.jpg 300w, https:\/\/camping-lapinede.net\/wp-content\/uploads\/2023\/08\/Busard-cendre-DSC_9436-768x571.jpg 768w\" sizes=\"auto, (max-width: 1000px) 100vw, 1000px\" \/><\/figure><div class=\"wp-block-media-text__content\">\n<h2 class=\"wp-block-heading\">A leisurely morning exploring the nature reserve<\/h2>\n\n\n\n<p>Start your day exploring the<strong> Baie de l&#8217;Aiguillon nature reserve.<\/strong> To get there, you&#8217;ll need a good half-hour and head towards La Pr\u00e9e Mizoti\u00e8re in Sainte-Rad\u00e9gonde-des-Noyers. On your way, the scenery is already breathtaking, but you<br>haven&#8217;t seen anything yet!<\/p>\n\n\n\n<p>This reserve is a paradise for birdwatchers, as it is home to a multitude of <strong>migratory birds<\/strong>. Bring your binoculars and stroll along the trails to observe herons, avocets, flamingos and many other bird species. Take the opportunity to learn more about the Bay&#8217;s fragile ecosystem and the conservation efforts being made to preserve it. Every Tuesday and Thursday morning, members of the LPO Vend\u00e9e association show you around the <strong>Lagune de la Belle-Henriette, the Rocher de la Dive or the R\u00e9serve Naturelle de Saint Denis du Payr\u00e9<\/strong>. Volunteers will share with you all the secrets of the<br>Bay. You&#8217;ll know everything there is to know about the flora and fauna of the Pointe de l&#8217;Aiguillon. Bird enthusiasts can learn all about bird migration in these unspoilt surroundings.<\/p>\n\n\n\n<p>The tour offers a splendid view of the bay from an observation platform on a former lock base. The guide will also introduce you to <strong>plaice fishing<\/strong>. An ancestral fishing technique that allows you to enjoy fresh fish and shellfish at lunchtime!<\/p>\n<\/div><\/div>\n\n\n\n<div class=\"wp-block-group is-layout-constrained wp-block-group-is-layout-constrained\" style=\"margin-top:var(--wp--preset--spacing--60);margin-bottom:var(--wp--preset--spacing--60)\">\n<figure class=\"wp-block-image aligncenter size-full is-resized\"><img loading=\"lazy\" decoding=\"async\" src=\"https:\/\/camping-lapinede.net\/wp-content\/uploads\/2023\/06\/vague-1.png\" alt=\"camping at Pointe d'Ar\u00e7ay by the sea\" class=\"wp-image-173\" width=\"90\" height=\"17\" srcset=\"https:\/\/camping-lapinede.net\/wp-content\/uploads\/2023\/06\/vague-1.png 360w, https:\/\/camping-lapinede.net\/wp-content\/uploads\/2023\/06\/vague-1-300x57.png 300w\" sizes=\"auto, (max-width: 90px) 100vw, 90px\" \/><\/figure>\n<\/div>\n\n\n\n<div class=\"wp-block-media-text alignwide has-media-on-the-right is-stacked-on-mobile\"><div class=\"wp-block-media-text__content\">\n<h2 class=\"wp-block-heading\">A lunch of fresh produce and regional specialities<\/h2>\n\n\n\n<p>After a morning rich in discoveries, treat yourself to lunch in one of the many <strong>seafood restaurants<\/strong> lining the Baie de l&#8217;Aiguillon.<\/p>\n\n\n\n<p><em>La Ponetere<\/em> Restaurant in Charron offers a varied menu in a friendly atmosphere near the Bay. Enjoy fresh oysters, bouchot mussels or clams, accompanied by a glass of local white wine. The region&#8217;s seafood is renowned for its<br>freshness and delicate flavour, making them a culinary experience not to be missed.<\/p>\n<\/div><figure class=\"wp-block-media-text__media\"><img loading=\"lazy\" decoding=\"async\" width=\"1000\" height=\"667\" src=\"https:\/\/camping-lapinede.net\/wp-content\/uploads\/2023\/08\/pointe-aiguillon-table-DSC_2565.jpg\" alt=\"lunch near the bay of l'auiguillon\" class=\"wp-image-669 size-full\" srcset=\"https:\/\/camping-lapinede.net\/wp-content\/uploads\/2023\/08\/pointe-aiguillon-table-DSC_2565.jpg 1000w, https:\/\/camping-lapinede.net\/wp-content\/uploads\/2023\/08\/pointe-aiguillon-table-DSC_2565-300x200.jpg 300w, https:\/\/camping-lapinede.net\/wp-content\/uploads\/2023\/08\/pointe-aiguillon-table-DSC_2565-768x512.jpg 768w\" sizes=\"auto, (max-width: 1000px) 100vw, 1000px\" \/><\/figure><\/div>\n\n\n\n<div class=\"wp-block-group is-layout-constrained wp-block-group-is-layout-constrained\" style=\"margin-top:var(--wp--preset--spacing--60);margin-bottom:var(--wp--preset--spacing--60)\">\n<figure class=\"wp-block-image aligncenter size-full is-resized\"><img loading=\"lazy\" decoding=\"async\" src=\"https:\/\/camping-lapinede.net\/wp-content\/uploads\/2023\/06\/vague-1.png\" alt=\"camping at Pointe d'Ar\u00e7ay by the sea\" class=\"wp-image-173\" width=\"90\" height=\"17\" srcset=\"https:\/\/camping-lapinede.net\/wp-content\/uploads\/2023\/06\/vague-1.png 360w, https:\/\/camping-lapinede.net\/wp-content\/uploads\/2023\/06\/vague-1-300x57.png 300w\" sizes=\"auto, (max-width: 90px) 100vw, 90px\" \/><\/figure>\n<\/div>\n\n\n\n<div class=\"wp-block-media-text alignwide is-stacked-on-mobile is-image-fill\"><figure class=\"wp-block-media-text__media\" style=\"background-image:url(https:\/\/camping-lapinede.net\/wp-content\/uploads\/2023\/08\/l-aiguillon-sur-mer-photo-aerienne-12_1.jpg);background-position:50% 50%\"><img loading=\"lazy\" decoding=\"async\" width=\"1000\" height=\"569\" src=\"https:\/\/camping-lapinede.net\/wp-content\/uploads\/2023\/08\/l-aiguillon-sur-mer-photo-aerienne-12_1.jpg\" alt=\"a walk in the heart of the aiguillon bay\" class=\"wp-image-670 size-full\" srcset=\"https:\/\/camping-lapinede.net\/wp-content\/uploads\/2023\/08\/l-aiguillon-sur-mer-photo-aerienne-12_1.jpg 1000w, https:\/\/camping-lapinede.net\/wp-content\/uploads\/2023\/08\/l-aiguillon-sur-mer-photo-aerienne-12_1-300x171.jpg 300w, https:\/\/camping-lapinede.net\/wp-content\/uploads\/2023\/08\/l-aiguillon-sur-mer-photo-aerienne-12_1-768x437.jpg 768w\" sizes=\"auto, (max-width: 1000px) 100vw, 1000px\" \/><\/figure><div class=\"wp-block-media-text__content\">\n<h2 class=\"wp-block-heading\">A walk to explore the beauty of the Bay<\/h2>\n\n\n\n<p>After a delicious lunch break, head off to the <strong>bay&#8217;s salt meadows.<\/strong> The Baie de l&#8217;Aiguillon boasts a wide variety of landscapes: salt meadow mudflats, the banks of the S\u00e8vre Niortaise river, dunes and pebble beaches at the tip of the bay. You&#8217;ll be amazed by the<br>beauty for you to admire.<\/p>\n\n\n\n<p>Rent a bike and explore the salt marshes bordering the Baie de l&#8217;Aiguillon. Pedal along the quiet paths and admire the vast expanses of mudflats. The Baie de l&#8217;Aiguillon site offers several signposted itineraries for cyclists, hikers and even horseback riders!<\/p>\n\n\n\n<p class=\"has-white-color has-text-color has-background\" style=\"background-color:#2d66537a\">Don&#8217;t forget to bring a bottle of water to stay hydrated throughout the day.<\/p>\n\n\n\n<p>Crossing the Baie de l&#8217;Aiguillon, you can learn more about oyster and mussel farming as you pass by the relay stations and oyster beds. You can also admire the unique flora that thrives in these saline environments.<\/p>\n\n\n\n<p>As you walk along the seawall to the Pointe de la Baie de l&#8217;Aiguillon, you&#8217;ll be treated to an extraordinary view of the Port du Pav\u00e9 de Charron. Don&#8217;t miss a walk along the coast to feel the gentle sea breeze caress your face in front of this<strong> exceptional landscape.<\/strong><\/p>\n<\/div><\/div>\n\n\n\n<div class=\"wp-block-group is-layout-constrained wp-block-group-is-layout-constrained\" style=\"margin-top:var(--wp--preset--spacing--60);margin-bottom:var(--wp--preset--spacing--60)\">\n<figure class=\"wp-block-image aligncenter size-full is-resized\"><img loading=\"lazy\" decoding=\"async\" src=\"https:\/\/camping-lapinede.net\/wp-content\/uploads\/2023\/06\/vague-1.png\" alt=\"camping at Pointe d'Ar\u00e7ay by the sea\" class=\"wp-image-173\" width=\"90\" height=\"17\" srcset=\"https:\/\/camping-lapinede.net\/wp-content\/uploads\/2023\/06\/vague-1.png 360w, https:\/\/camping-lapinede.net\/wp-content\/uploads\/2023\/06\/vague-1-300x57.png 300w\" sizes=\"auto, (max-width: 90px) 100vw, 90px\" \/><\/figure>\n<\/div>\n\n\n\n<div class=\"wp-block-media-text alignwide has-media-on-the-right is-stacked-on-mobile\"><div class=\"wp-block-media-text__content\">\n<h2 class=\"wp-block-heading\">Visit a picturesque village<\/h2>\n\n\n\n<p>In the late afternoon, explore the town&#8217;s heritage and <a href=\"https:\/\/camping-lapinede.net\/index.php\/les-plages\/\" data-type=\"page\" data-id=\"437\">beaches<\/a> on your way to L&#8217;Aiguillon-sur-Mer. This small commune is bordered by magnificent sandy beaches with turquoise waters.  <\/p>\n\n\n\n<h2 class=\"wp-block-heading\">A special evening in the Baie de l&#8217;Aiguillon<\/h2>\n\n\n\n<p>To make this unforgettable day last, book a table at one of L&#8217;Aiguillon-sur-Mer&#8217;s renowned restaurants. The Baie de l&#8217;Aiguillon is renowned for its <strong>refined cuisine<\/strong> featuring local produce. Let yourself be tempted by creative dishes based on fresh fish, seasonal vegetables and local produce. Pair your meal with a local wine and savor every bite in a warm, elegant atmosphere.<\/p>\n\n\n\n<p>And if you&#8217;re staying to <strong>watch the suns<\/strong>et&#8230; Walk along the water&#8217;s edge to the <strong>Pointe d&#8217;Ar\u00e7ay love harbor<\/strong>. A rejuvenating and romantic place to end this unique day.<\/p>\n<\/div><figure class=\"wp-block-media-text__media\"><img loading=\"lazy\" decoding=\"async\" width=\"1000\" height=\"751\" src=\"https:\/\/camping-lapinede.net\/wp-content\/uploads\/2023\/08\/Pointe-de-l-aiguillon-sur-mer-P1160298-3-1.jpg\" alt=\"sunset over the bay of l'aiguillon in the Vend\u00e9e\" class=\"wp-image-671 size-full\" srcset=\"https:\/\/camping-lapinede.net\/wp-content\/uploads\/2023\/08\/Pointe-de-l-aiguillon-sur-mer-P1160298-3-1.jpg 1000w, https:\/\/camping-lapinede.net\/wp-content\/uploads\/2023\/08\/Pointe-de-l-aiguillon-sur-mer-P1160298-3-1-300x225.jpg 300w, https:\/\/camping-lapinede.net\/wp-content\/uploads\/2023\/08\/Pointe-de-l-aiguillon-sur-mer-P1160298-3-1-768x577.jpg 768w\" sizes=\"auto, (max-width: 1000px) 100vw, 1000px\" \/><\/figure><\/div>\n\n\n<div class=\"wp-block-sev-diaporama alignfull\">\t\t\t<div id=\"sevgallery-3058534662\" class=\"sev-diaporama sev-diaporama-portfolio\">\r\n\t\t\t<div class=\"row\">\r\n\r\n\t\t\t\r\n\t\t\t\t\r\n\t\t\t\t<div class=\"sev-diaporama-portfolio-item col-12 col-sm \">\r\n\r\n\t\t\t\t\t\t\t\t\t\t<a href=\"https:\/\/camping-lapinede.net\/wp-content\/uploads\/2023\/08\/Pointe-de-l-aiguillon-sur-mer-P1160298-3-2.jpg\" data-lightbox=\"sevgallery-3058534662\" style=\"background-image: url(https:\/\/camping-lapinede.net\/wp-content\/uploads\/2023\/08\/Pointe-de-l-aiguillon-sur-mer-P1160298-3-2.jpg)\">\r\n\t\t\t\t\t\t\t\t\t\t\t<img decoding=\"async\" src=\"https:\/\/camping-lapinede.net\/wp-content\/uploads\/2023\/08\/Pointe-de-l-aiguillon-sur-mer-P1160298-3-2.jpg\" alt=\"\" loading=\"lazy\">\r\n\t\t\t\t\t\t\t\t\t\t<\/a>\r\n\t\t\t\t\t\t\t\t\t<\/div>\r\n\r\n\t\t\t\t\r\n\t\t\t\t\t\t\t\t\t\t\t\r\n\t\t\t\t\r\n\t\t\t\t<div class=\"sev-diaporama-portfolio-item col-12 col-sm  col-shrink\">\r\n\r\n\t\t\t\t\t\t\t\t\t\t<a href=\"https:\/\/camping-lapinede.net\/wp-content\/uploads\/2023\/08\/pointe-aiguillon-table-DSC_2565-1.jpg\" data-lightbox=\"sevgallery-3058534662\" style=\"background-image: url(https:\/\/camping-lapinede.net\/wp-content\/uploads\/2023\/08\/pointe-aiguillon-table-DSC_2565-1.jpg)\">\r\n\t\t\t\t\t\t\t\t\t\t\t<img decoding=\"async\" src=\"https:\/\/camping-lapinede.net\/wp-content\/uploads\/2023\/08\/pointe-aiguillon-table-DSC_2565-1.jpg\" alt=\"\" loading=\"lazy\">\r\n\t\t\t\t\t\t\t\t\t\t<\/a>\r\n\t\t\t\t\t\t\t\t\t<\/div>\r\n\r\n\t\t\t\t\r\n\t\t\t\t\t\t\t\t\t\t\t\r\n\t\t\t\t\r\n\t\t\t\t<div class=\"sev-diaporama-portfolio-item col-12 col-sm  col-grow\">\r\n\r\n\t\t\t\t\t\t\t\t\t\t<a href=\"https:\/\/camping-lapinede.net\/wp-content\/uploads\/2023\/08\/l-aiguillon-sur-mer-photo-aerienne-12.jpg\" data-lightbox=\"sevgallery-3058534662\" style=\"background-image: url(https:\/\/camping-lapinede.net\/wp-content\/uploads\/2023\/08\/l-aiguillon-sur-mer-photo-aerienne-12.jpg)\">\r\n\t\t\t\t\t\t\t\t\t\t\t<img decoding=\"async\" src=\"https:\/\/camping-lapinede.net\/wp-content\/uploads\/2023\/08\/l-aiguillon-sur-mer-photo-aerienne-12.jpg\" alt=\"\" loading=\"lazy\">\r\n\t\t\t\t\t\t\t\t\t\t<\/a>\r\n\t\t\t\t\t\t\t\t\t<\/div>\r\n\r\n\t\t\t\t\r\n\t\t\t\t\t\t\t\t\t\t\t\r\n\t\t\t\t\r\n\t\t\t\t<div class=\"sev-diaporama-portfolio-item col-12 col-sm \">\r\n\r\n\t\t\t\t\t\t\t\t\t\t<a href=\"https:\/\/camping-lapinede.net\/wp-content\/uploads\/2023\/08\/Laiguillon-sur-Mer-lapointe-DSC_8681.jpg\" data-lightbox=\"sevgallery-3058534662\" style=\"background-image: url(https:\/\/camping-lapinede.net\/wp-content\/uploads\/2023\/08\/Laiguillon-sur-Mer-lapointe-DSC_8681.jpg)\">\r\n\t\t\t\t\t\t\t\t\t\t\t<img decoding=\"async\" src=\"https:\/\/camping-lapinede.net\/wp-content\/uploads\/2023\/08\/Laiguillon-sur-Mer-lapointe-DSC_8681.jpg\" alt=\"\" loading=\"lazy\">\r\n\t\t\t\t\t\t\t\t\t\t<\/a>\r\n\t\t\t\t\t\t\t\t\t<\/div>\r\n\r\n\t\t\t\t\t\t\t\t\t<div class=\"w-100\"><\/div>\r\n\t\t\t\t\t\t\t\t\t\r\n\t\t\t\t\t\t\t\t\t\t\t\r\n\t\t\t\t\r\n\t\t\t\t<div class=\"sev-diaporama-portfolio-item col-12 col-sm  col-grow\">\r\n\r\n\t\t\t\t\t\t\t\t\t\t<a href=\"https:\/\/camping-lapinede.net\/wp-content\/uploads\/2023\/08\/Gravelot-a-collier-interompu-DSC_4150.jpg\" data-lightbox=\"sevgallery-3058534662\" style=\"background-image: url(https:\/\/camping-lapinede.net\/wp-content\/uploads\/2023\/08\/Gravelot-a-collier-interompu-DSC_4150.jpg)\">\r\n\t\t\t\t\t\t\t\t\t\t\t<img decoding=\"async\" src=\"https:\/\/camping-lapinede.net\/wp-content\/uploads\/2023\/08\/Gravelot-a-collier-interompu-DSC_4150.jpg\" alt=\"\" loading=\"lazy\">\r\n\t\t\t\t\t\t\t\t\t\t<\/a>\r\n\t\t\t\t\t\t\t\t\t<\/div>\r\n\r\n\t\t\t\t\r\n\t\t\t\t\t\t\t\t\t\t\t\r\n\t\t\t\t\r\n\t\t\t\t<div class=\"sev-diaporama-portfolio-item col-12 col-sm \">\r\n\r\n\t\t\t\t\t\t\t\t\t\t<a href=\"https:\/\/camping-lapinede.net\/wp-content\/uploads\/2023\/08\/extreme-pointe-aiguillon-DSC_2743.jpg\" data-lightbox=\"sevgallery-3058534662\" style=\"background-image: url(https:\/\/camping-lapinede.net\/wp-content\/uploads\/2023\/08\/extreme-pointe-aiguillon-DSC_2743.jpg)\">\r\n\t\t\t\t\t\t\t\t\t\t\t<img decoding=\"async\" src=\"https:\/\/camping-lapinede.net\/wp-content\/uploads\/2023\/08\/extreme-pointe-aiguillon-DSC_2743.jpg\" alt=\"\" loading=\"lazy\">\r\n\t\t\t\t\t\t\t\t\t\t<\/a>\r\n\t\t\t\t\t\t\t\t\t<\/div>\r\n\r\n\t\t\t\t\r\n\t\t\t\t\t\t\t\t\t\t\t\r\n\t\t\t\t\r\n\t\t\t\t<div class=\"sev-diaporama-portfolio-item col-12 col-sm  col-grow\">\r\n\r\n\t\t\t\t\t\t\t\t\t\t<a href=\"https:\/\/camping-lapinede.net\/wp-content\/uploads\/2023\/08\/Busard-cendre-DSC_9436-1.jpg\" data-lightbox=\"sevgallery-3058534662\" style=\"background-image: url(https:\/\/camping-lapinede.net\/wp-content\/uploads\/2023\/08\/Busard-cendre-DSC_9436-1.jpg)\">\r\n\t\t\t\t\t\t\t\t\t\t\t<img decoding=\"async\" src=\"https:\/\/camping-lapinede.net\/wp-content\/uploads\/2023\/08\/Busard-cendre-DSC_9436-1.jpg\" alt=\"\" loading=\"lazy\">\r\n\t\t\t\t\t\t\t\t\t\t<\/a>\r\n\t\t\t\t\t\t\t\t\t<\/div>\r\n\r\n\t\t\t\t\r\n\t\t\t\t\t\t\t\t\t\t\t\r\n\t\t\t\t\r\n\t\t\t\t<div class=\"sev-diaporama-portfolio-item col-12 col-sm \">\r\n\r\n\t\t\t\t\t\t\t\t\t\t<a href=\"https:\/\/camping-lapinede.net\/wp-content\/uploads\/2023\/10\/1a9f9931-a79c-407e-a08e-0a899c4d28bb.jpg\" data-lightbox=\"sevgallery-3058534662\" style=\"background-image: url(https:\/\/camping-lapinede.net\/wp-content\/uploads\/2023\/10\/1a9f9931-a79c-407e-a08e-0a899c4d28bb.jpg)\">\r\n\t\t\t\t\t\t\t\t\t\t\t<img decoding=\"async\" src=\"https:\/\/camping-lapinede.net\/wp-content\/uploads\/2023\/10\/1a9f9931-a79c-407e-a08e-0a899c4d28bb.jpg\" alt=\"\" loading=\"lazy\">\r\n\t\t\t\t\t\t\t\t\t\t<\/a>\r\n\t\t\t\t\t\t\t\t\t<\/div>\r\n\r\n\t\t\t\t\t\t\t\t\t<div class=\"w-100\"><\/div>\r\n\t\t\t\t\t\t\t\t\t\r\n\t\t\t\t\t\t\t\t\t\t\t\r\n\t\t\t\t\r\n\t\t\t\t<div class=\"sev-diaporama-portfolio-item col-12 col-sm  col-grow\">\r\n\r\n\t\t\t\t\t\t\t\t\t\t<a href=\"https:\/\/camping-lapinede.net\/wp-content\/uploads\/2023\/10\/2b7cbcf3-75d1-49b4-b422-0749a21fad11.jpg\" data-lightbox=\"sevgallery-3058534662\" style=\"background-image: url(https:\/\/camping-lapinede.net\/wp-content\/uploads\/2023\/10\/2b7cbcf3-75d1-49b4-b422-0749a21fad11.jpg)\">\r\n\t\t\t\t\t\t\t\t\t\t\t<img decoding=\"async\" src=\"https:\/\/camping-lapinede.net\/wp-content\/uploads\/2023\/10\/2b7cbcf3-75d1-49b4-b422-0749a21fad11.jpg\" alt=\"\" loading=\"lazy\">\r\n\t\t\t\t\t\t\t\t\t\t<\/a>\r\n\t\t\t\t\t\t\t\t\t<\/div>\r\n\r\n\t\t\t\t\r\n\t\t\t\t\t\t\t\t\t\t\t\r\n\t\t\t\t\r\n\t\t\t\t<div class=\"sev-diaporama-portfolio-item col-12 col-sm  col-grow\">\r\n\r\n\t\t\t\t\t\t\t\t\t\t<a href=\"https:\/\/camping-lapinede.net\/wp-content\/uploads\/2023\/10\/6fc4f3a7-97be-446b-ae6f-e86aa41ede19.jpg\" data-lightbox=\"sevgallery-3058534662\" style=\"background-image: url(https:\/\/camping-lapinede.net\/wp-content\/uploads\/2023\/10\/6fc4f3a7-97be-446b-ae6f-e86aa41ede19.jpg)\">\r\n\t\t\t\t\t\t\t\t\t\t\t<img decoding=\"async\" src=\"https:\/\/camping-lapinede.net\/wp-content\/uploads\/2023\/10\/6fc4f3a7-97be-446b-ae6f-e86aa41ede19.jpg\" alt=\"\" loading=\"lazy\">\r\n\t\t\t\t\t\t\t\t\t\t<\/a>\r\n\t\t\t\t\t\t\t\t\t<\/div>\r\n\r\n\t\t\t\t\r\n\t\t\t\t\t\t\t\t\t\t\t\r\n\t\t\t\t\r\n\t\t\t\t<div class=\"sev-diaporama-portfolio-item col-12 col-sm  col-shrink\">\r\n\r\n\t\t\t\t\t\t\t\t\t\t<a href=\"https:\/\/camping-lapinede.net\/wp-content\/uploads\/2023\/10\/58aa7f35-0c1d-42e1-851e-6bc9f746bdb7.jpg\" data-lightbox=\"sevgallery-3058534662\" style=\"background-image: url(https:\/\/camping-lapinede.net\/wp-content\/uploads\/2023\/10\/58aa7f35-0c1d-42e1-851e-6bc9f746bdb7.jpg)\">\r\n\t\t\t\t\t\t\t\t\t\t\t<img decoding=\"async\" src=\"https:\/\/camping-lapinede.net\/wp-content\/uploads\/2023\/10\/58aa7f35-0c1d-42e1-851e-6bc9f746bdb7.jpg\" alt=\"\" loading=\"lazy\">\r\n\t\t\t\t\t\t\t\t\t\t<\/a>\r\n\t\t\t\t\t\t\t\t\t<\/div>\r\n\r\n\t\t\t\t\r\n\t\t\t\t\t\t\t\t\t\t\t\r\n\t\t\t\t\r\n\t\t\t\t<div class=\"sev-diaporama-portfolio-item col-12 col-sm \">\r\n\r\n\t\t\t\t\t\t\t\t\t\t<a href=\"https:\/\/camping-lapinede.net\/wp-content\/uploads\/2023\/10\/211dc09e-0f28-4507-9ee2-65a5bb4662ef.jpg\" data-lightbox=\"sevgallery-3058534662\" style=\"background-image: url(https:\/\/camping-lapinede.net\/wp-content\/uploads\/2023\/10\/211dc09e-0f28-4507-9ee2-65a5bb4662ef.jpg)\">\r\n\t\t\t\t\t\t\t\t\t\t\t<img decoding=\"async\" src=\"https:\/\/camping-lapinede.net\/wp-content\/uploads\/2023\/10\/211dc09e-0f28-4507-9ee2-65a5bb4662ef.jpg\" alt=\"\" loading=\"lazy\">\r\n\t\t\t\t\t\t\t\t\t\t<\/a>\r\n\t\t\t\t\t\t\t\t\t<\/div>\r\n\r\n\t\t\t\t\t\t\t\t\t<div class=\"w-100\"><\/div>\r\n\t\t\t\t\t\t\t\t\t\r\n\t\t\t\t\t\t\t\t\t\t\t\t\t\t<\/div>\r\n\t\t\t<\/div>\r\n\r\n\t\t\t<script>\r\n\t\t\tjQuery(function($) {\r\n\r\n\t\t\t\tvar marginPortfolio = function() {\r\n\r\n\t\t\t\t\tvar $diapo          = $('#sevgallery-3058534662');\r\n\t\t\t\t\tvar container_width = $diapo.parent().outerWidth();\r\n\t\t\t\t\tvar side            = ( $(window).innerWidth() - container_width ) \/ 2;\r\n\r\n\t\t\t\t\t$diapo.css( {\r\n\t\t\t\t\t\t'margin-left': '-' + side + 'px',\r\n\t\t\t\t\t\t'margin-right': '-' + side + 'px',\r\n\t\t\t\t\t} );\r\n\t\t\t\t};\r\n\r\n\t\t\t\t$( window ).resize( function() {\r\n\t\t\t\t\tmarginPortfolio();\r\n\t\t\t\t} );\r\n\t\t\t\tmarginPortfolio();\r\n\t\t\t});\r\n\t\t\t<\/script>\r\n\t\t\t<\/div>","protected":false},"excerpt":{"rendered":"<p>A day exploring the Baie de l&#8217;Aiguillon in Vend\u00e9e 1 day Located on the west coast of France, the Baie de l&#8217;Aiguillon in the Vend\u00e9e is a true natural gem, offering breathtaking scenery and exceptional flora and fauna. Remember: To make the most of this exceptional area, remember to wear good sneakers and a cap. [&hellip;]<\/p>\n","protected":false},"author":1,"featured_media":0,"parent":0,"menu_order":0,"comment_status":"closed","ping_status":"closed","template":"","meta":{"_seopress_robots_primary_cat":"","_seopress_titles_title":"Discover the Baie de l'Aiguillon near the campsite","_seopress_titles_desc":"Set off for an unforgettable day in the heart of unspoilt nature. A relaxing bubble that will do you a world of good.  ","_seopress_robots_index":"","footnotes":""},"class_list":["post-1974","page","type-page","status-publish","hentry"],"_links":{"self":[{"href":"https:\/\/camping-lapinede.net\/en\/wp-json\/wp\/v2\/pages\/1974","targetHints":{"allow":["GET"]}}],"collection":[{"href":"https:\/\/camping-lapinede.net\/en\/wp-json\/wp\/v2\/pages"}],"about":[{"href":"https:\/\/camping-lapinede.net\/en\/wp-json\/wp\/v2\/types\/page"}],"author":[{"embeddable":true,"href":"https:\/\/camping-lapinede.net\/en\/wp-json\/wp\/v2\/users\/1"}],"replies":[{"embeddable":true,"href":"https:\/\/camping-lapinede.net\/en\/wp-json\/wp\/v2\/comments?post=1974"}],"version-history":[{"count":1,"href":"https:\/\/camping-lapinede.net\/en\/wp-json\/wp\/v2\/pages\/1974\/revisions"}],"predecessor-version":[{"id":1995,"href":"https:\/\/camping-lapinede.net\/en\/wp-json\/wp\/v2\/pages\/1974\/revisions\/1995"}],"wp:attachment":[{"href":"https:\/\/camping-lapinede.net\/en\/wp-json\/wp\/v2\/media?parent=1974"}],"curies":[{"name":"wp","href":"https:\/\/api.w.org\/{rel}","templated":true}]}}